{"id":22,"date":"2016-06-08T19:27:37","date_gmt":"2016-06-08T17:27:37","guid":{"rendered":"http:\/\/rwbspecialproducts.nl\/?page_id=22"},"modified":"2021-02-10T11:18:20","modified_gmt":"2021-02-10T10:18:20","slug":"process-features-and-applications","status":"publish","type":"page","link":"https:\/\/brightwork.nl\/de\/process-features-and-applications\/","title":{"rendered":"Kontinuierliche Sandfiltration"},"content":{"rendered":"<div id=\"pl-22\"  class=\"panel-layout\" ><div id=\"pg-22-0\"  class=\"panel-grid panel-has-style\" ><div class=\"panel-row-style panel-row-style-for-22-0\" ><div id=\"pgc-22-0-0\"  class=\"panel-grid-cell\" ><div id=\"panel-22-0-0-0\" class=\"so-panel widget widget_text panel-first-child panel-last-child\" data-index=\"0\" >\t\t\t<div class=\"textwidget\"><h1>Kontinuierliche Sandfiltration<\/h1>\n<p>Die Wanderbettfiltration (Biofiltration) ist eine Art der Sandfiltration, die auf einem ununterbrochenen Filterbetrieb basiert. Die Sandreinigung erfolgt kontinuierlich, w\u00e4hrend der Filter in Betrieb ist, so dass eine 24\/7-Verf\u00fcgbarkeit des Prozesses gew\u00e4hrleistet ist. Die Prozessmerkmale, Vorteile und Anwendungen der MBF werden im Folgenden vorgestellt. Drei Anwendungen der MBF werden auf den folgenden Unterseiten ausf\u00fchrlicher behandelt: biologische (De-)Nitrifikation und Waschwasserbehandlung.<\/p>\n<\/div>\n\t\t<\/div><\/div><\/div><\/div><div id=\"pg-22-1\"  class=\"panel-grid panel-has-style\" ><div class=\"panel-row-style panel-row-style-for-22-1\" ><div id=\"pgc-22-1-0\"  class=\"panel-grid-cell\" ><div id=\"panel-22-1-0-0\" class=\"so-panel widget widget_text panel-first-child panel-last-child\" data-index=\"1\" >\t\t\t<div class=\"textwidget\"><h3>Arbeitsweise<\/h3>\n<p>Das Speisewasser flie\u00dft von unten nach oben durch das Filterbett. Das Filtrat wird am oberen Ende abgeleitet. Feststoffe werden zur\u00fcckgehalten und ggf. wandelt Biomasse organische Bestandteile um. Der Filtersand wird kontinuierlich in das untere Ende des Lufthebers gesaugt und vertikal zum Sandw\u00e4scher am oberen Ende des Filters transportiert. Um dies zu erreichen, wird nur eine geringe Menge an Druckluft f\u00fcr den Betrieb des Lufthebers ben\u00f6tigt. Der Sand wird kontinuierlich mit einer kleinen Menge Filtrat gewaschen. Falls erforderlich, wird Prozessluft in das Filterbett eingeblasen, um oxische Betriebsbedingungen f\u00fcr das Wachstum der Biomasse zu schaffen.<\/p>\n<\/div>\n\t\t<\/div><\/div><div id=\"pgc-22-1-1\"  class=\"panel-grid-cell\" ><div id=\"panel-22-1-1-0\" class=\"so-panel widget widget_sow-image panel-first-child panel-last-child\" data-index=\"2\" ><div\n\t\t\t\n\t\t\tclass=\"so-widget-sow-image so-widget-sow-image-default-8b5b6f678277-22\"\n\t\t\t\n\t\t>\n\n<div class=\"sow-image-container\">\n\t\t<img fetchpriority=\"high\" decoding=\"async\" src=\"https:\/\/brightwork.nl\/wp-content\/uploads\/2016\/06\/Afbeelding2.jpg\" width=\"422\" height=\"398\" srcset=\"https:\/\/brightwork.nl\/wp-content\/uploads\/2016\/06\/Afbeelding2.jpg 422w, https:\/\/brightwork.nl\/wp-content\/uploads\/2016\/06\/Afbeelding2-300x283.jpg 300w, https:\/\/brightwork.nl\/wp-content\/uploads\/2016\/06\/Afbeelding2-100x94.jpg 100w, https:\/\/brightwork.nl\/wp-content\/uploads\/2016\/06\/Afbeelding2-150x141.jpg 150w, https:\/\/brightwork.nl\/wp-content\/uploads\/2016\/06\/Afbeelding2-200x189.jpg 200w\" sizes=\"(max-width: 422px) 100vw, 422px\" title=\"Foto-Sandfilter\" alt=\"Foto Sandfilter Beispiel\" \t\tclass=\"so-widget-image\"\/>\n\t<\/div>\n\n<\/div><\/div><\/div><\/div><\/div><div id=\"pg-22-2\"  class=\"panel-grid panel-has-style\" ><div class=\"siteorigin-panels-stretch panel-row-style panel-row-style-for-22-2\" data-stretch-type=\"full\" ><div id=\"pgc-22-2-0\"  class=\"panel-grid-cell\" ><div id=\"panel-22-2-0-0\" class=\"so-panel widget widget_text panel-first-child panel-last-child\" data-index=\"3\" ><div class=\"panel-widget-style panel-widget-style-for-22-2-0-0\" >\t\t\t<div class=\"textwidget\"><h3>Vorteile<\/h3>\n<p>- Kontinuierlicher Betrieb ohne Ausfallzeiten f\u00fcr R\u00fccksp\u00fclungen;<br \/>\n- Es sind keine Lagerm\u00f6glichkeiten f\u00fcr Waschwasser erforderlich;<br \/>\n- Keine R\u00fccksp\u00fclpumpen und Kompressoren erforderlich;<br \/>\n- Einsetzbar f\u00fcr die gleichzeitige physikalisch-chemische und biologische Behandlung;<br \/>\n- Geringe Wartungsanforderungen;<br \/>\n- Niedrige Betriebs- und Wartungskosten;<br \/>\n- Auch bei hoher TSS-Belastung ist keine Vorbehandlung erforderlich.<\/p>\n<\/div>\n\t\t<\/div><\/div><\/div><div id=\"pgc-22-2-1\"  class=\"panel-grid-cell\" ><div id=\"panel-22-2-1-0\" class=\"so-panel widget widget_text panel-first-child panel-last-child\" data-index=\"4\" ><div class=\"panel-widget-style panel-widget-style-for-22-2-1-0\" >\t\t\t<div class=\"textwidget\"><h3>Antr\u00e4ge bearbeiten<\/h3>\n<p>- Biologische Nitrifikation;<br \/>\n- Biologische De-Nitrifikation;<br \/>\n- P-Entfernung;<br \/>\n- Entfernung von suspendierten Feststoffen.<br \/>\n- Behandlung von Waschwasser<br \/>\n- Grundwasseraufbereitung<br \/>\n- Bypass-Filtration in offenen K\u00fchlwasserumlaufkreisl\u00e4ufen<br \/>\n- Behandlung von Oberfl\u00e4chenwasser<\/p>\n<\/div>\n\t\t<\/div><\/div><\/div><div id=\"pgc-22-2-2\"  class=\"panel-grid-cell\" ><div id=\"panel-22-2-2-0\" class=\"so-panel widget widget_media_image panel-first-child panel-last-child\" data-index=\"5\" ><div class=\"panel-widget-style panel-widget-style-for-22-2-2-0\" ><img decoding=\"async\" width=\"350\" height=\"361\" src=\"https:\/\/brightwork.nl\/wp-content\/uploads\/2021\/01\/carou1-e1611762417177.jpg\" class=\"image wp-image-3071  attachment-350x361 size-350x361\" alt=\"Kontinuierliches Sandfiltrationssystem\" style=\"max-width: 100%; height: auto;\" srcset=\"https:\/\/brightwork.nl\/wp-content\/uploads\/2021\/01\/carou1-e1611762417177.jpg 383w, https:\/\/brightwork.nl\/wp-content\/uploads\/2021\/01\/carou1-e1611762417177-291x300.jpg 291w\" sizes=\"(max-width: 350px) 100vw, 350px\" \/><\/div><\/div><\/div><\/div><\/div><div id=\"pg-22-3\"  class=\"panel-grid panel-has-style\" ><div class=\"panel-row-style panel-row-style-for-22-3\" ><div id=\"pgc-22-3-0\"  class=\"panel-grid-cell\" ><div id=\"panel-22-3-0-0\" class=\"so-panel widget widget_text panel-first-child panel-last-child\" data-index=\"6\" >\t\t\t<div class=\"textwidget\"><h3>Wie funktioniert das?<\/h3>\n<p>Das Speisewasser flie\u00dft von unten nach oben durch das Filterbett. Das Filtrat wird am oberen Ende abgeleitet. Feststoffe werden zur\u00fcckgehalten und ggf. wandelt Biomasse organische Bestandteile um. Der Filtersand wird kontinuierlich in das untere Ende des Lufthebers gesaugt und vertikal zum Sandw\u00e4scher am oberen Ende des Filters transportiert. Um dies zu erreichen, wird nur eine geringe Menge an Druckluft f\u00fcr den Betrieb des Lufthebers ben\u00f6tigt. Der Sand wird kontinuierlich mit einer geringen Menge Filtrat gewaschen.<br \/>\nBei Bedarf wird Prozessluft in das Filterbett eingeblasen, um oxische Betriebsbedingungen f\u00fcr das Wachstum der Biomasse zu schaffen.<\/p>\n<\/div>\n\t\t<\/div><\/div><div id=\"pgc-22-3-1\"  class=\"panel-grid-cell\" ><div id=\"panel-22-3-1-0\" class=\"so-panel widget widget_media_video panel-first-child panel-last-child\" data-index=\"7\" ><div class=\"panel-widget-style panel-widget-style-for-22-3-1-0\" ><div style=\"width:100%;\" class=\"wp-video\"><video class=\"wp-video-shortcode\" id=\"video-22-1\" preload=\"metadata\" controls=\"controls\"><source type=\"video\/youtube\" src=\"https:\/\/www.youtube.com\/watch?v=QJRb6a8f32Y&#038;t=3s&#038;ab_channel=BrightworkBV&#038;_=1\" \/><a href=\"https:\/\/www.youtube.com\/watch?v=QJRb6a8f32Y&#038;t=3s&#038;ab_channel=BrightworkBV\">https:\/\/www.youtube.com\/watch?v=QJRb6a8f32Y&#038;t=3s&#038;ab_channel=BrightworkBV<\/a><\/video><\/div><\/div><\/div><\/div><\/div><\/div><\/div>","protected":false},"excerpt":{"rendered":"<p>Kontinuierliche Sandfiltration Die Wanderbettfiltration (Biofiltration) ist eine Art der Sandfiltration, die auf einem ununterbrochenen Filterbetrieb basiert. Die Sandreinigung erfolgt kontinuierlich, w\u00e4hrend der Filter in Betrieb ist, so dass eine 24\/7-Verf\u00fcgbarkeit des Prozesses gew\u00e4hrleistet ist. Die Prozessmerkmale, Vorteile und Anwendungen der MBF werden im Folgenden vorgestellt. Drei Anwendungen der MBF werden auf den folgenden Unterseiten ausf\u00fchrlicher behandelt: biologische (De-)Nitrifikation und Waschwasserbehandlung. Funktionsweise Das Speisewasser str\u00f6mt von unten nach oben durch das Filterbett. Das Filtrat wird am oberen Ende abgeleitet. Feststoffe werden zur\u00fcckgehalten und ggf. wandelt Biomasse organische Bestandteile um. Filtersand wird ... <a title=\"Kontinuierliche Sandfiltration\" class=\"read-more\" href=\"https:\/\/brightwork.nl\/de\/process-features-and-applications\/\" aria-label=\"Mehr dazu unter Kontinuierliche Sandfiltration\">Weiterlesen<\/a><\/p>","protected":false},"author":1,"featured_media":0,"parent":0,"menu_order":1,"comment_status":"closed","ping_status":"closed","template":"","meta":{"_eb_attr":"","footnotes":""},"class_list":["post-22","page","type-page","status-publish"],"yoast_head":"<!-- This site is optimized with the Yoast SEO plugin v22.8 - https:\/\/yoast.com\/wordpress\/plugins\/seo\/ -->\n<title>Continuous Sand Filtration - Brightwork BV<\/title>\n<meta name=\"description\" content=\"Moving bed (bio) filtration (MBF) is a mode of sand filtration based upon uninterrupted filter operation. Sand cleaning is continuous while the filter is in operation and hence a 24\/7 availability of the process is guaranteed. The process features, advantages and applications of MBF are presented below. Three applications of MBF are discussed in more detail on the following subpages: biological (de)nitrification and wash waster treatment.\" \/>\n<meta name=\"robots\" content=\"index, follow, max-snippet:-1, max-image-preview:large, max-video-preview:-1\" \/>\n<link rel=\"canonical\" href=\"https:\/\/brightwork.nl\/de\/process-features-and-applications\/\" \/>\n<meta property=\"og:locale\" content=\"de_DE\" \/>\n<meta property=\"og:type\" content=\"article\" \/>\n<meta property=\"og:title\" content=\"Continuous Sand Filtration - Brightwork BV\" \/>\n<meta property=\"og:description\" content=\"Moving bed (bio) filtration (MBF) is a mode of sand filtration based upon uninterrupted filter operation. Sand cleaning is continuous while the filter is in operation and hence a 24\/7 availability of the process is guaranteed. The process features, advantages and applications of MBF are presented below. Three applications of MBF are discussed in more detail on the following subpages: biological (de)nitrification and wash waster treatment.\" \/>\n<meta property=\"og:url\" content=\"https:\/\/brightwork.nl\/de\/process-features-and-applications\/\" \/>\n<meta property=\"og:site_name\" content=\"Brightwork BV\" \/>\n<meta property=\"article:modified_time\" content=\"2021-02-10T10:18:20+00:00\" \/>\n<meta property=\"og:image\" content=\"https:\/\/brightwork.nl\/wp-content\/uploads\/2021\/01\/cropped-BW-products1-2.png\" \/>\n\t<meta property=\"og:image:width\" content=\"722\" \/>\n\t<meta property=\"og:image:height\" content=\"207\" \/>\n\t<meta property=\"og:image:type\" content=\"image\/png\" \/>\n<meta name=\"twitter:card\" content=\"summary_large_image\" \/>\n<script type=\"application\/ld+json\" class=\"yoast-schema-graph\">{\"@context\":\"https:\/\/schema.org\",\"@graph\":[{\"@type\":\"WebPage\",\"@id\":\"https:\/\/brightwork.nl\/process-features-and-applications\/\",\"url\":\"https:\/\/brightwork.nl\/process-features-and-applications\/\",\"name\":\"Continuous Sand Filtration - Brightwork BV\",\"isPartOf\":{\"@id\":\"https:\/\/brightwork.nl\/#website\"},\"datePublished\":\"2016-06-08T17:27:37+00:00\",\"dateModified\":\"2021-02-10T10:18:20+00:00\",\"description\":\"Moving bed (bio) filtration (MBF) is a mode of sand filtration based upon uninterrupted filter operation. Sand cleaning is continuous while the filter is in operation and hence a 24\/7 availability of the process is guaranteed. The process features, advantages and applications of MBF are presented below. Three applications of MBF are discussed in more detail on the following subpages: biological (de)nitrification and wash waster treatment.\",\"breadcrumb\":{\"@id\":\"https:\/\/brightwork.nl\/process-features-and-applications\/#breadcrumb\"},\"inLanguage\":\"de\",\"potentialAction\":[{\"@type\":\"ReadAction\",\"target\":[\"https:\/\/brightwork.nl\/process-features-and-applications\/\"]}]},{\"@type\":\"BreadcrumbList\",\"@id\":\"https:\/\/brightwork.nl\/process-features-and-applications\/#breadcrumb\",\"itemListElement\":[{\"@type\":\"ListItem\",\"position\":1,\"name\":\"Home\",\"item\":\"https:\/\/brightwork.nl\/\"},{\"@type\":\"ListItem\",\"position\":2,\"name\":\"Continuous Sand Filtration\"}]},{\"@type\":\"WebSite\",\"@id\":\"https:\/\/brightwork.nl\/#website\",\"url\":\"https:\/\/brightwork.nl\/\",\"name\":\"Brightwork BV\",\"description\":\"\",\"publisher\":{\"@id\":\"https:\/\/brightwork.nl\/#organization\"},\"potentialAction\":[{\"@type\":\"SearchAction\",\"target\":{\"@type\":\"EntryPoint\",\"urlTemplate\":\"https:\/\/brightwork.nl\/?s={search_term_string}\"},\"query-input\":\"required name=search_term_string\"}],\"inLanguage\":\"de\"},{\"@type\":\"Organization\",\"@id\":\"https:\/\/brightwork.nl\/#organization\",\"name\":\"BW products\",\"url\":\"https:\/\/brightwork.nl\/\",\"logo\":{\"@type\":\"ImageObject\",\"inLanguage\":\"de\",\"@id\":\"https:\/\/brightwork.nl\/#\/schema\/logo\/image\/\",\"url\":\"https:\/\/bwproducts.nl\/wp-content\/uploads\/2021\/01\/cropped-BW-products1-2.png\",\"contentUrl\":\"https:\/\/bwproducts.nl\/wp-content\/uploads\/2021\/01\/cropped-BW-products1-2.png\",\"width\":722,\"height\":207,\"caption\":\"BW products\"},\"image\":{\"@id\":\"https:\/\/brightwork.nl\/#\/schema\/logo\/image\/\"},\"sameAs\":[\"http:\/\/linkedin.com\/company\/brightwork-bv\",\"https:\/\/www.youtube.com\/channel\/UCX8W0zB6phHctI-6xnSz_iA\"]}]}<\/script>\n<!-- \/ Yoast SEO plugin. -->","yoast_head_json":{"title":"Continuous Sand Filtration - Brightwork BV","description":"Moving bed (bio) filtration (MBF) is a mode of sand filtration based upon uninterrupted filter operation. Sand cleaning is continuous while the filter is in operation and hence a 24\/7 availability of the process is guaranteed. The process features, advantages and applications of MBF are presented below. Three applications of MBF are discussed in more detail on the following subpages: biological (de)nitrification and wash waster treatment.","robots":{"index":"index","follow":"follow","max-snippet":"max-snippet:-1","max-image-preview":"max-image-preview:large","max-video-preview":"max-video-preview:-1"},"canonical":"https:\/\/brightwork.nl\/de\/process-features-and-applications\/","og_locale":"de_DE","og_type":"article","og_title":"Continuous Sand Filtration - Brightwork BV","og_description":"Moving bed (bio) filtration (MBF) is a mode of sand filtration based upon uninterrupted filter operation. Sand cleaning is continuous while the filter is in operation and hence a 24\/7 availability of the process is guaranteed. The process features, advantages and applications of MBF are presented below. Three applications of MBF are discussed in more detail on the following subpages: biological (de)nitrification and wash waster treatment.","og_url":"https:\/\/brightwork.nl\/de\/process-features-and-applications\/","og_site_name":"Brightwork BV","article_modified_time":"2021-02-10T10:18:20+00:00","og_image":[{"width":722,"height":207,"url":"https:\/\/brightwork.nl\/wp-content\/uploads\/2021\/01\/cropped-BW-products1-2.png","type":"image\/png"}],"twitter_card":"summary_large_image","schema":{"@context":"https:\/\/schema.org","@graph":[{"@type":"WebPage","@id":"https:\/\/brightwork.nl\/process-features-and-applications\/","url":"https:\/\/brightwork.nl\/process-features-and-applications\/","name":"Continuous Sand Filtration - Brightwork BV","isPartOf":{"@id":"https:\/\/brightwork.nl\/#website"},"datePublished":"2016-06-08T17:27:37+00:00","dateModified":"2021-02-10T10:18:20+00:00","description":"Moving bed (bio) filtration (MBF) is a mode of sand filtration based upon uninterrupted filter operation. Sand cleaning is continuous while the filter is in operation and hence a 24\/7 availability of the process is guaranteed. The process features, advantages and applications of MBF are presented below. Three applications of MBF are discussed in more detail on the following subpages: biological (de)nitrification and wash waster treatment.","breadcrumb":{"@id":"https:\/\/brightwork.nl\/process-features-and-applications\/#breadcrumb"},"inLanguage":"de","potentialAction":[{"@type":"ReadAction","target":["https:\/\/brightwork.nl\/process-features-and-applications\/"]}]},{"@type":"BreadcrumbList","@id":"https:\/\/brightwork.nl\/process-features-and-applications\/#breadcrumb","itemListElement":[{"@type":"ListItem","position":1,"name":"Home","item":"https:\/\/brightwork.nl\/"},{"@type":"ListItem","position":2,"name":"Continuous Sand Filtration"}]},{"@type":"WebSite","@id":"https:\/\/brightwork.nl\/#website","url":"https:\/\/brightwork.nl\/","name":"Brightwork BV","description":"","publisher":{"@id":"https:\/\/brightwork.nl\/#organization"},"potentialAction":[{"@type":"SearchAction","target":{"@type":"EntryPoint","urlTemplate":"https:\/\/brightwork.nl\/?s={search_term_string}"},"query-input":"required name=search_term_string"}],"inLanguage":"de"},{"@type":"Organization","@id":"https:\/\/brightwork.nl\/#organization","name":"BW products","url":"https:\/\/brightwork.nl\/","logo":{"@type":"ImageObject","inLanguage":"de","@id":"https:\/\/brightwork.nl\/#\/schema\/logo\/image\/","url":"https:\/\/bwproducts.nl\/wp-content\/uploads\/2021\/01\/cropped-BW-products1-2.png","contentUrl":"https:\/\/bwproducts.nl\/wp-content\/uploads\/2021\/01\/cropped-BW-products1-2.png","width":722,"height":207,"caption":"BW products"},"image":{"@id":"https:\/\/brightwork.nl\/#\/schema\/logo\/image\/"},"sameAs":["http:\/\/linkedin.com\/company\/brightwork-bv","https:\/\/www.youtube.com\/channel\/UCX8W0zB6phHctI-6xnSz_iA"]}]}},"_links":{"self":[{"href":"https:\/\/brightwork.nl\/de\/wp-json\/wp\/v2\/pages\/22","targetHints":{"allow":["GET"]}}],"collection":[{"href":"https:\/\/brightwork.nl\/de\/wp-json\/wp\/v2\/pages"}],"about":[{"href":"https:\/\/brightwork.nl\/de\/wp-json\/wp\/v2\/types\/page"}],"author":[{"embeddable":true,"href":"https:\/\/brightwork.nl\/de\/wp-json\/wp\/v2\/users\/1"}],"replies":[{"embeddable":true,"href":"https:\/\/brightwork.nl\/de\/wp-json\/wp\/v2\/comments?post=22"}],"version-history":[{"count":0,"href":"https:\/\/brightwork.nl\/de\/wp-json\/wp\/v2\/pages\/22\/revisions"}],"wp:attachment":[{"href":"https:\/\/brightwork.nl\/de\/wp-json\/wp\/v2\/media?parent=22"}],"curies":[{"name":"wp","href":"https:\/\/api.w.org\/{rel}","templated":true}]}}