{"id":3080,"date":"2021-01-21T18:36:41","date_gmt":"2021-01-21T17:36:41","guid":{"rendered":"http:\/\/bwproducts.nl\/?page_id=3080"},"modified":"2021-02-09T23:49:11","modified_gmt":"2021-02-09T22:49:11","slug":"ecoblue-filter-compact-modular","status":"publish","type":"page","link":"https:\/\/brightwork.nl\/de\/ecoblue-filter-compact-modular\/","title":{"rendered":"Ecoblue-Filter"},"content":{"rendered":"<div id=\"pl-3080\"  class=\"panel-layout\" ><div id=\"pg-3080-0\"  class=\"panel-grid panel-no-style\" ><div id=\"pgc-3080-0-0\"  class=\"panel-grid-cell\" ><div id=\"panel-3080-0-0-0\" class=\"so-panel widget widget_text panel-first-child panel-last-child\" data-index=\"0\" >\t\t\t<div class=\"textwidget\"><h2 style=\"font-size:42px;\">Kompakt und modular<\/h2>\n<p>In den letzten Jahren ist die Nachfrage nach kompakten und modularen L\u00f6sungen f\u00fcr die (Ab-)Wasseraufbereitung weltweit gestiegen.<\/p>\n<p>Der EcoBlue-Filter ist die Antwort auf diesen Bedarf, da er vollst\u00e4ndig aus vorgefertigten Komponenten besteht, die vor Ort schnell zu einem funktionierenden System zusammengesetzt werden k\u00f6nnen.<\/p>\n<p>Die Technologie basiert auf dem bekannten Prinzip der kontinuierlichen Sandfiltration. Durch die Kombination mehrerer Filterzellen in einer Einheit ist es m\u00f6glich, (Ab-)Wasser mit hohen Kapazit\u00e4ten von bis zu 500 m3\/h pro Filtermodul zu behandeln.<\/p>\n<p>Au\u00dferdem ist der EcoBlue-Filter mit dem Fern\u00fcberwachungs- und -steuerungstool Sand-Cycle kompatibel. Die Einbindung von Sand-Cycle erm\u00f6glicht die Fern\u00fcberwachung und -steuerung des EcoBlue-Filters in Echtzeit und senkt so die Betriebskosten.<\/p>\n<\/div>\n\t\t<\/div><\/div><div id=\"pgc-3080-0-1\"  class=\"panel-grid-cell\" ><div id=\"panel-3080-0-1-0\" class=\"so-panel widget widget_media_video panel-first-child panel-last-child\" data-index=\"1\" ><div class=\"panel-widget-style panel-widget-style-for-3080-0-1-0\" ><div style=\"width:100%;\" class=\"wp-video\"><video class=\"wp-video-shortcode\" id=\"video-3080-1\" preload=\"metadata\" controls=\"controls\"><source type=\"video\/vimeo\" src=\"https:\/\/vimeo.com\/293350092\/9c017f55ab?loop=0&#038;_=1\" \/><a href=\"https:\/\/vimeo.com\/293350092\/9c017f55ab?loop=0\">https:\/\/vimeo.com\/293350092\/9c017f55ab?loop=0<\/a><\/video><\/div><\/div><\/div><\/div><\/div><div id=\"pg-3080-1\"  class=\"panel-grid panel-has-style\" ><div class=\"siteorigin-panels-stretch panel-row-style panel-row-style-for-3080-1\" data-stretch-type=\"full\" ><div id=\"pgc-3080-1-0\"  class=\"panel-grid-cell\" ><div id=\"panel-3080-1-0-0\" class=\"so-panel widget widget_text panel-first-child panel-last-child\" data-index=\"2\" ><div class=\"panel-widget-style panel-widget-style-for-3080-1-0-0\" >\t\t\t<div class=\"textwidget\"><h3>Vorteile und Anwendungen<\/h3>\n<p>- Optimale Filtrationsleistung;<br \/>\n- Nachhaltig, modular und wiederverwendbar;<br \/>\n- Kosteng\u00fcnstig;<br \/>\n- Geringer Kohlenstoff-Fu\u00dfabdruck;<br \/>\n- Begrenzte Bauzeit;<br \/>\n- Fern\u00fcberwachung und -steuerung.<\/p>\n<\/div>\n\t\t<\/div><\/div><\/div><div id=\"pgc-3080-1-1\"  class=\"panel-grid-cell\" ><div id=\"panel-3080-1-1-0\" class=\"so-panel widget widget_text panel-first-child panel-last-child\" data-index=\"3\" ><div class=\"panel-widget-style panel-widget-style-for-3080-1-1-0\" >\t\t\t<div class=\"textwidget\"><h3>Beispiele f\u00fcr Anwendungen<\/h3>\n<p>- Behandlung von Oberfl\u00e4chenwasser;<br \/>\n- Reinigung von Grundwasser;<br \/>\n- Wiederverwendung des Abwassers;<br \/>\n- Beseitigung von N\u00e4hrstoffen und Mikroverunreinigungen,<\/p>\n<\/div>\n\t\t<\/div><\/div><\/div><\/div><\/div><div id=\"pg-3080-2\"  class=\"panel-grid panel-has-style\" ><div class=\"panel-row-style panel-row-style-for-3080-2\" ><div id=\"pgc-3080-2-0\"  class=\"panel-grid-cell\" ><div id=\"panel-3080-2-0-0\" class=\"so-panel widget widget_text panel-first-child panel-last-child\" data-index=\"4\" >\t\t\t<div class=\"textwidget\"><style id=\"wp_carousel_dynamic_css3086\">#sp-wp-carousel-free-id-3086.sp-wpcp-3086 .wpcp-single-item {border: 1px solid #dddddd;}#sp-wp-carousel-free-id-3086.sp-wpcp-3086 .swiper-button-prev,#sp-wp-carousel-free-id-3086.sp-wpcp-3086 .swiper-button-next,#sp-wp-carousel-free-id-3086.sp-wpcp-3086 .swiper-button-prev:hover,#sp-wp-carousel-free-id-3086.sp-wpcp-3086 .swiper-button-next:hover {background: none;border: none;font-size: 30px;}#sp-wp-carousel-free-id-3086.sp-wpcp-3086 .swiper-button-prev i,#sp-wp-carousel-free-id-3086.sp-wpcp-3086 .swiper-button-next i {color: #aaa;}#sp-wp-carousel-free-id-3086.sp-wpcp-3086 .swiper-button-prev i:hover,#sp-wp-carousel-free-id-3086.sp-wpcp-3086 .swiper-button-next i:hover {color: #52b3d9;}#sp-wp-carousel-free-id-3086.sp-wpcp-3086 .wpcp-swiper-dots .swiper-pagination-bullet {background-color: #cccccc;}#sp-wp-carousel-free-id-3086.sp-wpcp-3086 .wpcp-swiper-dots .swiper-pagination-bullet.swiper-pagination-bullet-active {background-color: #52b3d9;} #sp-wp-carousel-free-id-3086.sp-wpcp-3086.wpcp-image-carousel .wpcp-single-item:hover img, #sp-wp-carousel-free-id-3086.sp-wpcp-3086.wpcp-post-carousel .wpcp-single-item:hover img, #sp-wp-carousel-free-id-3086.sp-wpcp-3086.wpcp-product-carousel .wpcp-single-item:hover img{-webkit-transform: scale(1.2);-moz-transform: scale(1.2);transform: scale(1.2);}#sp-wp-carousel-free-id-3086 .wpcpro-row>[class*=\"wpcpro-col-\"] { padding: 0 10px; padding-bottom: 20px;}@media (min-width: 480px) { .wpcpro-row .wpcpro-col-sm-1 { flex: 0 0 100%; max-width: 100%; } .wpcpro-row .wpcpro-col-sm-2 { flex: 0 0 50%; max-width: 50%; } .wpcpro-row .wpcpro-col-sm-2-5 { flex: 0 0 75%; max-width: 75%; } .wpcpro-row .wpcpro-col-sm-3 { flex: 0 0 33.333%; max-width: 33.333%; } .wpcpro-row .wpcpro-col-sm-4 { flex: 0 0 25%; max-width: 25%; } .wpcpro-row .wpcpro-col-sm-5 { flex: 0 0 20%; max-width: 20%; } .wpcpro-row .wpcpro-col-sm-6 { flex: 0 0 16.66666666666667%; max-width: 16.66666666666667%; } .wpcpro-row .wpcpro-col-sm-7 { flex: 0 0 14.28571428%; max-width: 14.28571428%; } .wpcpro-row .wpcpro-col-sm-8 { flex: 0 0 12.5%; max-width: 12.5%; } } @media (max-width: 480px) { .wpcpro-row .wpcpro-col-xs-1 { flex: 0 0 100%; max-width: 100%; } .wpcpro-row .wpcpro-col-xs-2 { flex: 0 0 50%; max-width: 50%; } .wpcpro-row .wpcpro-col-xs-3 { flex: 0 0 33.222%; max-width: 33.222%; } .wpcpro-row .wpcpro-col-xs-4 { flex: 0 0 25%; max-width: 25%; } .wpcpro-row .wpcpro-col-xs-5 { flex: 0 0 20%; max-width: 20%; } .wpcpro-row .wpcpro-col-xs-6 { flex: 0 0 16.6667%; max-width: 16.6667%; } .wpcpro-row .wpcpro-col-xs-7 { flex: 0 0 14.28571428%; max-width: 14.28571428%; } .wpcpro-row .wpcpro-col-xs-8 { flex: 0 0 12.5%; max-width: 12.5%; } } @media (min-width: 736px) { .wpcpro-row .wpcpro-col-md-1 { flex: 0 0 100%; max-width: 100%; } .wpcpro-row .wpcpro-col-md-2 { flex: 0 0 50%; max-width: 50%; } .wpcpro-row .wpcpro-col-md-2-5 { flex: 0 0 75%; max-width: 75%; } .wpcpro-row .wpcpro-col-md-3 { flex: 0 0 33.333%; max-width: 33.333%; } .wpcpro-row .wpcpro-col-md-4 { flex: 0 0 25%; max-width: 25%; } .wpcpro-row .wpcpro-col-md-5 { flex: 0 0 20%; max-width: 20%; } .wpcpro-row .wpcpro-col-md-6 { flex: 0 0 16.66666666666667%; max-width: 16.66666666666667%; } .wpcpro-row .wpcpro-col-md-7 { flex: 0 0 14.28571428%; max-width: 14.28571428%; } .wpcpro-row .wpcpro-col-md-8 { flex: 0 0 12.5%; max-width: 12.5%; } } @media (min-width: 980px) { .wpcpro-row .wpcpro-col-lg-1 { flex: 0 0 100%; max-width: 100%; } .wpcpro-row .wpcpro-col-lg-2 { flex: 0 0 50%; max-width: 50%; } .wpcpro-row .wpcpro-col-lg-3 { flex: 0 0 33.222%; max-width: 33.222%; } .wpcpro-row .wpcpro-col-lg-4 { flex: 0 0 25%; max-width: 25%; } .wpcpro-row .wpcpro-col-lg-5 { flex: 0 0 20%; max-width: 20%; } .wpcpro-row .wpcpro-col-lg-6 { flex: 0 0 16.6667%; max-width: 16.6667%; } .wpcpro-row .wpcpro-col-lg-7 { flex: 0 0 14.28571428%; max-width: 14.28571428%; } .wpcpro-row .wpcpro-col-lg-8 { flex: 0 0 12.5%; max-width: 12.5%; } } @media (min-width: 1200px) { .wpcpro-row .wpcpro-col-xl-1 { flex: 0 0 100%; max-width: 100%; } .wpcpro-row .wpcpro-col-xl-2 { flex: 0 0 50%; max-width: 50%; } .wpcpro-row .wpcpro-col-xl-3 { flex: 0 0 33.22222222%; max-width: 33.22222222%; } .wpcpro-row .wpcpro-col-xl-4 { flex: 0 0 25%; max-width: 25%; } .wpcpro-row .wpcpro-col-xl-5 { flex: 0 0 20%; max-width: 20%; } .wpcpro-row .wpcpro-col-xl-6 { flex: 0 0 16.66667%; max-width: 16.66667%; } .wpcpro-row .wpcpro-col-xl-7 { flex: 0 0 14.28571428%; max-width: 14.28571428%; } .wpcpro-row .wpcpro-col-xl-8 { flex: 0 0 12.5%; max-width: 12.5%; } }<\/style>\n<div class=\"wpcp-carousel-wrapper wpcp-wrapper-3086\">\n<div id=\"wpcp-preloader-3086\" class=\"wpcp-carousel-preloader\"><img decoding=\"async\" src=\"https:\/\/brightwork.nl\/wp-content\/plugins\/wp-carousel-free\/public\/css\/spinner.svg\" alt=\"Preloader-Bild\" \/><\/div>\n<div class=\"wpcp-carousel-content-wrapper\">\n<div id=\"sp-wp-carousel-free-id-3086\" class=\"wpcp-carousel-section sp-wpcp-3086  nav-vertical-center wpcp-image-carousel wpcp-preloader wpcp-standard\" data-swiper='{ &quot;accessibility&quot;:true, &quot;spaceBetween&quot;:20, &quot;arrows&quot;:true, &quot;freeMode&quot;: false, &quot;autoplay&quot;:true, &quot;autoplaySpeed&quot;:3000, &quot;dots&quot;:true, &quot;infinite&quot;:true, &quot;speed&quot;:600, &quot;pauseOnHover&quot;:true,\t\t\t&quot;slidesToShow&quot;:{&quot;lg_desktop&quot;:2, &quot;desktop&quot;: 2, &quot;laptop&quot;: 2, &quot;tablet&quot;: 2, &quot;mobile&quot;: 1}, &quot;responsive&quot;:{&quot;desktop&quot;:1200, &quot;laptop&quot;: 980, &quot;tablet&quot;: 736, &quot;mobile&quot;: 480}, &quot;rtl&quot;:false, &quot;lazyLoad&quot;: &quot;false&quot;, &quot;swipe&quot;: true, &quot;draggable&quot;: true, &quot;swipeToSlide&quot;:false }' dir=\"ltr\"><\/p>\n<div class=\"swiper-wrapper\">\n<div class=\"swiper-slide\">\n<div class=\"wpcp-single-item\">\n<div class=\"wpcp-slide-image\">\n\t\t<img fetchpriority=\"high\" decoding=\"async\" class=\"skip-lazy\" src=\"https:\/\/brightwork.nl\/wp-content\/uploads\/2021\/01\/carou5-1024x684.jpg\" alt=\"Ecoblue-Filter\" width=\"450\" height=\"301\">\t<\/div>\n<\/p><\/div>\n<\/div>\n<div class=\"swiper-slide\">\n<div class=\"wpcp-single-item\">\n<div class=\"wpcp-slide-image\">\n\t\t<img loading=\"lazy\" decoding=\"async\" class=\"skip-lazy\" src=\"https:\/\/brightwork.nl\/wp-content\/uploads\/2021\/01\/carou4-1024x576.png\" alt=\"ecoBlueFilterRight\" width=\"450\" height=\"253\">\t<\/div>\n<\/p><\/div>\n<\/div>\n<div class=\"swiper-slide\">\n<div class=\"wpcp-single-item\">\n<div class=\"wpcp-slide-image\">\n\t\t<img loading=\"lazy\" decoding=\"async\" class=\"skip-lazy\" src=\"https:\/\/brightwork.nl\/wp-content\/uploads\/2021\/01\/carou3-1024x576.png\" alt=\"ecoBlueFilterLeft\" width=\"450\" height=\"253\">\t<\/div>\n<\/p><\/div>\n<\/div>\n<div class=\"swiper-slide\">\n<div class=\"wpcp-single-item\">\n<div class=\"wpcp-slide-image\">\n\t\t<img loading=\"lazy\" decoding=\"async\" class=\"skip-lazy\" src=\"https:\/\/brightwork.nl\/wp-content\/uploads\/2021\/01\/carou2-1024x576.png\" alt=\"ecoBlueFilter\" width=\"450\" height=\"253\">\t<\/div>\n<\/p><\/div>\n<\/div><\/div>\n<div class=\"wpcp-swiper-dots swiper-pagination\"><\/div>\n<p>\t\t\t\t<!-- If we need navigation buttons --><\/p>\n<div class=\"wpcp-prev-button swiper-button-prev\"><i class=\"fa fa-angle-left\"><\/i><\/div>\n<div class=\"wpcp-next-button swiper-button-next\"><i class=\"fa fa-angle-right\"><\/i><\/div>\n<\/p><\/div>\n<\/p><\/div>\n<\/div>\n<\/div>\n\t\t<\/div><\/div><\/div><\/div><\/div>","protected":false},"excerpt":{"rendered":"<p>Kompakt und modular In den letzten Jahren ist die Nachfrage nach kompakten und modularen (Abwasser-)Behandlungsl\u00f6sungen weltweit gestiegen. Der EcoBlue-Filter ist die Antwort auf diesen Bedarf, da er vollst\u00e4ndig aus vorgefertigten Komponenten besteht, die vor Ort schnell zu einem funktionierenden System zusammengesetzt werden k\u00f6nnen. Die Technologie basiert auf dem bekannten Prinzip der kontinuierlichen Sandfiltration. Durch die Kombination mehrerer Filterzellen in einer Einheit ist es m\u00f6glich, (Ab-)Wasser mit hohen Kapazit\u00e4ten von bis zu 500 m3\/h pro Filtermodul zu behandeln. Dar\u00fcber hinaus ist der EcoBlue-Filter mit dem Sand-Cycle-Fern\u00fcberwachungs- und Steuerungstool kompatibel. Die Einbindung von Sand-Cycle ... <a title=\"Ecoblue-Filter\" class=\"read-more\" href=\"https:\/\/brightwork.nl\/de\/ecoblue-filter-compact-modular\/\" aria-label=\"Mehr dazu unter Ecoblue-Filter\">Weiterlesen<\/a><\/p>","protected":false},"author":3,"featured_media":0,"parent":0,"menu_order":0,"comment_status":"closed","ping_status":"closed","template":"","meta":{"_eb_attr":"","footnotes":""},"class_list":["post-3080","page","type-page","status-publish"],"yoast_head":"<!-- This site is optimized with the Yoast SEO plugin v22.8 - https:\/\/yoast.com\/wordpress\/plugins\/seo\/ -->\n<title>Ecoblue filter - Brightwork BV<\/title>\n<meta name=\"description\" content=\"Compact and modular water treatment. The EcoBlue filter is the answer to this need, since it is entirely comprised of prefab components.\" \/>\n<meta name=\"robots\" content=\"index, follow, max-snippet:-1, max-image-preview:large, max-video-preview:-1\" \/>\n<link rel=\"canonical\" href=\"https:\/\/brightwork.nl\/de\/ecoblue-filter-compact-modular\/\" \/>\n<meta property=\"og:locale\" content=\"de_DE\" \/>\n<meta property=\"og:type\" content=\"article\" \/>\n<meta property=\"og:title\" content=\"Ecoblue filter - Brightwork BV\" \/>\n<meta property=\"og:description\" content=\"Compact and modular water treatment. The EcoBlue filter is the answer to this need, since it is entirely comprised of prefab components.\" \/>\n<meta property=\"og:url\" content=\"https:\/\/brightwork.nl\/de\/ecoblue-filter-compact-modular\/\" \/>\n<meta property=\"og:site_name\" content=\"Brightwork BV\" \/>\n<meta property=\"article:modified_time\" content=\"2021-02-09T22:49:11+00:00\" \/>\n<meta property=\"og:image\" content=\"https:\/\/bwproducts.nl\/wp-content\/plugins\/wp-carousel-free\/public\/css\/ajax-loader.gif\" \/>\n<meta name=\"twitter:card\" content=\"summary_large_image\" \/>\n<script type=\"application\/ld+json\" class=\"yoast-schema-graph\">{\"@context\":\"https:\/\/schema.org\",\"@graph\":[{\"@type\":\"WebPage\",\"@id\":\"https:\/\/brightwork.nl\/nl\/ecoblue-filter-compact-modular\/\",\"url\":\"https:\/\/brightwork.nl\/nl\/ecoblue-filter-compact-modular\/\",\"name\":\"Ecoblue filter - Brightwork BV\",\"isPartOf\":{\"@id\":\"https:\/\/brightwork.nl\/#website\"},\"primaryImageOfPage\":{\"@id\":\"https:\/\/brightwork.nl\/nl\/ecoblue-filter-compact-modular\/#primaryimage\"},\"image\":{\"@id\":\"https:\/\/brightwork.nl\/nl\/ecoblue-filter-compact-modular\/#primaryimage\"},\"thumbnailUrl\":\"http:\/\/bwproducts.nl\/wp-content\/uploads\/2021\/01\/carou5.jpg\",\"datePublished\":\"2021-01-21T17:36:41+00:00\",\"dateModified\":\"2021-02-09T22:49:11+00:00\",\"description\":\"Compact and modular water treatment. The EcoBlue filter is the answer to this need, since it is entirely comprised of prefab components.\",\"breadcrumb\":{\"@id\":\"https:\/\/brightwork.nl\/nl\/ecoblue-filter-compact-modular\/#breadcrumb\"},\"inLanguage\":\"de\",\"potentialAction\":[{\"@type\":\"ReadAction\",\"target\":[\"https:\/\/brightwork.nl\/nl\/ecoblue-filter-compact-modular\/\"]}]},{\"@type\":\"ImageObject\",\"inLanguage\":\"de\",\"@id\":\"https:\/\/brightwork.nl\/nl\/ecoblue-filter-compact-modular\/#primaryimage\",\"url\":\"http:\/\/bwproducts.nl\/wp-content\/uploads\/2021\/01\/carou5.jpg\",\"contentUrl\":\"http:\/\/bwproducts.nl\/wp-content\/uploads\/2021\/01\/carou5.jpg\"},{\"@type\":\"BreadcrumbList\",\"@id\":\"https:\/\/brightwork.nl\/nl\/ecoblue-filter-compact-modular\/#breadcrumb\",\"itemListElement\":[{\"@type\":\"ListItem\",\"position\":1,\"name\":\"Home\",\"item\":\"https:\/\/brightwork.nl\/\"},{\"@type\":\"ListItem\",\"position\":2,\"name\":\"Ecoblue filter\"}]},{\"@type\":\"WebSite\",\"@id\":\"https:\/\/brightwork.nl\/#website\",\"url\":\"https:\/\/brightwork.nl\/\",\"name\":\"Brightwork BV\",\"description\":\"\",\"publisher\":{\"@id\":\"https:\/\/brightwork.nl\/#organization\"},\"potentialAction\":[{\"@type\":\"SearchAction\",\"target\":{\"@type\":\"EntryPoint\",\"urlTemplate\":\"https:\/\/brightwork.nl\/?s={search_term_string}\"},\"query-input\":\"required name=search_term_string\"}],\"inLanguage\":\"de\"},{\"@type\":\"Organization\",\"@id\":\"https:\/\/brightwork.nl\/#organization\",\"name\":\"BW products\",\"url\":\"https:\/\/brightwork.nl\/\",\"logo\":{\"@type\":\"ImageObject\",\"inLanguage\":\"de\",\"@id\":\"https:\/\/brightwork.nl\/#\/schema\/logo\/image\/\",\"url\":\"https:\/\/bwproducts.nl\/wp-content\/uploads\/2021\/01\/cropped-BW-products1-2.png\",\"contentUrl\":\"https:\/\/bwproducts.nl\/wp-content\/uploads\/2021\/01\/cropped-BW-products1-2.png\",\"width\":722,\"height\":207,\"caption\":\"BW products\"},\"image\":{\"@id\":\"https:\/\/brightwork.nl\/#\/schema\/logo\/image\/\"},\"sameAs\":[\"http:\/\/linkedin.com\/company\/brightwork-bv\",\"https:\/\/www.youtube.com\/channel\/UCX8W0zB6phHctI-6xnSz_iA\"]}]}<\/script>\n<!-- \/ Yoast SEO plugin. -->","yoast_head_json":{"title":"Ecoblue filter - Brightwork BV","description":"Compact and modular water treatment. The EcoBlue filter is the answer to this need, since it is entirely comprised of prefab components.","robots":{"index":"index","follow":"follow","max-snippet":"max-snippet:-1","max-image-preview":"max-image-preview:large","max-video-preview":"max-video-preview:-1"},"canonical":"https:\/\/brightwork.nl\/de\/ecoblue-filter-compact-modular\/","og_locale":"de_DE","og_type":"article","og_title":"Ecoblue filter - Brightwork BV","og_description":"Compact and modular water treatment. The EcoBlue filter is the answer to this need, since it is entirely comprised of prefab components.","og_url":"https:\/\/brightwork.nl\/de\/ecoblue-filter-compact-modular\/","og_site_name":"Brightwork BV","article_modified_time":"2021-02-09T22:49:11+00:00","og_image":[{"url":"https:\/\/bwproducts.nl\/wp-content\/plugins\/wp-carousel-free\/public\/css\/ajax-loader.gif"}],"twitter_card":"summary_large_image","schema":{"@context":"https:\/\/schema.org","@graph":[{"@type":"WebPage","@id":"https:\/\/brightwork.nl\/nl\/ecoblue-filter-compact-modular\/","url":"https:\/\/brightwork.nl\/nl\/ecoblue-filter-compact-modular\/","name":"Ecoblue filter - Brightwork BV","isPartOf":{"@id":"https:\/\/brightwork.nl\/#website"},"primaryImageOfPage":{"@id":"https:\/\/brightwork.nl\/nl\/ecoblue-filter-compact-modular\/#primaryimage"},"image":{"@id":"https:\/\/brightwork.nl\/nl\/ecoblue-filter-compact-modular\/#primaryimage"},"thumbnailUrl":"http:\/\/bwproducts.nl\/wp-content\/uploads\/2021\/01\/carou5.jpg","datePublished":"2021-01-21T17:36:41+00:00","dateModified":"2021-02-09T22:49:11+00:00","description":"Compact and modular water treatment. The EcoBlue filter is the answer to this need, since it is entirely comprised of prefab components.","breadcrumb":{"@id":"https:\/\/brightwork.nl\/nl\/ecoblue-filter-compact-modular\/#breadcrumb"},"inLanguage":"de","potentialAction":[{"@type":"ReadAction","target":["https:\/\/brightwork.nl\/nl\/ecoblue-filter-compact-modular\/"]}]},{"@type":"ImageObject","inLanguage":"de","@id":"https:\/\/brightwork.nl\/nl\/ecoblue-filter-compact-modular\/#primaryimage","url":"http:\/\/bwproducts.nl\/wp-content\/uploads\/2021\/01\/carou5.jpg","contentUrl":"http:\/\/bwproducts.nl\/wp-content\/uploads\/2021\/01\/carou5.jpg"},{"@type":"BreadcrumbList","@id":"https:\/\/brightwork.nl\/nl\/ecoblue-filter-compact-modular\/#breadcrumb","itemListElement":[{"@type":"ListItem","position":1,"name":"Home","item":"https:\/\/brightwork.nl\/"},{"@type":"ListItem","position":2,"name":"Ecoblue filter"}]},{"@type":"WebSite","@id":"https:\/\/brightwork.nl\/#website","url":"https:\/\/brightwork.nl\/","name":"Brightwork BV","description":"","publisher":{"@id":"https:\/\/brightwork.nl\/#organization"},"potentialAction":[{"@type":"SearchAction","target":{"@type":"EntryPoint","urlTemplate":"https:\/\/brightwork.nl\/?s={search_term_string}"},"query-input":"required name=search_term_string"}],"inLanguage":"de"},{"@type":"Organization","@id":"https:\/\/brightwork.nl\/#organization","name":"BW products","url":"https:\/\/brightwork.nl\/","logo":{"@type":"ImageObject","inLanguage":"de","@id":"https:\/\/brightwork.nl\/#\/schema\/logo\/image\/","url":"https:\/\/bwproducts.nl\/wp-content\/uploads\/2021\/01\/cropped-BW-products1-2.png","contentUrl":"https:\/\/bwproducts.nl\/wp-content\/uploads\/2021\/01\/cropped-BW-products1-2.png","width":722,"height":207,"caption":"BW products"},"image":{"@id":"https:\/\/brightwork.nl\/#\/schema\/logo\/image\/"},"sameAs":["http:\/\/linkedin.com\/company\/brightwork-bv","https:\/\/www.youtube.com\/channel\/UCX8W0zB6phHctI-6xnSz_iA"]}]}},"_links":{"self":[{"href":"https:\/\/brightwork.nl\/de\/wp-json\/wp\/v2\/pages\/3080","targetHints":{"allow":["GET"]}}],"collection":[{"href":"https:\/\/brightwork.nl\/de\/wp-json\/wp\/v2\/pages"}],"about":[{"href":"https:\/\/brightwork.nl\/de\/wp-json\/wp\/v2\/types\/page"}],"author":[{"embeddable":true,"href":"https:\/\/brightwork.nl\/de\/wp-json\/wp\/v2\/users\/3"}],"replies":[{"embeddable":true,"href":"https:\/\/brightwork.nl\/de\/wp-json\/wp\/v2\/comments?post=3080"}],"version-history":[{"count":0,"href":"https:\/\/brightwork.nl\/de\/wp-json\/wp\/v2\/pages\/3080\/revisions"}],"wp:attachment":[{"href":"https:\/\/brightwork.nl\/de\/wp-json\/wp\/v2\/media?parent=3080"}],"curies":[{"name":"wp","href":"https:\/\/api.w.org\/{rel}","templated":true}]}}