{"id":3287,"date":"2021-01-27T16:30:54","date_gmt":"2021-01-27T15:30:54","guid":{"rendered":"http:\/\/bwproducts.nl\/?page_id=3287"},"modified":"2022-05-09T15:02:06","modified_gmt":"2022-05-09T13:02:06","slug":"services","status":"publish","type":"page","link":"https:\/\/brightwork.nl\/de\/services\/","title":{"rendered":"Dienste"},"content":{"rendered":"<div id=\"pl-3287\"  class=\"panel-layout\" ><div id=\"pg-3287-0\"  class=\"panel-grid panel-has-style\" ><div class=\"siteorigin-panels-stretch panel-row-style panel-row-style-for-3287-0\" data-stretch-type=\"full-stretched-padded\" ><div id=\"pgc-3287-0-0\"  class=\"panel-grid-cell\" ><div id=\"panel-3287-0-0-0\" class=\"so-panel widget widget_text panel-first-child panel-last-child\" data-index=\"0\" >\t\t\t<div class=\"textwidget\"><h1>Dienste<\/h1>\n<p>Brightwork bietet eine Reihe von hochgradig standardisierten und bew\u00e4hrten Produkten f\u00fcr die Wasser- und Abwasseraufbereitung. Unser Portfolio besteht aus Sandfiltern, Koagulation\/Flockung, Lamellenabscheidern, Scheiben- und Tuchfiltration sowie speziellen \u00dcberwachungs- und Kontrollinstrumenten.<\/p>\n<p>Unsere Dienstleistungen umfassen Aufr\u00fcstung und Modernisierung, Ersatzteile, Vermietung, Standortgutachten und Prozessoptimierung.<\/p>\n<p><img decoding=\"async\" class=\"wp-image-3794 alignright\" src=\"https:\/\/bwproducts.nl\/wp-content\/uploads\/2021\/02\/Picturelogo-vca.jpg\" alt=\"Zertifizierte VCA\" width=\"81\" height=\"88\" \/><\/p>\n<\/div>\n\t\t<\/div><\/div><\/div><\/div><div id=\"pg-3287-1\"  class=\"panel-grid panel-has-style\" ><div class=\"siteorigin-panels-stretch panel-row-style panel-row-style-for-3287-1\" data-stretch-type=\"full-stretched-padded\" ><div id=\"pgc-3287-1-0\"  class=\"panel-grid-cell\" ><div id=\"panel-3287-1-0-0\" class=\"so-panel widget widget_sow-image panel-first-child panel-last-child\" data-index=\"1\" ><div class=\"panel-widget-style panel-widget-style-for-3287-1-0-0\" ><div\n\t\t\t\n\t\t\tclass=\"so-widget-sow-image so-widget-sow-image-default-8b5b6f678277-3287\"\n\t\t\t\n\t\t>\n\n<div class=\"sow-image-container\">\n\t\t<img fetchpriority=\"high\" decoding=\"async\" src=\"https:\/\/brightwork.nl\/wp-content\/uploads\/2021\/01\/coin.jpg\" width=\"450\" height=\"338\" srcset=\"https:\/\/brightwork.nl\/wp-content\/uploads\/2021\/01\/coin.jpg 665w, https:\/\/brightwork.nl\/wp-content\/uploads\/2021\/01\/coin-300x225.jpg 300w\" sizes=\"(max-width: 450px) 100vw, 450px\" title=\"Sandzyklusgr\u00f6\u00dfe\" alt=\"Beispiel f\u00fcr Sandkreislaufgr\u00f6\u00dfe mit einem 5-Euro-Cent\" \t\tclass=\"so-widget-image\"\/>\n\t<\/div>\n\n<\/div><\/div><\/div><\/div><div id=\"pgc-3287-1-1\"  class=\"panel-grid-cell\" ><div id=\"panel-3287-1-1-0\" class=\"so-panel widget widget_sow-editor panel-first-child panel-last-child\" data-index=\"2\" ><div class=\"panel-widget-style panel-widget-style-for-3287-1-1-0\" ><div\n\t\t\t\n\t\t\tclass=\"so-widget-sow-editor so-widget-sow-editor-base\"\n\t\t\t\n\t\t>\n<div class=\"siteorigin-widget-tinymce textwidget\">\n\t<h2>\u00dcberwachung und Steuerung \/ Sand-Cycle<\/h2>\nIhr Dauerfilter ist keine Blackbox mehr!\n<a href=\"https:\/\/sand-cycle.com\/\">Sandkreislauf<\/a> ist ein IT-basiertes intelligentes \u00dcberwachungswerkzeug f\u00fcr Filter mit kontinuierlichen Medien, das RFID-Tags als Proxys f\u00fcr die \u00dcberwachung der Bewegung von Medien innerhalb des Filters verwendet.\nDie L\u00f6sung ist f\u00fcr die Implementierung in jede Art von kontinuierlichen Filtern geeignet. Sie bietet eine fortschrittliche Filtersteuerung und sorgt f\u00fcr eine verbesserte Filterleistung.\n\n <\/div>\n<\/div><\/div><\/div><\/div><\/div><\/div><div id=\"pg-3287-2\"  class=\"panel-grid panel-has-style\" ><div class=\"siteorigin-panels-stretch panel-row-style panel-row-style-for-3287-2\" data-stretch-type=\"full-stretched-padded\" ><div id=\"pgc-3287-2-0\"  class=\"panel-grid-cell\" ><div id=\"panel-3287-2-0-0\" class=\"so-panel widget widget_sow-editor panel-first-child panel-last-child\" data-index=\"3\" ><div class=\"panel-widget-style panel-widget-style-for-3287-2-0-0\" ><div\n\t\t\t\n\t\t\tclass=\"so-widget-sow-editor so-widget-sow-editor-base\"\n\t\t\t\n\t\t>\n<div class=\"siteorigin-widget-tinymce textwidget\">\n\t<h2>Fehlersuche<\/h2>\nDurch unser Prozess-Know-how und unsere langj\u00e4hrige Felderfahrung sind wir in der Lage, Anomalien und\/oder Verbesserungsm\u00f6glichkeiten in Ihren Wasser- und Abwasseraufbereitungsprozessen kurzfristig zu erkennen. Dar\u00fcber hinaus sind wir in der Lage, Komponenten zu beheben, anzupassen oder zu sanieren, damit sie funktionieren.\nWir freuen uns, Ihnen unsere Dienstleistungen auf eine f\u00fcr Sie optimale Weise anbieten zu k\u00f6nnen.  \n<\/div>\n<\/div><\/div><\/div><\/div><div id=\"pgc-3287-2-1\"  class=\"panel-grid-cell\" ><div id=\"panel-3287-2-1-0\" class=\"so-panel widget widget_sow-image panel-first-child panel-last-child\" data-index=\"4\" ><div class=\"panel-widget-style panel-widget-style-for-3287-2-1-0\" ><div\n\t\t\t\n\t\t\tclass=\"so-widget-sow-image so-widget-sow-image-default-8b5b6f678277-3287\"\n\t\t\t\n\t\t>\n\n<div class=\"sow-image-container\">\n\t\t<img loading=\"lazy\" decoding=\"async\" src=\"https:\/\/brightwork.nl\/wp-content\/uploads\/2021\/02\/trouble-shooting-20190514_125135-1-450x253.jpg\" width=\"450\" height=\"253\" srcset=\"https:\/\/brightwork.nl\/wp-content\/uploads\/2021\/02\/trouble-shooting-20190514_125135-1-450x253.jpg 450w, https:\/\/brightwork.nl\/wp-content\/uploads\/2021\/02\/trouble-shooting-20190514_125135-1-300x169.jpg 300w, https:\/\/brightwork.nl\/wp-content\/uploads\/2021\/02\/trouble-shooting-20190514_125135-1-768x432.jpg 768w, https:\/\/brightwork.nl\/wp-content\/uploads\/2021\/02\/trouble-shooting-20190514_125135-1-1536x864.jpg 1536w, https:\/\/brightwork.nl\/wp-content\/uploads\/2021\/02\/trouble-shooting-20190514_125135-1-2048x1152.jpg 2048w\" sizes=\"(max-width: 450px) 100vw, 450px\" title=\"Fehlersuche 20190514_125135\" alt=\"\" \t\tclass=\"so-widget-image\"\/>\n\t<\/div>\n\n<\/div><\/div><\/div><\/div><\/div><\/div><div id=\"pg-3287-3\"  class=\"panel-grid panel-has-style\" ><div class=\"siteorigin-panels-stretch panel-row-style panel-row-style-for-3287-3\" data-stretch-type=\"full-stretched-padded\" ><div id=\"pgc-3287-3-0\"  class=\"panel-grid-cell\" ><div id=\"panel-3287-3-0-0\" class=\"so-panel widget widget_sow-image panel-first-child panel-last-child\" data-index=\"5\" ><div class=\"panel-widget-style panel-widget-style-for-3287-3-0-0\" ><div\n\t\t\t\n\t\t\tclass=\"so-widget-sow-image so-widget-sow-image-default-8b5b6f678277-3287\"\n\t\t\t\n\t\t>\n\n<div class=\"sow-image-container\">\n\t\t<img loading=\"lazy\" decoding=\"async\" src=\"https:\/\/brightwork.nl\/wp-content\/uploads\/2021\/02\/20210208-Pilot-MBF-2-450x338.jpg\" width=\"450\" height=\"338\" srcset=\"https:\/\/brightwork.nl\/wp-content\/uploads\/2021\/02\/20210208-Pilot-MBF-2-450x338.jpg 450w, https:\/\/brightwork.nl\/wp-content\/uploads\/2021\/02\/20210208-Pilot-MBF-2-300x225.jpg 300w, https:\/\/brightwork.nl\/wp-content\/uploads\/2021\/02\/20210208-Pilot-MBF-2-768x576.jpg 768w, https:\/\/brightwork.nl\/wp-content\/uploads\/2021\/02\/20210208-Pilot-MBF-2.jpg 1224w\" sizes=\"(max-width: 450px) 100vw, 450px\" title=\"Pilot-MBF\" alt=\"Pilot-MBF-System\" \t\tclass=\"so-widget-image\"\/>\n\t<\/div>\n\n<\/div><\/div><\/div><\/div><div id=\"pgc-3287-3-1\"  class=\"panel-grid-cell\" ><div id=\"panel-3287-3-1-0\" class=\"so-panel widget widget_sow-editor panel-first-child\" data-index=\"6\" ><div class=\"panel-widget-style panel-widget-style-for-3287-3-1-0\" ><div\n\t\t\t\n\t\t\tclass=\"so-widget-sow-editor so-widget-sow-editor-base\"\n\t\t\t\n\t\t>\n<div class=\"siteorigin-widget-tinymce textwidget\">\n\t<h2>Mietger\u00e4te<\/h2>\n Um den st\u00e4ndigen Anfragen unserer Kunden nach tempor\u00e4ren Wasser- und Abwasseraufbereitungsanlagen gerecht zu werden, haben wir vor kurzem unseren\n Mietflotte mit Kl\u00e4ranlagen erweitert, die einen Durchfluss von 3 - 300 m3\/h bew\u00e4ltigen k\u00f6nnen. Dadurch k\u00f6nnen wir unseren Kunden eine schnelle Mobilisierung versprechen und sind somit\n in der Lage, alle wasserbezogenen Probleme zu l\u00f6sen, die ein sofortiges Handeln erfordern. Derzeit sind unsere tempor\u00e4ren Anlagen in den Niederlanden, Belgien, Deutschland, Gro\u00dfbritannien und Irland im Einsatz,\n Vereinigtes K\u00f6nigreich und Irland.\n Au\u00dferdem nutzen wir unsere Ausr\u00fcstung, um neue Anwendungen zu testen. Dies erm\u00f6glicht es uns, kontinuierlich an der Produkt- und Technologieentwicklung zu arbeiten. In enger\n In enger Zusammenarbeit mit unseren Partnern und Kunden f\u00fchren wir praktische Forschung durch, um Anwendungen und Betriebsfenster zu erweitern.\n Sprechen Sie mit uns, wenn Sie eine sofortige L\u00f6sung ben\u00f6tigen oder wenn Sie M\u00f6glichkeiten zur Erweiterung Ihrer Wasser- oder Abwasseraufbereitung erkunden m\u00f6chten.<\/div>\n<\/div><\/div><\/div><div id=\"panel-3287-3-1-1\" class=\"so-panel widget widget_sow-button panel-last-child\" data-index=\"7\" ><div class=\"panel-widget-style panel-widget-style-for-3287-3-1-1\" ><div\n\t\t\t\n\t\t\tclass=\"so-widget-sow-button so-widget-sow-button-flat-5298fa4f45ef-3287\"\n\t\t\t\n\t\t><div class=\"ow-button-base ow-button-align-left\">\n\t<a\n\thref=\"https:\/\/brightwork.nl\/de\/rental-equipment\/\"\n\t\tclass=\"ow-icon-placement-left ow-button-hover\" target=\"_blank\" rel=\"noopener noreferrer\" \t>\n\t\t<span>\n\t\t\t\n\t\t\tWeitere Informationen \t\t<\/span>\n\t<\/a>\n<\/div>\n<\/div><\/div><\/div><\/div><\/div><\/div><div id=\"pg-3287-4\"  class=\"panel-grid panel-has-style\" ><div class=\"siteorigin-panels-stretch panel-row-style panel-row-style-for-3287-4\" data-stretch-type=\"full-stretched-padded\" ><div id=\"pgc-3287-4-0\"  class=\"panel-grid-cell\" ><div id=\"panel-3287-4-0-0\" class=\"so-panel widget widget_sow-editor panel-first-child panel-last-child\" data-index=\"8\" ><div class=\"panel-widget-style panel-widget-style-for-3287-4-0-0\" ><div\n\t\t\t\n\t\t\tclass=\"so-widget-sow-editor so-widget-sow-editor-base\"\n\t\t\t\n\t\t>\n<div class=\"siteorigin-widget-tinymce textwidget\">\n\t<h2>Sanierungen und Nachr\u00fcstungen<\/h2>\n<p>Sanierungen, Anlagenumstellungen und Prozessumbau Ihrer Wasser- und Abwasseraufbereitungsanlage: Unser Team ist sehr erfahren in der Sanierung bestehender Anlagen, um Prozessfunktionalit\u00e4ten wiederherzustellen.<\/p>\n<p>Unsere Aktivit\u00e4ten reichen von: Felduntersuchungen; Anlagenumstellungen; Aufarbeitung von defekten Komponenten; Austausch von Ersatzteilen und Prozessumstellungen.<\/p>\n<\/div>\n<\/div><\/div><\/div><\/div><div id=\"pgc-3287-4-1\"  class=\"panel-grid-cell\" ><div id=\"panel-3287-4-1-0\" class=\"so-panel widget widget_sow-image panel-first-child panel-last-child\" data-index=\"9\" ><div\n\t\t\t\n\t\t\tclass=\"so-widget-sow-image so-widget-sow-image-default-8b5b6f678277-3287\"\n\t\t\t\n\t\t>\n\n<div class=\"sow-image-container\">\n\t\t<img loading=\"lazy\" decoding=\"async\" src=\"https:\/\/brightwork.nl\/wp-content\/uploads\/2021\/02\/Refurbishments-retrofits-20161214_151936-1-450x338.jpg\" width=\"450\" height=\"338\" srcset=\"https:\/\/brightwork.nl\/wp-content\/uploads\/2021\/02\/Refurbishments-retrofits-20161214_151936-1-450x338.jpg 450w, https:\/\/brightwork.nl\/wp-content\/uploads\/2021\/02\/Refurbishments-retrofits-20161214_151936-1-300x225.jpg 300w, https:\/\/brightwork.nl\/wp-content\/uploads\/2021\/02\/Refurbishments-retrofits-20161214_151936-1-768x576.jpg 768w, https:\/\/brightwork.nl\/wp-content\/uploads\/2021\/02\/Refurbishments-retrofits-20161214_151936-1-1536x1152.jpg 1536w, https:\/\/brightwork.nl\/wp-content\/uploads\/2021\/02\/Refurbishments-retrofits-20161214_151936-1.jpg 2048w\" sizes=\"(max-width: 450px) 100vw, 450px\" title=\"Sanierungen &amp; Nachr\u00fcstungen 20161214_151936\" alt=\"\" \t\tclass=\"so-widget-image\"\/>\n\t<\/div>\n\n<\/div><\/div><\/div><\/div><\/div><div id=\"pg-3287-5\"  class=\"panel-grid panel-has-style\" ><div class=\"siteorigin-panels-stretch panel-row-style panel-row-style-for-3287-5\" data-stretch-type=\"full-stretched-padded\" ><div id=\"pgc-3287-5-0\"  class=\"panel-grid-cell\" ><div id=\"panel-3287-5-0-0\" class=\"so-panel widget widget_text panel-first-child panel-last-child\" data-index=\"10\" ><div class=\"panel-widget-style panel-widget-style-for-3287-5-0-0\" ><h3 class=\"widget-title\">Unser Portfolio herunterladen Englisch<\/h3>\t\t\t<div class=\"textwidget\"><div class=\"wpcf7 no-js\" id=\"wpcf7-f5207-o1\" lang=\"en-US\" dir=\"ltr\">\n<div class=\"screen-reader-response\">\n<p role=\"status\" aria-live=\"polite\" aria-atomic=\"true\">\n<ul><\/ul>\n<\/div>\n<form action=\"\/de\/wp-json\/wp\/v2\/pages\/3287#wpcf7-f5207-o1\" method=\"post\" class=\"wpcf7-form init\" aria-label=\"Kontakt-Formular\" novalidate=\"novalidate\" data-status=\"init\" data-trp-original-action=\"\/de\/wp-json\/wp\/v2\/pages\/3287#wpcf7-f5207-o1\">\n<div style=\"display: none;\">\n<input type=\"hidden\" name=\"_wpcf7\" value=\"5207\" \/><br \/>\n<input type=\"hidden\" name=\"_wpcf7_version\" value=\"5.9.5\" \/><br \/>\n<input type=\"hidden\" name=\"_wpcf7_locale\" value=\"en_US\" \/><br \/>\n<input type=\"hidden\" name=\"_wpcf7_unit_tag\" value=\"wpcf7-f5207-o1\" \/><br \/>\n<input type=\"hidden\" name=\"_wpcf7_container_post\" value=\"0\" \/><br \/>\n<input type=\"hidden\" name=\"_wpcf7_posted_data_hash\" value=\"\" \/>\n<\/div>\n<p><label> Ihre E-Mail<br \/>\n<span class=\"wpcf7-form-control-wrap\" data-name=\"your-email\"><input size=\"40\" class=\"wpcf7-form-control wpcf7-email wpcf7-validates-as-required wpcf7-text wpcf7-validates-as-email\" aria-required=\"true\" aria-invalid=\"false\" value=\"\" type=\"email\" name=\"your-email\" \/><\/span> <\/label>\n<\/p>\n<p><input class=\"wpcf7-form-control wpcf7-submit has-spinner\" type=\"submit\" value=\"Herunterladen\" \/>\n<\/p>\n<div class=\"wpcf7-response-output\" aria-hidden=\"true\"><\/div>\n<input type=\"hidden\" name=\"trp-form-language\" value=\"de\"\/><\/form>\n<\/div>\n<\/div>\n\t\t<\/div><\/div><\/div><div id=\"pgc-3287-5-1\"  class=\"panel-grid-cell\" ><div id=\"panel-3287-5-1-0\" class=\"so-panel widget widget_text panel-first-child panel-last-child\" data-index=\"11\" ><div class=\"panel-widget-style panel-widget-style-for-3287-5-1-0\" ><h3 class=\"widget-title\">Unser Portfolio herunterladen Deutsch<\/h3>\t\t\t<div class=\"textwidget\"><div class=\"wpcf7 no-js\" id=\"wpcf7-f5221-o2\" lang=\"en-US\" dir=\"ltr\">\n<div class=\"screen-reader-response\">\n<p role=\"status\" aria-live=\"polite\" aria-atomic=\"true\">\n<ul><\/ul>\n<\/div>\n<form action=\"\/de\/wp-json\/wp\/v2\/pages\/3287#wpcf7-f5221-o2\" method=\"post\" class=\"wpcf7-form init\" aria-label=\"Kontakt-Formular\" novalidate=\"novalidate\" data-status=\"init\" data-trp-original-action=\"\/de\/wp-json\/wp\/v2\/pages\/3287#wpcf7-f5221-o2\">\n<div style=\"display: none;\">\n<input type=\"hidden\" name=\"_wpcf7\" value=\"5221\" \/><br \/>\n<input type=\"hidden\" name=\"_wpcf7_version\" value=\"5.9.5\" \/><br \/>\n<input type=\"hidden\" name=\"_wpcf7_locale\" value=\"en_US\" \/><br \/>\n<input type=\"hidden\" name=\"_wpcf7_unit_tag\" value=\"wpcf7-f5221-o2\" \/><br \/>\n<input type=\"hidden\" name=\"_wpcf7_container_post\" value=\"0\" \/><br \/>\n<input type=\"hidden\" name=\"_wpcf7_posted_data_hash\" value=\"\" \/>\n<\/div>\n<p><label> Ihre E-Mail<br \/>\n<span class=\"wpcf7-form-control-wrap\" data-name=\"your-email\"><input size=\"40\" class=\"wpcf7-form-control wpcf7-email wpcf7-validates-as-required wpcf7-text wpcf7-validates-as-email\" aria-required=\"true\" aria-invalid=\"false\" value=\"\" type=\"email\" name=\"your-email\" \/><\/span> <\/label>\n<\/p>\n<p><input class=\"wpcf7-form-control wpcf7-submit has-spinner\" type=\"submit\" value=\"Herunterladen\" \/>\n<\/p>\n<div class=\"wpcf7-response-output\" aria-hidden=\"true\"><\/div>\n<input type=\"hidden\" name=\"trp-form-language\" value=\"de\"\/><\/form>\n<\/div>\n<\/div>\n\t\t<\/div><\/div><\/div><\/div><\/div><div id=\"pg-3287-6\"  class=\"panel-grid panel-no-style\" ><div id=\"pgc-3287-6-0\"  class=\"panel-grid-cell panel-grid-cell-empty panel-grid-cell-mobile-last\" ><\/div><div id=\"pgc-3287-6-1\"  class=\"panel-grid-cell panel-grid-cell-empty\" ><\/div><\/div><\/div>","protected":false},"excerpt":{"rendered":"<p>Dienstleistungen Brightwork bietet eine Reihe von hochgradig standardisierten und bew\u00e4hrten Produkten f\u00fcr die Wasser- und Abwasseraufbereitung. Unser Portfolio besteht aus Sandfiltern, Koagulations-\/Flockungsanlagen, Lamellenabscheidern, Scheiben- und Gewebefiltern sowie speziellen \u00dcberwachungs- und Kontrollger\u00e4ten. Unsere Dienstleistungen umfassen Nachr\u00fcstung und Modernisierung, Ersatzteile, Vermietung, Standortgutachten und Prozessoptimierung. \u00dcberwachung und Steuerung \/ Sand-Cycle Ihr kontinuierlicher Filter ist nicht l\u00e4nger eine Blackbox! Sand-Cycle ist ein IT-gest\u00fctztes, intelligentes \u00dcberwachungsinstrument f\u00fcr Filter mit kontinuierlichen Medien, das RFID-Etiketten als Proxys f\u00fcr die \u00dcberwachung der Medienbewegung im Filter verwendet. Die L\u00f6sung eignet sich f\u00fcr den Einsatz in jeder Art von ... <a title=\"Dienste\" class=\"read-more\" href=\"https:\/\/brightwork.nl\/de\/services\/\" aria-label=\"Mehr dazu unter Dienstleistungen\">Weiterlesen<\/a><\/p>","protected":false},"author":3,"featured_media":0,"parent":0,"menu_order":0,"comment_status":"closed","ping_status":"closed","template":"","meta":{"_eb_attr":"","footnotes":""},"class_list":["post-3287","page","type-page","status-publish"],"yoast_head":"<!-- This site is optimized with the Yoast SEO plugin v22.8 - https:\/\/yoast.com\/wordpress\/plugins\/seo\/ -->\n<title>Services that Brightwork has to offer - Brightwork BV<\/title>\n<meta name=\"description\" content=\"We dont only deliver technology. Brightwork also offers services for upgrading and refurbishment, spare parts, rentals and site surveys.\" \/>\n<meta name=\"robots\" content=\"index, follow, max-snippet:-1, max-image-preview:large, max-video-preview:-1\" \/>\n<link rel=\"canonical\" href=\"https:\/\/brightwork.nl\/de\/services\/\" \/>\n<meta property=\"og:locale\" content=\"de_DE\" \/>\n<meta property=\"og:type\" content=\"article\" \/>\n<meta property=\"og:title\" content=\"Services that Brightwork has to offer - Brightwork BV\" \/>\n<meta property=\"og:description\" content=\"We dont only deliver technology. Brightwork also offers services for upgrading and refurbishment, spare parts, rentals and site surveys.\" \/>\n<meta property=\"og:url\" content=\"https:\/\/brightwork.nl\/de\/services\/\" \/>\n<meta property=\"og:site_name\" content=\"Brightwork BV\" \/>\n<meta property=\"article:modified_time\" content=\"2022-05-09T13:02:06+00:00\" \/>\n<meta property=\"og:image\" content=\"https:\/\/bwproducts.nl\/wp-content\/uploads\/2021\/02\/Picturelogo-vca.jpg\" \/>\n<meta name=\"twitter:card\" content=\"summary_large_image\" \/>\n<script type=\"application\/ld+json\" class=\"yoast-schema-graph\">{\"@context\":\"https:\/\/schema.org\",\"@graph\":[{\"@type\":\"WebPage\",\"@id\":\"https:\/\/brightwork.nl\/services\/\",\"url\":\"https:\/\/brightwork.nl\/services\/\",\"name\":\"Services that Brightwork has to offer - Brightwork BV\",\"isPartOf\":{\"@id\":\"https:\/\/brightwork.nl\/#website\"},\"primaryImageOfPage\":{\"@id\":\"https:\/\/brightwork.nl\/services\/#primaryimage\"},\"image\":{\"@id\":\"https:\/\/brightwork.nl\/services\/#primaryimage\"},\"thumbnailUrl\":\"https:\/\/bwproducts.nl\/wp-content\/uploads\/2021\/02\/Picturelogo-vca.jpg\",\"datePublished\":\"2021-01-27T15:30:54+00:00\",\"dateModified\":\"2022-05-09T13:02:06+00:00\",\"description\":\"We dont only deliver technology. Brightwork also offers services for upgrading and refurbishment, spare parts, rentals and site surveys.\",\"breadcrumb\":{\"@id\":\"https:\/\/brightwork.nl\/services\/#breadcrumb\"},\"inLanguage\":\"de\",\"potentialAction\":[{\"@type\":\"ReadAction\",\"target\":[\"https:\/\/brightwork.nl\/services\/\"]}]},{\"@type\":\"ImageObject\",\"inLanguage\":\"de\",\"@id\":\"https:\/\/brightwork.nl\/services\/#primaryimage\",\"url\":\"https:\/\/bwproducts.nl\/wp-content\/uploads\/2021\/02\/Picturelogo-vca.jpg\",\"contentUrl\":\"https:\/\/bwproducts.nl\/wp-content\/uploads\/2021\/02\/Picturelogo-vca.jpg\"},{\"@type\":\"BreadcrumbList\",\"@id\":\"https:\/\/brightwork.nl\/services\/#breadcrumb\",\"itemListElement\":[{\"@type\":\"ListItem\",\"position\":1,\"name\":\"Home\",\"item\":\"https:\/\/brightwork.nl\/\"},{\"@type\":\"ListItem\",\"position\":2,\"name\":\"Services\"}]},{\"@type\":\"WebSite\",\"@id\":\"https:\/\/brightwork.nl\/#website\",\"url\":\"https:\/\/brightwork.nl\/\",\"name\":\"Brightwork BV\",\"description\":\"\",\"publisher\":{\"@id\":\"https:\/\/brightwork.nl\/#organization\"},\"potentialAction\":[{\"@type\":\"SearchAction\",\"target\":{\"@type\":\"EntryPoint\",\"urlTemplate\":\"https:\/\/brightwork.nl\/?s={search_term_string}\"},\"query-input\":\"required name=search_term_string\"}],\"inLanguage\":\"de\"},{\"@type\":\"Organization\",\"@id\":\"https:\/\/brightwork.nl\/#organization\",\"name\":\"BW products\",\"url\":\"https:\/\/brightwork.nl\/\",\"logo\":{\"@type\":\"ImageObject\",\"inLanguage\":\"de\",\"@id\":\"https:\/\/brightwork.nl\/#\/schema\/logo\/image\/\",\"url\":\"https:\/\/bwproducts.nl\/wp-content\/uploads\/2021\/01\/cropped-BW-products1-2.png\",\"contentUrl\":\"https:\/\/bwproducts.nl\/wp-content\/uploads\/2021\/01\/cropped-BW-products1-2.png\",\"width\":722,\"height\":207,\"caption\":\"BW products\"},\"image\":{\"@id\":\"https:\/\/brightwork.nl\/#\/schema\/logo\/image\/\"},\"sameAs\":[\"http:\/\/linkedin.com\/company\/brightwork-bv\",\"https:\/\/www.youtube.com\/channel\/UCX8W0zB6phHctI-6xnSz_iA\"]}]}<\/script>\n<!-- \/ Yoast SEO plugin. -->","yoast_head_json":{"title":"Services that Brightwork has to offer - Brightwork BV","description":"We dont only deliver technology. Brightwork also offers services for upgrading and refurbishment, spare parts, rentals and site surveys.","robots":{"index":"index","follow":"follow","max-snippet":"max-snippet:-1","max-image-preview":"max-image-preview:large","max-video-preview":"max-video-preview:-1"},"canonical":"https:\/\/brightwork.nl\/de\/services\/","og_locale":"de_DE","og_type":"article","og_title":"Services that Brightwork has to offer - Brightwork BV","og_description":"We dont only deliver technology. Brightwork also offers services for upgrading and refurbishment, spare parts, rentals and site surveys.","og_url":"https:\/\/brightwork.nl\/de\/services\/","og_site_name":"Brightwork BV","article_modified_time":"2022-05-09T13:02:06+00:00","og_image":[{"url":"https:\/\/bwproducts.nl\/wp-content\/uploads\/2021\/02\/Picturelogo-vca.jpg"}],"twitter_card":"summary_large_image","schema":{"@context":"https:\/\/schema.org","@graph":[{"@type":"WebPage","@id":"https:\/\/brightwork.nl\/services\/","url":"https:\/\/brightwork.nl\/services\/","name":"Services that Brightwork has to offer - Brightwork BV","isPartOf":{"@id":"https:\/\/brightwork.nl\/#website"},"primaryImageOfPage":{"@id":"https:\/\/brightwork.nl\/services\/#primaryimage"},"image":{"@id":"https:\/\/brightwork.nl\/services\/#primaryimage"},"thumbnailUrl":"https:\/\/bwproducts.nl\/wp-content\/uploads\/2021\/02\/Picturelogo-vca.jpg","datePublished":"2021-01-27T15:30:54+00:00","dateModified":"2022-05-09T13:02:06+00:00","description":"We dont only deliver technology. Brightwork also offers services for upgrading and refurbishment, spare parts, rentals and site surveys.","breadcrumb":{"@id":"https:\/\/brightwork.nl\/services\/#breadcrumb"},"inLanguage":"de","potentialAction":[{"@type":"ReadAction","target":["https:\/\/brightwork.nl\/services\/"]}]},{"@type":"ImageObject","inLanguage":"de","@id":"https:\/\/brightwork.nl\/services\/#primaryimage","url":"https:\/\/bwproducts.nl\/wp-content\/uploads\/2021\/02\/Picturelogo-vca.jpg","contentUrl":"https:\/\/bwproducts.nl\/wp-content\/uploads\/2021\/02\/Picturelogo-vca.jpg"},{"@type":"BreadcrumbList","@id":"https:\/\/brightwork.nl\/services\/#breadcrumb","itemListElement":[{"@type":"ListItem","position":1,"name":"Home","item":"https:\/\/brightwork.nl\/"},{"@type":"ListItem","position":2,"name":"Services"}]},{"@type":"WebSite","@id":"https:\/\/brightwork.nl\/#website","url":"https:\/\/brightwork.nl\/","name":"Brightwork BV","description":"","publisher":{"@id":"https:\/\/brightwork.nl\/#organization"},"potentialAction":[{"@type":"SearchAction","target":{"@type":"EntryPoint","urlTemplate":"https:\/\/brightwork.nl\/?s={search_term_string}"},"query-input":"required name=search_term_string"}],"inLanguage":"de"},{"@type":"Organization","@id":"https:\/\/brightwork.nl\/#organization","name":"BW products","url":"https:\/\/brightwork.nl\/","logo":{"@type":"ImageObject","inLanguage":"de","@id":"https:\/\/brightwork.nl\/#\/schema\/logo\/image\/","url":"https:\/\/bwproducts.nl\/wp-content\/uploads\/2021\/01\/cropped-BW-products1-2.png","contentUrl":"https:\/\/bwproducts.nl\/wp-content\/uploads\/2021\/01\/cropped-BW-products1-2.png","width":722,"height":207,"caption":"BW products"},"image":{"@id":"https:\/\/brightwork.nl\/#\/schema\/logo\/image\/"},"sameAs":["http:\/\/linkedin.com\/company\/brightwork-bv","https:\/\/www.youtube.com\/channel\/UCX8W0zB6phHctI-6xnSz_iA"]}]}},"_links":{"self":[{"href":"https:\/\/brightwork.nl\/de\/wp-json\/wp\/v2\/pages\/3287","targetHints":{"allow":["GET"]}}],"collection":[{"href":"https:\/\/brightwork.nl\/de\/wp-json\/wp\/v2\/pages"}],"about":[{"href":"https:\/\/brightwork.nl\/de\/wp-json\/wp\/v2\/types\/page"}],"author":[{"embeddable":true,"href":"https:\/\/brightwork.nl\/de\/wp-json\/wp\/v2\/users\/3"}],"replies":[{"embeddable":true,"href":"https:\/\/brightwork.nl\/de\/wp-json\/wp\/v2\/comments?post=3287"}],"version-history":[{"count":0,"href":"https:\/\/brightwork.nl\/de\/wp-json\/wp\/v2\/pages\/3287\/revisions"}],"wp:attachment":[{"href":"https:\/\/brightwork.nl\/de\/wp-json\/wp\/v2\/media?parent=3287"}],"curies":[{"name":"wp","href":"https:\/\/api.w.org\/{rel}","templated":true}]}}