{"id":3399,"date":"2021-01-28T10:24:53","date_gmt":"2021-01-28T09:24:53","guid":{"rendered":"http:\/\/bwproducts.nl\/?page_id=3399"},"modified":"2021-02-09T23:36:04","modified_gmt":"2021-02-09T22:36:04","slug":"dynacloth-filter","status":"publish","type":"page","link":"https:\/\/brightwork.nl\/de\/dynacloth-filter\/","title":{"rendered":"DynaCloth-Filter"},"content":{"rendered":"<div id=\"pl-3399\"  class=\"panel-layout\" ><div id=\"pg-3399-0\"  class=\"panel-grid panel-no-style\" ><div id=\"pgc-3399-0-0\"  class=\"panel-grid-cell\" ><div id=\"panel-3399-0-0-0\" class=\"so-panel widget widget_sow-editor panel-first-child panel-last-child\" data-index=\"0\" ><div\n\t\t\t\n\t\t\tclass=\"so-widget-sow-editor so-widget-sow-editor-base\"\n\t\t\t\n\t\t>\n<div class=\"siteorigin-widget-tinymce textwidget\">\n\t<h1>DynaCloth-Filter<\/h1>\n<p>Mit DynaCloth erhalten Sie eine \u00fcberlegene Filtrationsleistung f\u00fcr Wasser-, Abwasser- und Wasserwiederverwendungsanwendungen.<\/p>\n<p>DynaCloth erreicht eine effiziente Entfernung von SS, BSB, P, etc. durch eine Kombination aus Siebfiltration und Tiefenfiltration. Der Filter erzeugt ein hochwertiges Endabwasser mit weniger als 10 mg\/l SS.<br \/>\nEine breite Palette von Modellen ist verf\u00fcgbar, um alle Kundenbed\u00fcrfnisse zu erf\u00fcllen.<\/p>\n<\/div>\n<\/div><\/div><\/div><div id=\"pgc-3399-0-1\"  class=\"panel-grid-cell\" ><div id=\"panel-3399-0-1-0\" class=\"so-panel widget widget_sow-image panel-first-child panel-last-child\" data-index=\"1\" ><div\n\t\t\t\n\t\t\tclass=\"so-widget-sow-image so-widget-sow-image-default-e4c2d9f6c920-3399\"\n\t\t\t\n\t\t>\n\n<div class=\"sow-image-container\">\n\t\t<img fetchpriority=\"high\" decoding=\"async\" src=\"https:\/\/brightwork.nl\/wp-content\/uploads\/2021\/01\/Picture-cloth.png\" width=\"392\" height=\"284\" srcset=\"https:\/\/brightwork.nl\/wp-content\/uploads\/2021\/01\/Picture-cloth.png 392w, https:\/\/brightwork.nl\/wp-content\/uploads\/2021\/01\/Picture-cloth-300x217.png 300w\" sizes=\"(max-width: 392px) 100vw, 392px\" title=\"Bild Tuch\" alt=\"Dynacloth-Filter visuell\" \t\tclass=\"so-widget-image\"\/>\n\t<\/div>\n\n<\/div><\/div><\/div><\/div><div id=\"pg-3399-1\"  class=\"panel-grid panel-has-style\" ><div class=\"siteorigin-panels-stretch panel-row-style panel-row-style-for-3399-1\" data-stretch-type=\"full\" ><div id=\"pgc-3399-1-0\"  class=\"panel-grid-cell\" ><div id=\"panel-3399-1-0-0\" class=\"so-panel widget widget_sow-image panel-first-child panel-last-child\" data-index=\"2\" ><div\n\t\t\t\n\t\t\tclass=\"so-widget-sow-image so-widget-sow-image-default-4e6925654b7a-3399\"\n\t\t\t\n\t\t>\n\n<div class=\"sow-image-container\">\n\t\t<img decoding=\"async\" src=\"https:\/\/brightwork.nl\/wp-content\/uploads\/2021\/02\/261e1c3a-db7d-4b28-a6dc-81d2f8cd11c91-450x244.jpg\" width=\"450\" height=\"244\" srcset=\"https:\/\/brightwork.nl\/wp-content\/uploads\/2021\/02\/261e1c3a-db7d-4b28-a6dc-81d2f8cd11c91-450x244.jpg 450w, https:\/\/brightwork.nl\/wp-content\/uploads\/2021\/02\/261e1c3a-db7d-4b28-a6dc-81d2f8cd11c91-300x163.jpg 300w, https:\/\/brightwork.nl\/wp-content\/uploads\/2021\/02\/261e1c3a-db7d-4b28-a6dc-81d2f8cd11c91.jpg 508w\" sizes=\"(max-width: 450px) 100vw, 450px\" title=\"Beispiel eines Dynacloth-Filters\" alt=\"Dynacloth-Filter visuell\" \t\tclass=\"so-widget-image\"\/>\n\t<\/div>\n\n<\/div><\/div><\/div><div id=\"pgc-3399-1-1\"  class=\"panel-grid-cell\" ><div id=\"panel-3399-1-1-0\" class=\"so-panel widget widget_text panel-first-child panel-last-child\" data-index=\"3\" ><div class=\"panel-widget-style panel-widget-style-for-3399-1-1-0\" >\t\t\t<div class=\"textwidget\"><h3>Hauptanwendungen<\/h3>\n<ul>\n<li>Terti\u00e4re Behandlung, Entfernung von SS und BSB aus dem Abwasser.<\/li>\n<li>Filtration zur Wiederverwendung von Wasser ect.<\/li>\n<li>Vorbehandlung von Fluss- und Seewasser und Algenentfernung.<\/li>\n<li>Industrielles Filtrationswasser, K\u00fchlwasser, Landwirtschaft, K\u00fchlwasser f\u00fcr Kraftwerke und Stahlwerke, ect.<\/li>\n<li>Vorbehandlung f\u00fcr fortschrittliche Prozesse (Aktivkohle, Ionenturm, Ozon, UV) und R\/O, N\/F.<\/li>\n<li>Prim\u00e4rbehandlung von Abwasser anstelle von Kl\u00e4rbecken.<\/li>\n<li>CSO-Anwendungen.<\/li>\n<li>P-Entfernung in Kombination mit Co-F\u00e4llung.<\/li>\n<li>P-Entfernung mit ein- oder zweistufiger chemischer Vorbehandlung.<\/li>\n<\/ul>\n<\/div>\n\t\t<\/div><\/div><\/div><\/div><\/div><div id=\"pg-3399-2\"  class=\"panel-grid panel-has-style\" ><div class=\"panel-row-style panel-row-style-for-3399-2\" ><div id=\"pgc-3399-2-0\"  class=\"panel-grid-cell\" ><div id=\"panel-3399-2-0-0\" class=\"so-panel widget widget_text panel-first-child panel-last-child\" data-index=\"4\" ><div class=\"panel-widget-style panel-widget-style-for-3399-2-0-0\" >\t\t\t<div class=\"textwidget\"><h3>Vorteile des DynaCloth<\/h3>\n<ul>\n<li>Effiziente Entfernung von SS,BOD,P,ect.durch eine Kombination von Siebfiltration und Tiefenfiltration.<\/li>\n<li>Produziert hochwertiges Endabwasser mit weniger als 10 mg\/l SS.<\/li>\n<li>Eine breite Palette von Modellen ist verf\u00fcgbar, um alle Kundenbed\u00fcrfnisse zu erf\u00fcllen.<\/li>\n<li>Die Fasermedien sind sehr einfach zu \u00fcberpr\u00fcfen und auszutauschen.<\/li>\n<li>Mehr als 10 Jahre Forschung und Entwicklung am Fasermedientuch gew\u00e4hrleisten eine effiziente und zuverl\u00e4ssige Filtration.<\/li>\n<li>Stabiler und kontinuierlicher Betrieb durch die Reinigung der Fasermedien mit einer speziellen Reinigungsvorrichtung und einer automatischen Selbstreinigungsd\u00fcse.<\/li>\n<li>Ein kontinuierlicher Filtrationsprozess reduziert den Bedarf an Standby-Ger\u00e4ten.<\/li>\n<li>Kompakte Bauweise - reduziert den Platzbedarf.<\/li>\n<li>Schwerkraftdurchfluss durch den Filter.<\/li>\n<li>Geringer Druckverlust (50-250 mm).<\/li>\n<li>Geringe Mengen an Reject-R\u00fccksp\u00fclwasser, typischerweise 1-3 %.<\/li>\n<\/ul>\n<\/div>\n\t\t<\/div><\/div><\/div><\/div><\/div><\/div>","protected":false},"excerpt":{"rendered":"<p>DynaCloth Filter Mit DynaCloth erhalten Sie eine \u00fcberragende Filtrationsleistung f\u00fcr Wasser-, Abwasser- und Wasserwiederverwendungsanwendungen. DynaCloth erreicht eine effiziente Entfernung von SS, BSB, P, etc. durch eine Kombination von Siebfiltration und Tiefenfiltration. Der Filter erzeugt ein hochwertiges Abwasser mit weniger als 10 mg\/l SS. Es steht eine breite Palette von Modellen zur Verf\u00fcgung, um alle Kundenanforderungen zu erf\u00fcllen. Hauptanwendungen Terti\u00e4rbehandlung, Entfernung von SS und BSB aus Abwasser. Filtration f\u00fcr die Wiederverwendung von Wasser ect. Vorbehandlung von Fluss- und Seewasser und Entfernung von Algen. Industrielle Wasserfiltration, K\u00fchlwasser, Landwirtschaft, K\u00fchlwasser f\u00fcr Kraftwerke und Stahlwerke, ... <a title=\"DynaCloth-Filter\" class=\"read-more\" href=\"https:\/\/brightwork.nl\/de\/dynacloth-filter\/\" aria-label=\"Mehr dazu unter DynaCloth filter\">Weiterlesen<\/a><\/p>","protected":false},"author":2,"featured_media":0,"parent":0,"menu_order":0,"comment_status":"closed","ping_status":"closed","template":"","meta":{"_eb_attr":"","footnotes":""},"class_list":["post-3399","page","type-page","status-publish"],"yoast_head":"<!-- This site is optimized with the Yoast SEO plugin v22.8 - https:\/\/yoast.com\/wordpress\/plugins\/seo\/ -->\n<title>DynaCloth filter - Brightwork BV<\/title>\n<meta name=\"description\" content=\"With DynaCloth filtration you get superior filtration performance for water, wastewater, and water re-use applications.\" \/>\n<meta name=\"robots\" content=\"index, follow, max-snippet:-1, max-image-preview:large, max-video-preview:-1\" \/>\n<link rel=\"canonical\" href=\"https:\/\/brightwork.nl\/de\/dynacloth-filter\/\" \/>\n<meta property=\"og:locale\" content=\"de_DE\" \/>\n<meta property=\"og:type\" content=\"article\" \/>\n<meta property=\"og:title\" content=\"DynaCloth filter - Brightwork BV\" \/>\n<meta property=\"og:description\" content=\"With DynaCloth filtration you get superior filtration performance for water, wastewater, and water re-use applications.\" \/>\n<meta property=\"og:url\" content=\"https:\/\/brightwork.nl\/de\/dynacloth-filter\/\" \/>\n<meta property=\"og:site_name\" content=\"Brightwork BV\" \/>\n<meta property=\"article:modified_time\" content=\"2021-02-09T22:36:04+00:00\" \/>\n<meta property=\"og:image\" content=\"https:\/\/brightwork.nl\/wp-content\/uploads\/2021\/01\/cropped-BW-products1-2.png\" \/>\n\t<meta property=\"og:image:width\" content=\"722\" \/>\n\t<meta property=\"og:image:height\" content=\"207\" \/>\n\t<meta property=\"og:image:type\" content=\"image\/png\" \/>\n<meta name=\"twitter:card\" content=\"summary_large_image\" \/>\n<script type=\"application\/ld+json\" class=\"yoast-schema-graph\">{\"@context\":\"https:\/\/schema.org\",\"@graph\":[{\"@type\":\"WebPage\",\"@id\":\"https:\/\/brightwork.nl\/dynacloth-filter\/\",\"url\":\"https:\/\/brightwork.nl\/dynacloth-filter\/\",\"name\":\"DynaCloth filter - Brightwork BV\",\"isPartOf\":{\"@id\":\"https:\/\/brightwork.nl\/#website\"},\"datePublished\":\"2021-01-28T09:24:53+00:00\",\"dateModified\":\"2021-02-09T22:36:04+00:00\",\"description\":\"With DynaCloth filtration you get superior filtration performance for water, wastewater, and water re-use applications.\",\"breadcrumb\":{\"@id\":\"https:\/\/brightwork.nl\/dynacloth-filter\/#breadcrumb\"},\"inLanguage\":\"de\",\"potentialAction\":[{\"@type\":\"ReadAction\",\"target\":[\"https:\/\/brightwork.nl\/dynacloth-filter\/\"]}]},{\"@type\":\"BreadcrumbList\",\"@id\":\"https:\/\/brightwork.nl\/dynacloth-filter\/#breadcrumb\",\"itemListElement\":[{\"@type\":\"ListItem\",\"position\":1,\"name\":\"Home\",\"item\":\"https:\/\/brightwork.nl\/\"},{\"@type\":\"ListItem\",\"position\":2,\"name\":\"DynaCloth filter\"}]},{\"@type\":\"WebSite\",\"@id\":\"https:\/\/brightwork.nl\/#website\",\"url\":\"https:\/\/brightwork.nl\/\",\"name\":\"Brightwork BV\",\"description\":\"\",\"publisher\":{\"@id\":\"https:\/\/brightwork.nl\/#organization\"},\"potentialAction\":[{\"@type\":\"SearchAction\",\"target\":{\"@type\":\"EntryPoint\",\"urlTemplate\":\"https:\/\/brightwork.nl\/?s={search_term_string}\"},\"query-input\":\"required name=search_term_string\"}],\"inLanguage\":\"de\"},{\"@type\":\"Organization\",\"@id\":\"https:\/\/brightwork.nl\/#organization\",\"name\":\"BW products\",\"url\":\"https:\/\/brightwork.nl\/\",\"logo\":{\"@type\":\"ImageObject\",\"inLanguage\":\"de\",\"@id\":\"https:\/\/brightwork.nl\/#\/schema\/logo\/image\/\",\"url\":\"https:\/\/bwproducts.nl\/wp-content\/uploads\/2021\/01\/cropped-BW-products1-2.png\",\"contentUrl\":\"https:\/\/bwproducts.nl\/wp-content\/uploads\/2021\/01\/cropped-BW-products1-2.png\",\"width\":722,\"height\":207,\"caption\":\"BW products\"},\"image\":{\"@id\":\"https:\/\/brightwork.nl\/#\/schema\/logo\/image\/\"},\"sameAs\":[\"http:\/\/linkedin.com\/company\/brightwork-bv\",\"https:\/\/www.youtube.com\/channel\/UCX8W0zB6phHctI-6xnSz_iA\"]}]}<\/script>\n<!-- \/ Yoast SEO plugin. -->","yoast_head_json":{"title":"DynaCloth filter - Brightwork BV","description":"With DynaCloth filtration you get superior filtration performance for water, wastewater, and water re-use applications.","robots":{"index":"index","follow":"follow","max-snippet":"max-snippet:-1","max-image-preview":"max-image-preview:large","max-video-preview":"max-video-preview:-1"},"canonical":"https:\/\/brightwork.nl\/de\/dynacloth-filter\/","og_locale":"de_DE","og_type":"article","og_title":"DynaCloth filter - Brightwork BV","og_description":"With DynaCloth filtration you get superior filtration performance for water, wastewater, and water re-use applications.","og_url":"https:\/\/brightwork.nl\/de\/dynacloth-filter\/","og_site_name":"Brightwork BV","article_modified_time":"2021-02-09T22:36:04+00:00","og_image":[{"width":722,"height":207,"url":"https:\/\/brightwork.nl\/wp-content\/uploads\/2021\/01\/cropped-BW-products1-2.png","type":"image\/png"}],"twitter_card":"summary_large_image","schema":{"@context":"https:\/\/schema.org","@graph":[{"@type":"WebPage","@id":"https:\/\/brightwork.nl\/dynacloth-filter\/","url":"https:\/\/brightwork.nl\/dynacloth-filter\/","name":"DynaCloth filter - Brightwork BV","isPartOf":{"@id":"https:\/\/brightwork.nl\/#website"},"datePublished":"2021-01-28T09:24:53+00:00","dateModified":"2021-02-09T22:36:04+00:00","description":"With DynaCloth filtration you get superior filtration performance for water, wastewater, and water re-use applications.","breadcrumb":{"@id":"https:\/\/brightwork.nl\/dynacloth-filter\/#breadcrumb"},"inLanguage":"de","potentialAction":[{"@type":"ReadAction","target":["https:\/\/brightwork.nl\/dynacloth-filter\/"]}]},{"@type":"BreadcrumbList","@id":"https:\/\/brightwork.nl\/dynacloth-filter\/#breadcrumb","itemListElement":[{"@type":"ListItem","position":1,"name":"Home","item":"https:\/\/brightwork.nl\/"},{"@type":"ListItem","position":2,"name":"DynaCloth filter"}]},{"@type":"WebSite","@id":"https:\/\/brightwork.nl\/#website","url":"https:\/\/brightwork.nl\/","name":"Brightwork BV","description":"","publisher":{"@id":"https:\/\/brightwork.nl\/#organization"},"potentialAction":[{"@type":"SearchAction","target":{"@type":"EntryPoint","urlTemplate":"https:\/\/brightwork.nl\/?s={search_term_string}"},"query-input":"required name=search_term_string"}],"inLanguage":"de"},{"@type":"Organization","@id":"https:\/\/brightwork.nl\/#organization","name":"BW products","url":"https:\/\/brightwork.nl\/","logo":{"@type":"ImageObject","inLanguage":"de","@id":"https:\/\/brightwork.nl\/#\/schema\/logo\/image\/","url":"https:\/\/bwproducts.nl\/wp-content\/uploads\/2021\/01\/cropped-BW-products1-2.png","contentUrl":"https:\/\/bwproducts.nl\/wp-content\/uploads\/2021\/01\/cropped-BW-products1-2.png","width":722,"height":207,"caption":"BW products"},"image":{"@id":"https:\/\/brightwork.nl\/#\/schema\/logo\/image\/"},"sameAs":["http:\/\/linkedin.com\/company\/brightwork-bv","https:\/\/www.youtube.com\/channel\/UCX8W0zB6phHctI-6xnSz_iA"]}]}},"_links":{"self":[{"href":"https:\/\/brightwork.nl\/de\/wp-json\/wp\/v2\/pages\/3399","targetHints":{"allow":["GET"]}}],"collection":[{"href":"https:\/\/brightwork.nl\/de\/wp-json\/wp\/v2\/pages"}],"about":[{"href":"https:\/\/brightwork.nl\/de\/wp-json\/wp\/v2\/types\/page"}],"author":[{"embeddable":true,"href":"https:\/\/brightwork.nl\/de\/wp-json\/wp\/v2\/users\/2"}],"replies":[{"embeddable":true,"href":"https:\/\/brightwork.nl\/de\/wp-json\/wp\/v2\/comments?post=3399"}],"version-history":[{"count":0,"href":"https:\/\/brightwork.nl\/de\/wp-json\/wp\/v2\/pages\/3399\/revisions"}],"wp:attachment":[{"href":"https:\/\/brightwork.nl\/de\/wp-json\/wp\/v2\/media?parent=3399"}],"curies":[{"name":"wp","href":"https:\/\/api.w.org\/{rel}","templated":true}]}}