{"id":34,"date":"2016-06-08T19:31:56","date_gmt":"2016-06-08T17:31:56","guid":{"rendered":"http:\/\/rwbspecialproducts.nl\/?page_id=34"},"modified":"2022-01-26T14:53:45","modified_gmt":"2022-01-26T13:53:45","slug":"projects","status":"publish","type":"page","link":"https:\/\/brightwork.nl\/de\/projects\/","title":{"rendered":"Projekte"},"content":{"rendered":"<div id=\"pl-34\"  class=\"panel-layout\" ><div id=\"pg-34-0\"  class=\"panel-grid panel-has-style\" ><div class=\"siteorigin-panels-stretch panel-row-style panel-row-style-for-34-0\" data-stretch-type=\"full-stretched-padded\" ><div id=\"pgc-34-0-0\"  class=\"panel-grid-cell\" ><div id=\"panel-34-0-0-0\" class=\"so-panel widget widget_text panel-first-child panel-last-child\" data-index=\"0\" >\t\t\t<div class=\"textwidget\"><h1>Projekte<\/h1>\n<p>Brightwork bietet eine Reihe von hoch standardisierten und bew\u00e4hrten Produkten f\u00fcr die Wasser- und Abwasseraufbereitung. Unser Portfolio besteht aus modularen kontinuierlichen Sandfiltern, Koagulation, Flockung, Lamellenabscheidern, Scheiben- und Tuchfiltration sowie speziellen \u00dcberwachungs- und Steuerungsinstrumenten, wie Sand-Cycle f\u00fcr kontinuierliche Sandfilter. Diese Produkte sind f\u00fcr den Einsatz in verschiedenen Wasseraufbereitungsanlagen entwickelt worden, sowohl f\u00fcr die Feststoffentfernung als auch f\u00fcr biologische Umwandlungsprozesse.<\/p>\n<p>Wir bieten auch Dienstleistungen f\u00fcr Aufr\u00fcstung und Modernisierung, Ersatzteile, Vermietung und Standortgutachten an.<\/p>\n<p>Unsere Aktivit\u00e4ten werden nach den h\u00f6chsten Standards ausgef\u00fchrt und sind VCA registriert<\/p>\n<\/div>\n\t\t<\/div><\/div><\/div><\/div><div id=\"pg-34-1\"  class=\"panel-grid panel-has-style\" ><div class=\"siteorigin-panels-stretch panel-row-style panel-row-style-for-34-1\" data-stretch-type=\"full-stretched-padded\" ><div id=\"pgc-34-1-0\"  class=\"panel-grid-cell\" ><div id=\"panel-34-1-0-0\" class=\"so-panel widget widget_sow-image panel-first-child panel-last-child\" data-index=\"1\" ><div\n\t\t\t\n\t\t\tclass=\"so-widget-sow-image so-widget-sow-image-default-8b5b6f678277-34\"\n\t\t\t\n\t\t>\n\n<div class=\"sow-image-container\">\n\t\t<img fetchpriority=\"high\" decoding=\"async\" src=\"https:\/\/brightwork.nl\/wp-content\/uploads\/2021\/01\/aquanura-gallery-2.jpg\" width=\"1024\" height=\"576\" srcset=\"https:\/\/brightwork.nl\/wp-content\/uploads\/2021\/01\/aquanura-gallery-2.jpg 1024w, https:\/\/brightwork.nl\/wp-content\/uploads\/2021\/01\/aquanura-gallery-2-300x169.jpg 300w, https:\/\/brightwork.nl\/wp-content\/uploads\/2021\/01\/aquanura-gallery-2-768x432.jpg 768w\" sizes=\"(max-width: 1024px) 100vw, 1024px\" title=\"Projekt Abfluss P-Entfernung\" alt=\"Efteling Wasser Foto\" \t\tclass=\"so-widget-image\"\/>\n\t<\/div>\n\n<\/div><\/div><\/div><div id=\"pgc-34-1-1\"  class=\"panel-grid-cell\" ><div id=\"panel-34-1-1-0\" class=\"so-panel widget widget_sow-editor panel-first-child\" data-index=\"2\" ><div class=\"panel-widget-style panel-widget-style-for-34-1-1-0\" ><div\n\t\t\t\n\t\t\tclass=\"so-widget-sow-editor so-widget-sow-editor-base\"\n\t\t\t\n\t\t>\n<div class=\"siteorigin-widget-tinymce textwidget\">\n\t<h2>Wiederverwendung des Abwassers P-Entfernung<\/h2>\nDer beliebte Freizeitpark Efteling in Kaatsheuvel (Niederlande) startete ein D\u00fcrrepr\u00e4ventionsprogramm, um die Gesamtmenge der Grundwasserentnahme zur Speisung der zahlreichen Wasserteiche im Park zu reduzieren. Besonderes Augenmerk wurde auf eine umfassende Entfernung von Phosphor auf Werte unter 0,10 mg\/l Gesamt-P gelegt.<\/div>\n<\/div><\/div><\/div><div id=\"panel-34-1-1-1\" class=\"so-panel widget widget_text panel-last-child\" data-index=\"3\" ><div class=\"panel-widget-style panel-widget-style-for-34-1-1-1\" >\t\t\t<div class=\"textwidget\"><div class=\"wpcf7 no-js\" id=\"wpcf7-f3162-o1\" lang=\"en-US\" dir=\"ltr\">\n<div class=\"screen-reader-response\">\n<p role=\"status\" aria-live=\"polite\" aria-atomic=\"true\">\n<ul><\/ul>\n<\/div>\n<form action=\"\/de\/wp-json\/wp\/v2\/pages\/34#wpcf7-f3162-o1\" method=\"post\" class=\"wpcf7-form init\" aria-label=\"Kontakt-Formular\" novalidate=\"novalidate\" data-status=\"init\" data-trp-original-action=\"\/de\/wp-json\/wp\/v2\/pages\/34#wpcf7-f3162-o1\">\n<div style=\"display: none;\">\n<input type=\"hidden\" name=\"_wpcf7\" value=\"3162\" \/><br \/>\n<input type=\"hidden\" name=\"_wpcf7_version\" value=\"5.9.5\" \/><br \/>\n<input type=\"hidden\" name=\"_wpcf7_locale\" value=\"en_US\" \/><br \/>\n<input type=\"hidden\" name=\"_wpcf7_unit_tag\" value=\"wpcf7-f3162-o1\" \/><br \/>\n<input type=\"hidden\" name=\"_wpcf7_container_post\" value=\"0\" \/><br \/>\n<input type=\"hidden\" name=\"_wpcf7_posted_data_hash\" value=\"\" \/>\n<\/div>\n<p><label> Ihr Name<br \/>\n<span class=\"wpcf7-form-control-wrap\" data-name=\"your-name\"><input size=\"40\" class=\"wpcf7-form-control wpcf7-text wpcf7-validates-as-required\" aria-required=\"true\" aria-invalid=\"false\" value=\"\" type=\"text\" name=\"your-name\" \/><\/span> <\/label>\n<\/p>\n<p><label> Ihre E-Mail<br \/>\n<span class=\"wpcf7-form-control-wrap\" data-name=\"your-email\"><input size=\"40\" class=\"wpcf7-form-control wpcf7-email wpcf7-validates-as-required wpcf7-text wpcf7-validates-as-email\" aria-required=\"true\" aria-invalid=\"false\" value=\"\" type=\"email\" name=\"your-email\" \/><\/span> <\/label>\n<\/p>\n<p><input class=\"wpcf7-form-control wpcf7-submit has-spinner\" type=\"submit\" value=\"Herunterladen\" \/>\n<\/p>\n<div class=\"wpcf7-response-output\" aria-hidden=\"true\"><\/div>\n<input type=\"hidden\" name=\"trp-form-language\" value=\"de\"\/><\/form>\n<\/div>\n<\/div>\n\t\t<\/div><\/div><\/div><\/div><\/div><div id=\"pg-34-2\"  class=\"panel-grid panel-has-style\" ><div class=\"siteorigin-panels-stretch panel-row-style panel-row-style-for-34-2\" data-stretch-type=\"full-stretched-padded\" ><div id=\"pgc-34-2-0\"  class=\"panel-grid-cell\" ><div id=\"panel-34-2-0-0\" class=\"so-panel widget widget_sow-editor panel-first-child\" data-index=\"4\" ><div class=\"panel-widget-style panel-widget-style-for-34-2-0-0\" ><div\n\t\t\t\n\t\t\tclass=\"so-widget-sow-editor so-widget-sow-editor-base\"\n\t\t\t\n\t\t>\n<div class=\"siteorigin-widget-tinymce textwidget\">\n\t<h2>Bypass-Filtration in K\u00fchlwassersystemen<\/h2>\nDie Bypass-(Bio-)Filtration in offenen K\u00fchlwasserumlaufsystemen erweist sich als sehr effektiv bei der Optimierung des Betriebs. Die Einsparungen beziehen sich auf weniger dosierte Chemikalien, h\u00f6here Energie\u00fcbertragungsraten, geringere Wartungskosten und h\u00f6here erwartete wirtschaftliche Lebensdauern der W\u00e4rmetauscher.<\/div>\n<\/div><\/div><\/div><div id=\"panel-34-2-0-1\" class=\"so-panel widget widget_text panel-last-child\" data-index=\"5\" >\t\t\t<div class=\"textwidget\"><div class=\"wpcf7 no-js\" id=\"wpcf7-f3170-o2\" lang=\"en-US\" dir=\"ltr\">\n<div class=\"screen-reader-response\">\n<p role=\"status\" aria-live=\"polite\" aria-atomic=\"true\">\n<ul><\/ul>\n<\/div>\n<form action=\"\/de\/wp-json\/wp\/v2\/pages\/34#wpcf7-f3170-o2\" method=\"post\" class=\"wpcf7-form init\" aria-label=\"Kontakt-Formular\" novalidate=\"novalidate\" data-status=\"init\" data-trp-original-action=\"\/de\/wp-json\/wp\/v2\/pages\/34#wpcf7-f3170-o2\">\n<div style=\"display: none;\">\n<input type=\"hidden\" name=\"_wpcf7\" value=\"3170\" \/><br \/>\n<input type=\"hidden\" name=\"_wpcf7_version\" value=\"5.9.5\" \/><br \/>\n<input type=\"hidden\" name=\"_wpcf7_locale\" value=\"en_US\" \/><br \/>\n<input type=\"hidden\" name=\"_wpcf7_unit_tag\" value=\"wpcf7-f3170-o2\" \/><br \/>\n<input type=\"hidden\" name=\"_wpcf7_container_post\" value=\"0\" \/><br \/>\n<input type=\"hidden\" name=\"_wpcf7_posted_data_hash\" value=\"\" \/>\n<\/div>\n<p><label> Ihr Name<br \/>\n<span class=\"wpcf7-form-control-wrap\" data-name=\"your-name\"><input size=\"40\" class=\"wpcf7-form-control wpcf7-text wpcf7-validates-as-required\" aria-required=\"true\" aria-invalid=\"false\" value=\"\" type=\"text\" name=\"your-name\" \/><\/span> <\/label>\n<\/p>\n<p><label> Ihre E-Mail<br \/>\n<span class=\"wpcf7-form-control-wrap\" data-name=\"your-email\"><input size=\"40\" class=\"wpcf7-form-control wpcf7-email wpcf7-validates-as-required wpcf7-text wpcf7-validates-as-email\" aria-required=\"true\" aria-invalid=\"false\" value=\"\" type=\"email\" name=\"your-email\" \/><\/span> <\/label>\n<\/p>\n<p><input class=\"wpcf7-form-control wpcf7-submit has-spinner\" type=\"submit\" value=\"Herunterladen\" \/>\n<\/p>\n<div class=\"wpcf7-response-output\" aria-hidden=\"true\"><\/div>\n<input type=\"hidden\" name=\"trp-form-language\" value=\"de\"\/><\/form>\n<\/div>\n<\/div>\n\t\t<\/div><\/div><div id=\"pgc-34-2-1\"  class=\"panel-grid-cell\" ><div id=\"panel-34-2-1-0\" class=\"so-panel widget widget_sow-image panel-first-child panel-last-child\" data-index=\"6\" ><div\n\t\t\t\n\t\t\tclass=\"so-widget-sow-image so-widget-sow-image-default-c67d20f9f743-34\"\n\t\t\t\n\t\t>\n\n<div class=\"sow-image-container\">\n\t\t<img decoding=\"async\" src=\"https:\/\/brightwork.nl\/wp-content\/uploads\/2016\/06\/oooling-water-dow-e1612197905282.png\" width=\"400\" height=\"474\" srcset=\"https:\/\/brightwork.nl\/wp-content\/uploads\/2016\/06\/oooling-water-dow-e1612197905282.png 400w, https:\/\/brightwork.nl\/wp-content\/uploads\/2016\/06\/oooling-water-dow-e1612197905282-253x300.png 253w\" sizes=\"(max-width: 400px) 100vw, 400px\" title=\"Projekt Bypass-Filtration\" alt=\"Beispiel f\u00fcr Bypass-Filtration\" \t\tclass=\"so-widget-image\"\/>\n\t<\/div>\n\n<\/div><\/div><\/div><\/div><\/div><div id=\"pg-34-3\"  class=\"panel-grid panel-has-style\" ><div class=\"siteorigin-panels-stretch panel-row-style panel-row-style-for-34-3\" data-stretch-type=\"full-stretched-padded\" ><div id=\"pgc-34-3-0\"  class=\"panel-grid-cell\" ><div id=\"panel-34-3-0-0\" class=\"so-panel widget widget_sow-image panel-first-child panel-last-child\" data-index=\"7\" ><div\n\t\t\t\n\t\t\tclass=\"so-widget-sow-image so-widget-sow-image-default-8b5b6f678277-34\"\n\t\t\t\n\t\t>\n\n<div class=\"sow-image-container\">\n\t\t<img decoding=\"async\" src=\"https:\/\/brightwork.nl\/wp-content\/uploads\/2020\/04\/avebe-1024x8212-1.jpg\" width=\"1024\" height=\"634\" srcset=\"https:\/\/brightwork.nl\/wp-content\/uploads\/2020\/04\/avebe-1024x8212-1.jpg 1024w, https:\/\/brightwork.nl\/wp-content\/uploads\/2020\/04\/avebe-1024x8212-1-300x186.jpg 300w, https:\/\/brightwork.nl\/wp-content\/uploads\/2020\/04\/avebe-1024x8212-1-768x476.jpg 768w, https:\/\/brightwork.nl\/wp-content\/uploads\/2020\/04\/avebe-1024x8212-1-100x62.jpg 100w, https:\/\/brightwork.nl\/wp-content\/uploads\/2020\/04\/avebe-1024x8212-1-150x93.jpg 150w, https:\/\/brightwork.nl\/wp-content\/uploads\/2020\/04\/avebe-1024x8212-1-200x124.jpg 200w, https:\/\/brightwork.nl\/wp-content\/uploads\/2020\/04\/avebe-1024x8212-1-450x279.jpg 450w, https:\/\/brightwork.nl\/wp-content\/uploads\/2020\/04\/avebe-1024x8212-1-600x371.jpg 600w, https:\/\/brightwork.nl\/wp-content\/uploads\/2020\/04\/avebe-1024x8212-1-900x557.jpg 900w\" sizes=\"(max-width: 1024px) 100vw, 1024px\" title=\"Projekt Wanderbettfiltration\" alt=\"Wanderbett-Filtration\" \t\tclass=\"so-widget-image\"\/>\n\t<\/div>\n\n<\/div><\/div><\/div><div id=\"pgc-34-3-1\"  class=\"panel-grid-cell\" ><div id=\"panel-34-3-1-0\" class=\"so-panel widget widget_sow-editor panel-first-child\" data-index=\"8\" ><div class=\"panel-widget-style panel-widget-style-for-34-3-1-0\" ><div\n\t\t\t\n\t\t\tclass=\"so-widget-sow-editor so-widget-sow-editor-base\"\n\t\t\t\n\t\t>\n<div class=\"siteorigin-widget-tinymce textwidget\">\n\t<h2>Trinkwassergewinnung mittels Wanderbettfiltration<\/h2>\nKleine bis mittelgro\u00dfe Wanderbettfilteranlagen zur Oberfl\u00e4chenwasseraufbereitung haben sich bei geringen bis mittleren Feststoffbelastungen als sehr effektiv erwiesen. Die Wanderbettfiltration wird im Flockungsfiltrationsmodus eingesetzt, um Tr\u00fcbungen, kolloidale und suspendierte Feststoffe sowie Phosphor mit hohen Entfernungsgraden zu entfernen.<\/div>\n<\/div><\/div><\/div><div id=\"panel-34-3-1-1\" class=\"so-panel widget widget_text panel-last-child\" data-index=\"9\" ><div class=\"panel-widget-style panel-widget-style-for-34-3-1-1\" >\t\t\t<div class=\"textwidget\"><div class=\"wpcf7 no-js\" id=\"wpcf7-f3171-o3\" lang=\"en-US\" dir=\"ltr\">\n<div class=\"screen-reader-response\">\n<p role=\"status\" aria-live=\"polite\" aria-atomic=\"true\">\n<ul><\/ul>\n<\/div>\n<form action=\"\/de\/wp-json\/wp\/v2\/pages\/34#wpcf7-f3171-o3\" method=\"post\" class=\"wpcf7-form init\" aria-label=\"Kontakt-Formular\" novalidate=\"novalidate\" data-status=\"init\" data-trp-original-action=\"\/de\/wp-json\/wp\/v2\/pages\/34#wpcf7-f3171-o3\">\n<div style=\"display: none;\">\n<input type=\"hidden\" name=\"_wpcf7\" value=\"3171\" \/><br \/>\n<input type=\"hidden\" name=\"_wpcf7_version\" value=\"5.9.5\" \/><br \/>\n<input type=\"hidden\" name=\"_wpcf7_locale\" value=\"en_US\" \/><br \/>\n<input type=\"hidden\" name=\"_wpcf7_unit_tag\" value=\"wpcf7-f3171-o3\" \/><br \/>\n<input type=\"hidden\" name=\"_wpcf7_container_post\" value=\"0\" \/><br \/>\n<input type=\"hidden\" name=\"_wpcf7_posted_data_hash\" value=\"\" \/>\n<\/div>\n<p><label> Ihr Name<br \/>\n<span class=\"wpcf7-form-control-wrap\" data-name=\"your-name\"><input size=\"40\" class=\"wpcf7-form-control wpcf7-text wpcf7-validates-as-required\" aria-required=\"true\" aria-invalid=\"false\" value=\"\" type=\"text\" name=\"your-name\" \/><\/span> <\/label>\n<\/p>\n<p><label> Ihre E-Mail<br \/>\n<span class=\"wpcf7-form-control-wrap\" data-name=\"your-email\"><input size=\"40\" class=\"wpcf7-form-control wpcf7-email wpcf7-validates-as-required wpcf7-text wpcf7-validates-as-email\" aria-required=\"true\" aria-invalid=\"false\" value=\"\" type=\"email\" name=\"your-email\" \/><\/span> <\/label>\n<\/p>\n<p><input class=\"wpcf7-form-control wpcf7-submit has-spinner\" type=\"submit\" value=\"Herunterladen\" \/>\n<\/p>\n<div class=\"wpcf7-response-output\" aria-hidden=\"true\"><\/div>\n<input type=\"hidden\" name=\"trp-form-language\" value=\"de\"\/><\/form>\n<\/div>\n<\/div>\n\t\t<\/div><\/div><\/div><\/div><\/div><div id=\"pg-34-4\"  class=\"panel-grid panel-has-style\" ><div class=\"siteorigin-panels-stretch panel-row-style panel-row-style-for-34-4\" data-stretch-type=\"full-stretched-padded\" ><div id=\"pgc-34-4-0\"  class=\"panel-grid-cell\" ><div id=\"panel-34-4-0-0\" class=\"so-panel widget widget_sow-editor panel-first-child\" data-index=\"10\" ><div class=\"panel-widget-style panel-widget-style-for-34-4-0-0\" ><div\n\t\t\t\n\t\t\tclass=\"so-widget-sow-editor so-widget-sow-editor-base\"\n\t\t\t\n\t\t>\n<div class=\"siteorigin-widget-tinymce textwidget\">\n\t<h2>Moving Bed Polishing (Bio)filter zur N- und P-Entfernung, mit Sand-Cycle Fernsteuerung<\/h2>\nStrengere Abwasserkriterien f\u00fcr N und P haben zur verst\u00e4rkten Implementierung von terti\u00e4ren Wanderbett-Biofiltern gef\u00fchrt. Als Abhilfe wird ein Sand-Cycle-basiertes \u00dcberwachungs- und Steuerungssystem erfolgreich implementiert.<\/div>\n<\/div><\/div><\/div><div id=\"panel-34-4-0-1\" class=\"so-panel widget widget_text panel-last-child\" data-index=\"11\" >\t\t\t<div class=\"textwidget\"><div class=\"wpcf7 no-js\" id=\"wpcf7-f3172-o4\" lang=\"en-US\" dir=\"ltr\">\n<div class=\"screen-reader-response\">\n<p role=\"status\" aria-live=\"polite\" aria-atomic=\"true\">\n<ul><\/ul>\n<\/div>\n<form action=\"\/de\/wp-json\/wp\/v2\/pages\/34#wpcf7-f3172-o4\" method=\"post\" class=\"wpcf7-form init\" aria-label=\"Kontakt-Formular\" novalidate=\"novalidate\" data-status=\"init\" data-trp-original-action=\"\/de\/wp-json\/wp\/v2\/pages\/34#wpcf7-f3172-o4\">\n<div style=\"display: none;\">\n<input type=\"hidden\" name=\"_wpcf7\" value=\"3172\" \/><br \/>\n<input type=\"hidden\" name=\"_wpcf7_version\" value=\"5.9.5\" \/><br \/>\n<input type=\"hidden\" name=\"_wpcf7_locale\" value=\"en_US\" \/><br \/>\n<input type=\"hidden\" name=\"_wpcf7_unit_tag\" value=\"wpcf7-f3172-o4\" \/><br \/>\n<input type=\"hidden\" name=\"_wpcf7_container_post\" value=\"0\" \/><br \/>\n<input type=\"hidden\" name=\"_wpcf7_posted_data_hash\" value=\"\" \/>\n<\/div>\n<p><label> Ihr Name<br \/>\n<span class=\"wpcf7-form-control-wrap\" data-name=\"your-name\"><input size=\"40\" class=\"wpcf7-form-control wpcf7-text wpcf7-validates-as-required\" aria-required=\"true\" aria-invalid=\"false\" value=\"\" type=\"text\" name=\"your-name\" \/><\/span> <\/label>\n<\/p>\n<p><label> Ihre E-Mail<br \/>\n<span class=\"wpcf7-form-control-wrap\" data-name=\"your-email\"><input size=\"40\" class=\"wpcf7-form-control wpcf7-email wpcf7-validates-as-required wpcf7-text wpcf7-validates-as-email\" aria-required=\"true\" aria-invalid=\"false\" value=\"\" type=\"email\" name=\"your-email\" \/><\/span> <\/label>\n<\/p>\n<p><input class=\"wpcf7-form-control wpcf7-submit has-spinner\" type=\"submit\" value=\"Herunterladen\" \/>\n<\/p>\n<div class=\"wpcf7-response-output\" aria-hidden=\"true\"><\/div>\n<input type=\"hidden\" name=\"trp-form-language\" value=\"de\"\/><\/form>\n<\/div>\n<\/div>\n\t\t<\/div><\/div><div id=\"pgc-34-4-1\"  class=\"panel-grid-cell\" ><div id=\"panel-34-4-1-0\" class=\"so-panel widget widget_sow-image panel-first-child panel-last-child\" data-index=\"12\" ><div\n\t\t\t\n\t\t\tclass=\"so-widget-sow-image so-widget-sow-image-default-8b5b6f678277-34\"\n\t\t\t\n\t\t>\n\n<div class=\"sow-image-container\">\n\t\t<img loading=\"lazy\" decoding=\"async\" src=\"https:\/\/brightwork.nl\/wp-content\/uploads\/2019\/10\/Gardemoen-dashboard.png\" width=\"1900\" height=\"1026\" srcset=\"https:\/\/brightwork.nl\/wp-content\/uploads\/2019\/10\/Gardemoen-dashboard.png 1900w, https:\/\/brightwork.nl\/wp-content\/uploads\/2019\/10\/Gardemoen-dashboard-300x162.png 300w, https:\/\/brightwork.nl\/wp-content\/uploads\/2019\/10\/Gardemoen-dashboard-768x415.png 768w, https:\/\/brightwork.nl\/wp-content\/uploads\/2019\/10\/Gardemoen-dashboard-1024x553.png 1024w, https:\/\/brightwork.nl\/wp-content\/uploads\/2019\/10\/Gardemoen-dashboard-100x54.png 100w, https:\/\/brightwork.nl\/wp-content\/uploads\/2019\/10\/Gardemoen-dashboard-150x81.png 150w, https:\/\/brightwork.nl\/wp-content\/uploads\/2019\/10\/Gardemoen-dashboard-200x108.png 200w, https:\/\/brightwork.nl\/wp-content\/uploads\/2019\/10\/Gardemoen-dashboard-450x243.png 450w, https:\/\/brightwork.nl\/wp-content\/uploads\/2019\/10\/Gardemoen-dashboard-600x324.png 600w, https:\/\/brightwork.nl\/wp-content\/uploads\/2019\/10\/Gardemoen-dashboard-900x486.png 900w\" sizes=\"(max-width: 1900px) 100vw, 1900px\" title=\"Projekt Fahrbettpolieren\" alt=\"Beispiel f\u00fcr ein Sandzyklus-Dashboard\" \t\tclass=\"so-widget-image\"\/>\n\t<\/div>\n\n<\/div><\/div><\/div><\/div><\/div><\/div>","protected":false},"excerpt":{"rendered":"<p>Projekte Brightwork bietet eine Reihe von hochgradig standardisierten und bew\u00e4hrten Produkten f\u00fcr die Wasser- und Abwasseraufbereitung. Unser Portfolio umfasst modulare kontinuierliche Sandfilter, Koagulation, Flockung, Lamellenabscheider, Scheiben- und Tuchfiltration sowie spezielle \u00dcberwachungs- und Steuerungsinstrumente wie Sand-Cycle f\u00fcr kontinuierliche Sandfilter. Diese Produkte wurden f\u00fcr den Einsatz in verschiedenen Wasseraufbereitungsanlagen entwickelt, sowohl f\u00fcr die Entfernung von Feststoffen als auch f\u00fcr biologische Umwandlungsprozesse. Wir bieten auch Dienstleistungen f\u00fcr die Nachr\u00fcstung und \u00dcberholung, Ersatzteile, Vermietung und Standortbesichtigungen an. Unsere Aktivit\u00e4ten werden nach den h\u00f6chsten Standards ausgef\u00fchrt und sind VCA-registriert Abwasserwiederverwendung P-Entfernung Der beliebte Freizeitpark Efteling ... <a title=\"Projekte\" class=\"read-more\" href=\"https:\/\/brightwork.nl\/de\/projects\/\" aria-label=\"Mehr dazu unter Projekte\">Weiterlesen<\/a><\/p>","protected":false},"author":1,"featured_media":0,"parent":0,"menu_order":4,"comment_status":"closed","ping_status":"closed","template":"","meta":{"_eb_attr":"","footnotes":""},"class_list":["post-34","page","type-page","status-publish"],"yoast_head":"<!-- This site is optimized with the Yoast SEO plugin v22.8 - https:\/\/yoast.com\/wordpress\/plugins\/seo\/ -->\n<title>Projects - Brightwork BV<\/title>\n<meta name=\"description\" content=\"Projects BW Products offers a range of products for water and waste water treatment. Modular continuous sand filters, coagulation, flocculation.\" \/>\n<meta name=\"robots\" content=\"index, follow, max-snippet:-1, max-image-preview:large, max-video-preview:-1\" \/>\n<link rel=\"canonical\" href=\"https:\/\/brightwork.nl\/de\/projects\/\" \/>\n<meta property=\"og:locale\" content=\"de_DE\" \/>\n<meta property=\"og:type\" content=\"article\" \/>\n<meta property=\"og:title\" content=\"Projects - Brightwork BV\" \/>\n<meta property=\"og:description\" content=\"Projects BW Products offers a range of products for water and waste water treatment. Modular continuous sand filters, coagulation, flocculation.\" \/>\n<meta property=\"og:url\" content=\"https:\/\/brightwork.nl\/de\/projects\/\" \/>\n<meta property=\"og:site_name\" content=\"Brightwork BV\" \/>\n<meta property=\"article:modified_time\" content=\"2022-01-26T13:53:45+00:00\" \/>\n<meta property=\"og:image\" content=\"https:\/\/brightwork.nl\/wp-content\/uploads\/2021\/01\/cropped-BW-products1-2.png\" \/>\n\t<meta property=\"og:image:width\" content=\"722\" \/>\n\t<meta property=\"og:image:height\" content=\"207\" \/>\n\t<meta property=\"og:image:type\" content=\"image\/png\" \/>\n<meta name=\"twitter:card\" content=\"summary_large_image\" \/>\n<script type=\"application\/ld+json\" class=\"yoast-schema-graph\">{\"@context\":\"https:\/\/schema.org\",\"@graph\":[{\"@type\":\"WebPage\",\"@id\":\"https:\/\/brightwork.nl\/projects\/\",\"url\":\"https:\/\/brightwork.nl\/projects\/\",\"name\":\"Projects - Brightwork BV\",\"isPartOf\":{\"@id\":\"https:\/\/brightwork.nl\/#website\"},\"datePublished\":\"2016-06-08T17:31:56+00:00\",\"dateModified\":\"2022-01-26T13:53:45+00:00\",\"description\":\"Projects BW Products offers a range of products for water and waste water treatment. Modular continuous sand filters, coagulation, flocculation.\",\"breadcrumb\":{\"@id\":\"https:\/\/brightwork.nl\/projects\/#breadcrumb\"},\"inLanguage\":\"de\",\"potentialAction\":[{\"@type\":\"ReadAction\",\"target\":[\"https:\/\/brightwork.nl\/projects\/\"]}]},{\"@type\":\"BreadcrumbList\",\"@id\":\"https:\/\/brightwork.nl\/projects\/#breadcrumb\",\"itemListElement\":[{\"@type\":\"ListItem\",\"position\":1,\"name\":\"Home\",\"item\":\"https:\/\/brightwork.nl\/\"},{\"@type\":\"ListItem\",\"position\":2,\"name\":\"Projects\"}]},{\"@type\":\"WebSite\",\"@id\":\"https:\/\/brightwork.nl\/#website\",\"url\":\"https:\/\/brightwork.nl\/\",\"name\":\"Brightwork BV\",\"description\":\"\",\"publisher\":{\"@id\":\"https:\/\/brightwork.nl\/#organization\"},\"potentialAction\":[{\"@type\":\"SearchAction\",\"target\":{\"@type\":\"EntryPoint\",\"urlTemplate\":\"https:\/\/brightwork.nl\/?s={search_term_string}\"},\"query-input\":\"required name=search_term_string\"}],\"inLanguage\":\"de\"},{\"@type\":\"Organization\",\"@id\":\"https:\/\/brightwork.nl\/#organization\",\"name\":\"BW products\",\"url\":\"https:\/\/brightwork.nl\/\",\"logo\":{\"@type\":\"ImageObject\",\"inLanguage\":\"de\",\"@id\":\"https:\/\/brightwork.nl\/#\/schema\/logo\/image\/\",\"url\":\"https:\/\/bwproducts.nl\/wp-content\/uploads\/2021\/01\/cropped-BW-products1-2.png\",\"contentUrl\":\"https:\/\/bwproducts.nl\/wp-content\/uploads\/2021\/01\/cropped-BW-products1-2.png\",\"width\":722,\"height\":207,\"caption\":\"BW products\"},\"image\":{\"@id\":\"https:\/\/brightwork.nl\/#\/schema\/logo\/image\/\"},\"sameAs\":[\"http:\/\/linkedin.com\/company\/brightwork-bv\",\"https:\/\/www.youtube.com\/channel\/UCX8W0zB6phHctI-6xnSz_iA\"]}]}<\/script>\n<!-- \/ Yoast SEO plugin. -->","yoast_head_json":{"title":"Projects - Brightwork BV","description":"Projects BW Products offers a range of products for water and waste water treatment. Modular continuous sand filters, coagulation, flocculation.","robots":{"index":"index","follow":"follow","max-snippet":"max-snippet:-1","max-image-preview":"max-image-preview:large","max-video-preview":"max-video-preview:-1"},"canonical":"https:\/\/brightwork.nl\/de\/projects\/","og_locale":"de_DE","og_type":"article","og_title":"Projects - Brightwork BV","og_description":"Projects BW Products offers a range of products for water and waste water treatment. Modular continuous sand filters, coagulation, flocculation.","og_url":"https:\/\/brightwork.nl\/de\/projects\/","og_site_name":"Brightwork BV","article_modified_time":"2022-01-26T13:53:45+00:00","og_image":[{"width":722,"height":207,"url":"https:\/\/brightwork.nl\/wp-content\/uploads\/2021\/01\/cropped-BW-products1-2.png","type":"image\/png"}],"twitter_card":"summary_large_image","schema":{"@context":"https:\/\/schema.org","@graph":[{"@type":"WebPage","@id":"https:\/\/brightwork.nl\/projects\/","url":"https:\/\/brightwork.nl\/projects\/","name":"Projects - Brightwork BV","isPartOf":{"@id":"https:\/\/brightwork.nl\/#website"},"datePublished":"2016-06-08T17:31:56+00:00","dateModified":"2022-01-26T13:53:45+00:00","description":"Projects BW Products offers a range of products for water and waste water treatment. Modular continuous sand filters, coagulation, flocculation.","breadcrumb":{"@id":"https:\/\/brightwork.nl\/projects\/#breadcrumb"},"inLanguage":"de","potentialAction":[{"@type":"ReadAction","target":["https:\/\/brightwork.nl\/projects\/"]}]},{"@type":"BreadcrumbList","@id":"https:\/\/brightwork.nl\/projects\/#breadcrumb","itemListElement":[{"@type":"ListItem","position":1,"name":"Home","item":"https:\/\/brightwork.nl\/"},{"@type":"ListItem","position":2,"name":"Projects"}]},{"@type":"WebSite","@id":"https:\/\/brightwork.nl\/#website","url":"https:\/\/brightwork.nl\/","name":"Brightwork BV","description":"","publisher":{"@id":"https:\/\/brightwork.nl\/#organization"},"potentialAction":[{"@type":"SearchAction","target":{"@type":"EntryPoint","urlTemplate":"https:\/\/brightwork.nl\/?s={search_term_string}"},"query-input":"required name=search_term_string"}],"inLanguage":"de"},{"@type":"Organization","@id":"https:\/\/brightwork.nl\/#organization","name":"BW products","url":"https:\/\/brightwork.nl\/","logo":{"@type":"ImageObject","inLanguage":"de","@id":"https:\/\/brightwork.nl\/#\/schema\/logo\/image\/","url":"https:\/\/bwproducts.nl\/wp-content\/uploads\/2021\/01\/cropped-BW-products1-2.png","contentUrl":"https:\/\/bwproducts.nl\/wp-content\/uploads\/2021\/01\/cropped-BW-products1-2.png","width":722,"height":207,"caption":"BW products"},"image":{"@id":"https:\/\/brightwork.nl\/#\/schema\/logo\/image\/"},"sameAs":["http:\/\/linkedin.com\/company\/brightwork-bv","https:\/\/www.youtube.com\/channel\/UCX8W0zB6phHctI-6xnSz_iA"]}]}},"_links":{"self":[{"href":"https:\/\/brightwork.nl\/de\/wp-json\/wp\/v2\/pages\/34","targetHints":{"allow":["GET"]}}],"collection":[{"href":"https:\/\/brightwork.nl\/de\/wp-json\/wp\/v2\/pages"}],"about":[{"href":"https:\/\/brightwork.nl\/de\/wp-json\/wp\/v2\/types\/page"}],"author":[{"embeddable":true,"href":"https:\/\/brightwork.nl\/de\/wp-json\/wp\/v2\/users\/1"}],"replies":[{"embeddable":true,"href":"https:\/\/brightwork.nl\/de\/wp-json\/wp\/v2\/comments?post=34"}],"version-history":[{"count":0,"href":"https:\/\/brightwork.nl\/de\/wp-json\/wp\/v2\/pages\/34\/revisions"}],"wp:attachment":[{"href":"https:\/\/brightwork.nl\/de\/wp-json\/wp\/v2\/media?parent=34"}],"curies":[{"name":"wp","href":"https:\/\/api.w.org\/{rel}","templated":true}]}}