{"id":3414,"date":"2021-01-28T10:39:30","date_gmt":"2021-01-28T09:39:30","guid":{"rendered":"http:\/\/bwproducts.nl\/?page_id=3414"},"modified":"2021-02-09T23:44:27","modified_gmt":"2021-02-09T22:44:27","slug":"dynadisc-filter","status":"publish","type":"page","link":"https:\/\/brightwork.nl\/de\/dynadisc-filter\/","title":{"rendered":"DynaDisc Filter"},"content":{"rendered":"<div id=\"pl-3414\"  class=\"panel-layout\" ><div id=\"pg-3414-0\"  class=\"panel-grid panel-has-style\" ><div class=\"siteorigin-panels-stretch panel-row-style panel-row-style-for-3414-0\" data-stretch-type=\"full-stretched-padded\" ><div id=\"pgc-3414-0-0\"  class=\"panel-grid-cell\" ><div id=\"panel-3414-0-0-0\" class=\"so-panel widget widget_text panel-first-child panel-last-child\" data-index=\"0\" >\t\t\t<div class=\"textwidget\"><h1>Kommunale Wasserversorgung und Abwasserentsorgung<\/h1>\n<p>Filtration des Abwassers nach der biologischen Behandlung zur Entfernung von Schwebstoffen und Phosphor.<br \/>\nFiltration von Regenwasser nach chemischer F\u00e4llung und Ausflockung mit Polymer.<br \/>\nAls Vorfilter in Kombination mit DynaSand-Filter zur Herstellung von Trinkwasser.<\/p>\n<\/div>\n\t\t<\/div><\/div><div id=\"pgc-3414-0-1\"  class=\"panel-grid-cell\" ><div id=\"panel-3414-0-1-0\" class=\"so-panel widget widget_sow-image panel-first-child panel-last-child\" data-index=\"1\" ><div\n\t\t\t\n\t\t\tclass=\"so-widget-sow-image so-widget-sow-image-default-8b5b6f678277-3414\"\n\t\t\t\n\t\t>\n\n<div class=\"sow-image-container\">\n\t\t<img fetchpriority=\"high\" decoding=\"async\" src=\"https:\/\/brightwork.nl\/wp-content\/uploads\/2021\/01\/PictureDisc-2.png\" width=\"450\" height=\"344\" srcset=\"https:\/\/brightwork.nl\/wp-content\/uploads\/2021\/01\/PictureDisc-2.png 601w, https:\/\/brightwork.nl\/wp-content\/uploads\/2021\/01\/PictureDisc-2-300x230.png 300w\" sizes=\"(max-width: 450px) 100vw, 450px\" title=\"Dynadisc-System\" alt=\"Skizze des Dynadisc-Systems\" \t\tclass=\"so-widget-image\"\/>\n\t<\/div>\n\n<\/div><\/div><\/div><\/div><\/div><div id=\"pg-3414-1\"  class=\"panel-grid panel-has-style\" ><div class=\"siteorigin-panels-stretch panel-row-style panel-row-style-for-3414-1\" data-stretch-type=\"full-stretched-padded\" ><div id=\"pgc-3414-1-0\"  class=\"panel-grid-cell\" ><div id=\"panel-3414-1-0-0\" class=\"so-panel widget widget_sow-image panel-first-child panel-last-child\" data-index=\"2\" ><div\n\t\t\t\n\t\t\tclass=\"so-widget-sow-image so-widget-sow-image-default-8b5b6f678277-3414\"\n\t\t\t\n\t\t>\n\n<div class=\"sow-image-container\">\n\t\t<img decoding=\"async\" src=\"https:\/\/brightwork.nl\/wp-content\/uploads\/2021\/01\/Picture-Disc-.jpg\" width=\"450\" height=\"337\" srcset=\"https:\/\/brightwork.nl\/wp-content\/uploads\/2021\/01\/Picture-Disc-.jpg 759w, https:\/\/brightwork.nl\/wp-content\/uploads\/2021\/01\/Picture-Disc--300x225.jpg 300w\" sizes=\"(max-width: 450px) 100vw, 450px\" title=\"Dynadisc\" alt=\"Dynadisc installiert\" \t\tclass=\"so-widget-image\"\/>\n\t<\/div>\n\n<\/div><\/div><\/div><div id=\"pgc-3414-1-1\"  class=\"panel-grid-cell\" ><div id=\"panel-3414-1-1-0\" class=\"so-panel widget widget_text panel-first-child panel-last-child\" data-index=\"3\" ><div class=\"panel-widget-style panel-widget-style-for-3414-1-1-0\" >\t\t\t<div class=\"textwidget\"><h2>Eisen- und Stahlindustrie<\/h2>\n<p>Rohwassersiebung bei der Herstellung von mechanisch gereinigtem Prozesswasser.<br \/>\nR\u00fcckf\u00fchrung von K\u00fchlwasser<\/p>\n<\/div>\n\t\t<\/div><\/div><\/div><\/div><\/div><div id=\"pg-3414-2\"  class=\"panel-grid panel-has-style\" ><div class=\"siteorigin-panels-stretch panel-row-style panel-row-style-for-3414-2\" data-stretch-type=\"full-stretched-padded\" ><div id=\"pgc-3414-2-0\"  class=\"panel-grid-cell\" ><div id=\"panel-3414-2-0-0\" class=\"so-panel widget widget_text panel-first-child\" data-index=\"4\" >\t\t\t<div class=\"textwidget\"><h3>Zellstoff- und Papierfabriken<\/h3>\n<p>Reinigung und R\u00fcckf\u00fchrung von Siebwasser aus Papier- und\/oder Kartonmaschinen f\u00fcr Spr\u00fchanwendungen.<br \/>\nReinigung und R\u00fcckf\u00fchrung von Siebwasser aus Papier- und\/oder Kartonmaschinen f\u00fcr Pumpendichtungen.<br \/>\nVerbesserung der Wasserqualit\u00e4t nach bestehenden Faserr\u00fcckgewinnungsfiltern (Save-all-Filter) f\u00fcr Spr\u00fchanwendungen.<br \/>\nVerbesserung der Wasserqualit\u00e4t nach bestehenden Faserr\u00fcckgewinnungsfiltern (Save-all-Filter) f\u00fcr Pumpendichtungen.<\/p>\n<\/div>\n\t\t<\/div><div id=\"panel-3414-2-0-1\" class=\"so-panel widget widget_text\" data-index=\"5\" >\t\t\t<div class=\"textwidget\"><h3>Chemische Industrie, Kraftwerke<\/h3>\n<p>Rohwassersiebung bei der Herstellung von mechanisch gereinigtem Prozesswasser.<br \/>\nR\u00fcckf\u00fchrung von K\u00fchlwasser<\/p>\n<\/div>\n\t\t<\/div><div id=\"panel-3414-2-0-2\" class=\"so-panel widget widget_text panel-last-child\" data-index=\"6\" ><div class=\"panel-widget-style panel-widget-style-for-3414-2-0-2\" >\t\t\t<div class=\"textwidget\"><h3>Fischerei<\/h3>\n<p>Filtration und Kreislauff\u00fchrung von Wasser in landwirtschaftlichen Betrieben.<\/p>\n<\/div>\n\t\t<\/div><\/div><\/div><div id=\"pgc-3414-2-1\"  class=\"panel-grid-cell\" ><div id=\"panel-3414-2-1-0\" class=\"so-panel widget widget_sow-image panel-first-child panel-last-child\" data-index=\"7\" ><div class=\"panel-widget-style panel-widget-style-for-3414-2-1-0\" ><div\n\t\t\t\n\t\t\tclass=\"so-widget-sow-image so-widget-sow-image-default-8b5b6f678277-3414\"\n\t\t\t\n\t\t>\n\n<div class=\"sow-image-container\">\n\t\t<img decoding=\"async\" src=\"https:\/\/brightwork.nl\/wp-content\/uploads\/2021\/02\/1387cccd-ad68-4214-9a07-9b1644c78ce91-450x347.png\" width=\"450\" height=\"347\" srcset=\"https:\/\/brightwork.nl\/wp-content\/uploads\/2021\/02\/1387cccd-ad68-4214-9a07-9b1644c78ce91-450x347.png 450w, https:\/\/brightwork.nl\/wp-content\/uploads\/2021\/02\/1387cccd-ad68-4214-9a07-9b1644c78ce91-300x232.png 300w, https:\/\/brightwork.nl\/wp-content\/uploads\/2021\/02\/1387cccd-ad68-4214-9a07-9b1644c78ce91.png 596w\" sizes=\"(max-width: 450px) 100vw, 450px\" title=\"Dynadisc-Filter\" alt=\"Filter aus einem Dynadisc System\" \t\tclass=\"so-widget-image\"\/>\n\t<\/div>\n\n<\/div><\/div><\/div><\/div><\/div><\/div><\/div>","protected":false},"excerpt":{"rendered":"<p>Kommunale Wasser- und Abwasserbehandlung Filtration von Abwasser nach biologischer Behandlung zur Entfernung von Schwebstoffen und Phosphor. Filtration von Regenwasser nach chemischer F\u00e4llung und Ausflockung mit Polymer. Als Vorfilter in Kombination mit DynaSand-Filtern bei der Herstellung von Trinkwasser. Eisen- und Stahlindustrie Rohwassersiebung bei der Herstellung von mechanisch gereinigtem Prozesswasser. Rezirkulation von K\u00fchlwasser<\/p>","protected":false},"author":2,"featured_media":0,"parent":0,"menu_order":0,"comment_status":"closed","ping_status":"closed","template":"","meta":{"_eb_attr":"","footnotes":""},"class_list":["post-3414","page","type-page","status-publish"],"yoast_head":"<!-- This site is optimized with the Yoast SEO plugin v22.8 - https:\/\/yoast.com\/wordpress\/plugins\/seo\/ -->\n<title>DynaDisc Filter - Brightwork BV<\/title>\n<meta name=\"description\" content=\"Dynadisc filtration can handle wastewater after biological treatment for removing of suspended solids and phosphorus and much more!\" \/>\n<meta name=\"robots\" content=\"index, follow, max-snippet:-1, max-image-preview:large, max-video-preview:-1\" \/>\n<link rel=\"canonical\" href=\"https:\/\/brightwork.nl\/de\/dynadisc-filter\/\" \/>\n<meta property=\"og:locale\" content=\"de_DE\" \/>\n<meta property=\"og:type\" content=\"article\" \/>\n<meta property=\"og:title\" content=\"DynaDisc Filter - Brightwork BV\" \/>\n<meta property=\"og:description\" content=\"Dynadisc filtration can handle wastewater after biological treatment for removing of suspended solids and phosphorus and much more!\" \/>\n<meta property=\"og:url\" content=\"https:\/\/brightwork.nl\/de\/dynadisc-filter\/\" \/>\n<meta property=\"og:site_name\" content=\"Brightwork BV\" \/>\n<meta property=\"article:modified_time\" content=\"2021-02-09T22:44:27+00:00\" \/>\n<meta property=\"og:image\" content=\"https:\/\/brightwork.nl\/wp-content\/uploads\/2021\/01\/cropped-BW-products1-2.png\" \/>\n\t<meta property=\"og:image:width\" content=\"722\" \/>\n\t<meta property=\"og:image:height\" content=\"207\" \/>\n\t<meta property=\"og:image:type\" content=\"image\/png\" \/>\n<meta name=\"twitter:card\" content=\"summary_large_image\" \/>\n<script type=\"application\/ld+json\" class=\"yoast-schema-graph\">{\"@context\":\"https:\/\/schema.org\",\"@graph\":[{\"@type\":\"WebPage\",\"@id\":\"https:\/\/brightwork.nl\/de\/dynadisc-filter\/\",\"url\":\"https:\/\/brightwork.nl\/de\/dynadisc-filter\/\",\"name\":\"DynaDisc Filter - Brightwork BV\",\"isPartOf\":{\"@id\":\"https:\/\/brightwork.nl\/#website\"},\"datePublished\":\"2021-01-28T09:39:30+00:00\",\"dateModified\":\"2021-02-09T22:44:27+00:00\",\"description\":\"Dynadisc filtration can handle wastewater after biological treatment for removing of suspended solids and phosphorus and much more!\",\"breadcrumb\":{\"@id\":\"https:\/\/brightwork.nl\/de\/dynadisc-filter\/#breadcrumb\"},\"inLanguage\":\"de\",\"potentialAction\":[{\"@type\":\"ReadAction\",\"target\":[\"https:\/\/brightwork.nl\/de\/dynadisc-filter\/\"]}]},{\"@type\":\"BreadcrumbList\",\"@id\":\"https:\/\/brightwork.nl\/de\/dynadisc-filter\/#breadcrumb\",\"itemListElement\":[{\"@type\":\"ListItem\",\"position\":1,\"name\":\"Home\",\"item\":\"https:\/\/brightwork.nl\/\"},{\"@type\":\"ListItem\",\"position\":2,\"name\":\"DynaDisc Filter\"}]},{\"@type\":\"WebSite\",\"@id\":\"https:\/\/brightwork.nl\/#website\",\"url\":\"https:\/\/brightwork.nl\/\",\"name\":\"Brightwork BV\",\"description\":\"\",\"publisher\":{\"@id\":\"https:\/\/brightwork.nl\/#organization\"},\"potentialAction\":[{\"@type\":\"SearchAction\",\"target\":{\"@type\":\"EntryPoint\",\"urlTemplate\":\"https:\/\/brightwork.nl\/?s={search_term_string}\"},\"query-input\":\"required name=search_term_string\"}],\"inLanguage\":\"de\"},{\"@type\":\"Organization\",\"@id\":\"https:\/\/brightwork.nl\/#organization\",\"name\":\"BW products\",\"url\":\"https:\/\/brightwork.nl\/\",\"logo\":{\"@type\":\"ImageObject\",\"inLanguage\":\"de\",\"@id\":\"https:\/\/brightwork.nl\/#\/schema\/logo\/image\/\",\"url\":\"https:\/\/bwproducts.nl\/wp-content\/uploads\/2021\/01\/cropped-BW-products1-2.png\",\"contentUrl\":\"https:\/\/bwproducts.nl\/wp-content\/uploads\/2021\/01\/cropped-BW-products1-2.png\",\"width\":722,\"height\":207,\"caption\":\"BW products\"},\"image\":{\"@id\":\"https:\/\/brightwork.nl\/#\/schema\/logo\/image\/\"},\"sameAs\":[\"http:\/\/linkedin.com\/company\/brightwork-bv\",\"https:\/\/www.youtube.com\/channel\/UCX8W0zB6phHctI-6xnSz_iA\"]}]}<\/script>\n<!-- \/ Yoast SEO plugin. -->","yoast_head_json":{"title":"DynaDisc Filter - Brightwork BV","description":"Dynadisc filtration can handle wastewater after biological treatment for removing of suspended solids and phosphorus and much more!","robots":{"index":"index","follow":"follow","max-snippet":"max-snippet:-1","max-image-preview":"max-image-preview:large","max-video-preview":"max-video-preview:-1"},"canonical":"https:\/\/brightwork.nl\/de\/dynadisc-filter\/","og_locale":"de_DE","og_type":"article","og_title":"DynaDisc Filter - Brightwork BV","og_description":"Dynadisc filtration can handle wastewater after biological treatment for removing of suspended solids and phosphorus and much more!","og_url":"https:\/\/brightwork.nl\/de\/dynadisc-filter\/","og_site_name":"Brightwork BV","article_modified_time":"2021-02-09T22:44:27+00:00","og_image":[{"width":722,"height":207,"url":"https:\/\/brightwork.nl\/wp-content\/uploads\/2021\/01\/cropped-BW-products1-2.png","type":"image\/png"}],"twitter_card":"summary_large_image","schema":{"@context":"https:\/\/schema.org","@graph":[{"@type":"WebPage","@id":"https:\/\/brightwork.nl\/de\/dynadisc-filter\/","url":"https:\/\/brightwork.nl\/de\/dynadisc-filter\/","name":"DynaDisc Filter - Brightwork BV","isPartOf":{"@id":"https:\/\/brightwork.nl\/#website"},"datePublished":"2021-01-28T09:39:30+00:00","dateModified":"2021-02-09T22:44:27+00:00","description":"Dynadisc filtration can handle wastewater after biological treatment for removing of suspended solids and phosphorus and much more!","breadcrumb":{"@id":"https:\/\/brightwork.nl\/de\/dynadisc-filter\/#breadcrumb"},"inLanguage":"de","potentialAction":[{"@type":"ReadAction","target":["https:\/\/brightwork.nl\/de\/dynadisc-filter\/"]}]},{"@type":"BreadcrumbList","@id":"https:\/\/brightwork.nl\/de\/dynadisc-filter\/#breadcrumb","itemListElement":[{"@type":"ListItem","position":1,"name":"Home","item":"https:\/\/brightwork.nl\/"},{"@type":"ListItem","position":2,"name":"DynaDisc Filter"}]},{"@type":"WebSite","@id":"https:\/\/brightwork.nl\/#website","url":"https:\/\/brightwork.nl\/","name":"Brightwork BV","description":"","publisher":{"@id":"https:\/\/brightwork.nl\/#organization"},"potentialAction":[{"@type":"SearchAction","target":{"@type":"EntryPoint","urlTemplate":"https:\/\/brightwork.nl\/?s={search_term_string}"},"query-input":"required name=search_term_string"}],"inLanguage":"de"},{"@type":"Organization","@id":"https:\/\/brightwork.nl\/#organization","name":"BW products","url":"https:\/\/brightwork.nl\/","logo":{"@type":"ImageObject","inLanguage":"de","@id":"https:\/\/brightwork.nl\/#\/schema\/logo\/image\/","url":"https:\/\/bwproducts.nl\/wp-content\/uploads\/2021\/01\/cropped-BW-products1-2.png","contentUrl":"https:\/\/bwproducts.nl\/wp-content\/uploads\/2021\/01\/cropped-BW-products1-2.png","width":722,"height":207,"caption":"BW products"},"image":{"@id":"https:\/\/brightwork.nl\/#\/schema\/logo\/image\/"},"sameAs":["http:\/\/linkedin.com\/company\/brightwork-bv","https:\/\/www.youtube.com\/channel\/UCX8W0zB6phHctI-6xnSz_iA"]}]}},"_links":{"self":[{"href":"https:\/\/brightwork.nl\/de\/wp-json\/wp\/v2\/pages\/3414","targetHints":{"allow":["GET"]}}],"collection":[{"href":"https:\/\/brightwork.nl\/de\/wp-json\/wp\/v2\/pages"}],"about":[{"href":"https:\/\/brightwork.nl\/de\/wp-json\/wp\/v2\/types\/page"}],"author":[{"embeddable":true,"href":"https:\/\/brightwork.nl\/de\/wp-json\/wp\/v2\/users\/2"}],"replies":[{"embeddable":true,"href":"https:\/\/brightwork.nl\/de\/wp-json\/wp\/v2\/comments?post=3414"}],"version-history":[{"count":0,"href":"https:\/\/brightwork.nl\/de\/wp-json\/wp\/v2\/pages\/3414\/revisions"}],"wp:attachment":[{"href":"https:\/\/brightwork.nl\/de\/wp-json\/wp\/v2\/media?parent=3414"}],"curies":[{"name":"wp","href":"https:\/\/api.w.org\/{rel}","templated":true}]}}