{"id":3478,"date":"2021-02-01T11:10:30","date_gmt":"2021-02-01T10:10:30","guid":{"rendered":"http:\/\/bwproducts.nl\/?page_id=3478"},"modified":"2021-10-20T15:27:18","modified_gmt":"2021-10-20T13:27:18","slug":"adsorption-processes","status":"publish","type":"page","link":"https:\/\/brightwork.nl\/de\/adsorption-processes\/","title":{"rendered":"Adsorptionsverfahren"},"content":{"rendered":"<div id=\"pl-3478\"  class=\"panel-layout\" ><div id=\"pg-3478-0\"  class=\"panel-grid panel-no-style\" ><div id=\"pgc-3478-0-0\"  class=\"panel-grid-cell\" ><div id=\"panel-3478-0-0-0\" class=\"so-panel widget widget_text panel-first-child\" data-index=\"0\" >\t\t\t<div class=\"textwidget\"><h1>Adsorptionsverfahren<\/h1>\n<p>Sowohl pulver- als auch granulatf\u00f6rmige Aktivkohle wird in Kombination mit der Wanderbettfiltrationstechnologie zur Entfernung von Mikroverunreinigungen eingesetzt.<\/p>\n<p>Entweder wird der Wanderbettfilter mit granulierter Aktivkohle gef\u00fcllt oder es wird ein vorgeschalteter Pulveraktivkohle-Kontaktreaktor verwendet. In beiden F\u00e4llen erm\u00f6glicht die kontinuierliche Umw\u00e4lzung des Mediums ein effizientes Arbeiten des Prozesses. Und erm\u00f6glicht mehrere Funktionen in einem Reaktor: z.B. die adsorptive Entfernung von Mikroverunreinigungen und die Phosphorentfernung. In Kombination mit einer ausgekl\u00fcgelten \u00dcberwachung und Steuerung wird die Leistung optimiert und eine stabile Filtratqualit\u00e4t gew\u00e4hrleistet.<\/p>\n<\/div>\n\t\t<\/div><div id=\"panel-3478-0-0-1\" class=\"so-panel widget widget_text panel-last-child\" data-index=\"1\" >\t\t\t<div class=\"textwidget\"><p><a href=\"https:\/\/bwproducts.nl\/contact-bw-products\/\" target=\"_blank\" rel=\"noopener\"><strong> Wenn Sie an diesem Thema interessiert sind und mehr dar\u00fcber erfahren m\u00f6chten, kontaktieren Sie uns bitte!<\/strong><\/a><\/p>\n<\/div>\n\t\t<\/div><\/div><div id=\"pgc-3478-0-1\"  class=\"panel-grid-cell\" ><div id=\"panel-3478-0-1-0\" class=\"so-panel widget widget_media_image panel-first-child panel-last-child\" data-index=\"2\" ><div class=\"panel-widget-style panel-widget-style-for-3478-0-1-0\" ><img fetchpriority=\"high\" decoding=\"async\" width=\"640\" height=\"480\" src=\"https:\/\/brightwork.nl\/wp-content\/uploads\/2021\/02\/IMG_0662-002.jpg\" class=\"image wp-image-3847  attachment-full size-full\" alt=\"Adsorptionsverfahren\" style=\"max-width: 100%; height: auto;\" srcset=\"https:\/\/brightwork.nl\/wp-content\/uploads\/2021\/02\/IMG_0662-002.jpg 640w, https:\/\/brightwork.nl\/wp-content\/uploads\/2021\/02\/IMG_0662-002-300x225.jpg 300w, https:\/\/brightwork.nl\/wp-content\/uploads\/2021\/02\/IMG_0662-002-450x338.jpg 450w\" sizes=\"(max-width: 640px) 100vw, 640px\" \/><\/div><\/div><\/div><\/div><\/div>","protected":false},"excerpt":{"rendered":"<p>Adsorptionsverfahren Sowohl pulverf\u00f6rmige als auch k\u00f6rnige Aktivkohle wird in Kombination mit der Wanderbettfiltrationstechnologie zur Entfernung von Mikroverunreinigungen eingesetzt. Entweder wird der Wanderbettfilter mit granulierter Aktivkohle bef\u00fcllt oder es wird ein vorgeschalteter Pulveraktivkohle-Kontaktreaktor verwendet. In beiden F\u00e4llen erm\u00f6glicht die kontinuierliche Umw\u00e4lzung des Mediums ein effizientes Arbeiten des Prozesses. Und erm\u00f6glicht mehrere Funktionen in einem Reaktor: z.B. die adsorptive Entfernung von Mikroverunreinigungen und die Phosphorentfernung. In Kombination mit einer ausgekl\u00fcgelten \u00dcberwachung und Steuerung wird die Leistung optimiert und eine stabile Filtratqualit\u00e4t gew\u00e4hrleistet. Wenn Sie an diesem Thema interessiert sind und ... <a title=\"Adsorptionsverfahren\" class=\"read-more\" href=\"https:\/\/brightwork.nl\/de\/adsorption-processes\/\" aria-label=\"Mehr dazu unter Adsorptionsverfahren\">Weiterlesen<\/a><\/p>","protected":false},"author":2,"featured_media":0,"parent":0,"menu_order":0,"comment_status":"closed","ping_status":"closed","template":"","meta":{"_eb_attr":"","footnotes":""},"class_list":["post-3478","page","type-page","status-publish"],"yoast_head":"<!-- This site is optimized with the Yoast SEO plugin v22.8 - https:\/\/yoast.com\/wordpress\/plugins\/seo\/ -->\n<title>Adsorption processes - Brightwork BV<\/title>\n<meta name=\"description\" content=\"Both powdered and granula activated carbon is used with in combination with the moving bed filtration technology to remove micropollutants.\" \/>\n<meta name=\"robots\" content=\"index, follow, max-snippet:-1, max-image-preview:large, max-video-preview:-1\" \/>\n<link rel=\"canonical\" href=\"https:\/\/brightwork.nl\/de\/adsorption-processes\/\" \/>\n<meta property=\"og:locale\" content=\"de_DE\" \/>\n<meta property=\"og:type\" content=\"article\" \/>\n<meta property=\"og:title\" content=\"Adsorption processes - Brightwork BV\" \/>\n<meta property=\"og:description\" content=\"Both powdered and granula activated carbon is used with in combination with the moving bed filtration technology to remove micropollutants.\" \/>\n<meta property=\"og:url\" content=\"https:\/\/brightwork.nl\/de\/adsorption-processes\/\" \/>\n<meta property=\"og:site_name\" content=\"Brightwork BV\" \/>\n<meta property=\"article:modified_time\" content=\"2021-10-20T13:27:18+00:00\" \/>\n<meta property=\"og:image\" content=\"https:\/\/brightwork.nl\/wp-content\/uploads\/2021\/01\/cropped-BW-products1-2.png\" \/>\n\t<meta property=\"og:image:width\" content=\"722\" \/>\n\t<meta property=\"og:image:height\" content=\"207\" \/>\n\t<meta property=\"og:image:type\" content=\"image\/png\" \/>\n<meta name=\"twitter:card\" content=\"summary_large_image\" \/>\n<script type=\"application\/ld+json\" class=\"yoast-schema-graph\">{\"@context\":\"https:\/\/schema.org\",\"@graph\":[{\"@type\":[\"WebPage\",\"ItemPage\"],\"@id\":\"https:\/\/brightwork.nl\/adsorption-processes\/\",\"url\":\"https:\/\/brightwork.nl\/adsorption-processes\/\",\"name\":\"Adsorption processes - Brightwork BV\",\"isPartOf\":{\"@id\":\"https:\/\/brightwork.nl\/#website\"},\"datePublished\":\"2021-02-01T10:10:30+00:00\",\"dateModified\":\"2021-10-20T13:27:18+00:00\",\"description\":\"Both powdered and granula activated carbon is used with in combination with the moving bed filtration technology to remove micropollutants.\",\"breadcrumb\":{\"@id\":\"https:\/\/brightwork.nl\/adsorption-processes\/#breadcrumb\"},\"inLanguage\":\"de\",\"potentialAction\":[{\"@type\":\"ReadAction\",\"target\":[\"https:\/\/brightwork.nl\/adsorption-processes\/\"]}]},{\"@type\":\"BreadcrumbList\",\"@id\":\"https:\/\/brightwork.nl\/adsorption-processes\/#breadcrumb\",\"itemListElement\":[{\"@type\":\"ListItem\",\"position\":1,\"name\":\"Home\",\"item\":\"https:\/\/brightwork.nl\/\"},{\"@type\":\"ListItem\",\"position\":2,\"name\":\"Adsorption processes\"}]},{\"@type\":\"WebSite\",\"@id\":\"https:\/\/brightwork.nl\/#website\",\"url\":\"https:\/\/brightwork.nl\/\",\"name\":\"Brightwork BV\",\"description\":\"\",\"publisher\":{\"@id\":\"https:\/\/brightwork.nl\/#organization\"},\"potentialAction\":[{\"@type\":\"SearchAction\",\"target\":{\"@type\":\"EntryPoint\",\"urlTemplate\":\"https:\/\/brightwork.nl\/?s={search_term_string}\"},\"query-input\":\"required name=search_term_string\"}],\"inLanguage\":\"de\"},{\"@type\":\"Organization\",\"@id\":\"https:\/\/brightwork.nl\/#organization\",\"name\":\"BW products\",\"url\":\"https:\/\/brightwork.nl\/\",\"logo\":{\"@type\":\"ImageObject\",\"inLanguage\":\"de\",\"@id\":\"https:\/\/brightwork.nl\/#\/schema\/logo\/image\/\",\"url\":\"https:\/\/bwproducts.nl\/wp-content\/uploads\/2021\/01\/cropped-BW-products1-2.png\",\"contentUrl\":\"https:\/\/bwproducts.nl\/wp-content\/uploads\/2021\/01\/cropped-BW-products1-2.png\",\"width\":722,\"height\":207,\"caption\":\"BW products\"},\"image\":{\"@id\":\"https:\/\/brightwork.nl\/#\/schema\/logo\/image\/\"},\"sameAs\":[\"http:\/\/linkedin.com\/company\/brightwork-bv\",\"https:\/\/www.youtube.com\/channel\/UCX8W0zB6phHctI-6xnSz_iA\"]}]}<\/script>\n<!-- \/ Yoast SEO plugin. -->","yoast_head_json":{"title":"Adsorption processes - Brightwork BV","description":"Both powdered and granula activated carbon is used with in combination with the moving bed filtration technology to remove micropollutants.","robots":{"index":"index","follow":"follow","max-snippet":"max-snippet:-1","max-image-preview":"max-image-preview:large","max-video-preview":"max-video-preview:-1"},"canonical":"https:\/\/brightwork.nl\/de\/adsorption-processes\/","og_locale":"de_DE","og_type":"article","og_title":"Adsorption processes - Brightwork BV","og_description":"Both powdered and granula activated carbon is used with in combination with the moving bed filtration technology to remove micropollutants.","og_url":"https:\/\/brightwork.nl\/de\/adsorption-processes\/","og_site_name":"Brightwork BV","article_modified_time":"2021-10-20T13:27:18+00:00","og_image":[{"width":722,"height":207,"url":"https:\/\/brightwork.nl\/wp-content\/uploads\/2021\/01\/cropped-BW-products1-2.png","type":"image\/png"}],"twitter_card":"summary_large_image","schema":{"@context":"https:\/\/schema.org","@graph":[{"@type":["WebPage","ItemPage"],"@id":"https:\/\/brightwork.nl\/adsorption-processes\/","url":"https:\/\/brightwork.nl\/adsorption-processes\/","name":"Adsorption processes - Brightwork BV","isPartOf":{"@id":"https:\/\/brightwork.nl\/#website"},"datePublished":"2021-02-01T10:10:30+00:00","dateModified":"2021-10-20T13:27:18+00:00","description":"Both powdered and granula activated carbon is used with in combination with the moving bed filtration technology to remove micropollutants.","breadcrumb":{"@id":"https:\/\/brightwork.nl\/adsorption-processes\/#breadcrumb"},"inLanguage":"de","potentialAction":[{"@type":"ReadAction","target":["https:\/\/brightwork.nl\/adsorption-processes\/"]}]},{"@type":"BreadcrumbList","@id":"https:\/\/brightwork.nl\/adsorption-processes\/#breadcrumb","itemListElement":[{"@type":"ListItem","position":1,"name":"Home","item":"https:\/\/brightwork.nl\/"},{"@type":"ListItem","position":2,"name":"Adsorption processes"}]},{"@type":"WebSite","@id":"https:\/\/brightwork.nl\/#website","url":"https:\/\/brightwork.nl\/","name":"Brightwork BV","description":"","publisher":{"@id":"https:\/\/brightwork.nl\/#organization"},"potentialAction":[{"@type":"SearchAction","target":{"@type":"EntryPoint","urlTemplate":"https:\/\/brightwork.nl\/?s={search_term_string}"},"query-input":"required name=search_term_string"}],"inLanguage":"de"},{"@type":"Organization","@id":"https:\/\/brightwork.nl\/#organization","name":"BW products","url":"https:\/\/brightwork.nl\/","logo":{"@type":"ImageObject","inLanguage":"de","@id":"https:\/\/brightwork.nl\/#\/schema\/logo\/image\/","url":"https:\/\/bwproducts.nl\/wp-content\/uploads\/2021\/01\/cropped-BW-products1-2.png","contentUrl":"https:\/\/bwproducts.nl\/wp-content\/uploads\/2021\/01\/cropped-BW-products1-2.png","width":722,"height":207,"caption":"BW products"},"image":{"@id":"https:\/\/brightwork.nl\/#\/schema\/logo\/image\/"},"sameAs":["http:\/\/linkedin.com\/company\/brightwork-bv","https:\/\/www.youtube.com\/channel\/UCX8W0zB6phHctI-6xnSz_iA"]}]}},"_links":{"self":[{"href":"https:\/\/brightwork.nl\/de\/wp-json\/wp\/v2\/pages\/3478","targetHints":{"allow":["GET"]}}],"collection":[{"href":"https:\/\/brightwork.nl\/de\/wp-json\/wp\/v2\/pages"}],"about":[{"href":"https:\/\/brightwork.nl\/de\/wp-json\/wp\/v2\/types\/page"}],"author":[{"embeddable":true,"href":"https:\/\/brightwork.nl\/de\/wp-json\/wp\/v2\/users\/2"}],"replies":[{"embeddable":true,"href":"https:\/\/brightwork.nl\/de\/wp-json\/wp\/v2\/comments?post=3478"}],"version-history":[{"count":0,"href":"https:\/\/brightwork.nl\/de\/wp-json\/wp\/v2\/pages\/3478\/revisions"}],"wp:attachment":[{"href":"https:\/\/brightwork.nl\/de\/wp-json\/wp\/v2\/media?parent=3478"}],"curies":[{"name":"wp","href":"https:\/\/api.w.org\/{rel}","templated":true}]}}