{"id":3540,"date":"2021-02-03T21:04:42","date_gmt":"2021-02-03T20:04:42","guid":{"rendered":"http:\/\/bwproducts.nl\/test-blog-page\/"},"modified":"2023-04-17T14:52:41","modified_gmt":"2023-04-17T12:52:41","slug":"news","status":"publish","type":"page","link":"https:\/\/brightwork.nl\/de\/news\/","title":{"rendered":"Nachrichten"},"content":{"rendered":"<h1 style=\"font-size:0px; class=\" has-text-align-left\"=\"\">Nachrichten<\/h1>\n\n\n<style type=\"text\/css\">\n\t\/**\n\t * Table of Contents\n\t *\n\t * 1.0 - Pagination\n\t * 2.0 - Social Media Icon\n\t * 3.0 - Default Blog Template\n\t * 4.0 - Classical Template\n\t * 5.0 - Light Breeze Template\n\t * 6.0 - Spektrum Template\n\t * 7.0 - Evolution Template\n\t * 8.0 - Timeline Template\n\t * 9.0 - News Template\n\t * 10.0 - Sallet Template\n\t * 11.0 - Media Grid Template\n\t * 12.0 - Crayon Slider Template\n\t * 13.0 - Blog-Carousel Template\n\t * 14.0 - Blog-Grid-Box Template\n\t * 15.0 - Ticker Template\n\t *\n\t *\/\n\t\/**\n\t * 1.0 - Pagination\n\t *\/\n\t.bdp-load-more a.button.bdp-load-more-btn {\n\t\tbackground-color: #d56e08;\t\tcolor: #ffffff;\t\tfont-size:15px;\t}\n\t.bd_pagination_box.wl_pagination_box .paging-navigation ul.page-numbers li a.page-numbers:hover,\n\t.bd_pagination_box.wl_pagination_box .paging-navigation ul.page-numbers li > span.current {\n\t\tbackground-color: #d56e08;\t\tcolor: #ffffff;\t\tfont-size:15px;\t}\n\t.bd_pagination_box.wl_pagination_box .paging-navigation ul.page-numbers li a.page-numbers {\n\t\tbackground-color: #ffffff;\t\tcolor: #d56e08;\t\tfont-size:15px;\t}\n\t.bd_pagination_box.wl_pagination_box .paging-navigation ul.page-numbers li a.page-numbers.dots {\n\t\tfont-size:15px !important;\t}\n\t\/**\n\t * 2.0 - Social Media Icon\n\t *\/    \n\t.blog_template .social-component a {\n\t\tborder-radius: 100%;\t}\n\t\/**\n\t * 3.0 - Default Blog Template\n\t *\/\n\t\t\t\/* .bdp_blog_template.nicy .blog_header h2, *\/\n\t\t.blog_template.sallet_slider h2,\n\t\t.blog_template.crayon_slider .blog_header h2,\n\t\t.glossary .blog_header h2,\n\t\t.bdp_blog_template .bd-blog-header h2 {        \n\t\t\tbackground: #ffffff\t\t}\n\t\t.blog_template .bd-more-tag-inline {\n\t\tcolor: #ffffff !important;\t\tfont-size:15px;\t}\n\t\t\t.bdp_blog_template .blog_header h2 a,\n\t\t.bdp_blog_template .bd-blog-header h2 a,\n\t\t.bdp_blog_template .bd_ad_container h4 {\n\t\t\tcolor: #222222 !important;\t\t\tfont-size: 35px;\t\t\tbackground-color: #ffffff !important;\n\t\t}\n\t\t.bdp_blog_template .blog_header h2,\n\t\t.bdp_blog_template .bd-blog-header h2,\n\t\t.blog_template .bd_ad_container h4 {\n\t\t\tfont-size: 35px;\t\t}\n\t\t.post_content-inner p,\n\t.bd-post-content {\n\t\tcolor:#999999;\t\tfont-size:15px;\t}\n\t.bdp_blog_template .bd-metacats,\n\t.bd-tags,\n\tspan.bd-category-link,\n\t.bdp_blog_template .author,\n\t.bdp_blog_template .date,\n\t.bdp_blog_template .bd-categories,\n\t.bdp_blog_template.evolution .bd-categories a,\n\t.bdp_blog_template .bd-categories a,\n\t.bd-meta-data-box .bd-metacats,\n\t.bd-meta-data-box .bd-metacomments,\n\t.bd-meta-data-box .bd-metacomments span,\n\t.bdp_blog_template .date i, .bdp_blog_template .author i, .bdp_blog_template .comment i,\n\t.bd-tags a,\n\tspan.bd-category-link a,\n\t.bd-metadatabox p,\n\tspan .bd-link-label,\n\t.bdp_blog_template .blog_footer span,\n\t.bd-metacomments i,\n\t.date_wrap i,\n\t.bdp_blog_template a,\n\t.bdp_blog_template .post_content,\n\t.bd-categories i,\n\t.bdp_blog_template.spektrum .post-bottom .post-by,\n\t.bdp_blog_template.spektrum .post-bottom .bd-tags,\n\t.bd-metadatabox,\n\t.bdp_blog_template.news .bd-blog-header .bd-metadatabox a,\n\t.bdp_blog_template.news .post-content-div .post_cat_tag > span i,\n\t.bdp_blog_template .bd-meta-data-box .bd-metadate, .bdp_blog_template .bd-meta-data-box .bd-metauser, .bdp_blog_template .bd-meta-data-box .bd-metacats,\n\t.bd-meta-data-box .bd-metacats a,\n\t.bd-meta-data-box .bd-metacomments a,\n\t.bdp_blog_template.box-template .bd-tags,\n\t.bdp_blog_template .datetime,\n\t.bdp_blog_template .link-lable,\n\t.bdp_blog_template .post-date\n\t.bdp_blog_template .bd_ad_container p, .blog_template .bd_ad_container, .bdp_blog_template .post-date, .bdp_blog_template .post-comment span {\n\t\tfont-size:15px;\t}\n\t.bdp_blog_template .date,\n\t.bdp_blog_template .comment,\n\t.bdp_blog_template .author .bd-icon-author,\n\t.bdp_blog_template .author,\n\t.bdp_blog_template.news .post-content-div .post_cat_tag > span i ,\n\t.bdp_blog_template .post-by,\n\t.bdp_blog_template .bd-categories i,\n\t.bdp_blog_template .bd-metacats i,\n\t.bdp_blog_template .category-link i,\n\t.bdp_blog_template .bd-tags i,\n\t.bdp_blog_template .bd-metacomments,\n\t.bdp_blog_template .date_wrap i,\n\t.bdp_blog_template .post-date,\n\t.bdp_blog_template .link-lable,\n\t.bdp_blog_template .datetime,\n\t.bdp_blog_template.glossary .post-author span,\n\t.bdp_blog_template .post_content-inner p,\n\t.bdp_blog_template .post_content,\n\t.bdp_blog_template .tags i {\n\t\tcolor:#999999;\t}\n\t.bdp_blog_template .bd-meta-data-box {\n\t\tcolor:#999999;\t}\n\t\t\t.bd-metadatabox {\n\t\t\tcolor:#999999;\t\t}\n\t\t.bd-link-label {\n\t\tcolor:#999999;\t}\n\t.bdp_blog_template a.bd-more-tag {\n\t\tbackground-color: #d56e08!important;\t\tcolor: #ffffff!important;\t}\n\t\t\t.bdp_blog_template a.bd-more-tag:hover {\n\t\t\tbackground-color: #ffffff!important;\t\t\tcolor: #d56e08!important;\t\t}\n\t\t.bdp_blog_template i {\n\t\tfont-style: normal !important;\n\t}\n\t\t\t.bd-tags,\n\t\tspan.bd-category-link,\n\t\t.bdp_blog_template .bd-categories,\n\t\t.bd-meta-data-box .bd-metacats,\n\t\t.bd-meta-data-box .bd-metacats a,\n\t\t.bd-meta-data-box .bd-metacomments a,\n\t\t.bdp_blog_template .bd-categories a,\n\t\t.bd-post-content a,\n\t\t.bd-tags a,\n\t\tspan.bd-category-link a,\n\t\t.bdp_blog_template .tags,\n\t\t.bdp_blog_template a {\n\t\t\tcolor:#d56e08 !important;\n\t\t\tfont-weight: normal !important;\n\t\t}\n\t\t\t\t.bd-meta-data-box .bd-metacats a:hover,\n\t\t.bd-meta-data-box .bd-metacomments a:hover,\n\t\t.bdp_blog_template .bd-categories a:hover,\n\t\t.spektrum .post-bottom .bd-categories a:hover,\n\t\t.bd-post-content a:hover,\n\t\t.bd-tags a:hover,\n\t\tspan.bd-category-link a:hover,\n\t\t.bdp_blog_template a:hover,\n\t\t.bd-post-content a:hover {\n\t\t\tcolor:#999999 !important;\n\t\t}\n\t\t\t\t.bdp_blog_template.evolution,\n\t\t.bdp_blog_template.lightbreeze {\n\t\t\tbackground: #ffffff;\n\t\t}\n\t\t\t\t\/**\n\t * 4.0 - Classical Template\n\t *\/\n\t.bdp_blog_template.classical .bd-blog-header .bd-tags {\n\t\tcolor: #d56e08;\t}\n\t\/**\n\t * 5.0 - Light Breeze Template\n\t *\/\n\t\/**\n\t * 6.0 - Spektrum Template\n\t *\/\n\t.bdp_blog_template.spektrum .bd-blog-header {\n\t\tbackground:#ffffff;\t}\n\t\t\t.spektrum .date {\n\t\t\tbackground-color: #222222;\n\t\t}\n\t\t\t\t.spektrum .post-bottom .bd-categories a {\n\t\t\tcolor: #d56e08;\n\t\t}\n\t\t\t\t.spektrum .details a {\n\t\t\tcolor :#ffffff !important;\n\t\t\tfont-size:15px;\t\t}\n\t\t\t\t.spektrum .details a:hover {\n\t\t\tcolor :#d56e08;\n\t\t}\n\t\t\/**\n\t * 7.0 - Evolution Template\n\t *\/\n\t\/**\n\t * 8.0 - Timeline Template\n\t *\/\n\t.timeline_bg_wrap:before {\n\t\tbackground: none repeat scroll 0 0 #ffffff;\n\t}\n\t.bd-datetime, .timeline_year span.year_wrap {\n\t\tbackground: none repeat scroll 0 0 #ffffff;\n\t}\n\t.bdp_blog_template.timeline .post_hentry > p > i {\n\t\tbackground: #ffffff;\t}\n\t.bdp_blog_template.timeline:nth-child(2n+1) .post_content_wrap:before,\n\t.bdp_blog_template.timeline:nth-child(2n+1) .post_content_wrap:after {\n\t\tborder-left: 8px solid #ffffff;\n\t}\n\t.rtl .bdp_blog_template.timeline:nth-child(2n+1) .post_content_wrap:before,\n\t.rtl .bdp_blog_template.timeline:nth-child(2n+1) .post_content_wrap:after {\n\t\tborder-right: 8px solid #ffffff;\n\t}\n\t.bdp_blog_template.timeline:nth-child(2n) .post_content_wrap:before,\n\t.bdp_blog_template.timeline:nth-child(2n) .post_content_wrap:after {\n\t\tborder-right: 8px solid #ffffff;\n\t}\n\t.rtl .bdp_blog_template.timeline:nth-child(2n) .post_content_wrap:before,\n\t.rtl .bdp_blog_template.timeline:nth-child(2n) .post_content_wrap:after {\n\t\tborder-left: 8px solid #ffffff;\n\t}\n\t.post_content_wrap {\n\t\tborder:1px solid #ffffff;\n\t}\n\t.bdp_blog_template .post_content_wrap .blog_footer {\n\t\tborder-top: 1px solid #ffffff ;\n\t}\n\t.bdp_blog_template .post-icon {\n\t\tbackground:#ffffff;\t}\n\t.bdp_blog_template.timeline .desc h3 a{\n\t\tcolor: #222222 !important;\t\tbackground:#ffffff !important;\t\tfont-size: 35px;\t}\n\n\t\/*media query*\/\n\t@media screen and (max-width: 991px) {\n\t\t.bdp_blog_template.timeline:nth-child(2n+1) .post_content_wrap:before,\n\t\t.bdp_blog_template.timeline:nth-child(2n+1) .post_content_wrap:after {\n\t\t\tborder-right: 8px solid #ffffff;\n\t\t}\n\t}\n\t\/**\n\t * 9.0 - News Template\n\t *\/\n\t\t\t.bdp_blog_template.news .bd-blog-header h2.title a{\n\t\t\tcolor: #222222;\t\t\tfont-size: 35px;\t\t}\n\t\t\/* .blog_template.boxy-clean .blog_header h2, *\/\n\t.bdp_blog_template.news .bd-blog-header h2.title{\n\t\tbackground: #ffffff\t}\n\t.bdp_blog_template.news {\n\t\tbackground-color: #ffffff\t}\n\t.bdp_blog_template.news a.bd-more-tag{\n\t\tfloat: right !important;\n\t}\n\t.blog_template.boxy-clean ul li:hover,\n\t.blog_template.boxy-clean ul li:hover .blog_header h2 {\n\t\tbackground: ;\n\t}\n\t.glossary .post_content-inner {\n\t\tborder-color: #ffffff;\t}\n\t.blog_template.boxy-clean .blog_wrap.bdp_blog_template .author {\n\t\tbackground: #ffffff;\t}\n\t\/** 10.0 - Sallet Template *\/\n\t.bdp_blog_template.sallet_slider .blog_header > div > div > div {\n\t\tbackground: #ffffff;\t}\n\t.bdp_blog_template.sallet_slider .blog_header > div > div > div::before {\n\t\tbackground: #ffffff none repeat scroll 0 0;\t}\n\t.bdp_blog_template.sallet_slider.right {\n\t\tbackground: #ffffff ;\t}\n\t.blog_template.sallet_slider .category-link a {\n\t\tbackground: #ffffff ;\t\tcolor: #fff !important;\n\t}\n\t\/** 11.0 - Media Grid Template *\/\n\t.bdp_blog_template.media-grid .blog_header h2 a {\n\t\tbackground: #ffffff\t}\n\t.bdp_blog_template.media-grid .bd-metacats {\n\t\tbackground: #ffffff\t}\n\n\t.bdp_blog_template.media-grid .bd-metacats:hover{\n\t\t\t}\n\n\t.bdp_blog_template.media-grid .post-meta .postdate {\n\t\tfont-size: 15px\t}\n\t\/** 12.0 - Crayon Slider Template *\/\n\t\t\t\/** 13.0 - Blog Carousel Template *\/\n\tli.blog_template.bdp_blog_template.blog_carousel {\n\t\tbackground: #ffffff\t}\n\t.blog_template.blog_carousel .blog_header:hover {\n\t\t}\n\t\/** 14.0 - Blog-Grid-Box Template *\/\n\t.blog_template.blog-grid-box .bd-more-next-line a {\n\t\tbackground: #d56e08;\t\tcolor: #ffffff\t}\n\t.blog_template.blog-grid-box .post-comment a,\n\t.blog_template.blog-grid-box .mauthor .author a,\n\t.blog_template.blog-grid-box .bd-metacats a,\n\t.blog_template.blog-grid-box .mdate a {\n\t\tcolor: #d56e08\t}\n\t.blog_template.blog-grid-box .post-comment a:hover,\n\t.blog_template.blog-grid-box .mauthor .author a:hover,\n\t.blog_template.blog-grid-box .bd-metacats a:hover,\n\t.blog_template.blog-grid-box .mdate a:hover {\n\t\tcolor: #999999\t}\n\t.blog_template.blog-grid-box .post_title a {\n\t\tcolor: #222222;background: #ffffff;font-size: 35px\t}\n\t.blog_template.blog-grid-box .post_content {\n\t\tcolor: #999999;font-size: 15px\t}\n\t.blog_template.blog-grid-box {\n\t\tbackground: #ffffff\t}\n\n\t\/** 15.0 - Ticker Template *\/\n\t#blog-ticker-style-1 {\n\t\tborder-color: #ffffff\t}\n\t#blog-ticker-style-1 .ticker-title {\n\t\tbackground-color: #ffffff\t}\n\t#blog-ticker-style-1 .ticker-style-title {\n\t\t\t}\n\t#blog-ticker-style-1 .ticker-title>span {\n\t\tborder-color: transparent transparent transparent#ffffff\t}\n\t#blog-ticker-style-1 .blog-tickers a:hover {\n\t\tcolor: #ffffff\t}\n\t#blog-ticker-style-1 .blog-tickers a {\n\t\tcolor: #222222\t}\n\t<\/style>\n<div class=\"bdp_wrapper\">\t\t<div class=\"blog_template bdp_blog_template news\">\n\t\t\t\t\t\t<div class=\"post-content-div full_with_class\">\n\t\t\t\t<div class=\"bd-blog-header\">\n\t\t\t\t\t\t\t\t\t\t\t<p class=\"bd_date_cover\"><span class=\"date\">23. Februar 2026<\/span><\/p><h2 class=\"title\"><a href=\"https:\/\/brightwork.nl\/de\/news\/discover-the-next-evolution-in-continuous-media-filtration\/\">Entdecken Sie die n\u00e4chste Entwicklung in der kontinuierlichen Medienfiltration<\/a><\/h2>\n\t\t\t\t\t\t\t\t\t<\/div>\n\t\t\t\t<div class=\"bd-post-content\">\n\t\t\t\t\tEntdecken Sie die n\u00e4chste Evolutionsstufe der kontinuierlichen Medienfiltration Mit mehr als einem Jahrzehnt Praxiserfahrung und Hunderten von Installationen weltweit hat sich die Sand-Cycle-Technologie bei der \u00dcberwachung und Optimierung kontinuierlicher Filtersysteme als bahnbrechend erwiesen. Jetzt wurde eine neue und verbesserte Version erfolgreich an Industriestandorten in Deutschland eingef\u00fchrt, die eine fortschrittliche Prozesssteuerung, erweiterte Datenanalyse, vorausschauende Wartungsfunktionen und eine verbesserte SCADA-Integration bietet. Sind Sie neugierig, wie RFID-basierte \u00dcberwachung, intelligente Luftsteuerung und langfristige Leistungstrends die Betriebszeit und Filtereffizienz in Ihrer Anlage maximieren k\u00f6nnen?\t\t\t\t<\/div>\n\t\t\t\t\t\t\t\t<div class=\"bd-post-footer\">\n\t\t\t\t\t\t\t\t\t\t<a class=\"bd-more-tag\" href=\"https:\/\/brightwork.nl\/de\/news\/discover-the-next-evolution-in-continuous-media-filtration\/\">Mehr lesen <\/a>\t\t\t\t<\/div><\/div><\/div>\n\t\t\t\t<div class=\"blog_template bdp_blog_template news\">\n\t\t\t\t\t\t<div class=\"post-content-div full_with_class\">\n\t\t\t\t<div class=\"bd-blog-header\">\n\t\t\t\t\t\t\t\t\t\t\t<p class=\"bd_date_cover\"><span class=\"date\">12. Februar 2026<\/span><\/p><h2 class=\"title\"><a href=\"https:\/\/brightwork.nl\/de\/news\/case-study-making-a-colloide-continuous-filtration-plant-work\/\">Fallstudie: Eine kontinuierliche Filtrationsanlage von Colloide\" in Betrieb nehmen<\/a><\/h2>\n\t\t\t\t\t\t\t\t\t<\/div>\n\t\t\t\t<div class=\"bd-post-content\">\n\t\t\t\t\tFallstudie: Wie macht man aus einer nicht funktionierenden Filtrationsanlage ein stabiles, zuverl\u00e4ssiges System, das die strengen Abflussnormen erf\u00fcllt? In der Praxis erfordert dies mehr als nur technische Anpassungen, sondern eine gr\u00fcndliche Analyse, eine gezielte Sanierung und eine intelligente \u00dcberwachung. Bei einem britischen Wasserversorgungsunternehmen wurde eine bestehende Colloide\u00ae-Anlage f\u00fcr die kontinuierliche Terti\u00e4rfiltration, die Probleme mit dem konstanten Betrieb hatte, erfolgreich revitalisiert. Durch die Kombination von technischen Upgrades, Prozessoptimierung und kontinuierlicher Sand-Cycle-\u00dcberwachung wurde die Anlage wieder auf ihre Auslegungsleistung gebracht: Sie erf\u00fcllt die zul\u00e4ssigen Grenzwerte f\u00fcr Feststoffe, Eisen und Phosphor mit konstanten Ergebnissen. Neugierig auf den Ansatz, wurde die Inbetriebnahme\t\t\t\t<\/div>\n\t\t\t\t\t\t\t\t<div class=\"bd-post-footer\">\n\t\t\t\t\t\t\t\t\t\t<a class=\"bd-more-tag\" href=\"https:\/\/brightwork.nl\/de\/news\/case-study-making-a-colloide-continuous-filtration-plant-work\/\">Mehr lesen <\/a>\t\t\t\t<\/div><\/div><\/div>\n\t\t\t\t<div class=\"blog_template bdp_blog_template news\">\n\t\t\t\t\t\t<div class=\"post-content-div full_with_class\">\n\t\t\t\t<div class=\"bd-blog-header\">\n\t\t\t\t\t\t\t\t\t\t\t<p class=\"bd_date_cover\"><span class=\"date\">12. Februar 2026<\/span><\/p><h2 class=\"title\"><a href=\"https:\/\/brightwork.nl\/de\/news\/case-study-combined-tertiary-nitrogen-and-phosphorus-removal\/\">Fallstudie: Kombinierte terti\u00e4re Stickstoff- und Phosphorentfernung<\/a><\/h2>\n\t\t\t\t\t\t\t\t\t<\/div>\n\t\t\t\t<div class=\"bd-post-content\">\n\t\t\t\t\tFallstudie: Kombinierte terti\u00e4re Stickstoff- und Phosphorentfernung Zunehmend strengere europ\u00e4ische Einleitungsgrenzwerte erfordern innovative und zuverl\u00e4ssige L\u00f6sungen f\u00fcr eine fortschrittliche N\u00e4hrstoffentfernung. In dieser Fallstudie erfahren Sie, wie ein kontinuierlicher Sandfilter im Ma\u00dfstab 1:1 in der Kl\u00e4ranlage Grobbendonk erfolgreich sehr niedrige Stickstoff- und Phosphorkonzentrationen in einem einzigen integrierten Prozessschritt erreicht hat. Erfahren Sie, wie dieses Pilotprojekt eine stabile Langzeitleistung bewiesen hat und was dies f\u00fcr die k\u00fcnftige Planung und den Betrieb der Anlage bedeutet.\ud83d\udc49 Lesen Sie den vollst\u00e4ndigen Artikel hier\t\t\t\t<\/div>\n\t\t\t\t\t\t\t\t<div class=\"bd-post-footer\">\n\t\t\t\t\t\t\t\t\t\t<a class=\"bd-more-tag\" href=\"https:\/\/brightwork.nl\/de\/news\/case-study-combined-tertiary-nitrogen-and-phosphorus-removal\/\">Mehr lesen <\/a>\t\t\t\t<\/div><\/div><\/div>\n\t\t\t\t<div class=\"blog_template bdp_blog_template news\">\n\t\t\t\t\t\t<div class=\"post-content-div full_with_class\">\n\t\t\t\t<div class=\"bd-blog-header\">\n\t\t\t\t\t\t\t\t\t\t\t<p class=\"bd_date_cover\"><span class=\"date\">5. Dezember 2024<\/span><\/p><h2 class=\"title\"><a href=\"https:\/\/brightwork.nl\/de\/news\/leominster-wwtw\/\">Leominster Kl\u00e4ranlage<\/a><\/h2>\n\t\t\t\t\t\t\t\t\t<\/div>\n\t\t\t\t<div class=\"bd-post-content\">\n\t\t\t\t\tKl\u00e4ranlage Leominster In der Kl\u00e4ranlage Leominster (2024) wurde eine neue terti\u00e4re nitrifizierende Sandfilterstufe zusammen mit der Aufr\u00fcstung bestehender Anlagen implementiert, um eine hohe Abwasserqualit\u00e4t zu erreichen. Einen ausf\u00fchrlichen \u00dcberblick \u00fcber das Projekt und seine Auswirkungen finden Sie im vollst\u00e4ndigen Artikel hier\t\t\t\t<\/div>\n\t\t\t\t\t\t\t\t<div class=\"bd-post-footer\">\n\t\t\t\t\t\t\t\t\t\t<a class=\"bd-more-tag\" href=\"https:\/\/brightwork.nl\/de\/news\/leominster-wwtw\/\">Mehr lesen <\/a>\t\t\t\t<\/div><\/div><\/div>\n\t\t\t\t<div class=\"blog_template bdp_blog_template news\">\n\t\t\t\t\t\t<div class=\"post-content-div full_with_class\">\n\t\t\t\t<div class=\"bd-blog-header\">\n\t\t\t\t\t\t\t\t\t\t\t<p class=\"bd_date_cover\"><span class=\"date\">25. Oktober 2024<\/span><\/p><h2 class=\"title\"><a href=\"https:\/\/brightwork.nl\/de\/news\/explore-sand-cycles-demo-environment\/\">\ud83c\udf0d Erkunden Sie die Demo-Umgebung von Sand-Cycle! \ud83c\udf0d<\/a><\/h2>\n\t\t\t\t\t\t\t\t\t<\/div>\n\t\t\t\t<div class=\"bd-post-content\">\n\t\t\t\t\t\ud83c\udf0d Erkunden Sie die Demo-Umgebung von Sand-Cycle! \ud83c\udf0d Sind Sie neugierig, wie Sand-Cycle in Aktion funktioniert? Wir haben auf unserer Website eine Demo-Umgebung eingerichtet, in der Sie interaktive Dashboards erkunden und alle Funktionen testen k\u00f6nnen, die wir anbieten!\ud83d\udcbb Und das ist noch nicht alles! Wir haben auch eine spezielle Seite mit wertvollen Downloads eingerichtet, die Ihnen helfen, Sand-Cycle optimal zu nutzen. Hinterlassen Sie einfach Ihren Namen und Ihre E-Mail-Adresse in dem unten stehenden Link, und wir werden Ihren Zugang organisieren! \ud83d\udd17 \ud83d\udc49 Hier klicken\t\t\t\t<\/div>\n\t\t\t\t\t\t\t\t<div class=\"bd-post-footer\">\n\t\t\t\t\t\t\t\t\t\t<a class=\"bd-more-tag\" href=\"https:\/\/brightwork.nl\/de\/news\/explore-sand-cycles-demo-environment\/\">Mehr lesen <\/a>\t\t\t\t<\/div><\/div><\/div>\n\t\t<div class=\"wl_pagination_box bd_pagination_box  news\"><nav class=\"navigation paging-navigation\" role=\"navigation\"><ul class='page-numbers'>\n\t<li><span aria-current=\"page\" class=\"page-numbers current\">1<\/span><\/li>\n\t<li><a class=\"page-numbers\" href=\"https:\/\/brightwork.nl\/de\/wp-json\/wp\/v2\/pages\/3540\/page\/2\/\">2<\/a><\/li>\n\t<li><span class=\"page-numbers dots\">...<\/span><\/li>\n\t<li><a class=\"page-numbers\" href=\"https:\/\/brightwork.nl\/de\/wp-json\/wp\/v2\/pages\/3540\/page\/10\/\">10<\/a><\/li>\n\t<li><a class=\"next page-numbers\" href=\"https:\/\/brightwork.nl\/de\/wp-json\/wp\/v2\/pages\/3540\/page\/2\/\">Weiter \u2192.<\/a><\/li>\n<\/ul>\n<\/nav><\/div><\/div>\n\n\n<p><\/p>","protected":false},"excerpt":{"rendered":"","protected":false},"author":4,"featured_media":0,"parent":0,"menu_order":0,"comment_status":"closed","ping_status":"closed","template":"","meta":{"_eb_attr":"","footnotes":""},"class_list":["post-3540","page","type-page","status-publish","hentry"],"yoast_head":"<!-- This site is optimized with the Yoast SEO plugin v22.8 - https:\/\/yoast.com\/wordpress\/plugins\/seo\/ -->\n<title>News - Brightwork BV<\/title>\n<meta name=\"description\" content=\"Click here to find the latest news from Brightwork, BW Products and Sand Cycle. Searching for older news? No problem we have a full archive.\" \/>\n<meta name=\"robots\" content=\"index, follow, max-snippet:-1, max-image-preview:large, max-video-preview:-1\" \/>\n<link rel=\"canonical\" href=\"https:\/\/brightwork.nl\/de\/news\/\" \/>\n<meta property=\"og:locale\" content=\"de_DE\" \/>\n<meta property=\"og:type\" content=\"article\" \/>\n<meta property=\"og:title\" content=\"News - Brightwork BV\" \/>\n<meta property=\"og:description\" content=\"Click here to find the latest news from Brightwork, BW Products and Sand Cycle. Searching for older news? No problem we have a full archive.\" \/>\n<meta property=\"og:url\" content=\"https:\/\/brightwork.nl\/de\/news\/\" \/>\n<meta property=\"og:site_name\" content=\"Brightwork BV\" \/>\n<meta property=\"article:modified_time\" content=\"2023-04-17T12:52:41+00:00\" \/>\n<meta property=\"og:image\" content=\"https:\/\/brightwork.nl\/wp-content\/uploads\/2021\/01\/cropped-BW-products1-2.png\" \/>\n\t<meta property=\"og:image:width\" content=\"722\" \/>\n\t<meta property=\"og:image:height\" content=\"207\" \/>\n\t<meta property=\"og:image:type\" content=\"image\/png\" \/>\n<meta name=\"twitter:card\" content=\"summary_large_image\" \/>\n<script type=\"application\/ld+json\" class=\"yoast-schema-graph\">{\"@context\":\"https:\/\/schema.org\",\"@graph\":[{\"@type\":\"WebPage\",\"@id\":\"https:\/\/brightwork.nl\/news\/\",\"url\":\"https:\/\/brightwork.nl\/news\/\",\"name\":\"News - Brightwork BV\",\"isPartOf\":{\"@id\":\"https:\/\/brightwork.nl\/#website\"},\"datePublished\":\"2021-02-03T20:04:42+00:00\",\"dateModified\":\"2023-04-17T12:52:41+00:00\",\"description\":\"Click here to find the latest news from Brightwork, BW Products and Sand Cycle. Searching for older news? No problem we have a full archive.\",\"breadcrumb\":{\"@id\":\"https:\/\/brightwork.nl\/news\/#breadcrumb\"},\"inLanguage\":\"de\",\"potentialAction\":[{\"@type\":\"ReadAction\",\"target\":[\"https:\/\/brightwork.nl\/news\/\"]}]},{\"@type\":\"BreadcrumbList\",\"@id\":\"https:\/\/brightwork.nl\/news\/#breadcrumb\",\"itemListElement\":[{\"@type\":\"ListItem\",\"position\":1,\"name\":\"Home\",\"item\":\"https:\/\/brightwork.nl\/\"},{\"@type\":\"ListItem\",\"position\":2,\"name\":\"News\"}]},{\"@type\":\"WebSite\",\"@id\":\"https:\/\/brightwork.nl\/#website\",\"url\":\"https:\/\/brightwork.nl\/\",\"name\":\"Brightwork BV\",\"description\":\"\",\"publisher\":{\"@id\":\"https:\/\/brightwork.nl\/#organization\"},\"potentialAction\":[{\"@type\":\"SearchAction\",\"target\":{\"@type\":\"EntryPoint\",\"urlTemplate\":\"https:\/\/brightwork.nl\/?s={search_term_string}\"},\"query-input\":\"required name=search_term_string\"}],\"inLanguage\":\"de\"},{\"@type\":\"Organization\",\"@id\":\"https:\/\/brightwork.nl\/#organization\",\"name\":\"BW products\",\"url\":\"https:\/\/brightwork.nl\/\",\"logo\":{\"@type\":\"ImageObject\",\"inLanguage\":\"de\",\"@id\":\"https:\/\/brightwork.nl\/#\/schema\/logo\/image\/\",\"url\":\"https:\/\/bwproducts.nl\/wp-content\/uploads\/2021\/01\/cropped-BW-products1-2.png\",\"contentUrl\":\"https:\/\/bwproducts.nl\/wp-content\/uploads\/2021\/01\/cropped-BW-products1-2.png\",\"width\":722,\"height\":207,\"caption\":\"BW products\"},\"image\":{\"@id\":\"https:\/\/brightwork.nl\/#\/schema\/logo\/image\/\"},\"sameAs\":[\"http:\/\/linkedin.com\/company\/brightwork-bv\",\"https:\/\/www.youtube.com\/channel\/UCX8W0zB6phHctI-6xnSz_iA\"]}]}<\/script>\n<!-- \/ Yoast SEO plugin. -->","yoast_head_json":{"title":"News - Brightwork BV","description":"Click here to find the latest news from Brightwork, BW Products and Sand Cycle. Searching for older news? No problem we have a full archive.","robots":{"index":"index","follow":"follow","max-snippet":"max-snippet:-1","max-image-preview":"max-image-preview:large","max-video-preview":"max-video-preview:-1"},"canonical":"https:\/\/brightwork.nl\/de\/news\/","og_locale":"de_DE","og_type":"article","og_title":"News - Brightwork BV","og_description":"Click here to find the latest news from Brightwork, BW Products and Sand Cycle. Searching for older news? No problem we have a full archive.","og_url":"https:\/\/brightwork.nl\/de\/news\/","og_site_name":"Brightwork BV","article_modified_time":"2023-04-17T12:52:41+00:00","og_image":[{"width":722,"height":207,"url":"https:\/\/brightwork.nl\/wp-content\/uploads\/2021\/01\/cropped-BW-products1-2.png","type":"image\/png"}],"twitter_card":"summary_large_image","schema":{"@context":"https:\/\/schema.org","@graph":[{"@type":"WebPage","@id":"https:\/\/brightwork.nl\/news\/","url":"https:\/\/brightwork.nl\/news\/","name":"News - Brightwork BV","isPartOf":{"@id":"https:\/\/brightwork.nl\/#website"},"datePublished":"2021-02-03T20:04:42+00:00","dateModified":"2023-04-17T12:52:41+00:00","description":"Click here to find the latest news from Brightwork, BW Products and Sand Cycle. Searching for older news? No problem we have a full archive.","breadcrumb":{"@id":"https:\/\/brightwork.nl\/news\/#breadcrumb"},"inLanguage":"de","potentialAction":[{"@type":"ReadAction","target":["https:\/\/brightwork.nl\/news\/"]}]},{"@type":"BreadcrumbList","@id":"https:\/\/brightwork.nl\/news\/#breadcrumb","itemListElement":[{"@type":"ListItem","position":1,"name":"Home","item":"https:\/\/brightwork.nl\/"},{"@type":"ListItem","position":2,"name":"News"}]},{"@type":"WebSite","@id":"https:\/\/brightwork.nl\/#website","url":"https:\/\/brightwork.nl\/","name":"Brightwork BV","description":"","publisher":{"@id":"https:\/\/brightwork.nl\/#organization"},"potentialAction":[{"@type":"SearchAction","target":{"@type":"EntryPoint","urlTemplate":"https:\/\/brightwork.nl\/?s={search_term_string}"},"query-input":"required name=search_term_string"}],"inLanguage":"de"},{"@type":"Organization","@id":"https:\/\/brightwork.nl\/#organization","name":"BW products","url":"https:\/\/brightwork.nl\/","logo":{"@type":"ImageObject","inLanguage":"de","@id":"https:\/\/brightwork.nl\/#\/schema\/logo\/image\/","url":"https:\/\/bwproducts.nl\/wp-content\/uploads\/2021\/01\/cropped-BW-products1-2.png","contentUrl":"https:\/\/bwproducts.nl\/wp-content\/uploads\/2021\/01\/cropped-BW-products1-2.png","width":722,"height":207,"caption":"BW products"},"image":{"@id":"https:\/\/brightwork.nl\/#\/schema\/logo\/image\/"},"sameAs":["http:\/\/linkedin.com\/company\/brightwork-bv","https:\/\/www.youtube.com\/channel\/UCX8W0zB6phHctI-6xnSz_iA"]}]}},"_links":{"self":[{"href":"https:\/\/brightwork.nl\/de\/wp-json\/wp\/v2\/pages\/3540","targetHints":{"allow":["GET"]}}],"collection":[{"href":"https:\/\/brightwork.nl\/de\/wp-json\/wp\/v2\/pages"}],"about":[{"href":"https:\/\/brightwork.nl\/de\/wp-json\/wp\/v2\/types\/page"}],"author":[{"embeddable":true,"href":"https:\/\/brightwork.nl\/de\/wp-json\/wp\/v2\/users\/4"}],"replies":[{"embeddable":true,"href":"https:\/\/brightwork.nl\/de\/wp-json\/wp\/v2\/comments?post=3540"}],"version-history":[{"count":1,"href":"https:\/\/brightwork.nl\/de\/wp-json\/wp\/v2\/pages\/3540\/revisions"}],"predecessor-version":[{"id":9784,"href":"https:\/\/brightwork.nl\/de\/wp-json\/wp\/v2\/pages\/3540\/revisions\/9784"}],"wp:attachment":[{"href":"https:\/\/brightwork.nl\/de\/wp-json\/wp\/v2\/media?parent=3540"}],"curies":[{"name":"wp","href":"https:\/\/api.w.org\/{rel}","templated":true}]}}