{"id":4628,"date":"2021-03-02T14:21:57","date_gmt":"2021-03-02T13:21:57","guid":{"rendered":"https:\/\/bwproducts.nl\/?page_id=4628"},"modified":"2022-02-16T12:35:00","modified_gmt":"2022-02-16T11:35:00","slug":"biological-nitrification","status":"publish","type":"page","link":"https:\/\/brightwork.nl\/de\/biological-nitrification\/","title":{"rendered":"Biologische Nitrifikation"},"content":{"rendered":"<div id=\"pl-4628\"  class=\"panel-layout\" ><div id=\"pg-4628-0\"  class=\"panel-grid panel-no-style\" ><div id=\"pgc-4628-0-0\"  class=\"panel-grid-cell panel-grid-cell-empty\" ><\/div><\/div><div id=\"pg-4628-1\"  class=\"panel-grid panel-no-style\" ><div id=\"pgc-4628-1-0\"  class=\"panel-grid-cell\" ><div id=\"panel-4628-1-0-0\" class=\"so-panel widget widget_text panel-first-child\" data-index=\"0\" >\t\t\t<div class=\"textwidget\"><h2>Biologische Nitrifikation<\/h2>\n<p>Nitrifikation ist der biologische Prozess der Umwandlung von Ammoniak in Nitrat. Bei der terti\u00e4ren biologischen Nitrifikation nutzen die autotrophen Bakterien Sauerstoff, der mittels eines feinblasigen Bel\u00fcftungsgitters gleichm\u00e4\u00dfig im Filterbett verteilt wird. Im Filtrat werden durchg\u00e4ngig Ammoniakwerte von &lt; 2 mg\/l Ammoniak-N erreicht, selbst bei Wassertemperaturen von nur 5 \u00b0C.<\/p>\n<\/div>\n\t\t<\/div><div id=\"panel-4628-1-0-1\" class=\"so-panel widget widget_media_image panel-last-child\" data-index=\"1\" ><div class=\"panel-widget-style panel-widget-style-for-4628-1-0-1\" ><img fetchpriority=\"high\" decoding=\"async\" width=\"919\" height=\"368\" src=\"https:\/\/brightwork.nl\/wp-content\/uploads\/2021\/03\/2019-BW-Products-portfolio_English.png\" class=\"image wp-image-4631  attachment-full size-full\" alt=\"\" style=\"max-width: 100%; height: auto;\" srcset=\"https:\/\/brightwork.nl\/wp-content\/uploads\/2021\/03\/2019-BW-Products-portfolio_English.png 919w, https:\/\/brightwork.nl\/wp-content\/uploads\/2021\/03\/2019-BW-Products-portfolio_English-300x120.png 300w, https:\/\/brightwork.nl\/wp-content\/uploads\/2021\/03\/2019-BW-Products-portfolio_English-450x180.png 450w, https:\/\/brightwork.nl\/wp-content\/uploads\/2021\/03\/2019-BW-Products-portfolio_English-768x308.png 768w\" sizes=\"(max-width: 919px) 100vw, 919px\" \/><\/div><\/div><\/div><div id=\"pgc-4628-1-1\"  class=\"panel-grid-cell\" ><div id=\"panel-4628-1-1-0\" class=\"so-panel widget widget_media_image panel-first-child\" data-index=\"2\" ><img decoding=\"async\" width=\"564\" height=\"300\" src=\"https:\/\/brightwork.nl\/wp-content\/uploads\/2021\/03\/MBF-for-nitrification-with-300-m3.h-capacity-e1614801925180.png\" class=\"image wp-image-4629  attachment-564x361 size-564x361\" alt=\"\" style=\"max-width: 100%; height: auto;\" \/><\/div><div id=\"panel-4628-1-1-1\" class=\"so-panel widget widget_media_image panel-last-child\" data-index=\"3\" ><img decoding=\"async\" width=\"563\" height=\"300\" src=\"https:\/\/brightwork.nl\/wp-content\/uploads\/2021\/03\/Rigid-aeration-grid-e1614802401900.png\" class=\"image wp-image-4630  attachment-584x300 size-584x300\" alt=\"\" style=\"max-width: 100%; height: auto;\" \/><\/div><\/div><\/div><div id=\"pg-4628-2\"  class=\"panel-grid panel-no-style\" ><div id=\"pgc-4628-2-0\"  class=\"panel-grid-cell\" ><div id=\"panel-4628-2-0-0\" class=\"so-panel widget widget_text panel-first-child panel-last-child\" data-index=\"4\" >\t\t\t<div class=\"textwidget\"><p>Wenn Sie sich f\u00fcr dieses Thema interessieren, werfen Sie bitte einen Blick in unsere Bibliothek, die einschl\u00e4gige White Papers enth\u00e4lt: zu diesem Thema empfehlen wir das White Paper mit dem Titel:\u00a0<strong> <a href=\"https:\/\/bwproducts.nl\/library\/\" target=\"_blank\" rel=\"noopener\">\"<em>Referenzen im Vereinigten K\u00f6nigreich mit bel\u00fcfteten kontinuierlichen Sandfiltern<\/em>\".<\/a><\/strong><\/p>\n<\/div>\n\t\t<\/div><\/div><\/div><\/div>","protected":false},"excerpt":{"rendered":"<p>Biologische Nitrifikation Nitrifikation ist der biologische Prozess der Umwandlung von Ammoniak in Nitrat. Bei der terti\u00e4ren biologischen Nitrifikation nutzen die autotrophen Bakterien Sauerstoff, der mittels eines feinblasigen Bel\u00fcftungsgitters gleichm\u00e4\u00dfig im Filterbett verteilt wird. Im Filtrat werden durchg\u00e4ngig Ammoniakwerte von &lt; 2 mg\/l Ammoniak-N erreicht, selbst bei Wassertemperaturen von nur 5 \u00b0C.<\/p>","protected":false},"author":2,"featured_media":0,"parent":0,"menu_order":0,"comment_status":"closed","ping_status":"closed","template":"","meta":{"_eb_attr":"","footnotes":""},"class_list":["post-4628","page","type-page","status-publish"],"yoast_head":"<!-- This site is optimized with the Yoast SEO plugin v22.8 - https:\/\/yoast.com\/wordpress\/plugins\/seo\/ -->\n<title>Biological nitrification - Brightwork BV<\/title>\n<meta name=\"robots\" content=\"index, follow, max-snippet:-1, max-image-preview:large, max-video-preview:-1\" \/>\n<link rel=\"canonical\" href=\"https:\/\/brightwork.nl\/de\/biological-nitrification\/\" \/>\n<meta property=\"og:locale\" content=\"de_DE\" \/>\n<meta property=\"og:type\" content=\"article\" \/>\n<meta property=\"og:title\" content=\"Biological nitrification - Brightwork BV\" \/>\n<meta property=\"og:description\" content=\"Biological nitrification Nitrification is the biological process of converting ammonia into nitrate. For tertiary biological nitrification the autotrophic bacteria are using oxygen which is distributed evenly in the filter bed by means of a fine bubble aeration grid. Filtrate ammonia levels of &lt; 2 mg\/l ammonia-N are achieved consistently, even at water temperatures as low as 5 \u00b0C.\" \/>\n<meta property=\"og:url\" content=\"https:\/\/brightwork.nl\/de\/biological-nitrification\/\" \/>\n<meta property=\"og:site_name\" content=\"Brightwork BV\" \/>\n<meta property=\"article:modified_time\" content=\"2022-02-16T11:35:00+00:00\" \/>\n<meta property=\"og:image\" content=\"https:\/\/brightwork.nl\/wp-content\/uploads\/2021\/01\/cropped-BW-products1-2.png\" \/>\n\t<meta property=\"og:image:width\" content=\"722\" \/>\n\t<meta property=\"og:image:height\" content=\"207\" \/>\n\t<meta property=\"og:image:type\" content=\"image\/png\" \/>\n<meta name=\"twitter:card\" content=\"summary_large_image\" \/>\n<script type=\"application\/ld+json\" class=\"yoast-schema-graph\">{\"@context\":\"https:\/\/schema.org\",\"@graph\":[{\"@type\":\"WebPage\",\"@id\":\"https:\/\/brightwork.nl\/biological-nitrification\/\",\"url\":\"https:\/\/brightwork.nl\/biological-nitrification\/\",\"name\":\"Biological nitrification - Brightwork BV\",\"isPartOf\":{\"@id\":\"https:\/\/brightwork.nl\/#website\"},\"datePublished\":\"2021-03-02T13:21:57+00:00\",\"dateModified\":\"2022-02-16T11:35:00+00:00\",\"breadcrumb\":{\"@id\":\"https:\/\/brightwork.nl\/biological-nitrification\/#breadcrumb\"},\"inLanguage\":\"de\",\"potentialAction\":[{\"@type\":\"ReadAction\",\"target\":[\"https:\/\/brightwork.nl\/biological-nitrification\/\"]}]},{\"@type\":\"BreadcrumbList\",\"@id\":\"https:\/\/brightwork.nl\/biological-nitrification\/#breadcrumb\",\"itemListElement\":[{\"@type\":\"ListItem\",\"position\":1,\"name\":\"Home\",\"item\":\"https:\/\/brightwork.nl\/\"},{\"@type\":\"ListItem\",\"position\":2,\"name\":\"Biological nitrification\"}]},{\"@type\":\"WebSite\",\"@id\":\"https:\/\/brightwork.nl\/#website\",\"url\":\"https:\/\/brightwork.nl\/\",\"name\":\"Brightwork BV\",\"description\":\"\",\"publisher\":{\"@id\":\"https:\/\/brightwork.nl\/#organization\"},\"potentialAction\":[{\"@type\":\"SearchAction\",\"target\":{\"@type\":\"EntryPoint\",\"urlTemplate\":\"https:\/\/brightwork.nl\/?s={search_term_string}\"},\"query-input\":\"required name=search_term_string\"}],\"inLanguage\":\"de\"},{\"@type\":\"Organization\",\"@id\":\"https:\/\/brightwork.nl\/#organization\",\"name\":\"BW products\",\"url\":\"https:\/\/brightwork.nl\/\",\"logo\":{\"@type\":\"ImageObject\",\"inLanguage\":\"de\",\"@id\":\"https:\/\/brightwork.nl\/#\/schema\/logo\/image\/\",\"url\":\"https:\/\/bwproducts.nl\/wp-content\/uploads\/2021\/01\/cropped-BW-products1-2.png\",\"contentUrl\":\"https:\/\/bwproducts.nl\/wp-content\/uploads\/2021\/01\/cropped-BW-products1-2.png\",\"width\":722,\"height\":207,\"caption\":\"BW products\"},\"image\":{\"@id\":\"https:\/\/brightwork.nl\/#\/schema\/logo\/image\/\"},\"sameAs\":[\"http:\/\/linkedin.com\/company\/brightwork-bv\",\"https:\/\/www.youtube.com\/channel\/UCX8W0zB6phHctI-6xnSz_iA\"]}]}<\/script>\n<!-- \/ Yoast SEO plugin. -->","yoast_head_json":{"title":"Biological nitrification - Brightwork BV","robots":{"index":"index","follow":"follow","max-snippet":"max-snippet:-1","max-image-preview":"max-image-preview:large","max-video-preview":"max-video-preview:-1"},"canonical":"https:\/\/brightwork.nl\/de\/biological-nitrification\/","og_locale":"de_DE","og_type":"article","og_title":"Biological nitrification - Brightwork BV","og_description":"Biological nitrification Nitrification is the biological process of converting ammonia into nitrate. For tertiary biological nitrification the autotrophic bacteria are using oxygen which is distributed evenly in the filter bed by means of a fine bubble aeration grid. Filtrate ammonia levels of &lt; 2 mg\/l ammonia-N are achieved consistently, even at water temperatures as low as 5 \u00b0C.","og_url":"https:\/\/brightwork.nl\/de\/biological-nitrification\/","og_site_name":"Brightwork BV","article_modified_time":"2022-02-16T11:35:00+00:00","og_image":[{"width":722,"height":207,"url":"https:\/\/brightwork.nl\/wp-content\/uploads\/2021\/01\/cropped-BW-products1-2.png","type":"image\/png"}],"twitter_card":"summary_large_image","schema":{"@context":"https:\/\/schema.org","@graph":[{"@type":"WebPage","@id":"https:\/\/brightwork.nl\/biological-nitrification\/","url":"https:\/\/brightwork.nl\/biological-nitrification\/","name":"Biological nitrification - Brightwork BV","isPartOf":{"@id":"https:\/\/brightwork.nl\/#website"},"datePublished":"2021-03-02T13:21:57+00:00","dateModified":"2022-02-16T11:35:00+00:00","breadcrumb":{"@id":"https:\/\/brightwork.nl\/biological-nitrification\/#breadcrumb"},"inLanguage":"de","potentialAction":[{"@type":"ReadAction","target":["https:\/\/brightwork.nl\/biological-nitrification\/"]}]},{"@type":"BreadcrumbList","@id":"https:\/\/brightwork.nl\/biological-nitrification\/#breadcrumb","itemListElement":[{"@type":"ListItem","position":1,"name":"Home","item":"https:\/\/brightwork.nl\/"},{"@type":"ListItem","position":2,"name":"Biological nitrification"}]},{"@type":"WebSite","@id":"https:\/\/brightwork.nl\/#website","url":"https:\/\/brightwork.nl\/","name":"Brightwork BV","description":"","publisher":{"@id":"https:\/\/brightwork.nl\/#organization"},"potentialAction":[{"@type":"SearchAction","target":{"@type":"EntryPoint","urlTemplate":"https:\/\/brightwork.nl\/?s={search_term_string}"},"query-input":"required name=search_term_string"}],"inLanguage":"de"},{"@type":"Organization","@id":"https:\/\/brightwork.nl\/#organization","name":"BW products","url":"https:\/\/brightwork.nl\/","logo":{"@type":"ImageObject","inLanguage":"de","@id":"https:\/\/brightwork.nl\/#\/schema\/logo\/image\/","url":"https:\/\/bwproducts.nl\/wp-content\/uploads\/2021\/01\/cropped-BW-products1-2.png","contentUrl":"https:\/\/bwproducts.nl\/wp-content\/uploads\/2021\/01\/cropped-BW-products1-2.png","width":722,"height":207,"caption":"BW products"},"image":{"@id":"https:\/\/brightwork.nl\/#\/schema\/logo\/image\/"},"sameAs":["http:\/\/linkedin.com\/company\/brightwork-bv","https:\/\/www.youtube.com\/channel\/UCX8W0zB6phHctI-6xnSz_iA"]}]}},"_links":{"self":[{"href":"https:\/\/brightwork.nl\/de\/wp-json\/wp\/v2\/pages\/4628","targetHints":{"allow":["GET"]}}],"collection":[{"href":"https:\/\/brightwork.nl\/de\/wp-json\/wp\/v2\/pages"}],"about":[{"href":"https:\/\/brightwork.nl\/de\/wp-json\/wp\/v2\/types\/page"}],"author":[{"embeddable":true,"href":"https:\/\/brightwork.nl\/de\/wp-json\/wp\/v2\/users\/2"}],"replies":[{"embeddable":true,"href":"https:\/\/brightwork.nl\/de\/wp-json\/wp\/v2\/comments?post=4628"}],"version-history":[{"count":0,"href":"https:\/\/brightwork.nl\/de\/wp-json\/wp\/v2\/pages\/4628\/revisions"}],"wp:attachment":[{"href":"https:\/\/brightwork.nl\/de\/wp-json\/wp\/v2\/media?parent=4628"}],"curies":[{"name":"wp","href":"https:\/\/api.w.org\/{rel}","templated":true}]}}