{"id":4666,"date":"2021-03-02T14:53:05","date_gmt":"2021-03-02T13:53:05","guid":{"rendered":"https:\/\/bwproducts.nl\/?page_id=4666"},"modified":"2021-10-06T15:09:26","modified_gmt":"2021-10-06T13:09:26","slug":"surface-water-treatment","status":"publish","type":"page","link":"https:\/\/brightwork.nl\/de\/surface-water-treatment\/","title":{"rendered":"Behandlung von Oberfl\u00e4chenwasser"},"content":{"rendered":"<div id=\"pl-4666\"  class=\"panel-layout\" ><div id=\"pg-4666-0\"  class=\"panel-grid panel-no-style\" ><div id=\"pgc-4666-0-0\"  class=\"panel-grid-cell\" ><div id=\"panel-4666-0-0-0\" class=\"so-panel widget widget_text panel-first-child panel-last-child\" data-index=\"0\" >\t\t\t<div class=\"textwidget\"><h2>Behandlung von Oberfl\u00e4chenwasser<\/h2>\n<p>Die Aufbereitung von Oberfl\u00e4chenwasser f\u00fcr die Prozess- oder Trinkwassergewinnung erfordert eine Analyse der Qualit\u00e4t des Speisewassers und der Schwankungen der Wasserqualit\u00e4t. Bei einem hohen Gehalt an organischen Stoffen (ausgedr\u00fcckt in Chlorophyl-a) und\/oder einem hohen Gehalt an anorganischen Feststoffen ist die Kippplattenabscheidung die richtige Wahl.<br \/>\nEine ausgewogene Mischung von Chemikalien, Koagulation und Flockung vor der Kippplattentrennung in Abh\u00e4ngigkeit von den tats\u00e4chlichen Durchfl\u00fcssen, der Temperatur und der Feststoffbelastung ist wichtig, um gute Absetzergebnisse zu erzielen.<\/p>\n<\/div>\n\t\t<\/div><\/div><div id=\"pgc-4666-0-1\"  class=\"panel-grid-cell\" ><div id=\"panel-4666-0-1-0\" class=\"so-panel widget widget_media_image panel-first-child panel-last-child\" data-index=\"1\" ><img fetchpriority=\"high\" decoding=\"async\" width=\"450\" height=\"338\" src=\"https:\/\/brightwork.nl\/wp-content\/uploads\/2021\/03\/Coagulation-\u2013-hydraulic-flocculation-\u2013-tilted-plate-separation-of-surface--450x338.png\" class=\"image wp-image-4668  attachment-large size-large\" alt=\"Koagulation - hydraulische Flockung - Kippplattenabscheidung von Oberfl\u00e4chenwasser f\u00fcr die Brauchwassererzeugung\" style=\"max-width: 100%; height: auto;\" srcset=\"https:\/\/brightwork.nl\/wp-content\/uploads\/2021\/03\/Coagulation-\u2013-hydraulic-flocculation-\u2013-tilted-plate-separation-of-surface--450x338.png 450w, https:\/\/brightwork.nl\/wp-content\/uploads\/2021\/03\/Coagulation-\u2013-hydraulic-flocculation-\u2013-tilted-plate-separation-of-surface--300x225.png 300w, https:\/\/brightwork.nl\/wp-content\/uploads\/2021\/03\/Coagulation-\u2013-hydraulic-flocculation-\u2013-tilted-plate-separation-of-surface-.png 664w\" sizes=\"(max-width: 450px) 100vw, 450px\" \/><\/div><\/div><\/div><div id=\"pg-4666-1\"  class=\"panel-grid panel-no-style\" ><div id=\"pgc-4666-1-0\"  class=\"panel-grid-cell\" ><div id=\"panel-4666-1-0-0\" class=\"so-panel widget widget_text panel-first-child panel-last-child\" data-index=\"2\" >\t\t\t<div class=\"textwidget\"><p><strong>Ist die direkte kontinuierliche Filtration die L\u00f6sung f\u00fcr die Behandlung von Oberfl\u00e4chenwasser?<\/strong><\/p>\n<p>Die klare Antwort lautet: Nein, nicht immer, aber manchmal schon! Wenn es sich anbietet, ist es ein wunderbar einfacher Prozessaufbau: Nach den Einlaufsieben wird ein kontinuierlicher Sandfilter mit Inline-Dosierung von Koagulationsmitteln eingesetzt. Der Filter wirkt als Flockulator und Flockenabscheider, was zu einem stabilen, hochwertigen Filtrat f\u00fchrt.<\/p>\n<p><em><strong>Aber woher wissen wir, wann dies machbar ist?<\/strong> Wir haben versucht, Ihnen einige Hinweise zu geben. <\/em><\/p>\n<p>Bei der Aufbereitung von Oberfl\u00e4chenwasser h\u00e4ngt die Feststoffbeladung des Filters von der variablen Qualit\u00e4t des Speisewassers ab, da die Qualit\u00e4t des Flusswassers in Bezug auf Tr\u00fcbung, Farbe und Schwebstoffe stark schwanken kann. Die kontinuierliche Filtration ist in der Lage, hohe Feststoffbelastungen zu bew\u00e4ltigen und kann daher als einziger Prozessschritt eingesetzt werden, so dass eine Vorbehandlung durch Absetzen oder Druckentspannungsflotation nicht erforderlich ist. Um kolloidale Stoffe effizient zu entfernen, wird normalerweise eine Inline-Dosierung von Flockungsmitteln vorgesehen.<\/p>\n<p>Dies ist jedoch nicht immer der Fall, so dass Sie vorsichtig sein sollten. Wir haben ein Diagramm zur Prozessauswahl erstellt, das sich auf die Tr\u00fcbung des Zulaufs und das organische Material im Zulauf (ausgedr\u00fcckt in Chlorophyll-a) bezieht. Wie Sie sehen k\u00f6nnen, gibt es einen besonderen Sweet Spot f\u00fcr die verbesserte direkte kontinuierliche Filtration. Wenn die Qualit\u00e4t Ihres Oberfl\u00e4chenwassers in diesem Betriebsfenster liegt, sollten Sie dieses Verfahren in Betracht ziehen. Das Ergebnis ist ein sehr einfaches, zuverl\u00e4ssiges und robustes Aufbereitungsverfahren mit einem kleinen (Kohlenstoff-)Fu\u00dfabdruck.<\/p>\n<\/div>\n\t\t<\/div><\/div><\/div><div id=\"pg-4666-2\"  class=\"panel-grid panel-no-style\" ><div id=\"pgc-4666-2-0\"  class=\"panel-grid-cell\" ><div id=\"panel-4666-2-0-0\" class=\"so-panel widget widget_media_image panel-first-child panel-last-child\" data-index=\"3\" ><h3 class=\"widget-title\">Auswahldiagramm f\u00fcr den Oberfl\u00e4chenwasserprozess<\/h3><img decoding=\"async\" width=\"578\" height=\"299\" src=\"https:\/\/brightwork.nl\/wp-content\/uploads\/2021\/09\/Surface-water-process-selection-diagram-.png\" class=\"image wp-image-5322  attachment-full size-full\" alt=\"\" style=\"max-width: 100%; height: auto;\" title=\"Auswahldiagramm f\u00fcr den Oberfl\u00e4chenwasserprozess\" srcset=\"https:\/\/brightwork.nl\/wp-content\/uploads\/2021\/09\/Surface-water-process-selection-diagram-.png 578w, https:\/\/brightwork.nl\/wp-content\/uploads\/2021\/09\/Surface-water-process-selection-diagram--300x155.png 300w, https:\/\/brightwork.nl\/wp-content\/uploads\/2021\/09\/Surface-water-process-selection-diagram--450x233.png 450w, https:\/\/brightwork.nl\/wp-content\/uploads\/2021\/09\/Surface-water-process-selection-diagram--18x9.png 18w\" sizes=\"(max-width: 578px) 100vw, 578px\" \/><\/div><\/div><\/div><div id=\"pg-4666-3\"  class=\"panel-grid panel-no-style\" ><div id=\"pgc-4666-3-0\"  class=\"panel-grid-cell panel-grid-cell-mobile-last\" ><div id=\"panel-4666-3-0-0\" class=\"so-panel widget widget_text panel-first-child\" data-index=\"4\" >\t\t\t<div class=\"textwidget\"><p>Die nachstehende Tabelle zeigt typische Ergebnisse einer Oberfl\u00e4chenwasseraufbereitungsanlage, die auf direkter kontinuierlicher Filtration basiert. Die Anlage hat eine Auslegungskapazit\u00e4t von 160 m<sup>3<\/sup>\/h; ein Flockungsmittel wird mit Alaun in die Anlage dosiert. Typische Dosierungen liegen im Bereich von 2-6 mg\/l Al. Zusammen mit unserer Sand-Cycle-\u00dcberwachungs- und -Regelungstechnik sind wir in der Lage, die Filtratkriterien konstant einzuhalten.<\/p>\n<\/div>\n\t\t<\/div><div id=\"panel-4666-3-0-1\" class=\"so-panel widget widget_text\" data-index=\"5\" >\t\t\t<div class=\"textwidget\"><p><strong>Tabelle: Oberfl\u00e4chenwasseraufbereitungsanlage mit direkter kontinuierlicher Filtration - Daten zur Wasserqualit\u00e4t<\/strong><\/p>\n<table>\n<tbody>\n<tr>\n<td width=\"152\"><strong>Parameter<\/strong><\/td>\n<td width=\"151\"><strong>Rohwasser<\/strong><\/td>\n<td width=\"151\"><strong>Filtrat<\/strong><\/td>\n<td width=\"151\"><strong>Kriterien<\/strong><\/td>\n<\/tr>\n<tr>\n<td width=\"152\">Tr\u00fcbung (NTU)<\/td>\n<td width=\"151\">20-25<\/td>\n<td width=\"151\">0.1-0.2<\/td>\n<td width=\"151\">&lt; 0.5<\/td>\n<\/tr>\n<tr>\n<td width=\"152\">TSS (mg\/l)<\/td>\n<td width=\"151\">1-50<\/td>\n<td width=\"151\">0,5<\/td>\n<td width=\"151\">&lt;1<\/td>\n<\/tr>\n<tr>\n<td width=\"152\">Temperatur (<sup>o<\/sup>C)<\/td>\n<td width=\"151\">1-25<\/td>\n<td width=\"151\">&nbsp;<\/td>\n<td width=\"151\">&nbsp;<\/td>\n<\/tr>\n<tr>\n<td width=\"152\">\u00dcbertragung (%)<\/td>\n<td width=\"151\">30-50<\/td>\n<td width=\"151\">&gt; 96<\/td>\n<td width=\"151\">&nbsp;<\/td>\n<\/tr>\n<tr>\n<td width=\"152\">Fe (mg\/l)<\/td>\n<td width=\"151\">&nbsp;<\/td>\n<td width=\"151\">&nbsp;<\/td>\n<td width=\"151\">&lt; 0.05<\/td>\n<\/tr>\n<tr>\n<td width=\"152\">Al (mg\/l)<\/td>\n<td width=\"151\">0.05-0.60<\/td>\n<td width=\"151\">&lt; 0.1<\/td>\n<td width=\"151\">&lt; 0.1<\/td>\n<\/tr>\n<tr>\n<td width=\"152\">Mn (mg\/l)<\/td>\n<td width=\"151\">&nbsp;<\/td>\n<td width=\"151\">&nbsp;<\/td>\n<td width=\"151\">&lt; 0.05<\/td>\n<\/tr>\n<\/tbody>\n<\/table>\n<p>&nbsp;<\/p>\n<\/div>\n\t\t<\/div><div id=\"panel-4666-3-0-2\" class=\"so-panel widget widget_text panel-last-child\" data-index=\"6\" >\t\t\t<div class=\"textwidget\"><p>Wenn Sie sich f\u00fcr dieses Thema interessieren, werfen Sie bitte einen Blick in unsere Bibliothek, die einschl\u00e4gige White Papers enth\u00e4lt: zu diesem Thema empfehlen wir das White Paper mit dem Titel:\u00a0<strong><a href=\"https:\/\/bwproducts.nl\/library\/\" target=\"_blank\" rel=\"noopener\">\"<\/a><a href=\"https:\/\/bwproducts.nl\/library\/\" target=\"_blank\" rel=\"noopener\">Behandlung von RO-Konzentrat mit kontinuierlichen Sandfiltern\". <\/a><\/strong><a href=\"https:\/\/bwproducts.nl\/library\/\" target=\"_blank\" rel=\"noopener\">f\u00fcr weitere Informationen<\/a><strong><a href=\"https:\/\/bwproducts.nl\/library\/\" target=\"_blank\" rel=\"noopener\">\".<\/a><\/strong><\/p>\n<\/div>\n\t\t<\/div><\/div><div id=\"pgc-4666-3-1\"  class=\"panel-grid-cell panel-grid-cell-empty\" ><\/div><\/div><\/div>","protected":false},"excerpt":{"rendered":"<p>Oberfl\u00e4chenwasseraufbereitung Die Aufbereitung von Oberfl\u00e4chenwasser f\u00fcr die Prozess- oder Trinkwassergewinnung erfordert eine Analyse der Qualit\u00e4t des Speisewassers und der Schwankungen der Wasserqualit\u00e4t. Bei einem hohen Gehalt an organischen Stoffen (ausgedr\u00fcckt in Chlorophyl-a) und\/oder einem hohen Gehalt an anorganischen Feststoffen ist die Kippplattenabscheidung die richtige Wahl. Eine ausgewogene Mischung von Chemikalien, Koagulation und Flockung vor der Kippplattenabscheidung in Abh\u00e4ngigkeit von Durchfluss, Temperatur und Feststoffbelastung ist wichtig, um gute Absetzergebnisse zu erzielen. Ist die direkte kontinuierliche Filtration die L\u00f6sung f\u00fcr die Behandlung von Oberfl\u00e4chenwasser? Die klare Antwort lautet: Nein, nicht immer, aber manchmal schon! Wenn das der Fall ist ... <a title=\"Behandlung von Oberfl\u00e4chenwasser\" class=\"read-more\" href=\"https:\/\/brightwork.nl\/de\/surface-water-treatment\/\" aria-label=\"Mehr dazu unter Oberfl\u00e4chenwasserbehandlung\">Weiterlesen<\/a><\/p>","protected":false},"author":2,"featured_media":0,"parent":0,"menu_order":0,"comment_status":"closed","ping_status":"closed","template":"","meta":{"_eb_attr":"","footnotes":""},"class_list":["post-4666","page","type-page","status-publish"],"yoast_head":"<!-- This site is optimized with the Yoast SEO plugin v22.8 - https:\/\/yoast.com\/wordpress\/plugins\/seo\/ -->\n<title>Surface water treatment - Brightwork BV<\/title>\n<meta name=\"robots\" content=\"index, follow, max-snippet:-1, max-image-preview:large, max-video-preview:-1\" \/>\n<link rel=\"canonical\" href=\"https:\/\/brightwork.nl\/de\/surface-water-treatment\/\" \/>\n<meta property=\"og:locale\" content=\"de_DE\" \/>\n<meta property=\"og:type\" content=\"article\" \/>\n<meta property=\"og:title\" content=\"Surface water treatment - Brightwork BV\" \/>\n<meta property=\"og:description\" content=\"Surface water treatment Surface water treatment for process or drinking water production requires an analysis of the feed water quality and water quality variations. With high levels of organics (expressed in chlorophyl-a) and\/or high levels of inorganic solids tilted plate settling is the right choice. A well balanced mixing of chemicals, coagulation and flocculation upstream of the tilted plate separation in function of actual flows, temperature, solids load is important to achieve good settling results. Is direct continuous filtration th\u00e9 solution to treat surface water? The straight answer is: no, not always, but sometimes it might be! If it is ... Weiterlesen\" \/>\n<meta property=\"og:url\" content=\"https:\/\/brightwork.nl\/de\/surface-water-treatment\/\" \/>\n<meta property=\"og:site_name\" content=\"Brightwork BV\" \/>\n<meta property=\"article:modified_time\" content=\"2021-10-06T13:09:26+00:00\" \/>\n<meta property=\"og:image\" content=\"https:\/\/brightwork.nl\/wp-content\/uploads\/2021\/01\/cropped-BW-products1-2.png\" \/>\n\t<meta property=\"og:image:width\" content=\"722\" \/>\n\t<meta property=\"og:image:height\" content=\"207\" \/>\n\t<meta property=\"og:image:type\" content=\"image\/png\" \/>\n<meta name=\"twitter:card\" content=\"summary_large_image\" \/>\n<script type=\"application\/ld+json\" class=\"yoast-schema-graph\">{\"@context\":\"https:\/\/schema.org\",\"@graph\":[{\"@type\":\"WebPage\",\"@id\":\"https:\/\/brightwork.nl\/surface-water-treatment\/\",\"url\":\"https:\/\/brightwork.nl\/surface-water-treatment\/\",\"name\":\"Surface water treatment - Brightwork BV\",\"isPartOf\":{\"@id\":\"https:\/\/brightwork.nl\/#website\"},\"datePublished\":\"2021-03-02T13:53:05+00:00\",\"dateModified\":\"2021-10-06T13:09:26+00:00\",\"breadcrumb\":{\"@id\":\"https:\/\/brightwork.nl\/surface-water-treatment\/#breadcrumb\"},\"inLanguage\":\"de\",\"potentialAction\":[{\"@type\":\"ReadAction\",\"target\":[\"https:\/\/brightwork.nl\/surface-water-treatment\/\"]}]},{\"@type\":\"BreadcrumbList\",\"@id\":\"https:\/\/brightwork.nl\/surface-water-treatment\/#breadcrumb\",\"itemListElement\":[{\"@type\":\"ListItem\",\"position\":1,\"name\":\"Home\",\"item\":\"https:\/\/brightwork.nl\/\"},{\"@type\":\"ListItem\",\"position\":2,\"name\":\"Surface water treatment\"}]},{\"@type\":\"WebSite\",\"@id\":\"https:\/\/brightwork.nl\/#website\",\"url\":\"https:\/\/brightwork.nl\/\",\"name\":\"Brightwork BV\",\"description\":\"\",\"publisher\":{\"@id\":\"https:\/\/brightwork.nl\/#organization\"},\"potentialAction\":[{\"@type\":\"SearchAction\",\"target\":{\"@type\":\"EntryPoint\",\"urlTemplate\":\"https:\/\/brightwork.nl\/?s={search_term_string}\"},\"query-input\":\"required name=search_term_string\"}],\"inLanguage\":\"de\"},{\"@type\":\"Organization\",\"@id\":\"https:\/\/brightwork.nl\/#organization\",\"name\":\"BW products\",\"url\":\"https:\/\/brightwork.nl\/\",\"logo\":{\"@type\":\"ImageObject\",\"inLanguage\":\"de\",\"@id\":\"https:\/\/brightwork.nl\/#\/schema\/logo\/image\/\",\"url\":\"https:\/\/bwproducts.nl\/wp-content\/uploads\/2021\/01\/cropped-BW-products1-2.png\",\"contentUrl\":\"https:\/\/bwproducts.nl\/wp-content\/uploads\/2021\/01\/cropped-BW-products1-2.png\",\"width\":722,\"height\":207,\"caption\":\"BW products\"},\"image\":{\"@id\":\"https:\/\/brightwork.nl\/#\/schema\/logo\/image\/\"},\"sameAs\":[\"http:\/\/linkedin.com\/company\/brightwork-bv\",\"https:\/\/www.youtube.com\/channel\/UCX8W0zB6phHctI-6xnSz_iA\"]}]}<\/script>\n<!-- \/ Yoast SEO plugin. -->","yoast_head_json":{"title":"Surface water treatment - Brightwork BV","robots":{"index":"index","follow":"follow","max-snippet":"max-snippet:-1","max-image-preview":"max-image-preview:large","max-video-preview":"max-video-preview:-1"},"canonical":"https:\/\/brightwork.nl\/de\/surface-water-treatment\/","og_locale":"de_DE","og_type":"article","og_title":"Surface water treatment - Brightwork BV","og_description":"Surface water treatment Surface water treatment for process or drinking water production requires an analysis of the feed water quality and water quality variations. With high levels of organics (expressed in chlorophyl-a) and\/or high levels of inorganic solids tilted plate settling is the right choice. A well balanced mixing of chemicals, coagulation and flocculation upstream of the tilted plate separation in function of actual flows, temperature, solids load is important to achieve good settling results. Is direct continuous filtration th\u00e9 solution to treat surface water? The straight answer is: no, not always, but sometimes it might be! If it is ... Weiterlesen","og_url":"https:\/\/brightwork.nl\/de\/surface-water-treatment\/","og_site_name":"Brightwork BV","article_modified_time":"2021-10-06T13:09:26+00:00","og_image":[{"width":722,"height":207,"url":"https:\/\/brightwork.nl\/wp-content\/uploads\/2021\/01\/cropped-BW-products1-2.png","type":"image\/png"}],"twitter_card":"summary_large_image","schema":{"@context":"https:\/\/schema.org","@graph":[{"@type":"WebPage","@id":"https:\/\/brightwork.nl\/surface-water-treatment\/","url":"https:\/\/brightwork.nl\/surface-water-treatment\/","name":"Surface water treatment - Brightwork BV","isPartOf":{"@id":"https:\/\/brightwork.nl\/#website"},"datePublished":"2021-03-02T13:53:05+00:00","dateModified":"2021-10-06T13:09:26+00:00","breadcrumb":{"@id":"https:\/\/brightwork.nl\/surface-water-treatment\/#breadcrumb"},"inLanguage":"de","potentialAction":[{"@type":"ReadAction","target":["https:\/\/brightwork.nl\/surface-water-treatment\/"]}]},{"@type":"BreadcrumbList","@id":"https:\/\/brightwork.nl\/surface-water-treatment\/#breadcrumb","itemListElement":[{"@type":"ListItem","position":1,"name":"Home","item":"https:\/\/brightwork.nl\/"},{"@type":"ListItem","position":2,"name":"Surface water treatment"}]},{"@type":"WebSite","@id":"https:\/\/brightwork.nl\/#website","url":"https:\/\/brightwork.nl\/","name":"Brightwork BV","description":"","publisher":{"@id":"https:\/\/brightwork.nl\/#organization"},"potentialAction":[{"@type":"SearchAction","target":{"@type":"EntryPoint","urlTemplate":"https:\/\/brightwork.nl\/?s={search_term_string}"},"query-input":"required name=search_term_string"}],"inLanguage":"de"},{"@type":"Organization","@id":"https:\/\/brightwork.nl\/#organization","name":"BW products","url":"https:\/\/brightwork.nl\/","logo":{"@type":"ImageObject","inLanguage":"de","@id":"https:\/\/brightwork.nl\/#\/schema\/logo\/image\/","url":"https:\/\/bwproducts.nl\/wp-content\/uploads\/2021\/01\/cropped-BW-products1-2.png","contentUrl":"https:\/\/bwproducts.nl\/wp-content\/uploads\/2021\/01\/cropped-BW-products1-2.png","width":722,"height":207,"caption":"BW products"},"image":{"@id":"https:\/\/brightwork.nl\/#\/schema\/logo\/image\/"},"sameAs":["http:\/\/linkedin.com\/company\/brightwork-bv","https:\/\/www.youtube.com\/channel\/UCX8W0zB6phHctI-6xnSz_iA"]}]}},"_links":{"self":[{"href":"https:\/\/brightwork.nl\/de\/wp-json\/wp\/v2\/pages\/4666","targetHints":{"allow":["GET"]}}],"collection":[{"href":"https:\/\/brightwork.nl\/de\/wp-json\/wp\/v2\/pages"}],"about":[{"href":"https:\/\/brightwork.nl\/de\/wp-json\/wp\/v2\/types\/page"}],"author":[{"embeddable":true,"href":"https:\/\/brightwork.nl\/de\/wp-json\/wp\/v2\/users\/2"}],"replies":[{"embeddable":true,"href":"https:\/\/brightwork.nl\/de\/wp-json\/wp\/v2\/comments?post=4666"}],"version-history":[{"count":0,"href":"https:\/\/brightwork.nl\/de\/wp-json\/wp\/v2\/pages\/4666\/revisions"}],"wp:attachment":[{"href":"https:\/\/brightwork.nl\/de\/wp-json\/wp\/v2\/media?parent=4666"}],"curies":[{"name":"wp","href":"https:\/\/api.w.org\/{rel}","templated":true}]}}