{"id":4825,"date":"2021-03-11T09:50:56","date_gmt":"2021-03-11T08:50:56","guid":{"rendered":"https:\/\/bwproducts.nl\/?page_id=4825"},"modified":"2022-04-12T15:40:08","modified_gmt":"2022-04-12T13:40:08","slug":"phosphorus-removal","status":"publish","type":"page","link":"https:\/\/brightwork.nl\/de\/phosphorus-removal\/","title":{"rendered":"Phosphor p-Entfernung"},"content":{"rendered":"<div id=\"pl-4825\"  class=\"panel-layout\" ><div id=\"pg-4825-0\"  class=\"panel-grid panel-no-style\" ><div id=\"pgc-4825-0-0\"  class=\"panel-grid-cell\" ><div id=\"panel-4825-0-0-0\" class=\"so-panel widget widget_text panel-first-child panel-last-child\" data-index=\"0\" >\t\t\t<div class=\"textwidget\"><h1>Warum sollten wir Phosphor entfernen und wie k\u00f6nnen wir dies effizient tun?<\/h1>\n<p>Phosphor (P) in den Abwassereinleitungen eines Gew\u00e4ssers ist h\u00e4ufig der begrenzende N\u00e4hrstoff f\u00fcr die Prim\u00e4rproduktivit\u00e4t des Gew\u00e4ssers. Ein \u00dcberma\u00df an P kann daher zu Eutrophierung f\u00fchren.<\/p>\n<p>Aufgrund der strengeren Einleitungsgrenzwerte, die den Kl\u00e4ranlagen in Europa auferlegt wurden, ist die Nachfrage nach einem sehr niedrigen Gesamtphosphorgehalt im Abwasser gestiegen. Gesamtphosphorgehalte unter 0,10 mg\/l erfordern Behandlungsalternativen, die weit \u00fcber die derzeitigen Technologien hinausgehen.<\/p>\n<p><strong>Welche Phosphorfraktionierung gibt es im Abwasser? <\/strong><\/p>\n<p>Das Sekund\u00e4rabwasser einer gut funktionierenden Anlage enth\u00e4lt in der Regel einen Gesamtphosphorgehalt im Bereich von 0,4 bis 1,2. Die tats\u00e4chliche Leistung h\u00e4ngt von den angewandten Technologien f\u00fcr die Erst- und Zweitbehandlung ab. Gesamtphosphor ist ein Summenparameter, der differenziert werden sollte, um die bestm\u00f6gliche Entfernungsmethode zu analysieren. Phosphor liegt in l\u00f6slicher (durch 0,45-Mikrometer-Filter) und in partikul\u00e4rer Form vor. Sowohl l\u00f6slicher als auch partikul\u00e4rer Phosphor bestehen aus reaktivem P (auch als ortho P bezeichnet), poly P und organischem P. Gel\u00f6ster organischer Phosphor ist nur schwer zu entfernen und kann bis zu 0,05 - 0,2 mg\/l ausmachen. Seien Sie sich dessen immer bewusst! Sie k\u00f6nnten einen Schwellenwert erreichen, der nur schwer zu \u00fcberschreiten ist.<\/p>\n<p><strong>Wie sollte die zus\u00e4tzliche Behandlung aussehen? <\/strong><\/p>\n<p>Wenn Sie Phosphor auf etwa 0,10 mg\/l entfernen wollen, m\u00fcssen Sie Wege finden, um sowohl partikul\u00e4ren als auch l\u00f6slichen Phosphor wirksam zu entfernen. Abw\u00e4sser aus der Abwasserbehandlung enthalten per Definition sowohl partikul\u00e4ren als auch l\u00f6slichen Phosphor. Proben in niederl\u00e4ndischen Kl\u00e4ranlagen weisen Werte von partikul\u00e4rem und l\u00f6slichem Phosphor auf, die beide im Bereich von 0,2 bis 0,6 mg\/l liegen.<\/p>\n<p>Daher sollten die geeigneten Technologien f\u00fcr die Drittbehandlung in der Lage sein, den l\u00f6slichen Phosphor chemisch umzuwandeln und auch eine \u00e4u\u00dferst wirksame Barriere f\u00fcr partikul\u00e4ren Phosphor zu bilden, indem Feststoffe entfernt werden.<\/p>\n<p><strong>Welche Technologien sind anwendbar?<\/strong><\/p>\n<p>Wir haben drei Technologien angewandt, die in der Lage sind, Phosphor auf Werte von weniger als 0,10 mg\/l zu entfernen. Die Scheiben- und Tuchfiltration sind als kompakte L\u00f6sung n\u00fctzlich, die manchmal gut in das hydraulische Leitungsschema der bestehenden Kl\u00e4ranlage passt. Die kontinuierliche Medienfiltration hat sich ebenfalls als eine sehr geeignete L\u00f6sung f\u00fcr die Phosphorentfernung erwiesen. Sie bietet auch die M\u00f6glichkeit, die Stickstoff- und Phosphorentfernung in einem Behandlungsprozess zu kombinieren. Wir werden immer nach der bestm\u00f6glichen L\u00f6sung f\u00fcr Ihren Fall suchen.<\/p>\n<p>&nbsp;<\/p>\n<p><em>Wir arbeiten mit unseren Kunden und Partnern zusammen, um die richtige L\u00f6sung f\u00fcr den Schutz unserer Umwelt und die Schonung unserer Wasserreserven zu finden. Wir haben verschiedene Anlagen zur Phosphorentfernung gebaut und geben gerne Informationen an Sie weiter, um Ihnen bei der Suche nach der richtigen L\u00f6sung zu helfen.<\/em><\/p>\n<p><strong><a href=\"https:\/\/bwproducts.nl\/contact-bw-products\/\" target=\"_blank\" rel=\"noopener\">Bitte kontaktieren Sie uns!<\/a><\/strong><\/p>\n<p>&nbsp;<\/p>\n<\/div>\n\t\t<\/div><\/div><div id=\"pgc-4825-0-1\"  class=\"panel-grid-cell\" ><div id=\"panel-4825-0-1-0\" class=\"so-panel widget widget_sow-image panel-first-child\" data-index=\"1\" ><div\n\t\t\t\n\t\t\tclass=\"so-widget-sow-image so-widget-sow-image-default-8b5b6f678277-4825\"\n\t\t\t\n\t\t>\n\n<div class=\"sow-image-container\">\n\t\t<img fetchpriority=\"high\" decoding=\"async\" src=\"https:\/\/brightwork.nl\/wp-content\/uploads\/2021\/01\/aquanura-gallery-2.jpg\" width=\"1024\" height=\"576\" srcset=\"https:\/\/brightwork.nl\/wp-content\/uploads\/2021\/01\/aquanura-gallery-2.jpg 1024w, https:\/\/brightwork.nl\/wp-content\/uploads\/2021\/01\/aquanura-gallery-2-300x169.jpg 300w, https:\/\/brightwork.nl\/wp-content\/uploads\/2021\/01\/aquanura-gallery-2-768x432.jpg 768w\" sizes=\"(max-width: 1024px) 100vw, 1024px\" title=\"Efteling-Wasser\" alt=\"Efteling Wasser Foto\" \t\tclass=\"so-widget-image\"\/>\n\t<\/div>\n\n<\/div><\/div><div id=\"panel-4825-0-1-1\" class=\"so-panel widget widget_text\" data-index=\"2\" >\t\t\t<div class=\"textwidget\"><p><strong>Abwasserwiederverwendung im Freizeitpark Efteling<\/strong><\/p>\n<p>Der beliebte Themenpark Efteling in Kaatsheuvel (Niederlande) startete ein Programm zur D\u00fcrrepr\u00e4vention, um die Gesamtmenge der Grundwasserentnahme zur Speisung der zahlreichen Wasserteiche im Park zu reduzieren. Die Teiche, Gew\u00e4sser und Springbrunnen sind wichtige Bestandteile sowohl f\u00fcr den Themenpark<br \/>\nund den angrenzenden Golfplatz. Au\u00dferdem wird das Wasser f\u00fcr die Gr\u00fcnpflege verwendet. F\u00fcr die Gr\u00fcnpflege wurde Grundwasser verwendet, aber dadurch sank der Grundwasserspiegel tendenziell. Daher wird seit 1997 Abwasser aus der Kl\u00e4ranlage Kaatsheuvel zur Auff\u00fcllung der Teiche verwendet. Besonderes Augenmerk wurde auf die weitgehende Entfernung von Phosphor auf Werte unter 0,10 mg\/l Gesamt-P gelegt, um eine Eutrophierung der Teiche zu verhindern.<\/p>\n<\/div>\n\t\t<\/div><div id=\"panel-4825-0-1-2\" class=\"so-panel widget widget_text panel-last-child\" data-index=\"3\" >\t\t\t<div class=\"textwidget\"><p>Wenn Sie sich f\u00fcr dieses Thema interessieren, schauen Sie bitte in unsere Projekte, die entsprechende White Papers enthalten: f\u00fcr dieses Thema empfehlen wir das White Paper mit dem Titel:\u00a0<strong> <a href=\"https:\/\/bwproducts.nl\/projects-bw-products\/\" target=\"_blank\" rel=\"noopener\">\"Wiederverwendung von Abwasser P-Entfernung\".<\/a><\/strong><\/p>\n<\/div>\n\t\t<\/div><\/div><\/div><div id=\"pg-4825-1\"  class=\"panel-grid panel-has-style\" ><div class=\"dlRow siteorigin-panels-stretch panel-row-style panel-row-style-for-4825-1\" data-stretch-type=\"full-stretched-padded\" ><div id=\"pgc-4825-1-0\"  class=\"panel-grid-cell\" ><div id=\"panel-4825-1-0-0\" class=\"so-panel widget widget_sow-editor panel-first-child\" data-index=\"4\" ><div class=\"panel-widget-style panel-widget-style-for-4825-1-0-0\" ><div\n\t\t\t\n\t\t\tclass=\"so-widget-sow-editor so-widget-sow-editor-base\"\n\t\t\t\n\t\t>\n<div class=\"siteorigin-widget-tinymce textwidget\">\n\t<h3>Bitte besuchen Sie unseren Videobeitrag zur 14. j\u00e4hrlichen Europ\u00e4ischen Konferenz f\u00fcr Abwasserwirtschaft: \"Verbesserte P-Entfernung durch \u00c4nderung der Konstruktions- und Betriebsparameter zur Erf\u00fcllung neuer Genehmigungen mit Sandfiltern und Nutzung von Sand-Cycle\".<\/h3><\/div>\n<\/div><\/div><\/div><div id=\"panel-4825-1-0-1\" class=\"so-panel widget widget_text panel-last-child\" data-index=\"5\" ><div class=\"panel-widget-style panel-widget-style-for-4825-1-0-1\" >\t\t\t<div class=\"textwidget\"><div class=\"wpcf7 no-js\" id=\"wpcf7-f6116-o1\" lang=\"en-US\" dir=\"ltr\">\n<div class=\"screen-reader-response\">\n<p role=\"status\" aria-live=\"polite\" aria-atomic=\"true\">\n<ul><\/ul>\n<\/div>\n<form action=\"\/de\/wp-json\/wp\/v2\/pages\/4825#wpcf7-f6116-o1\" method=\"post\" class=\"wpcf7-form init\" aria-label=\"Kontakt-Formular\" novalidate=\"novalidate\" data-status=\"init\" data-trp-original-action=\"\/de\/wp-json\/wp\/v2\/pages\/4825#wpcf7-f6116-o1\">\n<div style=\"display: none;\">\n<input type=\"hidden\" name=\"_wpcf7\" value=\"6116\" \/><br \/>\n<input type=\"hidden\" name=\"_wpcf7_version\" value=\"5.9.5\" \/><br \/>\n<input type=\"hidden\" name=\"_wpcf7_locale\" value=\"en_US\" \/><br \/>\n<input type=\"hidden\" name=\"_wpcf7_unit_tag\" value=\"wpcf7-f6116-o1\" \/><br \/>\n<input type=\"hidden\" name=\"_wpcf7_container_post\" value=\"0\" \/><br \/>\n<input type=\"hidden\" name=\"_wpcf7_posted_data_hash\" value=\"\" \/>\n<\/div>\n<p><label> Ihr Name<br \/>\n<span class=\"wpcf7-form-control-wrap\" data-name=\"your-name\"><input size=\"40\" class=\"wpcf7-form-control wpcf7-text wpcf7-validates-as-required\" aria-required=\"true\" aria-invalid=\"false\" value=\"\" type=\"text\" name=\"your-name\" \/><\/span> <\/label>\n<\/p>\n<p><label> Ihre E-Mail<br \/>\n<span class=\"wpcf7-form-control-wrap\" data-name=\"your-email\"><input size=\"40\" class=\"wpcf7-form-control wpcf7-email wpcf7-validates-as-required wpcf7-text wpcf7-validates-as-email\" aria-required=\"true\" aria-invalid=\"false\" value=\"\" type=\"email\" name=\"your-email\" \/><\/span> <\/label>\n<\/p>\n<p><input class=\"wpcf7-form-control wpcf7-submit has-spinner\" type=\"submit\" value=\"Herunterladen\" \/>\n<\/p>\n<div class=\"wpcf7-response-output\" aria-hidden=\"true\"><\/div>\n<input type=\"hidden\" name=\"trp-form-language\" value=\"de\"\/><\/form>\n<\/div>\n<\/div>\n\t\t<\/div><\/div><\/div><div id=\"pgc-4825-1-1\"  class=\"panel-grid-cell\" ><div id=\"panel-4825-1-1-0\" class=\"so-panel widget widget_sow-image panel-first-child panel-last-child\" data-index=\"6\" ><div\n\t\t\t\n\t\t\tclass=\"so-widget-sow-image so-widget-sow-image-default-c67d20f9f743-4825\"\n\t\t\t\n\t\t>\n\n<div class=\"sow-image-container\">\n\t\t<img decoding=\"async\" src=\"https:\/\/brightwork.nl\/wp-content\/uploads\/2021\/12\/EWWM-2021.png\" width=\"300\" height=\"172\" srcset=\"https:\/\/brightwork.nl\/wp-content\/uploads\/2021\/12\/EWWM-2021.png 300w, https:\/\/brightwork.nl\/wp-content\/uploads\/2021\/12\/EWWM-2021-18x10.png 18w\" sizes=\"(max-width: 300px) 100vw, 300px\" title=\"EWWM 2021\" alt=\"Abwasserreinigung in den Kl\u00e4ranlagen Ruurlo und Wehl\" \t\tclass=\"so-widget-image\"\/>\n\t<\/div>\n\n<\/div><\/div><\/div><\/div><\/div><div id=\"pg-4825-2\"  class=\"panel-grid panel-no-style\" ><div id=\"pgc-4825-2-0\"  class=\"panel-grid-cell panel-grid-cell-empty\" ><\/div><\/div><\/div>","protected":false},"excerpt":{"rendered":"<p>Warum sollten wir Phosphor entfernen und wie k\u00f6nnen wir dies effizient tun? Phosphor (P) im Abwasser, das in ein Gew\u00e4sser eingeleitet wird, ist oft der begrenzende N\u00e4hrstoff f\u00fcr die Prim\u00e4rproduktivit\u00e4t des Wassers. Ein \u00fcberm\u00e4\u00dfiger P-Gehalt kann daher zu Eutrophierung f\u00fchren. Aufgrund der strengeren Einleitungsgrenzwerte, die den Kl\u00e4ranlagen in Europa auferlegt wurden, ist die Forderung nach einem sehr niedrigen Gesamtphosphorgehalt des Abwassers gestiegen. Gesamt-P-Gehalte unter 0,10 mg\/l erfordern Behandlungsalternativen, die weit \u00fcber die derzeitigen Technologien hinausgehen. Welche Phosphorfraktionierung ist im Abwasser vorhanden? Das sekund\u00e4re Abwasser einer gut funktionierenden Anlage enth\u00e4lt in der Regel Gesamtphosphor ... <a title=\"Phosphor p-Entfernung\" class=\"read-more\" href=\"https:\/\/brightwork.nl\/de\/phosphorus-removal\/\" aria-label=\"Mehr dazu unter Phosphor p-Entfernung\">Weiterlesen<\/a><\/p>","protected":false},"author":2,"featured_media":0,"parent":0,"menu_order":0,"comment_status":"closed","ping_status":"closed","template":"","meta":{"_eb_attr":"","footnotes":""},"class_list":["post-4825","page","type-page","status-publish"],"yoast_head":"<!-- This site is optimized with the Yoast SEO plugin v22.8 - https:\/\/yoast.com\/wordpress\/plugins\/seo\/ -->\n<title>Phosphorus p-removal - Brightwork BV<\/title>\n<meta name=\"description\" content=\"Phosphorus (P) in waste water discharge into a water body is often the limiting nutrient for primary productivity in the water. Hence excessive P may lead to eutrophication.There has been an increasing demand to achieve very low effluent total phosphorus due to more stringent discharge limits imposed on waste water treatment plants in Europe. Total P levels below 0.10 mg\/l require treatment alternatives, well beyond the current technologies.\" \/>\n<meta name=\"robots\" content=\"index, follow, max-snippet:-1, max-image-preview:large, max-video-preview:-1\" \/>\n<link rel=\"canonical\" href=\"https:\/\/brightwork.nl\/de\/phosphorus-removal\/\" \/>\n<meta property=\"og:locale\" content=\"de_DE\" \/>\n<meta property=\"og:type\" content=\"article\" \/>\n<meta property=\"og:title\" content=\"Phosphorus p-removal - Brightwork BV\" \/>\n<meta property=\"og:description\" content=\"Phosphorus (P) in waste water discharge into a water body is often the limiting nutrient for primary productivity in the water. Hence excessive P may lead to eutrophication.There has been an increasing demand to achieve very low effluent total phosphorus due to more stringent discharge limits imposed on waste water treatment plants in Europe. Total P levels below 0.10 mg\/l require treatment alternatives, well beyond the current technologies.\" \/>\n<meta property=\"og:url\" content=\"https:\/\/brightwork.nl\/de\/phosphorus-removal\/\" \/>\n<meta property=\"og:site_name\" content=\"Brightwork BV\" \/>\n<meta property=\"article:modified_time\" content=\"2022-04-12T13:40:08+00:00\" \/>\n<meta property=\"og:image\" content=\"https:\/\/brightwork.nl\/wp-content\/uploads\/2021\/01\/cropped-BW-products1-2.png\" \/>\n\t<meta property=\"og:image:width\" content=\"722\" \/>\n\t<meta property=\"og:image:height\" content=\"207\" \/>\n\t<meta property=\"og:image:type\" content=\"image\/png\" \/>\n<meta name=\"twitter:card\" content=\"summary_large_image\" \/>\n<script type=\"application\/ld+json\" class=\"yoast-schema-graph\">{\"@context\":\"https:\/\/schema.org\",\"@graph\":[{\"@type\":\"WebPage\",\"@id\":\"https:\/\/brightwork.nl\/phosphorus-removal\/\",\"url\":\"https:\/\/brightwork.nl\/phosphorus-removal\/\",\"name\":\"Phosphorus p-removal - Brightwork BV\",\"isPartOf\":{\"@id\":\"https:\/\/brightwork.nl\/#website\"},\"datePublished\":\"2021-03-11T08:50:56+00:00\",\"dateModified\":\"2022-04-12T13:40:08+00:00\",\"description\":\"Phosphorus (P) in waste water discharge into a water body is often the limiting nutrient for primary productivity in the water. Hence excessive P may lead to eutrophication.There has been an increasing demand to achieve very low effluent total phosphorus due to more stringent discharge limits imposed on waste water treatment plants in Europe. Total P levels below 0.10 mg\/l require treatment alternatives, well beyond the current technologies.\",\"breadcrumb\":{\"@id\":\"https:\/\/brightwork.nl\/phosphorus-removal\/#breadcrumb\"},\"inLanguage\":\"de\",\"potentialAction\":[{\"@type\":\"ReadAction\",\"target\":[\"https:\/\/brightwork.nl\/phosphorus-removal\/\"]}]},{\"@type\":\"BreadcrumbList\",\"@id\":\"https:\/\/brightwork.nl\/phosphorus-removal\/#breadcrumb\",\"itemListElement\":[{\"@type\":\"ListItem\",\"position\":1,\"name\":\"Home\",\"item\":\"https:\/\/brightwork.nl\/\"},{\"@type\":\"ListItem\",\"position\":2,\"name\":\"Phosphorus p-removal\"}]},{\"@type\":\"WebSite\",\"@id\":\"https:\/\/brightwork.nl\/#website\",\"url\":\"https:\/\/brightwork.nl\/\",\"name\":\"Brightwork BV\",\"description\":\"\",\"publisher\":{\"@id\":\"https:\/\/brightwork.nl\/#organization\"},\"potentialAction\":[{\"@type\":\"SearchAction\",\"target\":{\"@type\":\"EntryPoint\",\"urlTemplate\":\"https:\/\/brightwork.nl\/?s={search_term_string}\"},\"query-input\":\"required name=search_term_string\"}],\"inLanguage\":\"de\"},{\"@type\":\"Organization\",\"@id\":\"https:\/\/brightwork.nl\/#organization\",\"name\":\"BW products\",\"url\":\"https:\/\/brightwork.nl\/\",\"logo\":{\"@type\":\"ImageObject\",\"inLanguage\":\"de\",\"@id\":\"https:\/\/brightwork.nl\/#\/schema\/logo\/image\/\",\"url\":\"https:\/\/bwproducts.nl\/wp-content\/uploads\/2021\/01\/cropped-BW-products1-2.png\",\"contentUrl\":\"https:\/\/bwproducts.nl\/wp-content\/uploads\/2021\/01\/cropped-BW-products1-2.png\",\"width\":722,\"height\":207,\"caption\":\"BW products\"},\"image\":{\"@id\":\"https:\/\/brightwork.nl\/#\/schema\/logo\/image\/\"},\"sameAs\":[\"http:\/\/linkedin.com\/company\/brightwork-bv\",\"https:\/\/www.youtube.com\/channel\/UCX8W0zB6phHctI-6xnSz_iA\"]}]}<\/script>\n<!-- \/ Yoast SEO plugin. -->","yoast_head_json":{"title":"Phosphorus p-removal - Brightwork BV","description":"Phosphorus (P) in waste water discharge into a water body is often the limiting nutrient for primary productivity in the water. Hence excessive P may lead to eutrophication.There has been an increasing demand to achieve very low effluent total phosphorus due to more stringent discharge limits imposed on waste water treatment plants in Europe. Total P levels below 0.10 mg\/l require treatment alternatives, well beyond the current technologies.","robots":{"index":"index","follow":"follow","max-snippet":"max-snippet:-1","max-image-preview":"max-image-preview:large","max-video-preview":"max-video-preview:-1"},"canonical":"https:\/\/brightwork.nl\/de\/phosphorus-removal\/","og_locale":"de_DE","og_type":"article","og_title":"Phosphorus p-removal - Brightwork BV","og_description":"Phosphorus (P) in waste water discharge into a water body is often the limiting nutrient for primary productivity in the water. Hence excessive P may lead to eutrophication.There has been an increasing demand to achieve very low effluent total phosphorus due to more stringent discharge limits imposed on waste water treatment plants in Europe. Total P levels below 0.10 mg\/l require treatment alternatives, well beyond the current technologies.","og_url":"https:\/\/brightwork.nl\/de\/phosphorus-removal\/","og_site_name":"Brightwork BV","article_modified_time":"2022-04-12T13:40:08+00:00","og_image":[{"width":722,"height":207,"url":"https:\/\/brightwork.nl\/wp-content\/uploads\/2021\/01\/cropped-BW-products1-2.png","type":"image\/png"}],"twitter_card":"summary_large_image","schema":{"@context":"https:\/\/schema.org","@graph":[{"@type":"WebPage","@id":"https:\/\/brightwork.nl\/phosphorus-removal\/","url":"https:\/\/brightwork.nl\/phosphorus-removal\/","name":"Phosphorus p-removal - Brightwork BV","isPartOf":{"@id":"https:\/\/brightwork.nl\/#website"},"datePublished":"2021-03-11T08:50:56+00:00","dateModified":"2022-04-12T13:40:08+00:00","description":"Phosphorus (P) in waste water discharge into a water body is often the limiting nutrient for primary productivity in the water. Hence excessive P may lead to eutrophication.There has been an increasing demand to achieve very low effluent total phosphorus due to more stringent discharge limits imposed on waste water treatment plants in Europe. Total P levels below 0.10 mg\/l require treatment alternatives, well beyond the current technologies.","breadcrumb":{"@id":"https:\/\/brightwork.nl\/phosphorus-removal\/#breadcrumb"},"inLanguage":"de","potentialAction":[{"@type":"ReadAction","target":["https:\/\/brightwork.nl\/phosphorus-removal\/"]}]},{"@type":"BreadcrumbList","@id":"https:\/\/brightwork.nl\/phosphorus-removal\/#breadcrumb","itemListElement":[{"@type":"ListItem","position":1,"name":"Home","item":"https:\/\/brightwork.nl\/"},{"@type":"ListItem","position":2,"name":"Phosphorus p-removal"}]},{"@type":"WebSite","@id":"https:\/\/brightwork.nl\/#website","url":"https:\/\/brightwork.nl\/","name":"Brightwork BV","description":"","publisher":{"@id":"https:\/\/brightwork.nl\/#organization"},"potentialAction":[{"@type":"SearchAction","target":{"@type":"EntryPoint","urlTemplate":"https:\/\/brightwork.nl\/?s={search_term_string}"},"query-input":"required name=search_term_string"}],"inLanguage":"de"},{"@type":"Organization","@id":"https:\/\/brightwork.nl\/#organization","name":"BW products","url":"https:\/\/brightwork.nl\/","logo":{"@type":"ImageObject","inLanguage":"de","@id":"https:\/\/brightwork.nl\/#\/schema\/logo\/image\/","url":"https:\/\/bwproducts.nl\/wp-content\/uploads\/2021\/01\/cropped-BW-products1-2.png","contentUrl":"https:\/\/bwproducts.nl\/wp-content\/uploads\/2021\/01\/cropped-BW-products1-2.png","width":722,"height":207,"caption":"BW products"},"image":{"@id":"https:\/\/brightwork.nl\/#\/schema\/logo\/image\/"},"sameAs":["http:\/\/linkedin.com\/company\/brightwork-bv","https:\/\/www.youtube.com\/channel\/UCX8W0zB6phHctI-6xnSz_iA"]}]}},"_links":{"self":[{"href":"https:\/\/brightwork.nl\/de\/wp-json\/wp\/v2\/pages\/4825","targetHints":{"allow":["GET"]}}],"collection":[{"href":"https:\/\/brightwork.nl\/de\/wp-json\/wp\/v2\/pages"}],"about":[{"href":"https:\/\/brightwork.nl\/de\/wp-json\/wp\/v2\/types\/page"}],"author":[{"embeddable":true,"href":"https:\/\/brightwork.nl\/de\/wp-json\/wp\/v2\/users\/2"}],"replies":[{"embeddable":true,"href":"https:\/\/brightwork.nl\/de\/wp-json\/wp\/v2\/comments?post=4825"}],"version-history":[{"count":0,"href":"https:\/\/brightwork.nl\/de\/wp-json\/wp\/v2\/pages\/4825\/revisions"}],"wp:attachment":[{"href":"https:\/\/brightwork.nl\/de\/wp-json\/wp\/v2\/media?parent=4825"}],"curies":[{"name":"wp","href":"https:\/\/api.w.org\/{rel}","templated":true}]}}