{"id":5199,"date":"2021-08-31T16:08:54","date_gmt":"2021-08-31T14:08:54","guid":{"rendered":"https:\/\/bwproducts.nl\/?page_id=5199"},"modified":"2021-09-01T10:10:00","modified_gmt":"2021-09-01T08:10:00","slug":"rental-equipment","status":"publish","type":"page","link":"https:\/\/brightwork.nl\/de\/rental-equipment\/","title":{"rendered":"Mietger\u00e4te"},"content":{"rendered":"<div id=\"pl-5199\"  class=\"panel-layout\" ><div id=\"pg-5199-0\"  class=\"panel-grid panel-has-style\" ><div class=\"siteorigin-panels-stretch panel-row-style panel-row-style-for-5199-0\" data-stretch-type=\"full-stretched-padded\" ><div id=\"pgc-5199-0-0\"  class=\"panel-grid-cell\" ><div id=\"panel-5199-0-0-0\" class=\"so-panel widget widget_text panel-first-child panel-last-child\" data-index=\"0\" >\t\t\t<div class=\"textwidget\"><h1>Mietger\u00e4te<\/h1>\n<p>Um den st\u00e4ndigen Anfragen unserer Kunden nach tempor\u00e4ren Wasser- und Abwasseraufbereitungsanlagen gerecht zu werden, haben wir vor kurzem unseren Mietpark mit Aufbereitungsanlagen erweitert, die einen Durchfluss von 3 - 300 m3\/h bew\u00e4ltigen k\u00f6nnen. Dadurch k\u00f6nnen wir unseren Kunden eine schnelle Mobilisierung versprechen und sind somit in der Lage, alle wasserbezogenen Probleme zu l\u00f6sen, die ein sofortiges Handeln erfordern. Derzeit sind unsere tempor\u00e4ren Anlagen in den Niederlanden, Belgien, Deutschland, dem Vereinigten K\u00f6nigreich und Irland im Einsatz. Au\u00dferdem nutzen wir unsere Ausr\u00fcstung, um neue Anwendungen zu testen. Dies erm\u00f6glicht es uns, kontinuierlich an der Produkt- und Technologieentwicklung zu arbeiten. In enger Zusammenarbeit mit unseren Partnern und Kunden f\u00fchren wir praktische Forschung durch, um Anwendungen und Betriebsfenster zu erweitern. Sprechen Sie mit uns, wenn Sie eine sofortige L\u00f6sung ben\u00f6tigen oder wenn Sie M\u00f6glichkeiten zur Erweiterung Ihrer Wasser- oder Abwasseraufbereitung erkunden wollen.<\/p>\n<\/div>\n\t\t<\/div><\/div><\/div><\/div><div id=\"pg-5199-1\"  class=\"panel-grid panel-has-style\" ><div class=\"siteorigin-panels-stretch panel-row-style panel-row-style-for-5199-1\" data-stretch-type=\"full-stretched-padded\" ><div id=\"pgc-5199-1-0\"  class=\"panel-grid-cell\" ><div id=\"panel-5199-1-0-0\" class=\"so-panel widget widget_sow-image panel-first-child panel-last-child\" data-index=\"1\" ><div class=\"panel-widget-style panel-widget-style-for-5199-1-0-0\" ><div\n\t\t\t\n\t\t\tclass=\"so-widget-sow-image so-widget-sow-image-default-8b5b6f678277-5199\"\n\t\t\t\n\t\t>\n\n<div class=\"sow-image-container\">\n\t\t<img fetchpriority=\"high\" decoding=\"async\" src=\"https:\/\/brightwork.nl\/wp-content\/uploads\/2021\/08\/Rental-fleet-1-450x338.jpg\" width=\"450\" height=\"338\" srcset=\"https:\/\/brightwork.nl\/wp-content\/uploads\/2021\/08\/Rental-fleet-1-450x338.jpg 450w, https:\/\/brightwork.nl\/wp-content\/uploads\/2021\/08\/Rental-fleet-1-300x225.jpg 300w, https:\/\/brightwork.nl\/wp-content\/uploads\/2021\/08\/Rental-fleet-1-768x576.jpg 768w, https:\/\/brightwork.nl\/wp-content\/uploads\/2021\/08\/Rental-fleet-1-16x12.jpg 16w, https:\/\/brightwork.nl\/wp-content\/uploads\/2021\/08\/Rental-fleet-1.jpg 1386w\" sizes=\"(max-width: 450px) 100vw, 450px\" title=\"Kontinuierliche Filteranlage\" alt=\"Kontinuierliche Filteranlage\" \t\tclass=\"so-widget-image\"\/>\n\t<\/div>\n\n<\/div><\/div><\/div><\/div><div id=\"pgc-5199-1-1\"  class=\"panel-grid-cell\" ><div id=\"panel-5199-1-1-0\" class=\"so-panel widget widget_sow-editor panel-first-child panel-last-child\" data-index=\"2\" ><div class=\"panel-widget-style panel-widget-style-for-5199-1-1-0\" ><div\n\t\t\t\n\t\t\tclass=\"so-widget-sow-editor so-widget-sow-editor-base\"\n\t\t\t\n\t\t>\n<div class=\"siteorigin-widget-tinymce textwidget\">\n\t<h2><\/h2>\nKontinuierliche Filteranlage, bestehend aus drei identischen Einheiten aus rostfreiem Stahl, jede mit einer Kapazit\u00e4t von 50 - 75 m3\/h und ausgestattet mit 15 m3 Bettvolumen. Die Filtereinheiten haben einen Durchmesser von 2,5 m und eine H\u00f6he von 7,5 m. Die Gesamtkapazit\u00e4t der Anlage liegt im Bereich von 150 - 225 m3\/h.\nDie Anlage kann f\u00fcr eine Vielzahl von Anwendungen eingesetzt werden, von der direkten Filtration von Oberfl\u00e4chenwasser f\u00fcr die Brauchwasserproduktion bis hin zur Abwasserreinigung zur Entfernung von Feststoffen, Phosphor und\/oder Nitrat-Stickstoff. Die Anlage kann auch zur Einf\u00fchrung eines Wasserwiederverwendungssystems verwendet werden, um den Gesamtwasserverbrauch Ihres Standorts zu senken. Unser Verfahrensteam kann mit Ihnen besprechen, wie die Filteranlage oder Teile davon optimal in Ihr Aufbereitungssystem integriert werden k\u00f6nnen.\n\n<\/div>\n<\/div><\/div><\/div><\/div><\/div><\/div><div id=\"pg-5199-2\"  class=\"panel-grid panel-has-style\" ><div class=\"siteorigin-panels-stretch panel-row-style panel-row-style-for-5199-2\" data-stretch-type=\"full-stretched-padded\" ><div id=\"pgc-5199-2-0\"  class=\"panel-grid-cell\" ><div id=\"panel-5199-2-0-0\" class=\"so-panel widget widget_sow-editor panel-first-child panel-last-child\" data-index=\"3\" ><div class=\"panel-widget-style panel-widget-style-for-5199-2-0-0\" ><div\n\t\t\t\n\t\t\tclass=\"so-widget-sow-editor so-widget-sow-editor-base\"\n\t\t\t\n\t\t>\n<div class=\"siteorigin-widget-tinymce textwidget\">\n\t<h2><\/h2>\nDiese Anlage besteht aus einer kontrollierten Koagulation - Flockung - Lamellenabsetzung und kann zur Entfernung von Feststoffen, sowohl organischen als auch anorganischen, eingesetzt werden. Sie wird sowohl in der Wasser- als auch in der Abwasserbehandlung eingesetzt. Bei der Wasseraufbereitung kann sowohl Oberfl\u00e4chenwasser als auch Grundwasser als Quelle f\u00fcr die Aufbereitung verwendet werden. Bei der Abwasserbehandlung kann sowohl eine Prim\u00e4r- als auch eine Sekund\u00e4rabscheidung vorgesehen werden.\nDie Anlage hat eine Kapazit\u00e4t von 10 - 30 m3\/h, abh\u00e4ngig von der Feststoffbelastung, der Art der Feststoffe und den Abwasserkriterien. Die Anlage ist leicht zu mobilisieren und ben\u00f6tigt nur eine kleine Stellfl\u00e4che. \n<\/div>\n<\/div><\/div><\/div><\/div><div id=\"pgc-5199-2-1\"  class=\"panel-grid-cell\" ><div id=\"panel-5199-2-1-0\" class=\"so-panel widget widget_sow-image panel-first-child panel-last-child\" data-index=\"4\" ><div class=\"panel-widget-style panel-widget-style-for-5199-2-1-0\" ><div\n\t\t\t\n\t\t\tclass=\"so-widget-sow-image so-widget-sow-image-default-8b5b6f678277-5199\"\n\t\t\t\n\t\t>\n\n<div class=\"sow-image-container\">\n\t\t<img decoding=\"async\" src=\"https:\/\/brightwork.nl\/wp-content\/uploads\/2021\/08\/Rental-fleet-2-450x338.jpg\" width=\"450\" height=\"338\" srcset=\"https:\/\/brightwork.nl\/wp-content\/uploads\/2021\/08\/Rental-fleet-2-450x338.jpg 450w, https:\/\/brightwork.nl\/wp-content\/uploads\/2021\/08\/Rental-fleet-2-300x225.jpg 300w, https:\/\/brightwork.nl\/wp-content\/uploads\/2021\/08\/Rental-fleet-2-768x576.jpg 768w, https:\/\/brightwork.nl\/wp-content\/uploads\/2021\/08\/Rental-fleet-2-16x12.jpg 16w, https:\/\/brightwork.nl\/wp-content\/uploads\/2021\/08\/Rental-fleet-2.jpg 1386w\" sizes=\"(max-width: 450px) 100vw, 450px\" title=\"Die Anlage besteht aus einer kontrollierten Koagulation - Flockung - Lamellenabsetzung \" alt=\"Die Anlage besteht aus einer kontrollierten Koagulation - Flockung - Lamellenabsetzung \" \t\tclass=\"so-widget-image\"\/>\n\t<\/div>\n\n<\/div><\/div><\/div><\/div><\/div><\/div><\/div>","protected":false},"excerpt":{"rendered":"<p>Mietger\u00e4te Um den st\u00e4ndigen Anfragen unserer Kunden nach tempor\u00e4ren Wasser- und Abwasseraufbereitungsanlagen gerecht zu werden, haben wir vor kurzem unseren Mietpark mit Aufbereitungsanlagen erweitert, die einen Durchfluss von 3 - 300 m3\/h bew\u00e4ltigen k\u00f6nnen. Dadurch k\u00f6nnen wir unseren Kunden eine schnelle Mobilisierung versprechen und sind somit in der Lage, alle wasserbezogenen Probleme zu l\u00f6sen, die ein sofortiges Handeln erfordern. Derzeit sind unsere tempor\u00e4ren Anlagen in den Niederlanden, Belgien, Deutschland, dem Vereinigten K\u00f6nigreich und Irland im Einsatz. Au\u00dferdem nutzen wir unsere Ausr\u00fcstung, um neue Anwendungen zu testen. Dies erm\u00f6glicht es uns, kontinuierlich an der Produkt- und Technologieentwicklung zu arbeiten. ... <a title=\"Mietger\u00e4te\" class=\"read-more\" href=\"https:\/\/brightwork.nl\/de\/rental-equipment\/\" aria-label=\"Mehr dazu unter Mietger\u00e4te\">Weiterlesen<\/a><\/p>","protected":false},"author":2,"featured_media":0,"parent":0,"menu_order":0,"comment_status":"closed","ping_status":"closed","template":"","meta":{"_eb_attr":"","footnotes":""},"class_list":["post-5199","page","type-page","status-publish"],"yoast_head":"<!-- This site is optimized with the Yoast SEO plugin v22.8 - https:\/\/yoast.com\/wordpress\/plugins\/seo\/ -->\n<title>Services that BW Products has to offer - Brightwork BV<\/title>\n<meta name=\"description\" content=\"We dont only deliver technology. BW Products also offers services for upgrading and refurbishment, spare parts, rentals and site surveys.\" \/>\n<meta name=\"robots\" content=\"index, follow, max-snippet:-1, max-image-preview:large, max-video-preview:-1\" \/>\n<link rel=\"canonical\" href=\"https:\/\/brightwork.nl\/de\/rental-equipment\/\" \/>\n<meta property=\"og:locale\" content=\"de_DE\" \/>\n<meta property=\"og:type\" content=\"article\" \/>\n<meta property=\"og:title\" content=\"Services that BW Products has to offer - Brightwork BV\" \/>\n<meta property=\"og:description\" content=\"We dont only deliver technology. BW Products also offers services for upgrading and refurbishment, spare parts, rentals and site surveys.\" \/>\n<meta property=\"og:url\" content=\"https:\/\/brightwork.nl\/de\/rental-equipment\/\" \/>\n<meta property=\"og:site_name\" content=\"Brightwork BV\" \/>\n<meta property=\"article:modified_time\" content=\"2021-09-01T08:10:00+00:00\" \/>\n<meta property=\"og:image\" content=\"https:\/\/brightwork.nl\/wp-content\/uploads\/2021\/01\/cropped-BW-products1-2.png\" \/>\n\t<meta property=\"og:image:width\" content=\"722\" \/>\n\t<meta property=\"og:image:height\" content=\"207\" \/>\n\t<meta property=\"og:image:type\" content=\"image\/png\" \/>\n<meta name=\"twitter:card\" content=\"summary_large_image\" \/>\n<script type=\"application\/ld+json\" class=\"yoast-schema-graph\">{\"@context\":\"https:\/\/schema.org\",\"@graph\":[{\"@type\":\"WebPage\",\"@id\":\"https:\/\/brightwork.nl\/nl\/rental-equipment\/\",\"url\":\"https:\/\/brightwork.nl\/nl\/rental-equipment\/\",\"name\":\"Services that BW Products has to offer - Brightwork BV\",\"isPartOf\":{\"@id\":\"https:\/\/brightwork.nl\/#website\"},\"datePublished\":\"2021-08-31T14:08:54+00:00\",\"dateModified\":\"2021-09-01T08:10:00+00:00\",\"description\":\"We dont only deliver technology. BW Products also offers services for upgrading and refurbishment, spare parts, rentals and site surveys.\",\"breadcrumb\":{\"@id\":\"https:\/\/brightwork.nl\/nl\/rental-equipment\/#breadcrumb\"},\"inLanguage\":\"de\",\"potentialAction\":[{\"@type\":\"ReadAction\",\"target\":[\"https:\/\/brightwork.nl\/nl\/rental-equipment\/\"]}]},{\"@type\":\"BreadcrumbList\",\"@id\":\"https:\/\/brightwork.nl\/nl\/rental-equipment\/#breadcrumb\",\"itemListElement\":[{\"@type\":\"ListItem\",\"position\":1,\"name\":\"Home\",\"item\":\"https:\/\/brightwork.nl\/\"},{\"@type\":\"ListItem\",\"position\":2,\"name\":\"Rental equipment\"}]},{\"@type\":\"WebSite\",\"@id\":\"https:\/\/brightwork.nl\/#website\",\"url\":\"https:\/\/brightwork.nl\/\",\"name\":\"Brightwork BV\",\"description\":\"\",\"publisher\":{\"@id\":\"https:\/\/brightwork.nl\/#organization\"},\"potentialAction\":[{\"@type\":\"SearchAction\",\"target\":{\"@type\":\"EntryPoint\",\"urlTemplate\":\"https:\/\/brightwork.nl\/?s={search_term_string}\"},\"query-input\":\"required name=search_term_string\"}],\"inLanguage\":\"de\"},{\"@type\":\"Organization\",\"@id\":\"https:\/\/brightwork.nl\/#organization\",\"name\":\"BW products\",\"url\":\"https:\/\/brightwork.nl\/\",\"logo\":{\"@type\":\"ImageObject\",\"inLanguage\":\"de\",\"@id\":\"https:\/\/brightwork.nl\/#\/schema\/logo\/image\/\",\"url\":\"https:\/\/bwproducts.nl\/wp-content\/uploads\/2021\/01\/cropped-BW-products1-2.png\",\"contentUrl\":\"https:\/\/bwproducts.nl\/wp-content\/uploads\/2021\/01\/cropped-BW-products1-2.png\",\"width\":722,\"height\":207,\"caption\":\"BW products\"},\"image\":{\"@id\":\"https:\/\/brightwork.nl\/#\/schema\/logo\/image\/\"},\"sameAs\":[\"http:\/\/linkedin.com\/company\/brightwork-bv\",\"https:\/\/www.youtube.com\/channel\/UCX8W0zB6phHctI-6xnSz_iA\"]}]}<\/script>\n<!-- \/ Yoast SEO plugin. -->","yoast_head_json":{"title":"Services that BW Products has to offer - Brightwork BV","description":"We dont only deliver technology. BW Products also offers services for upgrading and refurbishment, spare parts, rentals and site surveys.","robots":{"index":"index","follow":"follow","max-snippet":"max-snippet:-1","max-image-preview":"max-image-preview:large","max-video-preview":"max-video-preview:-1"},"canonical":"https:\/\/brightwork.nl\/de\/rental-equipment\/","og_locale":"de_DE","og_type":"article","og_title":"Services that BW Products has to offer - Brightwork BV","og_description":"We dont only deliver technology. BW Products also offers services for upgrading and refurbishment, spare parts, rentals and site surveys.","og_url":"https:\/\/brightwork.nl\/de\/rental-equipment\/","og_site_name":"Brightwork BV","article_modified_time":"2021-09-01T08:10:00+00:00","og_image":[{"width":722,"height":207,"url":"https:\/\/brightwork.nl\/wp-content\/uploads\/2021\/01\/cropped-BW-products1-2.png","type":"image\/png"}],"twitter_card":"summary_large_image","schema":{"@context":"https:\/\/schema.org","@graph":[{"@type":"WebPage","@id":"https:\/\/brightwork.nl\/nl\/rental-equipment\/","url":"https:\/\/brightwork.nl\/nl\/rental-equipment\/","name":"Services that BW Products has to offer - Brightwork BV","isPartOf":{"@id":"https:\/\/brightwork.nl\/#website"},"datePublished":"2021-08-31T14:08:54+00:00","dateModified":"2021-09-01T08:10:00+00:00","description":"We dont only deliver technology. BW Products also offers services for upgrading and refurbishment, spare parts, rentals and site surveys.","breadcrumb":{"@id":"https:\/\/brightwork.nl\/nl\/rental-equipment\/#breadcrumb"},"inLanguage":"de","potentialAction":[{"@type":"ReadAction","target":["https:\/\/brightwork.nl\/nl\/rental-equipment\/"]}]},{"@type":"BreadcrumbList","@id":"https:\/\/brightwork.nl\/nl\/rental-equipment\/#breadcrumb","itemListElement":[{"@type":"ListItem","position":1,"name":"Home","item":"https:\/\/brightwork.nl\/"},{"@type":"ListItem","position":2,"name":"Rental equipment"}]},{"@type":"WebSite","@id":"https:\/\/brightwork.nl\/#website","url":"https:\/\/brightwork.nl\/","name":"Brightwork BV","description":"","publisher":{"@id":"https:\/\/brightwork.nl\/#organization"},"potentialAction":[{"@type":"SearchAction","target":{"@type":"EntryPoint","urlTemplate":"https:\/\/brightwork.nl\/?s={search_term_string}"},"query-input":"required name=search_term_string"}],"inLanguage":"de"},{"@type":"Organization","@id":"https:\/\/brightwork.nl\/#organization","name":"BW products","url":"https:\/\/brightwork.nl\/","logo":{"@type":"ImageObject","inLanguage":"de","@id":"https:\/\/brightwork.nl\/#\/schema\/logo\/image\/","url":"https:\/\/bwproducts.nl\/wp-content\/uploads\/2021\/01\/cropped-BW-products1-2.png","contentUrl":"https:\/\/bwproducts.nl\/wp-content\/uploads\/2021\/01\/cropped-BW-products1-2.png","width":722,"height":207,"caption":"BW products"},"image":{"@id":"https:\/\/brightwork.nl\/#\/schema\/logo\/image\/"},"sameAs":["http:\/\/linkedin.com\/company\/brightwork-bv","https:\/\/www.youtube.com\/channel\/UCX8W0zB6phHctI-6xnSz_iA"]}]}},"_links":{"self":[{"href":"https:\/\/brightwork.nl\/de\/wp-json\/wp\/v2\/pages\/5199","targetHints":{"allow":["GET"]}}],"collection":[{"href":"https:\/\/brightwork.nl\/de\/wp-json\/wp\/v2\/pages"}],"about":[{"href":"https:\/\/brightwork.nl\/de\/wp-json\/wp\/v2\/types\/page"}],"author":[{"embeddable":true,"href":"https:\/\/brightwork.nl\/de\/wp-json\/wp\/v2\/users\/2"}],"replies":[{"embeddable":true,"href":"https:\/\/brightwork.nl\/de\/wp-json\/wp\/v2\/comments?post=5199"}],"version-history":[{"count":0,"href":"https:\/\/brightwork.nl\/de\/wp-json\/wp\/v2\/pages\/5199\/revisions"}],"wp:attachment":[{"href":"https:\/\/brightwork.nl\/de\/wp-json\/wp\/v2\/media?parent=5199"}],"curies":[{"name":"wp","href":"https:\/\/api.w.org\/{rel}","templated":true}]}}