{"id":5389,"date":"2021-09-22T10:53:39","date_gmt":"2021-09-22T08:53:39","guid":{"rendered":"https:\/\/bwproducts.nl\/?page_id=5389"},"modified":"2022-05-11T16:00:06","modified_gmt":"2022-05-11T14:00:06","slug":"groundwater-treatment-2","status":"publish","type":"page","link":"https:\/\/brightwork.nl\/de\/groundwater-treatment-2\/","title":{"rendered":"Grundwasseraufbereitung"},"content":{"rendered":"<div id=\"pl-5389\"  class=\"panel-layout\" ><div id=\"pg-5389-0\"  class=\"panel-grid panel-no-style\" ><div id=\"pgc-5389-0-0\"  class=\"panel-grid-cell\" ><div id=\"panel-5389-0-0-0\" class=\"so-panel widget widget_text panel-first-child\" data-index=\"0\" >\t\t\t<div class=\"textwidget\"><h3>Grundwasseraufbereitung mit MBF-Filtration, praktische Ergebnisse und Referenzen<\/h3>\n<p>Die Behandlung basiert auf einer Kombination aus effizienter Bel\u00fcftung und kontinuierlicher (Bio-)Filtration. Die wichtigsten zu entfernenden Bestandteile sind Eisen, Mangan und Ammoniak. Zur Einhaltung der Trinkwasserqualit\u00e4t werden sowohl physikalisch-chemische als auch biologische Verfahren eingesetzt.<\/p>\n<\/div>\n\t\t<\/div><div id=\"panel-5389-0-0-1\" class=\"so-panel widget widget_text panel-last-child\" data-index=\"1\" >\t\t\t<div class=\"textwidget\"><p>Wenn Sie sich f\u00fcr dieses Thema interessieren, werfen Sie bitte einen Blick in unsere Bibliothek, die einschl\u00e4gige White Papers enth\u00e4lt: zu diesem Thema empfehlen wir das White Paper mit dem Titel:\u00a0<strong><em><a href=\"https:\/\/bwproducts.nl\/library\/\" target=\"_blank\" rel=\"noopener\">\"<\/a>Grundwasseraufbereitung mit MBF-Filtration, praktische Ergebnisse und Referenzen\".<\/em><\/strong><\/p>\n<\/div>\n\t\t<\/div><\/div><div id=\"pgc-5389-0-1\"  class=\"panel-grid-cell\" ><div id=\"panel-5389-0-1-0\" class=\"so-panel widget widget_sow-image panel-first-child panel-last-child\" data-index=\"2\" ><div\n\t\t\t\n\t\t\tclass=\"so-widget-sow-image so-widget-sow-image-default-8b5b6f678277-5389\"\n\t\t\t\n\t\t>\n\n<div class=\"sow-image-container\">\n\t\t<img fetchpriority=\"high\" decoding=\"async\" src=\"https:\/\/brightwork.nl\/wp-content\/uploads\/2021\/03\/IMG_2278-scaled.jpg\" width=\"2560\" height=\"1920\" srcset=\"https:\/\/brightwork.nl\/wp-content\/uploads\/2021\/03\/IMG_2278-scaled.jpg 2560w, https:\/\/brightwork.nl\/wp-content\/uploads\/2021\/03\/IMG_2278-300x225.jpg 300w, https:\/\/brightwork.nl\/wp-content\/uploads\/2021\/03\/IMG_2278-450x338.jpg 450w, https:\/\/brightwork.nl\/wp-content\/uploads\/2021\/03\/IMG_2278-768x576.jpg 768w, https:\/\/brightwork.nl\/wp-content\/uploads\/2021\/03\/IMG_2278-1536x1152.jpg 1536w, https:\/\/brightwork.nl\/wp-content\/uploads\/2021\/03\/IMG_2278-2048x1536.jpg 2048w\" sizes=\"(max-width: 2560px) 100vw, 2560px\" title=\"Grundwasseraufbereitung\" alt=\"Grundwasseraufbereitung\" \t\tclass=\"so-widget-image\"\/>\n\t<\/div>\n\n<\/div><\/div><\/div><\/div><\/div>","protected":false},"excerpt":{"rendered":"<p>Grundwasseraufbereitung mit MBF-Filtration, Feldergebnisse und Referenzen Die Behandlung konzentriert sich auf eine Kombination aus effizienter Bel\u00fcftung und kontinuierlicher (Bio-)Filtration. Die wichtigsten zu entfernenden Komponenten sind Eisen, Mangan und Ammoniak. Zur Einhaltung der Trinkwasserqualit\u00e4t werden sowohl physikalisch-chemische als auch biologische Verfahren eingesetzt. Wenn Sie sich f\u00fcr dieses Thema interessieren, werfen Sie bitte einen Blick in unsere Bibliothek, die einschl\u00e4gige White Papers enth\u00e4lt: Zu diesem Thema empfehlen wir das White Paper mit dem Titel: \"Grundwasseraufbereitung mit MBF-Filtration, Praxisergebnisse und Referenzen\".<\/p>","protected":false},"author":2,"featured_media":0,"parent":0,"menu_order":0,"comment_status":"closed","ping_status":"closed","template":"","meta":{"_eb_attr":"","footnotes":""},"class_list":["post-5389","page","type-page","status-publish"],"yoast_head":"<!-- This site is optimized with the Yoast SEO plugin v22.8 - https:\/\/yoast.com\/wordpress\/plugins\/seo\/ -->\n<title>Groundwater treatment - Brightwork BV<\/title>\n<meta name=\"description\" content=\"Treatment is focusing upon a combination of efficient aeration and continuous (bio)filtration. Main components to be removed are iron, manganese and ammonia. Both physical-chemical and biological processes are applied to meet drinking water quality levels.\" \/>\n<meta name=\"robots\" content=\"index, follow, max-snippet:-1, max-image-preview:large, max-video-preview:-1\" \/>\n<link rel=\"canonical\" href=\"https:\/\/brightwork.nl\/de\/groundwater-treatment-2\/\" \/>\n<meta property=\"og:locale\" content=\"de_DE\" \/>\n<meta property=\"og:type\" content=\"article\" \/>\n<meta property=\"og:title\" content=\"Groundwater treatment - Brightwork BV\" \/>\n<meta property=\"og:description\" content=\"Treatment is focusing upon a combination of efficient aeration and continuous (bio)filtration. Main components to be removed are iron, manganese and ammonia. Both physical-chemical and biological processes are applied to meet drinking water quality levels.\" \/>\n<meta property=\"og:url\" content=\"https:\/\/brightwork.nl\/de\/groundwater-treatment-2\/\" \/>\n<meta property=\"og:site_name\" content=\"Brightwork BV\" \/>\n<meta property=\"article:modified_time\" content=\"2022-05-11T14:00:06+00:00\" \/>\n<meta property=\"og:image\" content=\"https:\/\/brightwork.nl\/wp-content\/uploads\/2021\/01\/cropped-BW-products1-2.png\" \/>\n\t<meta property=\"og:image:width\" content=\"722\" \/>\n\t<meta property=\"og:image:height\" content=\"207\" \/>\n\t<meta property=\"og:image:type\" content=\"image\/png\" \/>\n<meta name=\"twitter:card\" content=\"summary_large_image\" \/>\n<script type=\"application\/ld+json\" class=\"yoast-schema-graph\">{\"@context\":\"https:\/\/schema.org\",\"@graph\":[{\"@type\":\"WebPage\",\"@id\":\"https:\/\/brightwork.nl\/groundwater-treatment-2\/\",\"url\":\"https:\/\/brightwork.nl\/groundwater-treatment-2\/\",\"name\":\"Groundwater treatment - Brightwork BV\",\"isPartOf\":{\"@id\":\"https:\/\/brightwork.nl\/#website\"},\"datePublished\":\"2021-09-22T08:53:39+00:00\",\"dateModified\":\"2022-05-11T14:00:06+00:00\",\"description\":\"Treatment is focusing upon a combination of efficient aeration and continuous (bio)filtration. Main components to be removed are iron, manganese and ammonia. Both physical-chemical and biological processes are applied to meet drinking water quality levels.\",\"breadcrumb\":{\"@id\":\"https:\/\/brightwork.nl\/groundwater-treatment-2\/#breadcrumb\"},\"inLanguage\":\"de\",\"potentialAction\":[{\"@type\":\"ReadAction\",\"target\":[\"https:\/\/brightwork.nl\/groundwater-treatment-2\/\"]}]},{\"@type\":\"BreadcrumbList\",\"@id\":\"https:\/\/brightwork.nl\/groundwater-treatment-2\/#breadcrumb\",\"itemListElement\":[{\"@type\":\"ListItem\",\"position\":1,\"name\":\"Home\",\"item\":\"https:\/\/brightwork.nl\/\"},{\"@type\":\"ListItem\",\"position\":2,\"name\":\"Groundwater treatment\"}]},{\"@type\":\"WebSite\",\"@id\":\"https:\/\/brightwork.nl\/#website\",\"url\":\"https:\/\/brightwork.nl\/\",\"name\":\"Brightwork BV\",\"description\":\"\",\"publisher\":{\"@id\":\"https:\/\/brightwork.nl\/#organization\"},\"potentialAction\":[{\"@type\":\"SearchAction\",\"target\":{\"@type\":\"EntryPoint\",\"urlTemplate\":\"https:\/\/brightwork.nl\/?s={search_term_string}\"},\"query-input\":\"required name=search_term_string\"}],\"inLanguage\":\"de\"},{\"@type\":\"Organization\",\"@id\":\"https:\/\/brightwork.nl\/#organization\",\"name\":\"BW products\",\"url\":\"https:\/\/brightwork.nl\/\",\"logo\":{\"@type\":\"ImageObject\",\"inLanguage\":\"de\",\"@id\":\"https:\/\/brightwork.nl\/#\/schema\/logo\/image\/\",\"url\":\"https:\/\/bwproducts.nl\/wp-content\/uploads\/2021\/01\/cropped-BW-products1-2.png\",\"contentUrl\":\"https:\/\/bwproducts.nl\/wp-content\/uploads\/2021\/01\/cropped-BW-products1-2.png\",\"width\":722,\"height\":207,\"caption\":\"BW products\"},\"image\":{\"@id\":\"https:\/\/brightwork.nl\/#\/schema\/logo\/image\/\"},\"sameAs\":[\"http:\/\/linkedin.com\/company\/brightwork-bv\",\"https:\/\/www.youtube.com\/channel\/UCX8W0zB6phHctI-6xnSz_iA\"]}]}<\/script>\n<!-- \/ Yoast SEO plugin. -->","yoast_head_json":{"title":"Groundwater treatment - Brightwork BV","description":"Treatment is focusing upon a combination of efficient aeration and continuous (bio)filtration. Main components to be removed are iron, manganese and ammonia. Both physical-chemical and biological processes are applied to meet drinking water quality levels.","robots":{"index":"index","follow":"follow","max-snippet":"max-snippet:-1","max-image-preview":"max-image-preview:large","max-video-preview":"max-video-preview:-1"},"canonical":"https:\/\/brightwork.nl\/de\/groundwater-treatment-2\/","og_locale":"de_DE","og_type":"article","og_title":"Groundwater treatment - Brightwork BV","og_description":"Treatment is focusing upon a combination of efficient aeration and continuous (bio)filtration. Main components to be removed are iron, manganese and ammonia. Both physical-chemical and biological processes are applied to meet drinking water quality levels.","og_url":"https:\/\/brightwork.nl\/de\/groundwater-treatment-2\/","og_site_name":"Brightwork BV","article_modified_time":"2022-05-11T14:00:06+00:00","og_image":[{"width":722,"height":207,"url":"https:\/\/brightwork.nl\/wp-content\/uploads\/2021\/01\/cropped-BW-products1-2.png","type":"image\/png"}],"twitter_card":"summary_large_image","schema":{"@context":"https:\/\/schema.org","@graph":[{"@type":"WebPage","@id":"https:\/\/brightwork.nl\/groundwater-treatment-2\/","url":"https:\/\/brightwork.nl\/groundwater-treatment-2\/","name":"Groundwater treatment - Brightwork BV","isPartOf":{"@id":"https:\/\/brightwork.nl\/#website"},"datePublished":"2021-09-22T08:53:39+00:00","dateModified":"2022-05-11T14:00:06+00:00","description":"Treatment is focusing upon a combination of efficient aeration and continuous (bio)filtration. Main components to be removed are iron, manganese and ammonia. Both physical-chemical and biological processes are applied to meet drinking water quality levels.","breadcrumb":{"@id":"https:\/\/brightwork.nl\/groundwater-treatment-2\/#breadcrumb"},"inLanguage":"de","potentialAction":[{"@type":"ReadAction","target":["https:\/\/brightwork.nl\/groundwater-treatment-2\/"]}]},{"@type":"BreadcrumbList","@id":"https:\/\/brightwork.nl\/groundwater-treatment-2\/#breadcrumb","itemListElement":[{"@type":"ListItem","position":1,"name":"Home","item":"https:\/\/brightwork.nl\/"},{"@type":"ListItem","position":2,"name":"Groundwater treatment"}]},{"@type":"WebSite","@id":"https:\/\/brightwork.nl\/#website","url":"https:\/\/brightwork.nl\/","name":"Brightwork BV","description":"","publisher":{"@id":"https:\/\/brightwork.nl\/#organization"},"potentialAction":[{"@type":"SearchAction","target":{"@type":"EntryPoint","urlTemplate":"https:\/\/brightwork.nl\/?s={search_term_string}"},"query-input":"required name=search_term_string"}],"inLanguage":"de"},{"@type":"Organization","@id":"https:\/\/brightwork.nl\/#organization","name":"BW products","url":"https:\/\/brightwork.nl\/","logo":{"@type":"ImageObject","inLanguage":"de","@id":"https:\/\/brightwork.nl\/#\/schema\/logo\/image\/","url":"https:\/\/bwproducts.nl\/wp-content\/uploads\/2021\/01\/cropped-BW-products1-2.png","contentUrl":"https:\/\/bwproducts.nl\/wp-content\/uploads\/2021\/01\/cropped-BW-products1-2.png","width":722,"height":207,"caption":"BW products"},"image":{"@id":"https:\/\/brightwork.nl\/#\/schema\/logo\/image\/"},"sameAs":["http:\/\/linkedin.com\/company\/brightwork-bv","https:\/\/www.youtube.com\/channel\/UCX8W0zB6phHctI-6xnSz_iA"]}]}},"_links":{"self":[{"href":"https:\/\/brightwork.nl\/de\/wp-json\/wp\/v2\/pages\/5389","targetHints":{"allow":["GET"]}}],"collection":[{"href":"https:\/\/brightwork.nl\/de\/wp-json\/wp\/v2\/pages"}],"about":[{"href":"https:\/\/brightwork.nl\/de\/wp-json\/wp\/v2\/types\/page"}],"author":[{"embeddable":true,"href":"https:\/\/brightwork.nl\/de\/wp-json\/wp\/v2\/users\/2"}],"replies":[{"embeddable":true,"href":"https:\/\/brightwork.nl\/de\/wp-json\/wp\/v2\/comments?post=5389"}],"version-history":[{"count":0,"href":"https:\/\/brightwork.nl\/de\/wp-json\/wp\/v2\/pages\/5389\/revisions"}],"wp:attachment":[{"href":"https:\/\/brightwork.nl\/de\/wp-json\/wp\/v2\/media?parent=5389"}],"curies":[{"name":"wp","href":"https:\/\/api.w.org\/{rel}","templated":true}]}}