{"id":7834,"date":"2022-03-15T16:22:37","date_gmt":"2022-03-15T15:22:37","guid":{"rendered":"https:\/\/brightwork.nl\/?page_id=7834"},"modified":"2025-05-28T14:28:41","modified_gmt":"2025-05-28T12:28:41","slug":"removal-of-antibiotics-and-pharmaceutical-residues-in-water-urgent","status":"publish","type":"page","link":"https:\/\/brightwork.nl\/de\/papers\/removal-of-antibiotics-and-pharmaceutical-residues-in-water-urgent\/","title":{"rendered":"Entfernung von Antibiotika und pharmazeutischen R\u00fcckst\u00e4nden im Wasser Dringend erforderlich - Papier"},"content":{"rendered":"<div data-elementor-type=\"wp-page\" data-elementor-id=\"7834\" class=\"elementor elementor-7834\">\n\t\t\t\t\t\t<section class=\"elementor-section elementor-top-section elementor-element elementor-element-8c03f26 elementor-section-stretched elementor-section-content-top elementor-section-boxed elementor-section-height-default elementor-section-height-default\" data-id=\"8c03f26\" data-element_type=\"section\" data-settings=\"{&quot;stretch_section&quot;:&quot;section-stretched&quot;}\">\n\t\t\t\t\t\t<div class=\"elementor-container elementor-column-gap-default\">\n\t\t\t\t\t<div class=\"elementor-column elementor-col-66 elementor-top-column elementor-element elementor-element-145992e\" data-id=\"145992e\" data-element_type=\"column\">\n\t\t\t<div class=\"elementor-widget-wrap elementor-element-populated\">\n\t\t\t\t\t\t<div class=\"elementor-element elementor-element-cf33612 elementor-widget elementor-widget-text-editor\" data-id=\"cf33612\" data-element_type=\"widget\" data-widget_type=\"text-editor.default\">\n\t\t\t\t<div class=\"elementor-widget-container\">\n\t\t\t\t\t\t\t<p>PAPIER<\/p>\t\t\t\t\t\t<\/div>\n\t\t\t\t<\/div>\n\t\t\t\t<div class=\"elementor-element elementor-element-ad66a10 elementor-widget elementor-widget-heading\" data-id=\"ad66a10\" data-element_type=\"widget\" data-widget_type=\"heading.default\">\n\t\t\t\t<div class=\"elementor-widget-container\">\n\t\t\t<h2 class=\"elementor-heading-title elementor-size-default\">Beseitigung von Antibiotika und Arzneimittelr\u00fcckst\u00e4nden im Wasser Dringend erforderlich<\/h2>\t\t<\/div>\n\t\t\t\t<\/div>\n\t\t\t\t<div class=\"elementor-element elementor-element-62821a6 elementor-widget elementor-widget-text-editor\" data-id=\"62821a6\" data-element_type=\"widget\" data-widget_type=\"text-editor.default\">\n\t\t\t\t<div class=\"elementor-widget-container\">\n\t\t\t\t\t\t\t<p class=\"MsoNormal\"><span style=\"font-size: 13.5pt; font-family: Roboto; background-image: initial; background-position: initial; background-size: initial; background-repeat: initial; background-attachment: initial; background-origin: initial; background-clip: initial;\">Laut WHO ist die antimikrobielle Resistenz (AMR) eine der gr\u00f6\u00dften Bedrohungen f\u00fcr die Gesundheit und die Lebensmittelsicherheit. Es wird immer deutlicher, dass sich Antibiotika, resistente Mikroorganismen und ihre Resistenzgene unsichtbar \u00fcber das Wasser verbreiten. Es ist wichtig, dass wir auch im Wasser wirksam gegen AMR vorgehen.<br \/>Laden Sie das Papier herunter, um weitere Informationen zu diesem Thema zu erhalten.<\/span><\/p>\t\t\t\t\t\t<\/div>\n\t\t\t\t<\/div>\n\t\t\t\t\t<\/div>\n\t\t<\/div>\n\t\t\t\t<div class=\"elementor-column elementor-col-33 elementor-top-column elementor-element elementor-element-324125b\" data-id=\"324125b\" data-element_type=\"column\">\n\t\t\t<div class=\"elementor-widget-wrap\">\n\t\t\t\t\t\t\t<\/div>\n\t\t<\/div>\n\t\t\t\t\t<\/div>\n\t\t<\/section>\n\t\t\t\t<section class=\"elementor-section elementor-top-section elementor-element elementor-element-6d77b12 elementor-section-boxed elementor-section-height-default elementor-section-height-default\" data-id=\"6d77b12\" data-element_type=\"section\">\n\t\t\t\t\t\t<div class=\"elementor-container elementor-column-gap-default\">\n\t\t\t\t\t<div class=\"elementor-column elementor-col-50 elementor-top-column elementor-element elementor-element-e8b94ac\" data-id=\"e8b94ac\" data-element_type=\"column\">\n\t\t\t<div class=\"elementor-widget-wrap elementor-element-populated\">\n\t\t\t\t\t\t<div class=\"elementor-element elementor-element-dbf256d elementor-widget elementor-widget-image\" data-id=\"dbf256d\" data-element_type=\"widget\" data-widget_type=\"image.default\">\n\t\t\t\t<div class=\"elementor-widget-container\">\n\t\t\t\t\t\t\t\t\t\t\t\t\t<img fetchpriority=\"high\" decoding=\"async\" width=\"750\" height=\"565\" src=\"https:\/\/brightwork.nl\/wp-content\/uploads\/2022\/03\/wp-revival_750x-min.png\" class=\"attachment-full size-full wp-image-7866\" alt=\"\" srcset=\"https:\/\/brightwork.nl\/wp-content\/uploads\/2022\/03\/wp-revival_750x-min.png 750w, https:\/\/brightwork.nl\/wp-content\/uploads\/2022\/03\/wp-revival_750x-min-300x226.png 300w, https:\/\/brightwork.nl\/wp-content\/uploads\/2022\/03\/wp-revival_750x-min-450x339.png 450w, https:\/\/brightwork.nl\/wp-content\/uploads\/2022\/03\/wp-revival_750x-min-16x12.png 16w\" sizes=\"(max-width: 750px) 100vw, 750px\" \/>\t\t\t\t\t\t\t\t\t\t\t\t\t<\/div>\n\t\t\t\t<\/div>\n\t\t\t\t<div class=\"elementor-element elementor-element-fa42d3f elementor-hidden-desktop elementor-hidden-tablet elementor-hidden-mobile elementor-widget elementor-widget-heading\" data-id=\"fa42d3f\" data-element_type=\"widget\" data-widget_type=\"heading.default\">\n\t\t\t\t<div class=\"elementor-widget-container\">\n\t\t\t<h2 class=\"elementor-heading-title elementor-size-default\">Laden Sie dieses Papier herunter, um mehr dar\u00fcber zu erfahren:<\/h2>\t\t<\/div>\n\t\t\t\t<\/div>\n\t\t\t\t<div class=\"elementor-element elementor-element-257a08b elementor-position-left elementor-hidden-desktop elementor-hidden-tablet elementor-hidden-mobile elementor-view-default elementor-mobile-position-top elementor-vertical-align-top elementor-widget elementor-widget-icon-box\" data-id=\"257a08b\" data-element_type=\"widget\" id=\"icon-no-title\" data-widget_type=\"icon-box.default\">\n\t\t\t\t<div class=\"elementor-widget-container\">\n\t\t\t\t\t<div class=\"elementor-icon-box-wrapper\">\n\n\t\t\t\t\t\t<div class=\"elementor-icon-box-icon\">\n\t\t\t\t<span  class=\"elementor-icon elementor-animation-\">\n\t\t\t\t<i aria-hidden=\"true\" class=\"fas fa-check-circle\"><\/i>\t\t\t\t<\/span>\n\t\t\t<\/div>\n\t\t\t\n\t\t\t\t\t\t<div class=\"elementor-icon-box-content\">\n\n\t\t\t\t\n\t\t\t\t\t\t\t\t\t<p class=\"elementor-icon-box-description\">\n\t\t\t\t\t\t<div>\n<p style=\"background-image: initial; background-position: initial; background-size: initial; background-repeat: initial; background-attachment: initial; background-origin: initial; background-clip: initial;\"><span style=\"font-size: 13pt; line-height: 107%; font-family: Arial, sans-serif;\">Wie wir es schaffen, die sehr niedrigen\nNiedrige Gesamtphosphorwerte mit kontinuierlicher terti\u00e4rer Sandfiltration.<\/span><span style=\"font-family: var( --e-global-typography-text-font-family ), Sans-serif; font-weight: var( --e-global-typography-text-font-weight );\"><\/span><\/p><\/div>\t\t\t\t\t<\/p>\n\t\t\t\t\n\t\t\t<\/div>\n\t\t\t\n\t\t<\/div>\n\t\t\t\t<\/div>\n\t\t\t\t<\/div>\n\t\t\t\t<div class=\"elementor-element elementor-element-62d9f76 elementor-position-left elementor-hidden-desktop elementor-hidden-tablet elementor-hidden-mobile elementor-view-default elementor-mobile-position-top elementor-vertical-align-top elementor-widget elementor-widget-icon-box\" data-id=\"62d9f76\" data-element_type=\"widget\" id=\"icon-no-title\" data-widget_type=\"icon-box.default\">\n\t\t\t\t<div class=\"elementor-widget-container\">\n\t\t\t\t\t<div class=\"elementor-icon-box-wrapper\">\n\n\t\t\t\t\t\t<div class=\"elementor-icon-box-icon\">\n\t\t\t\t<span  class=\"elementor-icon elementor-animation-\">\n\t\t\t\t<i aria-hidden=\"true\" class=\"fas fa-check-circle\"><\/i>\t\t\t\t<\/span>\n\t\t\t<\/div>\n\t\t\t\n\t\t\t\t\t\t<div class=\"elementor-icon-box-content\">\n\n\t\t\t\t\n\t\t\t\t\t\t\t\t\t<p class=\"elementor-icon-box-description\">\n\t\t\t\t\t\t<p class=\"MsoNormal\" style=\"background-image: initial; background-position: initial; background-size: initial; background-repeat: initial; background-attachment: initial; background-origin: initial; background-clip: initial;\"><span style=\"font-size: 13pt; line-height: 107%; font-family: Arial, sans-serif;\">Wie das Sand-Cycle-\u00dcberwachungstool\nkontinuierlich dazu beitr\u00e4gt, die Anlage ohne Anomalien zu betreiben.<\/span><span style=\"font-family: var( --e-global-typography-text-font-family ), Sans-serif; font-weight: var( --e-global-typography-text-font-weight );\"><\/span><\/p>\t\t\t\t\t<\/p>\n\t\t\t\t\n\t\t\t<\/div>\n\t\t\t\n\t\t<\/div>\n\t\t\t\t<\/div>\n\t\t\t\t<\/div>\n\t\t\t\t<div class=\"elementor-element elementor-element-c10794a elementor-position-left elementor-hidden-desktop elementor-hidden-tablet elementor-hidden-mobile elementor-view-default elementor-mobile-position-top elementor-vertical-align-top elementor-widget elementor-widget-icon-box\" data-id=\"c10794a\" data-element_type=\"widget\" id=\"icon-no-title\" data-widget_type=\"icon-box.default\">\n\t\t\t\t<div class=\"elementor-widget-container\">\n\t\t\t\t\t<div class=\"elementor-icon-box-wrapper\">\n\n\t\t\t\t\t\t<div class=\"elementor-icon-box-icon\">\n\t\t\t\t<span  class=\"elementor-icon elementor-animation-\">\n\t\t\t\t<i aria-hidden=\"true\" class=\"fas fa-check-circle\"><\/i>\t\t\t\t<\/span>\n\t\t\t<\/div>\n\t\t\t\n\t\t\t\t\t\t<div class=\"elementor-icon-box-content\">\n\n\t\t\t\t\n\t\t\t\t\t\t\t\t\t<p class=\"elementor-icon-box-description\">\n\t\t\t\t\t\t<p class=\"MsoNormal\"><span style=\"font-size: 13pt; line-height: 107%; font-family: Arial, sans-serif;\">Welche Ergebnisse werden Jahr f\u00fcr Jahr f\u00fcr verschiedene\nParameter, einschlie\u00dflich Gesamtphosphor, Schwebstoffe, BSB und Stickstoff.<\/span><span style=\"font-family: var( --e-global-typography-text-font-family ), Sans-serif; font-weight: var( --e-global-typography-text-font-weight );\"><\/span><\/p>\t\t\t\t\t<\/p>\n\t\t\t\t\n\t\t\t<\/div>\n\t\t\t\n\t\t<\/div>\n\t\t\t\t<\/div>\n\t\t\t\t<\/div>\n\t\t\t\t\t<\/div>\n\t\t<\/div>\n\t\t\t\t<div class=\"elementor-column elementor-col-50 elementor-top-column elementor-element elementor-element-a65a9e4\" data-id=\"a65a9e4\" data-element_type=\"column\" data-settings=\"{&quot;background_background&quot;:&quot;classic&quot;}\">\n\t\t\t<div class=\"elementor-widget-wrap elementor-element-populated\">\n\t\t\t\t\t\t<section class=\"elementor-section elementor-inner-section elementor-element elementor-element-ca9037c elementor-section-boxed elementor-section-height-default elementor-section-height-default\" data-id=\"ca9037c\" data-element_type=\"section\" id=\"wp-form\" data-settings=\"{&quot;background_background&quot;:&quot;classic&quot;}\">\n\t\t\t\t\t\t<div class=\"elementor-container elementor-column-gap-default\">\n\t\t\t\t\t<div class=\"elementor-column elementor-col-100 elementor-inner-column elementor-element elementor-element-783d6e8\" data-id=\"783d6e8\" data-element_type=\"column\">\n\t\t\t<div class=\"elementor-widget-wrap elementor-element-populated\">\n\t\t\t\t\t\t<div class=\"elementor-element elementor-element-2c754aa elementor-widget elementor-widget-heading\" data-id=\"2c754aa\" data-element_type=\"widget\" data-widget_type=\"heading.default\">\n\t\t\t\t<div class=\"elementor-widget-container\">\n\t\t\t<h2 class=\"elementor-heading-title elementor-size-default\"><a href=\"https:\/\/brightwork.nl\/wp-content\/uploads\/2025\/05\/2021-Whitepaper_Removal-of-Antibiotics-from-Water-Urgent.pdf\" target=\"_blank\">DOWNLOAD PAPIER<\/a><\/h2>\t\t<\/div>\n\t\t\t\t<\/div>\n\t\t\t\t<div class=\"elementor-element elementor-element-5a544cf elementor-widget elementor-widget-shortcode\" data-id=\"5a544cf\" data-element_type=\"widget\" data-widget_type=\"shortcode.default\">\n\t\t\t\t<div class=\"elementor-widget-container\">\n\t\t\t\t\t<div class=\"elementor-shortcode\"><div class='_form_13'><\/div><script type='text\/javascript' src='https:\/\/brightwork3803.activehosted.com\/f\/embed.php?static=0&id=13&69E019920411D&nostyles=1&preview=0'><\/script><\/div>\n\t\t\t\t<\/div>\n\t\t\t\t<\/div>\n\t\t\t\t\t<\/div>\n\t\t<\/div>\n\t\t\t\t\t<\/div>\n\t\t<\/section>\n\t\t\t\t\t<\/div>\n\t\t<\/div>\n\t\t\t\t\t<\/div>\n\t\t<\/section>\n\t\t\t\t<\/div>","protected":false},"excerpt":{"rendered":"<p>PAPER Entfernung von Antibiotika und Arzneimittelr\u00fcckst\u00e4nden im Wasser Dringend erforderlich Laut WHO ist die antimikrobielle Resistenz (AMR) eine der gr\u00f6\u00dften Bedrohungen f\u00fcr die Gesundheit und Lebensmittelsicherheit. Es wird immer deutlicher, dass sich Antibiotika, resistente Mikroorganismen und ihre Resistenzgene unsichtbar \u00fcber das Wasser verbreiten. Es ist wichtig, dass wir AMR auch im Wasser wirksam bek\u00e4mpfen. Laden Sie das Papier herunter, um weitere Informationen zu diesem Thema zu erhalten. Laden Sie dieses Papier herunter und erfahren Sie mehr: Wie es uns gelingt, mit kontinuierlicher terti\u00e4rer Sandfiltration konstant sehr niedrige Gesamtphosphorwerte einzuhalten. Wie das Sand-Cycle-\u00dcberwachungstool kontinuierlich dazu beitr\u00e4gt, die Anlage ohne Anomalien zu betreiben. ... <a title=\"Entfernung von Antibiotika und pharmazeutischen R\u00fcckst\u00e4nden im Wasser Dringend erforderlich - Papier\" class=\"read-more\" href=\"https:\/\/brightwork.nl\/de\/papers\/removal-of-antibiotics-and-pharmaceutical-residues-in-water-urgent\/\" aria-label=\"Mehr dazu unter Beseitigung von Antibiotika- und Arzneimittelr\u00fcckst\u00e4nden im Wasser Dringend - Papier\">Weiterlesen<\/a><\/p>","protected":false},"author":2,"featured_media":0,"parent":5909,"menu_order":0,"comment_status":"closed","ping_status":"closed","template":"","meta":{"_eb_attr":"","footnotes":""},"class_list":["post-7834","page","type-page","status-publish"],"yoast_head":"<!-- This site is optimized with the Yoast SEO plugin v22.8 - https:\/\/yoast.com\/wordpress\/plugins\/seo\/ -->\n<title>Removal of Antibiotics and Pharmaceutical Residues in Water Urgent - Paper - Brightwork BV<\/title>\n<meta name=\"description\" content=\"Removal of Antibiotics and Pharmaceutical Residues in Water and waste water.\" \/>\n<meta name=\"robots\" content=\"index, follow, max-snippet:-1, max-image-preview:large, max-video-preview:-1\" \/>\n<link rel=\"canonical\" href=\"https:\/\/brightwork.nl\/de\/papers\/removal-of-antibiotics-and-pharmaceutical-residues-in-water-urgent\/\" \/>\n<meta property=\"og:locale\" content=\"de_DE\" \/>\n<meta property=\"og:type\" content=\"article\" \/>\n<meta property=\"og:title\" content=\"Removal of Antibiotics and Pharmaceutical Residues in Water Urgent - Paper - Brightwork BV\" \/>\n<meta property=\"og:description\" content=\"Removal of Antibiotics and Pharmaceutical Residues in Water and waste water.\" \/>\n<meta property=\"og:url\" content=\"https:\/\/brightwork.nl\/de\/papers\/removal-of-antibiotics-and-pharmaceutical-residues-in-water-urgent\/\" \/>\n<meta property=\"og:site_name\" content=\"Brightwork BV\" \/>\n<meta property=\"article:modified_time\" content=\"2025-05-28T12:28:41+00:00\" \/>\n<meta property=\"og:image\" content=\"https:\/\/brightwork.nl\/wp-content\/uploads\/2022\/03\/wp-revival_750x-min.png\" \/>\n<meta name=\"twitter:card\" content=\"summary_large_image\" \/>\n<script type=\"application\/ld+json\" class=\"yoast-schema-graph\">{\"@context\":\"https:\/\/schema.org\",\"@graph\":[{\"@type\":\"WebPage\",\"@id\":\"https:\/\/brightwork.nl\/papers\/removal-of-antibiotics-and-pharmaceutical-residues-in-water-urgent\/\",\"url\":\"https:\/\/brightwork.nl\/papers\/removal-of-antibiotics-and-pharmaceutical-residues-in-water-urgent\/\",\"name\":\"Removal of Antibiotics and Pharmaceutical Residues in Water Urgent - Paper - Brightwork BV\",\"isPartOf\":{\"@id\":\"https:\/\/brightwork.nl\/#website\"},\"primaryImageOfPage\":{\"@id\":\"https:\/\/brightwork.nl\/papers\/removal-of-antibiotics-and-pharmaceutical-residues-in-water-urgent\/#primaryimage\"},\"image\":{\"@id\":\"https:\/\/brightwork.nl\/papers\/removal-of-antibiotics-and-pharmaceutical-residues-in-water-urgent\/#primaryimage\"},\"thumbnailUrl\":\"https:\/\/brightwork.nl\/wp-content\/uploads\/2022\/03\/wp-revival_750x-min.png\",\"datePublished\":\"2022-03-15T15:22:37+00:00\",\"dateModified\":\"2025-05-28T12:28:41+00:00\",\"description\":\"Removal of Antibiotics and Pharmaceutical Residues in Water and waste water.\",\"breadcrumb\":{\"@id\":\"https:\/\/brightwork.nl\/papers\/removal-of-antibiotics-and-pharmaceutical-residues-in-water-urgent\/#breadcrumb\"},\"inLanguage\":\"de\",\"potentialAction\":[{\"@type\":\"ReadAction\",\"target\":[\"https:\/\/brightwork.nl\/papers\/removal-of-antibiotics-and-pharmaceutical-residues-in-water-urgent\/\"]}]},{\"@type\":\"ImageObject\",\"inLanguage\":\"de\",\"@id\":\"https:\/\/brightwork.nl\/papers\/removal-of-antibiotics-and-pharmaceutical-residues-in-water-urgent\/#primaryimage\",\"url\":\"https:\/\/brightwork.nl\/wp-content\/uploads\/2022\/03\/wp-revival_750x-min.png\",\"contentUrl\":\"https:\/\/brightwork.nl\/wp-content\/uploads\/2022\/03\/wp-revival_750x-min.png\"},{\"@type\":\"BreadcrumbList\",\"@id\":\"https:\/\/brightwork.nl\/papers\/removal-of-antibiotics-and-pharmaceutical-residues-in-water-urgent\/#breadcrumb\",\"itemListElement\":[{\"@type\":\"ListItem\",\"position\":1,\"name\":\"Home\",\"item\":\"https:\/\/brightwork.nl\/\"},{\"@type\":\"ListItem\",\"position\":2,\"name\":\"Papers\",\"item\":\"https:\/\/brightwork.nl\/papers\/\"},{\"@type\":\"ListItem\",\"position\":3,\"name\":\"Removal of Antibiotics and Pharmaceutical Residues in Water Urgent &#8211; Paper\"}]},{\"@type\":\"WebSite\",\"@id\":\"https:\/\/brightwork.nl\/#website\",\"url\":\"https:\/\/brightwork.nl\/\",\"name\":\"Brightwork BV\",\"description\":\"\",\"publisher\":{\"@id\":\"https:\/\/brightwork.nl\/#organization\"},\"potentialAction\":[{\"@type\":\"SearchAction\",\"target\":{\"@type\":\"EntryPoint\",\"urlTemplate\":\"https:\/\/brightwork.nl\/?s={search_term_string}\"},\"query-input\":\"required name=search_term_string\"}],\"inLanguage\":\"de\"},{\"@type\":\"Organization\",\"@id\":\"https:\/\/brightwork.nl\/#organization\",\"name\":\"BW products\",\"url\":\"https:\/\/brightwork.nl\/\",\"logo\":{\"@type\":\"ImageObject\",\"inLanguage\":\"de\",\"@id\":\"https:\/\/brightwork.nl\/#\/schema\/logo\/image\/\",\"url\":\"https:\/\/bwproducts.nl\/wp-content\/uploads\/2021\/01\/cropped-BW-products1-2.png\",\"contentUrl\":\"https:\/\/bwproducts.nl\/wp-content\/uploads\/2021\/01\/cropped-BW-products1-2.png\",\"width\":722,\"height\":207,\"caption\":\"BW products\"},\"image\":{\"@id\":\"https:\/\/brightwork.nl\/#\/schema\/logo\/image\/\"},\"sameAs\":[\"http:\/\/linkedin.com\/company\/brightwork-bv\",\"https:\/\/www.youtube.com\/channel\/UCX8W0zB6phHctI-6xnSz_iA\"]}]}<\/script>\n<!-- \/ Yoast SEO plugin. -->","yoast_head_json":{"title":"Removal of Antibiotics and Pharmaceutical Residues in Water Urgent - Paper - Brightwork BV","description":"Removal of Antibiotics and Pharmaceutical Residues in Water and waste water.","robots":{"index":"index","follow":"follow","max-snippet":"max-snippet:-1","max-image-preview":"max-image-preview:large","max-video-preview":"max-video-preview:-1"},"canonical":"https:\/\/brightwork.nl\/de\/papers\/removal-of-antibiotics-and-pharmaceutical-residues-in-water-urgent\/","og_locale":"de_DE","og_type":"article","og_title":"Removal of Antibiotics and Pharmaceutical Residues in Water Urgent - Paper - Brightwork BV","og_description":"Removal of Antibiotics and Pharmaceutical Residues in Water and waste water.","og_url":"https:\/\/brightwork.nl\/de\/papers\/removal-of-antibiotics-and-pharmaceutical-residues-in-water-urgent\/","og_site_name":"Brightwork BV","article_modified_time":"2025-05-28T12:28:41+00:00","og_image":[{"url":"https:\/\/brightwork.nl\/wp-content\/uploads\/2022\/03\/wp-revival_750x-min.png"}],"twitter_card":"summary_large_image","schema":{"@context":"https:\/\/schema.org","@graph":[{"@type":"WebPage","@id":"https:\/\/brightwork.nl\/papers\/removal-of-antibiotics-and-pharmaceutical-residues-in-water-urgent\/","url":"https:\/\/brightwork.nl\/papers\/removal-of-antibiotics-and-pharmaceutical-residues-in-water-urgent\/","name":"Removal of Antibiotics and Pharmaceutical Residues in Water Urgent - Paper - Brightwork BV","isPartOf":{"@id":"https:\/\/brightwork.nl\/#website"},"primaryImageOfPage":{"@id":"https:\/\/brightwork.nl\/papers\/removal-of-antibiotics-and-pharmaceutical-residues-in-water-urgent\/#primaryimage"},"image":{"@id":"https:\/\/brightwork.nl\/papers\/removal-of-antibiotics-and-pharmaceutical-residues-in-water-urgent\/#primaryimage"},"thumbnailUrl":"https:\/\/brightwork.nl\/wp-content\/uploads\/2022\/03\/wp-revival_750x-min.png","datePublished":"2022-03-15T15:22:37+00:00","dateModified":"2025-05-28T12:28:41+00:00","description":"Removal of Antibiotics and Pharmaceutical Residues in Water and waste water.","breadcrumb":{"@id":"https:\/\/brightwork.nl\/papers\/removal-of-antibiotics-and-pharmaceutical-residues-in-water-urgent\/#breadcrumb"},"inLanguage":"de","potentialAction":[{"@type":"ReadAction","target":["https:\/\/brightwork.nl\/papers\/removal-of-antibiotics-and-pharmaceutical-residues-in-water-urgent\/"]}]},{"@type":"ImageObject","inLanguage":"de","@id":"https:\/\/brightwork.nl\/papers\/removal-of-antibiotics-and-pharmaceutical-residues-in-water-urgent\/#primaryimage","url":"https:\/\/brightwork.nl\/wp-content\/uploads\/2022\/03\/wp-revival_750x-min.png","contentUrl":"https:\/\/brightwork.nl\/wp-content\/uploads\/2022\/03\/wp-revival_750x-min.png"},{"@type":"BreadcrumbList","@id":"https:\/\/brightwork.nl\/papers\/removal-of-antibiotics-and-pharmaceutical-residues-in-water-urgent\/#breadcrumb","itemListElement":[{"@type":"ListItem","position":1,"name":"Home","item":"https:\/\/brightwork.nl\/"},{"@type":"ListItem","position":2,"name":"Papers","item":"https:\/\/brightwork.nl\/papers\/"},{"@type":"ListItem","position":3,"name":"Removal of Antibiotics and Pharmaceutical Residues in Water Urgent &#8211; Paper"}]},{"@type":"WebSite","@id":"https:\/\/brightwork.nl\/#website","url":"https:\/\/brightwork.nl\/","name":"Brightwork BV","description":"","publisher":{"@id":"https:\/\/brightwork.nl\/#organization"},"potentialAction":[{"@type":"SearchAction","target":{"@type":"EntryPoint","urlTemplate":"https:\/\/brightwork.nl\/?s={search_term_string}"},"query-input":"required name=search_term_string"}],"inLanguage":"de"},{"@type":"Organization","@id":"https:\/\/brightwork.nl\/#organization","name":"BW products","url":"https:\/\/brightwork.nl\/","logo":{"@type":"ImageObject","inLanguage":"de","@id":"https:\/\/brightwork.nl\/#\/schema\/logo\/image\/","url":"https:\/\/bwproducts.nl\/wp-content\/uploads\/2021\/01\/cropped-BW-products1-2.png","contentUrl":"https:\/\/bwproducts.nl\/wp-content\/uploads\/2021\/01\/cropped-BW-products1-2.png","width":722,"height":207,"caption":"BW products"},"image":{"@id":"https:\/\/brightwork.nl\/#\/schema\/logo\/image\/"},"sameAs":["http:\/\/linkedin.com\/company\/brightwork-bv","https:\/\/www.youtube.com\/channel\/UCX8W0zB6phHctI-6xnSz_iA"]}]}},"_links":{"self":[{"href":"https:\/\/brightwork.nl\/de\/wp-json\/wp\/v2\/pages\/7834","targetHints":{"allow":["GET"]}}],"collection":[{"href":"https:\/\/brightwork.nl\/de\/wp-json\/wp\/v2\/pages"}],"about":[{"href":"https:\/\/brightwork.nl\/de\/wp-json\/wp\/v2\/types\/page"}],"author":[{"embeddable":true,"href":"https:\/\/brightwork.nl\/de\/wp-json\/wp\/v2\/users\/2"}],"replies":[{"embeddable":true,"href":"https:\/\/brightwork.nl\/de\/wp-json\/wp\/v2\/comments?post=7834"}],"version-history":[{"count":3,"href":"https:\/\/brightwork.nl\/de\/wp-json\/wp\/v2\/pages\/7834\/revisions"}],"predecessor-version":[{"id":10111,"href":"https:\/\/brightwork.nl\/de\/wp-json\/wp\/v2\/pages\/7834\/revisions\/10111"}],"up":[{"embeddable":true,"href":"https:\/\/brightwork.nl\/de\/wp-json\/wp\/v2\/pages\/5909"}],"wp:attachment":[{"href":"https:\/\/brightwork.nl\/de\/wp-json\/wp\/v2\/media?parent=7834"}],"curies":[{"name":"wp","href":"https:\/\/api.w.org\/{rel}","templated":true}]}}