{"id":8091,"date":"2022-04-07T08:34:26","date_gmt":"2022-04-07T06:34:26","guid":{"rendered":"https:\/\/brightwork.nl\/?page_id=8091"},"modified":"2022-04-29T06:29:15","modified_gmt":"2022-04-29T04:29:15","slug":"projects-new","status":"publish","type":"page","link":"https:\/\/brightwork.nl\/de\/projects-new\/","title":{"rendered":"Projekte"},"content":{"rendered":"<h2>Tellus feugiat non leo malesuada pharetra egestas.<\/h2>\n<h2>\u00dcberblick \u00fcber das Projekt<\/h2>\n<p>Nunc mattis curabitur vitae suspendisse urna. Ut egestas quis platea pulvinar volutpat. Nibh leo amet duis netus odio tellus proin nisi. Mauris pretium urna eget augue. Non mauris venenatis at at. Dis amet ornare condimentum consequat. Gravida cras ac scelerisque feugiat. Egestas fringilla dolor tortor sapien fames risus at. In condimentum sed interdum mus. Malesuada cras felis lobortis posuere bibendum sit nunc vitae. Elementum consequat quam dui ac volutpat sed. Mauris velit, enim nisi, amet in duis enim habitasse. Non venenatis facilisis at ut.<\/p>\n<p>Nulla donec neque, id pellentesque vel nullam eget enim. Fermentum morbi neque a posuere potenti. Dis tellus sed volutpat aliquet purus. Congue enim senectus risus nulla ornare quam molestie nibh id. Fermentum, vestibulum sem diam dictum nulla mauris. Parturient leo suspendisse diam tortor, tortor nibh etiam. Elit, in semper in scelerisque ornare. Sit cursus id quisque enim pellentesque eget turpis ipsum. Non, massa amet nunc porttitor sapien, lacus. Ullamcorper vestibulum consectetur lectus ultrices consectetur egestas dapibus ut. Malesuada fusce adipiscing proin laoreet posuere mi parturient. A ultrices et ultrices nec quam senectus et sodales. Varius eu nunc enim vitae. Phasellus pharetra scelerisque viverra accumsan ullamcorper velit ipsum pellentesque.<\/p>\n<h2>Problem<\/h2>\n<p>Nunc mattis curabitur vitae suspendisse urna. Ut egestas quis platea pulvinar volutpat. Nibh leo amet duis netus odio tellus proin nisi. Mauris pretium urna eget augue. Non mauris venenatis at at. Dis amet ornare condimentum consequat. Gravida cras ac scelerisque feugiat. Egestas fringilla dolor tortor sapien fames risus at. In condimentum sed interdum mus. Malesuada cras felis lobortis posuere bibendum sit nunc vitae. Elementum consequat quam dui ac volutpat sed. Mauris velit, enim nisi, amet in duis enim habitasse. Non venenatis facilisis at ut.<\/p>\n<p><img loading=\"lazy\" decoding=\"async\" width=\"450\" height=\"341\" src=\"https:\/\/brightwork.nl\/wp-content\/uploads\/2022\/04\/20210208_MBF_600x-min-450x341.jpeg\" alt=\"\" srcset=\"https:\/\/brightwork.nl\/wp-content\/uploads\/2022\/04\/20210208_MBF_600x-min-450x341.jpeg 450w, https:\/\/brightwork.nl\/wp-content\/uploads\/2022\/04\/20210208_MBF_600x-min-300x227.jpeg 300w, https:\/\/brightwork.nl\/wp-content\/uploads\/2022\/04\/20210208_MBF_600x-min-16x12.jpeg 16w, https:\/\/brightwork.nl\/wp-content\/uploads\/2022\/04\/20210208_MBF_600x-min.jpeg 592w\" sizes=\"auto, (max-width: 450px) 100vw, 450px\"><br \/>\n<img loading=\"lazy\" decoding=\"async\" width=\"450\" height=\"341\" src=\"https:\/\/brightwork.nl\/wp-content\/uploads\/2022\/04\/20210208_MBF_600x-min-450x341.jpeg\" alt=\"\" srcset=\"https:\/\/brightwork.nl\/wp-content\/uploads\/2022\/04\/20210208_MBF_600x-min-450x341.jpeg 450w, https:\/\/brightwork.nl\/wp-content\/uploads\/2022\/04\/20210208_MBF_600x-min-300x227.jpeg 300w, https:\/\/brightwork.nl\/wp-content\/uploads\/2022\/04\/20210208_MBF_600x-min-16x12.jpeg 16w, https:\/\/brightwork.nl\/wp-content\/uploads\/2022\/04\/20210208_MBF_600x-min.jpeg 592w\" sizes=\"auto, (max-width: 450px) 100vw, 450px\"><br \/>\n<img loading=\"lazy\" decoding=\"async\" width=\"450\" height=\"341\" src=\"https:\/\/brightwork.nl\/wp-content\/uploads\/2022\/04\/20210208_MBF_600x-min-450x341.jpeg\" alt=\"\" srcset=\"https:\/\/brightwork.nl\/wp-content\/uploads\/2022\/04\/20210208_MBF_600x-min-450x341.jpeg 450w, https:\/\/brightwork.nl\/wp-content\/uploads\/2022\/04\/20210208_MBF_600x-min-300x227.jpeg 300w, https:\/\/brightwork.nl\/wp-content\/uploads\/2022\/04\/20210208_MBF_600x-min-16x12.jpeg 16w, https:\/\/brightwork.nl\/wp-content\/uploads\/2022\/04\/20210208_MBF_600x-min.jpeg 592w\" sizes=\"auto, (max-width: 450px) 100vw, 450px\"><\/p>\n<h2>L\u00f6sung<\/h2>\n<p>Nunc mattis curabitur vitae suspendisse urna. Ut egestas quis platea pulvinar volutpat. Nibh leo amet duis netus odio tellus proin nisi. Mauris pretium urna eget augue. Non mauris venenatis at at. Dis amet ornare condimentum consequat. Gravida cras ac scelerisque feugiat. Egestas fringilla dolor tortor sapien fames risus at. In condimentum sed interdum mus. Malesuada cras felis lobortis posuere bibendum sit nunc vitae. Elementum consequat quam dui ac volutpat sed. Mauris velit, enim nisi, amet in duis enim habitasse. Non venenatis facilisis at ut. Nibh leo amet duis netus odio tellus proin nisi. Mauris pretium urna eget augue.<\/p>\n<p><img loading=\"lazy\" decoding=\"async\" width=\"450\" height=\"341\" src=\"https:\/\/brightwork.nl\/wp-content\/uploads\/2022\/04\/20210208_MBF_600x-min-450x341.jpeg\" alt=\"\" srcset=\"https:\/\/brightwork.nl\/wp-content\/uploads\/2022\/04\/20210208_MBF_600x-min-450x341.jpeg 450w, https:\/\/brightwork.nl\/wp-content\/uploads\/2022\/04\/20210208_MBF_600x-min-300x227.jpeg 300w, https:\/\/brightwork.nl\/wp-content\/uploads\/2022\/04\/20210208_MBF_600x-min-16x12.jpeg 16w, https:\/\/brightwork.nl\/wp-content\/uploads\/2022\/04\/20210208_MBF_600x-min.jpeg 592w\" sizes=\"auto, (max-width: 450px) 100vw, 450px\"><\/p>\n<p>Nunc mattis curabitur vitae suspendisse urna. Ut egestas quis platea pulvinar volutpat. Nibh leo amet duis netus odio tellus proin nisi. Mauris pretium urna eget augue. Non mauris venenatis at at. Dis amet ornare condimentum consequat. Gravida cras ac scelerisque feugiat. Egestas fringilla dolor tortor sapien fames risus at. In condimentum sed interdum mus. Malesuada cras felis lobortis posuere bibendum sit nunc vitae. Elementum consequat quam dui ac volutpat sed. Mauris velit, enim nisi, amet in duis enim habitasse. Non venenatis facilisis at ut. Nibh leo amet duis netus odio tellus proin nisi. Mauris pretium urna eget augue.<\/p>\n<h2>Vorteile<\/h2>\n<p>Sed vitae ut elementum enim enim. Mollis pretium odio habitasse convallis. Dolor mi tortor sed dictumst ornare dignissim lacus. Senectus donec egestas odio rhoncus, et risus ullamcorper arcu porta. Et nullam elit condimentum morbi molestie quam sed ultrices risus. Diam magna id mattis sit enim nibh tellus, fringilla ultricies. Et integer ut nibh morbi potenti. Porttitor massa in suspendisse vel dignissim lorem massa non suspendisse. Sodales in fringilla facilisis consectetur turpis duis massa. Maecenas bibendum tristique vestibulum consectetur. Ornare dictum vitae, vitae non. Tincidunt dictum in pretium ac ut non pretium.<\/p>\n<p>0<br \/>\n%<br \/>\nEtwas hier<br \/>\n0<br \/>\n%<br \/>\nEtwas hier<\/p>\n<h3>\n\t\t\t\t\t\tDies ist die \u00dcberschrift<\/h3>\n<p>Lorem ipsum dolor sit amet, consectetur adipiscing elit. Ut elit tellus, luctus nec ullamcorper mattis, pulvinar dapibus leo.<\/p>\n<h3>\n\t\t\t\t\t\tDies ist die \u00dcberschrift<\/h3>\n<p>Lorem ipsum dolor sit amet, consectetur adipiscing elit. Ut elit tellus, luctus nec ullamcorper mattis, pulvinar dapibus leo.<\/p>\n<h3>\n\t\t\t\t\t\tDies ist die \u00dcberschrift<\/h3>\n<p>Lorem ipsum dolor sit amet, consectetur adipiscing elit. Ut elit tellus, luctus nec ullamcorper mattis, pulvinar dapibus leo.<\/p>\n<h2>Testimonials<\/h2>\n<p>Wir freuen uns, mit unseren Kunden zusammenzuarbeiten, um ihre Ziele zu erreichen.<br \/>\nUnd wir sch\u00e4tzen ihr Feedback sehr!<\/p>\n<p><img loading=\"lazy\" decoding=\"async\" width=\"50\" height=\"46\" src=\"https:\/\/brightwork.nl\/wp-content\/uploads\/2021\/11\/quote-icon_50x.png\" alt=\"\" srcset=\"https:\/\/brightwork.nl\/wp-content\/uploads\/2021\/11\/quote-icon_50x.png 50w, https:\/\/brightwork.nl\/wp-content\/uploads\/2021\/11\/quote-icon_50x-13x12.png 13w\" sizes=\"auto, (max-width: 50px) 100vw, 50px\"><\/p>\n<p>Wir betreiben eine gro\u00dfe Terti\u00e4rfilteranlage, die aus 24 Filterzellen besteht, um Stickstoff und Phosphor vor der Einleitung des Abwassers zu entfernen. Die Anlage ist seit 2009 in Betrieb, und anfangs versuchten wir, die Filter mit einem Ultraschallger\u00e4t zur Messung der Sandzirkulation zu \u00fcberwachen. Dies funktionierte jedoch nicht. Nachdem Brightwork Sand-Cycle eingef\u00fchrt hatte, erwies sich dies als sehr n\u00fctzlich f\u00fcr unseren t\u00e4glichen Betrieb. Es ist uns gelungen, die Filter optimal zu betreiben, und wir sind sehr froh, dass wir ein so leistungsf\u00e4higes Werkzeug einsetzen k\u00f6nnen.<\/p>\n<h2>Jan Boonstra<\/h2>\n<h2>Wetterskip Frysl\u00e2n<\/h2>\n<p><img loading=\"lazy\" decoding=\"async\" width=\"50\" height=\"46\" src=\"https:\/\/brightwork.nl\/wp-content\/uploads\/2021\/11\/quote-icon_50x.png\" alt=\"\" srcset=\"https:\/\/brightwork.nl\/wp-content\/uploads\/2021\/11\/quote-icon_50x.png 50w, https:\/\/brightwork.nl\/wp-content\/uploads\/2021\/11\/quote-icon_50x-13x12.png 13w\" sizes=\"auto, (max-width: 50px) 100vw, 50px\"><\/p>\n<p>Conway Engineering wurde vom Kunden mit der Planung, dem Bau und der Inbetriebnahme einer schl\u00fcsselfertigen L\u00f6sung f\u00fcr die Behandlung von kontaminiertem Sickerwasser aus Baggerarbeiten im Alexandra Basin, Hafen von Dublin, Irland, beauftragt. Zu den gr\u00f6\u00dften Herausforderungen z\u00e4hlten der Grad der Verschmutzung, die strengen Einleitungsnormen, das verf\u00fcgbare Gel\u00e4nde und die begrenzten Probenahmedaten, die urspr\u00fcnglich f\u00fcr die Planung zur Verf\u00fcgung standen.<\/p>\n<p>Die offene Zusammenarbeit mit Brightwork erm\u00f6glichte es uns, ein ma\u00dfgeschneidertes Behandlungsverfahren zu entwerfen und zu entwickeln, das vor Ort optimiert und erweitert wurde, um die Einhaltung der strengen Umweltgenehmigungen zu gew\u00e4hrleisten. Diese Partnerschaft f\u00fchrte zu einer erfolgreichen Umsetzung der Vorgaben des Kunden nach h\u00f6chsten Standards.<\/p>\n<h2>Jennifer MacNamara<\/h2>\n<h2>Conway Technik<\/h2>\n<p><img loading=\"lazy\" decoding=\"async\" width=\"798\" height=\"494\" src=\"https:\/\/brightwork.nl\/wp-content\/uploads\/2021\/11\/mockup-min.png\" alt=\"\" srcset=\"https:\/\/brightwork.nl\/wp-content\/uploads\/2021\/11\/mockup-min.png 798w, https:\/\/brightwork.nl\/wp-content\/uploads\/2021\/11\/mockup-min-300x186.png 300w, https:\/\/brightwork.nl\/wp-content\/uploads\/2021\/11\/mockup-min-450x279.png 450w, https:\/\/brightwork.nl\/wp-content\/uploads\/2021\/11\/mockup-min-768x475.png 768w, https:\/\/brightwork.nl\/wp-content\/uploads\/2021\/11\/mockup-min-18x12.png 18w\" sizes=\"auto, (max-width: 798px) 100vw, 798px\"><\/p>\n<h2>Brosch\u00fcre \"Brightwork<\/h2>\n<p>Dolor, velit varius ut egestas odio. Orci malesuada facilisi fames urna. Ullamcorper interdum et nisl porta habitant.<\/p>\n<p><a href=\"#\" role=\"button\"><br \/>\nEINEN ANRUF VEREINBAREN<br \/>\n<\/a><\/p>\n<h2>Kontakt zu Brightwork<\/h2>\n<p>Wir sind immer offen f\u00fcr Fragen und Anregungen. Bitte kontaktieren Sie uns, wenn Sie eine bestimmte Frage, Bemerkung oder Bitte haben.<\/p>\n<p><a href=\"https:\/\/brightwork.nl\/de\/contact\/\" role=\"button\"><br \/>\nKONTAKTINFORMATIONEN<br \/>\n<\/a><br \/>\n<img loading=\"lazy\" decoding=\"async\" width=\"935\" height=\"491\" src=\"https:\/\/brightwork.nl\/wp-content\/uploads\/2021\/11\/home-contact-min.png\" alt=\"\" srcset=\"https:\/\/brightwork.nl\/wp-content\/uploads\/2021\/11\/home-contact-min.png 935w, https:\/\/brightwork.nl\/wp-content\/uploads\/2021\/11\/home-contact-min-300x158.png 300w, https:\/\/brightwork.nl\/wp-content\/uploads\/2021\/11\/home-contact-min-450x236.png 450w, https:\/\/brightwork.nl\/wp-content\/uploads\/2021\/11\/home-contact-min-768x403.png 768w, https:\/\/brightwork.nl\/wp-content\/uploads\/2021\/11\/home-contact-min-18x9.png 18w\" sizes=\"auto, (max-width: 935px) 100vw, 935px\"><\/p>","protected":false},"excerpt":{"rendered":"<p>Tellus feugiat non leo malesuada pharetra egestas. Projekt\u00fcbersicht Nunc mattis curabitur vitae suspendisse urna. Ut egestas quis platea pulvinar volutpat. Nibh leo amet duis netus odio tellus proin nisi. Mauris pretium urna eget augue. Non mauris venenatis at at. Dis amet ornare condimentum consequat. Gravida cras ac scelerisque feugiat. Egestas fringilla dolor tortor sapien fames risus at. In condimentum sed interdum mus. Malesuada cras felis lobortis posuere bibendum sit nunc vitae. Elementum consequat quam dui ac volutpat sed. Mauris velit, enim nisi, amet in duis enim habitasse. Non venenatis facilisis at ut. Nulla donec neque, id pellentesque vel nullam ... <a title=\"Projekte\" class=\"read-more\" href=\"https:\/\/brightwork.nl\/de\/projects-new\/\" aria-label=\"Mehr dazu unter Projekte\">Weiterlesen<\/a><\/p>","protected":false},"author":2,"featured_media":0,"parent":0,"menu_order":0,"comment_status":"closed","ping_status":"closed","template":"","meta":{"_eb_attr":"","footnotes":""},"class_list":["post-8091","page","type-page","status-publish"],"yoast_head":"<!-- This site is optimized with the Yoast SEO plugin v22.8 - https:\/\/yoast.com\/wordpress\/plugins\/seo\/ -->\n<title>Projects - Brightwork BV<\/title>\n<meta name=\"robots\" content=\"index, follow, max-snippet:-1, max-image-preview:large, max-video-preview:-1\" \/>\n<link rel=\"canonical\" href=\"https:\/\/brightwork.nl\/de\/projects-new\/\" \/>\n<meta property=\"og:locale\" content=\"de_DE\" \/>\n<meta property=\"og:type\" content=\"article\" \/>\n<meta property=\"og:title\" content=\"Projects - Brightwork BV\" \/>\n<meta property=\"og:description\" content=\"Tellus feugiat non leo malesuada pharetra egestas. Project Overview Nunc mattis curabitur vitae suspendisse urna. Ut egestas quis platea pulvinar volutpat. Nibh leo amet duis netus odio tellus proin nisi. Mauris pretium urna eget augue. Non mauris venenatis at at. Dis amet ornare condimentum consequat. Gravida cras ac scelerisque feugiat. Egestas fringilla dolor tortor sapien fames risus at. In condimentum sed interdum mus. Malesuada cras felis lobortis posuere bibendum sit nunc vitae. Elementum consequat quam dui ac volutpat sed. Mauris velit, enim nisi, amet in duis enim habitasse. Non venenatis facilisis at ut. Nulla donec neque, id pellentesque vel nullam ... Weiterlesen\" \/>\n<meta property=\"og:url\" content=\"https:\/\/brightwork.nl\/de\/projects-new\/\" \/>\n<meta property=\"og:site_name\" content=\"Brightwork BV\" \/>\n<meta property=\"article:modified_time\" content=\"2022-04-29T04:29:15+00:00\" \/>\n<meta property=\"og:image\" content=\"https:\/\/brightwork.nl\/wp-content\/uploads\/2022\/04\/20210208_MBF_600x-min-450x341.jpeg\" \/>\n<meta name=\"twitter:card\" content=\"summary_large_image\" \/>\n<script type=\"application\/ld+json\" class=\"yoast-schema-graph\">{\"@context\":\"https:\/\/schema.org\",\"@graph\":[{\"@type\":\"WebPage\",\"@id\":\"https:\/\/brightwork.nl\/projects-new\/\",\"url\":\"https:\/\/brightwork.nl\/projects-new\/\",\"name\":\"Projects - Brightwork BV\",\"isPartOf\":{\"@id\":\"https:\/\/brightwork.nl\/#website\"},\"primaryImageOfPage\":{\"@id\":\"https:\/\/brightwork.nl\/projects-new\/#primaryimage\"},\"image\":{\"@id\":\"https:\/\/brightwork.nl\/projects-new\/#primaryimage\"},\"thumbnailUrl\":\"https:\/\/brightwork.nl\/wp-content\/uploads\/2022\/04\/20210208_MBF_600x-min-450x341.jpeg\",\"datePublished\":\"2022-04-07T06:34:26+00:00\",\"dateModified\":\"2022-04-29T04:29:15+00:00\",\"breadcrumb\":{\"@id\":\"https:\/\/brightwork.nl\/projects-new\/#breadcrumb\"},\"inLanguage\":\"de\",\"potentialAction\":[{\"@type\":\"ReadAction\",\"target\":[\"https:\/\/brightwork.nl\/projects-new\/\"]}]},{\"@type\":\"ImageObject\",\"inLanguage\":\"de\",\"@id\":\"https:\/\/brightwork.nl\/projects-new\/#primaryimage\",\"url\":\"https:\/\/brightwork.nl\/wp-content\/uploads\/2022\/04\/20210208_MBF_600x-min-450x341.jpeg\",\"contentUrl\":\"https:\/\/brightwork.nl\/wp-content\/uploads\/2022\/04\/20210208_MBF_600x-min-450x341.jpeg\"},{\"@type\":\"BreadcrumbList\",\"@id\":\"https:\/\/brightwork.nl\/projects-new\/#breadcrumb\",\"itemListElement\":[{\"@type\":\"ListItem\",\"position\":1,\"name\":\"Home\",\"item\":\"https:\/\/brightwork.nl\/\"},{\"@type\":\"ListItem\",\"position\":2,\"name\":\"Projects\"}]},{\"@type\":\"WebSite\",\"@id\":\"https:\/\/brightwork.nl\/#website\",\"url\":\"https:\/\/brightwork.nl\/\",\"name\":\"Brightwork BV\",\"description\":\"\",\"publisher\":{\"@id\":\"https:\/\/brightwork.nl\/#organization\"},\"potentialAction\":[{\"@type\":\"SearchAction\",\"target\":{\"@type\":\"EntryPoint\",\"urlTemplate\":\"https:\/\/brightwork.nl\/?s={search_term_string}\"},\"query-input\":\"required name=search_term_string\"}],\"inLanguage\":\"de\"},{\"@type\":\"Organization\",\"@id\":\"https:\/\/brightwork.nl\/#organization\",\"name\":\"BW products\",\"url\":\"https:\/\/brightwork.nl\/\",\"logo\":{\"@type\":\"ImageObject\",\"inLanguage\":\"de\",\"@id\":\"https:\/\/brightwork.nl\/#\/schema\/logo\/image\/\",\"url\":\"https:\/\/bwproducts.nl\/wp-content\/uploads\/2021\/01\/cropped-BW-products1-2.png\",\"contentUrl\":\"https:\/\/bwproducts.nl\/wp-content\/uploads\/2021\/01\/cropped-BW-products1-2.png\",\"width\":722,\"height\":207,\"caption\":\"BW products\"},\"image\":{\"@id\":\"https:\/\/brightwork.nl\/#\/schema\/logo\/image\/\"},\"sameAs\":[\"http:\/\/linkedin.com\/company\/brightwork-bv\",\"https:\/\/www.youtube.com\/channel\/UCX8W0zB6phHctI-6xnSz_iA\"]}]}<\/script>\n<!-- \/ Yoast SEO plugin. -->","yoast_head_json":{"title":"Projects - Brightwork BV","robots":{"index":"index","follow":"follow","max-snippet":"max-snippet:-1","max-image-preview":"max-image-preview:large","max-video-preview":"max-video-preview:-1"},"canonical":"https:\/\/brightwork.nl\/de\/projects-new\/","og_locale":"de_DE","og_type":"article","og_title":"Projects - Brightwork BV","og_description":"Tellus feugiat non leo malesuada pharetra egestas. Project Overview Nunc mattis curabitur vitae suspendisse urna. Ut egestas quis platea pulvinar volutpat. Nibh leo amet duis netus odio tellus proin nisi. Mauris pretium urna eget augue. Non mauris venenatis at at. Dis amet ornare condimentum consequat. Gravida cras ac scelerisque feugiat. Egestas fringilla dolor tortor sapien fames risus at. In condimentum sed interdum mus. Malesuada cras felis lobortis posuere bibendum sit nunc vitae. Elementum consequat quam dui ac volutpat sed. Mauris velit, enim nisi, amet in duis enim habitasse. Non venenatis facilisis at ut. Nulla donec neque, id pellentesque vel nullam ... Weiterlesen","og_url":"https:\/\/brightwork.nl\/de\/projects-new\/","og_site_name":"Brightwork BV","article_modified_time":"2022-04-29T04:29:15+00:00","og_image":[{"url":"https:\/\/brightwork.nl\/wp-content\/uploads\/2022\/04\/20210208_MBF_600x-min-450x341.jpeg"}],"twitter_card":"summary_large_image","schema":{"@context":"https:\/\/schema.org","@graph":[{"@type":"WebPage","@id":"https:\/\/brightwork.nl\/projects-new\/","url":"https:\/\/brightwork.nl\/projects-new\/","name":"Projects - Brightwork BV","isPartOf":{"@id":"https:\/\/brightwork.nl\/#website"},"primaryImageOfPage":{"@id":"https:\/\/brightwork.nl\/projects-new\/#primaryimage"},"image":{"@id":"https:\/\/brightwork.nl\/projects-new\/#primaryimage"},"thumbnailUrl":"https:\/\/brightwork.nl\/wp-content\/uploads\/2022\/04\/20210208_MBF_600x-min-450x341.jpeg","datePublished":"2022-04-07T06:34:26+00:00","dateModified":"2022-04-29T04:29:15+00:00","breadcrumb":{"@id":"https:\/\/brightwork.nl\/projects-new\/#breadcrumb"},"inLanguage":"de","potentialAction":[{"@type":"ReadAction","target":["https:\/\/brightwork.nl\/projects-new\/"]}]},{"@type":"ImageObject","inLanguage":"de","@id":"https:\/\/brightwork.nl\/projects-new\/#primaryimage","url":"https:\/\/brightwork.nl\/wp-content\/uploads\/2022\/04\/20210208_MBF_600x-min-450x341.jpeg","contentUrl":"https:\/\/brightwork.nl\/wp-content\/uploads\/2022\/04\/20210208_MBF_600x-min-450x341.jpeg"},{"@type":"BreadcrumbList","@id":"https:\/\/brightwork.nl\/projects-new\/#breadcrumb","itemListElement":[{"@type":"ListItem","position":1,"name":"Home","item":"https:\/\/brightwork.nl\/"},{"@type":"ListItem","position":2,"name":"Projects"}]},{"@type":"WebSite","@id":"https:\/\/brightwork.nl\/#website","url":"https:\/\/brightwork.nl\/","name":"Brightwork BV","description":"","publisher":{"@id":"https:\/\/brightwork.nl\/#organization"},"potentialAction":[{"@type":"SearchAction","target":{"@type":"EntryPoint","urlTemplate":"https:\/\/brightwork.nl\/?s={search_term_string}"},"query-input":"required name=search_term_string"}],"inLanguage":"de"},{"@type":"Organization","@id":"https:\/\/brightwork.nl\/#organization","name":"BW products","url":"https:\/\/brightwork.nl\/","logo":{"@type":"ImageObject","inLanguage":"de","@id":"https:\/\/brightwork.nl\/#\/schema\/logo\/image\/","url":"https:\/\/bwproducts.nl\/wp-content\/uploads\/2021\/01\/cropped-BW-products1-2.png","contentUrl":"https:\/\/bwproducts.nl\/wp-content\/uploads\/2021\/01\/cropped-BW-products1-2.png","width":722,"height":207,"caption":"BW products"},"image":{"@id":"https:\/\/brightwork.nl\/#\/schema\/logo\/image\/"},"sameAs":["http:\/\/linkedin.com\/company\/brightwork-bv","https:\/\/www.youtube.com\/channel\/UCX8W0zB6phHctI-6xnSz_iA"]}]}},"_links":{"self":[{"href":"https:\/\/brightwork.nl\/de\/wp-json\/wp\/v2\/pages\/8091","targetHints":{"allow":["GET"]}}],"collection":[{"href":"https:\/\/brightwork.nl\/de\/wp-json\/wp\/v2\/pages"}],"about":[{"href":"https:\/\/brightwork.nl\/de\/wp-json\/wp\/v2\/types\/page"}],"author":[{"embeddable":true,"href":"https:\/\/brightwork.nl\/de\/wp-json\/wp\/v2\/users\/2"}],"replies":[{"embeddable":true,"href":"https:\/\/brightwork.nl\/de\/wp-json\/wp\/v2\/comments?post=8091"}],"version-history":[{"count":0,"href":"https:\/\/brightwork.nl\/de\/wp-json\/wp\/v2\/pages\/8091\/revisions"}],"wp:attachment":[{"href":"https:\/\/brightwork.nl\/de\/wp-json\/wp\/v2\/media?parent=8091"}],"curies":[{"name":"wp","href":"https:\/\/api.w.org\/{rel}","templated":true}]}}