{"id":8247,"date":"2022-04-11T07:17:54","date_gmt":"2022-04-11T05:17:54","guid":{"rendered":"https:\/\/brightwork.nl\/?page_id=8247"},"modified":"2022-04-11T07:37:35","modified_gmt":"2022-04-11T05:37:35","slug":"download-page-template","status":"publish","type":"page","link":"https:\/\/brightwork.nl\/de\/papers\/download-page-template\/","title":{"rendered":"Seitenvorlage herunterladen"},"content":{"rendered":"<div data-elementor-type=\"wp-page\" data-elementor-id=\"8247\" class=\"elementor elementor-8247\">\n\t\t\t\t\t\t<section class=\"elementor-section elementor-top-section elementor-element elementor-element-8c03f26 elementor-section-stretched elementor-section-content-top elementor-section-boxed elementor-section-height-default elementor-section-height-default\" data-id=\"8c03f26\" data-element_type=\"section\" data-settings=\"{&quot;stretch_section&quot;:&quot;section-stretched&quot;}\">\n\t\t\t\t\t\t<div class=\"elementor-container elementor-column-gap-default\">\n\t\t\t\t\t<div class=\"elementor-column elementor-col-66 elementor-top-column elementor-element elementor-element-145992e\" data-id=\"145992e\" data-element_type=\"column\">\n\t\t\t<div class=\"elementor-widget-wrap elementor-element-populated\">\n\t\t\t\t\t\t<div class=\"elementor-element elementor-element-cf33612 elementor-widget elementor-widget-text-editor\" data-id=\"cf33612\" data-element_type=\"widget\" data-widget_type=\"text-editor.default\">\n\t\t\t\t<div class=\"elementor-widget-container\">\n\t\t\t\t\t\t\t<p>PAPIER<\/p>\t\t\t\t\t\t<\/div>\n\t\t\t\t<\/div>\n\t\t\t\t<div class=\"elementor-element elementor-element-ad66a10 elementor-widget elementor-widget-heading\" data-id=\"ad66a10\" data-element_type=\"widget\" data-widget_type=\"heading.default\">\n\t\t\t\t<div class=\"elementor-widget-container\">\n\t\t\t<h2 class=\"elementor-heading-title elementor-size-default\">Trinkwassergewinnung mittels Wanderbettfiltration<\/h2>\t\t<\/div>\n\t\t\t\t<\/div>\n\t\t\t\t<div class=\"elementor-element elementor-element-62821a6 elementor-widget elementor-widget-text-editor\" data-id=\"62821a6\" data-element_type=\"widget\" data-widget_type=\"text-editor.default\">\n\t\t\t\t<div class=\"elementor-widget-container\">\n\t\t\t\t\t\t\t<p>Bei der Planung einer Trink- oder Brauchwasseraufbereitungsanlage ist es von gro\u00dfer Bedeutung, eine wirtschaftliche Anlage zu konzipieren, die gleichzeitig einfach zu bedienen ist.<br>In diesem Beitrag werden die Merkmale der kontinuierlichen Filtration beschrieben, die erfolgreich f\u00fcr die Aufbereitung von Grund- und Oberfl\u00e4chenwasser f\u00fcr Trink- und Brauchwasserproduktionsanlagen eingesetzt wird.<\/p>\t\t\t\t\t\t<\/div>\n\t\t\t\t<\/div>\n\t\t\t\t\t<\/div>\n\t\t<\/div>\n\t\t\t\t<div class=\"elementor-column elementor-col-33 elementor-top-column elementor-element elementor-element-324125b\" data-id=\"324125b\" data-element_type=\"column\">\n\t\t\t<div class=\"elementor-widget-wrap\">\n\t\t\t\t\t\t\t<\/div>\n\t\t<\/div>\n\t\t\t\t\t<\/div>\n\t\t<\/section>\n\t\t\t\t<section class=\"elementor-section elementor-top-section elementor-element elementor-element-6d77b12 elementor-section-boxed elementor-section-height-default elementor-section-height-default\" data-id=\"6d77b12\" data-element_type=\"section\">\n\t\t\t\t\t\t<div class=\"elementor-container elementor-column-gap-default\">\n\t\t\t\t\t<div class=\"elementor-column elementor-col-50 elementor-top-column elementor-element elementor-element-e8b94ac\" data-id=\"e8b94ac\" data-element_type=\"column\">\n\t\t\t<div class=\"elementor-widget-wrap elementor-element-populated\">\n\t\t\t\t\t\t<div class=\"elementor-element elementor-element-dbf256d elementor-widget elementor-widget-image\" data-id=\"dbf256d\" data-element_type=\"widget\" data-widget_type=\"image.default\">\n\t\t\t\t<div class=\"elementor-widget-container\">\n\t\t\t\t\t\t\t\t\t\t\t\t\t<img fetchpriority=\"high\" decoding=\"async\" width=\"750\" height=\"566\" src=\"https:\/\/brightwork.nl\/wp-content\/uploads\/2022\/01\/DRINKING_WATER_FILTRATION_WP_750x-min.png\" class=\"attachment-full size-full wp-image-6567\" alt=\"\" srcset=\"https:\/\/brightwork.nl\/wp-content\/uploads\/2022\/01\/DRINKING_WATER_FILTRATION_WP_750x-min.png 750w, https:\/\/brightwork.nl\/wp-content\/uploads\/2022\/01\/DRINKING_WATER_FILTRATION_WP_750x-min-300x226.png 300w, https:\/\/brightwork.nl\/wp-content\/uploads\/2022\/01\/DRINKING_WATER_FILTRATION_WP_750x-min-450x340.png 450w, https:\/\/brightwork.nl\/wp-content\/uploads\/2022\/01\/DRINKING_WATER_FILTRATION_WP_750x-min-16x12.png 16w\" sizes=\"(max-width: 750px) 100vw, 750px\" \/>\t\t\t\t\t\t\t\t\t\t\t\t\t<\/div>\n\t\t\t\t<\/div>\n\t\t\t\t<div class=\"elementor-element elementor-element-fa42d3f elementor-widget elementor-widget-heading\" data-id=\"fa42d3f\" data-element_type=\"widget\" data-widget_type=\"heading.default\">\n\t\t\t\t<div class=\"elementor-widget-container\">\n\t\t\t<h2 class=\"elementor-heading-title elementor-size-default\">Laden Sie dieses Papier herunter, um mehr dar\u00fcber zu erfahren:<\/h2>\t\t<\/div>\n\t\t\t\t<\/div>\n\t\t\t\t<div class=\"elementor-element elementor-element-257a08b elementor-position-left elementor-view-default elementor-mobile-position-top elementor-vertical-align-top elementor-widget elementor-widget-icon-box\" data-id=\"257a08b\" data-element_type=\"widget\" id=\"icon-no-title\" data-widget_type=\"icon-box.default\">\n\t\t\t\t<div class=\"elementor-widget-container\">\n\t\t\t\t\t<div class=\"elementor-icon-box-wrapper\">\n\n\t\t\t\t\t\t<div class=\"elementor-icon-box-icon\">\n\t\t\t\t<span  class=\"elementor-icon elementor-animation-\">\n\t\t\t\t<i aria-hidden=\"true\" class=\"fas fa-check-circle\"><\/i>\t\t\t\t<\/span>\n\t\t\t<\/div>\n\t\t\t\n\t\t\t\t\t\t<div class=\"elementor-icon-box-content\">\n\n\t\t\t\t\n\t\t\t\t\t\t\t\t\t<p class=\"elementor-icon-box-description\">\n\t\t\t\t\t\t<div>\n<p style=\"background-image: initial; background-position: initial; background-size: initial; background-repeat: initial; background-attachment: initial; background-origin: initial; background-clip: initial;\"><span style=\"font-size: 13pt; line-height: 107%; font-family: Arial, sans-serif;\">Wie sich der Einsatz der kontinuierlichen Filtrationstechnologie sowohl bei der Grundwasseraufbereitung als auch bei der Aufbereitung von Oberfl\u00e4chenwasser f\u00fcr die Trinkwassergewinnung als zuverl\u00e4ssig und wirksam erwiesen hat.<\/span><span style=\"font-family: var( --e-global-typography-text-font-family ), Sans-serif; font-weight: var( --e-global-typography-text-font-weight );\"><\/span><\/p><\/div>\t\t\t\t\t<\/p>\n\t\t\t\t\n\t\t\t<\/div>\n\t\t\t\n\t\t<\/div>\n\t\t\t\t<\/div>\n\t\t\t\t<\/div>\n\t\t\t\t<div class=\"elementor-element elementor-element-62d9f76 elementor-position-left elementor-view-default elementor-mobile-position-top elementor-vertical-align-top elementor-widget elementor-widget-icon-box\" data-id=\"62d9f76\" data-element_type=\"widget\" id=\"icon-no-title\" data-widget_type=\"icon-box.default\">\n\t\t\t\t<div class=\"elementor-widget-container\">\n\t\t\t\t\t<div class=\"elementor-icon-box-wrapper\">\n\n\t\t\t\t\t\t<div class=\"elementor-icon-box-icon\">\n\t\t\t\t<span  class=\"elementor-icon elementor-animation-\">\n\t\t\t\t<i aria-hidden=\"true\" class=\"fas fa-check-circle\"><\/i>\t\t\t\t<\/span>\n\t\t\t<\/div>\n\t\t\t\n\t\t\t\t\t\t<div class=\"elementor-icon-box-content\">\n\n\t\t\t\t\n\t\t\t\t\t\t\t\t\t<p class=\"elementor-icon-box-description\">\n\t\t\t\t\t\t<p class=\"MsoNormal\" style=\"background-image: initial; background-position: initial; background-size: initial; background-repeat: initial; background-attachment: initial; background-origin: initial; background-clip: initial;\"><span style=\"font-size: 13pt; line-height: 107%; font-family: Arial, sans-serif;\">Was sind die besonderen Merkmale des kontinuierlichen Filtrationsprozesses?<\/span><span style=\"font-family: var( --e-global-typography-text-font-family ), Sans-serif; font-weight: var( --e-global-typography-text-font-weight );\"><\/span><\/p>\t\t\t\t\t<\/p>\n\t\t\t\t\n\t\t\t<\/div>\n\t\t\t\n\t\t<\/div>\n\t\t\t\t<\/div>\n\t\t\t\t<\/div>\n\t\t\t\t<div class=\"elementor-element elementor-element-c10794a elementor-position-left elementor-view-default elementor-mobile-position-top elementor-vertical-align-top elementor-widget elementor-widget-icon-box\" data-id=\"c10794a\" data-element_type=\"widget\" id=\"icon-no-title\" data-widget_type=\"icon-box.default\">\n\t\t\t\t<div class=\"elementor-widget-container\">\n\t\t\t\t\t<div class=\"elementor-icon-box-wrapper\">\n\n\t\t\t\t\t\t<div class=\"elementor-icon-box-icon\">\n\t\t\t\t<span  class=\"elementor-icon elementor-animation-\">\n\t\t\t\t<i aria-hidden=\"true\" class=\"fas fa-check-circle\"><\/i>\t\t\t\t<\/span>\n\t\t\t<\/div>\n\t\t\t\n\t\t\t\t\t\t<div class=\"elementor-icon-box-content\">\n\n\t\t\t\t\n\t\t\t\t\t\t\t\t\t<p class=\"elementor-icon-box-description\">\n\t\t\t\t\t\t<p class=\"MsoNormal\"><span style=\"font-size: 13pt; line-height: 107%; font-family: Arial, sans-serif;\">In welchem Anwendungsbereich die Technologie eingesetzt werden soll und welche Voraussetzungen wichtig sind.<\/span><span style=\"font-family: var( --e-global-typography-text-font-family ), Sans-serif; font-weight: var( --e-global-typography-text-font-weight );\"><\/span><\/p>\t\t\t\t\t<\/p>\n\t\t\t\t\n\t\t\t<\/div>\n\t\t\t\n\t\t<\/div>\n\t\t\t\t<\/div>\n\t\t\t\t<\/div>\n\t\t\t\t\t<\/div>\n\t\t<\/div>\n\t\t\t\t<div class=\"elementor-column elementor-col-50 elementor-top-column elementor-element elementor-element-a65a9e4\" data-id=\"a65a9e4\" data-element_type=\"column\" data-settings=\"{&quot;background_background&quot;:&quot;classic&quot;}\">\n\t\t\t<div class=\"elementor-widget-wrap elementor-element-populated\">\n\t\t\t\t\t\t<section class=\"elementor-section elementor-inner-section elementor-element elementor-element-ca9037c elementor-section-boxed elementor-section-height-default elementor-section-height-default\" data-id=\"ca9037c\" data-element_type=\"section\" id=\"wp-form\" data-settings=\"{&quot;background_background&quot;:&quot;classic&quot;}\">\n\t\t\t\t\t\t<div class=\"elementor-container elementor-column-gap-default\">\n\t\t\t\t\t<div class=\"elementor-column elementor-col-100 elementor-inner-column elementor-element elementor-element-783d6e8\" data-id=\"783d6e8\" data-element_type=\"column\">\n\t\t\t<div class=\"elementor-widget-wrap elementor-element-populated\">\n\t\t\t\t\t\t<div class=\"elementor-element elementor-element-2c754aa elementor-widget elementor-widget-heading\" data-id=\"2c754aa\" data-element_type=\"widget\" data-widget_type=\"heading.default\">\n\t\t\t\t<div class=\"elementor-widget-container\">\n\t\t\t<h2 class=\"elementor-heading-title elementor-size-default\">DOWNLOAD PAPIER<\/h2>\t\t<\/div>\n\t\t\t\t<\/div>\n\t\t\t\t<div class=\"elementor-element elementor-element-5a544cf elementor-widget elementor-widget-shortcode\" data-id=\"5a544cf\" data-element_type=\"widget\" data-widget_type=\"shortcode.default\">\n\t\t\t\t<div class=\"elementor-widget-container\">\n\t\t\t\t\t<div class=\"elementor-shortcode\"><div class='_form_20'><\/div><script type='text\/javascript' src='https:\/\/brightwork3803.activehosted.com\/f\/embed.php?static=0&id=20&69D1D69547B1F&nostyles=1&preview=0'><\/script><\/div>\n\t\t\t\t<\/div>\n\t\t\t\t<\/div>\n\t\t\t\t\t<\/div>\n\t\t<\/div>\n\t\t\t\t\t<\/div>\n\t\t<\/section>\n\t\t\t\t\t<\/div>\n\t\t<\/div>\n\t\t\t\t\t<\/div>\n\t\t<\/section>\n\t\t\t\t<\/div>","protected":false},"excerpt":{"rendered":"<p>PAPER Trinkwassergewinnung mit Hilfe der Wanderbettfiltration Bei der Planung einer Trink- oder Brauchwasseraufbereitungsanlage ist es von gro\u00dfer Bedeutung, eine wirtschaftliche und gleichzeitig einfach zu bedienende Anlage zu konzipieren. In diesem Papier werden die Merkmale der kontinuierlichen Filtration beschrieben, die sowohl bei der Grund- als auch bei der Oberfl\u00e4chenwasseraufbereitung f\u00fcr Trink- und Brauchwasserproduktionsanlagen erfolgreich eingesetzt wird. Laden Sie dieses Dokument herunter und erfahren Sie mehr: Wie sich der Einsatz der kontinuierlichen Filtrationstechnologie sowohl bei der Grundwasseraufbereitung als auch bei der Oberfl\u00e4chenwasseraufbereitung f\u00fcr die Trinkwassergewinnung als zuverl\u00e4ssig und effektiv erwiesen hat. Was sind die besonderen Merkmale des kontinuierlichen Filtrationsprozesses? In ... <a title=\"Seitenvorlage herunterladen\" class=\"read-more\" href=\"https:\/\/brightwork.nl\/de\/papers\/download-page-template\/\" aria-label=\"Mehr dazu unter Download Page Template\">Weiterlesen<\/a><\/p>","protected":false},"author":2,"featured_media":0,"parent":5909,"menu_order":0,"comment_status":"closed","ping_status":"closed","template":"","meta":{"_eb_attr":"","footnotes":""},"class_list":["post-8247","page","type-page","status-publish"],"yoast_head":"<!-- This site is optimized with the Yoast SEO plugin v22.8 - https:\/\/yoast.com\/wordpress\/plugins\/seo\/ -->\n<title>Download Page Template - Brightwork BV<\/title>\n<meta name=\"robots\" content=\"index, follow, max-snippet:-1, max-image-preview:large, max-video-preview:-1\" \/>\n<link rel=\"canonical\" href=\"https:\/\/brightwork.nl\/de\/papers\/download-page-template\/\" \/>\n<meta property=\"og:locale\" content=\"de_DE\" \/>\n<meta property=\"og:type\" content=\"article\" \/>\n<meta property=\"og:title\" content=\"Download Page Template - Brightwork BV\" \/>\n<meta property=\"og:description\" content=\"PAPER Drinking Water Production Using Moving Bed Filtration When designing a drinking or process water treatment installation, it is of great importance to design an economical installation that is at the same time easy to operate.This paper describes the characteristics of continuous filtration, successfully applied for both ground and surface water treatment for drinking and process water production installations. Download this paper to find out: How the use of continuous filtration technology has proven reliable and effective for both groundwater treatment and surface water treatment for drinking water production. What are the specific characteristics of the continuous filtration process. In ... Weiterlesen\" \/>\n<meta property=\"og:url\" content=\"https:\/\/brightwork.nl\/de\/papers\/download-page-template\/\" \/>\n<meta property=\"og:site_name\" content=\"Brightwork BV\" \/>\n<meta property=\"article:modified_time\" content=\"2022-04-11T05:37:35+00:00\" \/>\n<meta property=\"og:image\" content=\"https:\/\/brightwork.nl\/wp-content\/uploads\/2022\/01\/DRINKING_WATER_FILTRATION_WP_750x-min.png\" \/>\n<meta name=\"twitter:card\" content=\"summary_large_image\" \/>\n<script type=\"application\/ld+json\" class=\"yoast-schema-graph\">{\"@context\":\"https:\/\/schema.org\",\"@graph\":[{\"@type\":\"WebPage\",\"@id\":\"https:\/\/brightwork.nl\/papers\/download-page-template\/\",\"url\":\"https:\/\/brightwork.nl\/papers\/download-page-template\/\",\"name\":\"Download Page Template - Brightwork BV\",\"isPartOf\":{\"@id\":\"https:\/\/brightwork.nl\/#website\"},\"primaryImageOfPage\":{\"@id\":\"https:\/\/brightwork.nl\/papers\/download-page-template\/#primaryimage\"},\"image\":{\"@id\":\"https:\/\/brightwork.nl\/papers\/download-page-template\/#primaryimage\"},\"thumbnailUrl\":\"https:\/\/brightwork.nl\/wp-content\/uploads\/2022\/01\/DRINKING_WATER_FILTRATION_WP_750x-min.png\",\"datePublished\":\"2022-04-11T05:17:54+00:00\",\"dateModified\":\"2022-04-11T05:37:35+00:00\",\"breadcrumb\":{\"@id\":\"https:\/\/brightwork.nl\/papers\/download-page-template\/#breadcrumb\"},\"inLanguage\":\"de\",\"potentialAction\":[{\"@type\":\"ReadAction\",\"target\":[\"https:\/\/brightwork.nl\/papers\/download-page-template\/\"]}]},{\"@type\":\"ImageObject\",\"inLanguage\":\"de\",\"@id\":\"https:\/\/brightwork.nl\/papers\/download-page-template\/#primaryimage\",\"url\":\"https:\/\/brightwork.nl\/wp-content\/uploads\/2022\/01\/DRINKING_WATER_FILTRATION_WP_750x-min.png\",\"contentUrl\":\"https:\/\/brightwork.nl\/wp-content\/uploads\/2022\/01\/DRINKING_WATER_FILTRATION_WP_750x-min.png\"},{\"@type\":\"BreadcrumbList\",\"@id\":\"https:\/\/brightwork.nl\/papers\/download-page-template\/#breadcrumb\",\"itemListElement\":[{\"@type\":\"ListItem\",\"position\":1,\"name\":\"Home\",\"item\":\"https:\/\/brightwork.nl\/\"},{\"@type\":\"ListItem\",\"position\":2,\"name\":\"Papers\",\"item\":\"https:\/\/brightwork.nl\/papers\/\"},{\"@type\":\"ListItem\",\"position\":3,\"name\":\"Download Page Template\"}]},{\"@type\":\"WebSite\",\"@id\":\"https:\/\/brightwork.nl\/#website\",\"url\":\"https:\/\/brightwork.nl\/\",\"name\":\"Brightwork BV\",\"description\":\"\",\"publisher\":{\"@id\":\"https:\/\/brightwork.nl\/#organization\"},\"potentialAction\":[{\"@type\":\"SearchAction\",\"target\":{\"@type\":\"EntryPoint\",\"urlTemplate\":\"https:\/\/brightwork.nl\/?s={search_term_string}\"},\"query-input\":\"required name=search_term_string\"}],\"inLanguage\":\"de\"},{\"@type\":\"Organization\",\"@id\":\"https:\/\/brightwork.nl\/#organization\",\"name\":\"BW products\",\"url\":\"https:\/\/brightwork.nl\/\",\"logo\":{\"@type\":\"ImageObject\",\"inLanguage\":\"de\",\"@id\":\"https:\/\/brightwork.nl\/#\/schema\/logo\/image\/\",\"url\":\"https:\/\/bwproducts.nl\/wp-content\/uploads\/2021\/01\/cropped-BW-products1-2.png\",\"contentUrl\":\"https:\/\/bwproducts.nl\/wp-content\/uploads\/2021\/01\/cropped-BW-products1-2.png\",\"width\":722,\"height\":207,\"caption\":\"BW products\"},\"image\":{\"@id\":\"https:\/\/brightwork.nl\/#\/schema\/logo\/image\/\"},\"sameAs\":[\"http:\/\/linkedin.com\/company\/brightwork-bv\",\"https:\/\/www.youtube.com\/channel\/UCX8W0zB6phHctI-6xnSz_iA\"]}]}<\/script>\n<!-- \/ Yoast SEO plugin. -->","yoast_head_json":{"title":"Download Page Template - Brightwork BV","robots":{"index":"index","follow":"follow","max-snippet":"max-snippet:-1","max-image-preview":"max-image-preview:large","max-video-preview":"max-video-preview:-1"},"canonical":"https:\/\/brightwork.nl\/de\/papers\/download-page-template\/","og_locale":"de_DE","og_type":"article","og_title":"Download Page Template - Brightwork BV","og_description":"PAPER Drinking Water Production Using Moving Bed Filtration When designing a drinking or process water treatment installation, it is of great importance to design an economical installation that is at the same time easy to operate.This paper describes the characteristics of continuous filtration, successfully applied for both ground and surface water treatment for drinking and process water production installations. Download this paper to find out: How the use of continuous filtration technology has proven reliable and effective for both groundwater treatment and surface water treatment for drinking water production. What are the specific characteristics of the continuous filtration process. In ... Weiterlesen","og_url":"https:\/\/brightwork.nl\/de\/papers\/download-page-template\/","og_site_name":"Brightwork BV","article_modified_time":"2022-04-11T05:37:35+00:00","og_image":[{"url":"https:\/\/brightwork.nl\/wp-content\/uploads\/2022\/01\/DRINKING_WATER_FILTRATION_WP_750x-min.png"}],"twitter_card":"summary_large_image","schema":{"@context":"https:\/\/schema.org","@graph":[{"@type":"WebPage","@id":"https:\/\/brightwork.nl\/papers\/download-page-template\/","url":"https:\/\/brightwork.nl\/papers\/download-page-template\/","name":"Download Page Template - Brightwork BV","isPartOf":{"@id":"https:\/\/brightwork.nl\/#website"},"primaryImageOfPage":{"@id":"https:\/\/brightwork.nl\/papers\/download-page-template\/#primaryimage"},"image":{"@id":"https:\/\/brightwork.nl\/papers\/download-page-template\/#primaryimage"},"thumbnailUrl":"https:\/\/brightwork.nl\/wp-content\/uploads\/2022\/01\/DRINKING_WATER_FILTRATION_WP_750x-min.png","datePublished":"2022-04-11T05:17:54+00:00","dateModified":"2022-04-11T05:37:35+00:00","breadcrumb":{"@id":"https:\/\/brightwork.nl\/papers\/download-page-template\/#breadcrumb"},"inLanguage":"de","potentialAction":[{"@type":"ReadAction","target":["https:\/\/brightwork.nl\/papers\/download-page-template\/"]}]},{"@type":"ImageObject","inLanguage":"de","@id":"https:\/\/brightwork.nl\/papers\/download-page-template\/#primaryimage","url":"https:\/\/brightwork.nl\/wp-content\/uploads\/2022\/01\/DRINKING_WATER_FILTRATION_WP_750x-min.png","contentUrl":"https:\/\/brightwork.nl\/wp-content\/uploads\/2022\/01\/DRINKING_WATER_FILTRATION_WP_750x-min.png"},{"@type":"BreadcrumbList","@id":"https:\/\/brightwork.nl\/papers\/download-page-template\/#breadcrumb","itemListElement":[{"@type":"ListItem","position":1,"name":"Home","item":"https:\/\/brightwork.nl\/"},{"@type":"ListItem","position":2,"name":"Papers","item":"https:\/\/brightwork.nl\/papers\/"},{"@type":"ListItem","position":3,"name":"Download Page Template"}]},{"@type":"WebSite","@id":"https:\/\/brightwork.nl\/#website","url":"https:\/\/brightwork.nl\/","name":"Brightwork BV","description":"","publisher":{"@id":"https:\/\/brightwork.nl\/#organization"},"potentialAction":[{"@type":"SearchAction","target":{"@type":"EntryPoint","urlTemplate":"https:\/\/brightwork.nl\/?s={search_term_string}"},"query-input":"required name=search_term_string"}],"inLanguage":"de"},{"@type":"Organization","@id":"https:\/\/brightwork.nl\/#organization","name":"BW products","url":"https:\/\/brightwork.nl\/","logo":{"@type":"ImageObject","inLanguage":"de","@id":"https:\/\/brightwork.nl\/#\/schema\/logo\/image\/","url":"https:\/\/bwproducts.nl\/wp-content\/uploads\/2021\/01\/cropped-BW-products1-2.png","contentUrl":"https:\/\/bwproducts.nl\/wp-content\/uploads\/2021\/01\/cropped-BW-products1-2.png","width":722,"height":207,"caption":"BW products"},"image":{"@id":"https:\/\/brightwork.nl\/#\/schema\/logo\/image\/"},"sameAs":["http:\/\/linkedin.com\/company\/brightwork-bv","https:\/\/www.youtube.com\/channel\/UCX8W0zB6phHctI-6xnSz_iA"]}]}},"_links":{"self":[{"href":"https:\/\/brightwork.nl\/de\/wp-json\/wp\/v2\/pages\/8247","targetHints":{"allow":["GET"]}}],"collection":[{"href":"https:\/\/brightwork.nl\/de\/wp-json\/wp\/v2\/pages"}],"about":[{"href":"https:\/\/brightwork.nl\/de\/wp-json\/wp\/v2\/types\/page"}],"author":[{"embeddable":true,"href":"https:\/\/brightwork.nl\/de\/wp-json\/wp\/v2\/users\/2"}],"replies":[{"embeddable":true,"href":"https:\/\/brightwork.nl\/de\/wp-json\/wp\/v2\/comments?post=8247"}],"version-history":[{"count":0,"href":"https:\/\/brightwork.nl\/de\/wp-json\/wp\/v2\/pages\/8247\/revisions"}],"up":[{"embeddable":true,"href":"https:\/\/brightwork.nl\/de\/wp-json\/wp\/v2\/pages\/5909"}],"wp:attachment":[{"href":"https:\/\/brightwork.nl\/de\/wp-json\/wp\/v2\/media?parent=8247"}],"curies":[{"name":"wp","href":"https:\/\/api.w.org\/{rel}","templated":true}]}}