{"id":8483,"date":"2022-04-19T13:31:43","date_gmt":"2022-04-19T11:31:43","guid":{"rendered":"https:\/\/brightwork.nl\/?page_id=8483"},"modified":"2025-05-28T14:34:18","modified_gmt":"2025-05-28T12:34:18","slug":"how-to-boost-the-biology-in-a-municipal-waste-water-treatment-plant","status":"publish","type":"page","link":"https:\/\/brightwork.nl\/de\/papers\/how-to-boost-the-biology-in-a-municipal-waste-water-treatment-plant\/","title":{"rendered":"Wie man die Biologie in einer kommunalen Kl\u00e4ranlage verbessert"},"content":{"rendered":"<div data-elementor-type=\"wp-page\" data-elementor-id=\"8483\" class=\"elementor elementor-8483\">\n\t\t\t\t\t\t<section class=\"elementor-section elementor-top-section elementor-element elementor-element-8c03f26 elementor-section-stretched elementor-section-content-top elementor-section-boxed elementor-section-height-default elementor-section-height-default\" data-id=\"8c03f26\" data-element_type=\"section\" data-settings=\"{&quot;stretch_section&quot;:&quot;section-stretched&quot;}\">\n\t\t\t\t\t\t<div class=\"elementor-container elementor-column-gap-default\">\n\t\t\t\t\t<div class=\"elementor-column elementor-col-66 elementor-top-column elementor-element elementor-element-145992e\" data-id=\"145992e\" data-element_type=\"column\">\n\t\t\t<div class=\"elementor-widget-wrap elementor-element-populated\">\n\t\t\t\t\t\t<div class=\"elementor-element elementor-element-cf33612 elementor-widget elementor-widget-text-editor\" data-id=\"cf33612\" data-element_type=\"widget\" data-widget_type=\"text-editor.default\">\n\t\t\t\t<div class=\"elementor-widget-container\">\n\t\t\t\t\t\t\t<p>PAPIER<\/p>\t\t\t\t\t\t<\/div>\n\t\t\t\t<\/div>\n\t\t\t\t<div class=\"elementor-element elementor-element-ad66a10 elementor-widget elementor-widget-heading\" data-id=\"ad66a10\" data-element_type=\"widget\" data-widget_type=\"heading.default\">\n\t\t\t\t<div class=\"elementor-widget-container\">\n\t\t\t<h2 class=\"elementor-heading-title elementor-size-default\">Wie man die Biologie in einer kommunalen Kl\u00e4ranlage verbessert\n<\/h2>\t\t<\/div>\n\t\t\t\t<\/div>\n\t\t\t\t<div class=\"elementor-element elementor-element-62821a6 elementor-widget elementor-widget-text-editor\" data-id=\"62821a6\" data-element_type=\"widget\" data-widget_type=\"text-editor.default\">\n\t\t\t\t<div class=\"elementor-widget-container\">\n\t\t\t\t\t\t\t<p>In der Kl\u00e4ranlage Halsteren in den Niederlanden wurde ein Pilotprogramm zur Bioremediation erfolgreich durchgef\u00fchrt,<br \/>betrieben von der niederl\u00e4ndischen Wasserbeh\u00f6rde Wasserverband Brabantse Delta. Das Programm basierte auf<br \/>Dosierung von patentrechtlich gesch\u00fctzten Aqua Assist-Biokatalysatoren in den Belebtschlammreaktor zur F\u00f6rderung der Biologie<br \/>mit dem vorrangigen Ziel, die Produktion von Abfallbelebtschlamm zu reduzieren.<\/p>\t\t\t\t\t\t<\/div>\n\t\t\t\t<\/div>\n\t\t\t\t\t<\/div>\n\t\t<\/div>\n\t\t\t\t<div class=\"elementor-column elementor-col-33 elementor-top-column elementor-element elementor-element-324125b\" data-id=\"324125b\" data-element_type=\"column\">\n\t\t\t<div class=\"elementor-widget-wrap\">\n\t\t\t\t\t\t\t<\/div>\n\t\t<\/div>\n\t\t\t\t\t<\/div>\n\t\t<\/section>\n\t\t\t\t<section class=\"elementor-section elementor-top-section elementor-element elementor-element-6d77b12 elementor-section-boxed elementor-section-height-default elementor-section-height-default\" data-id=\"6d77b12\" data-element_type=\"section\">\n\t\t\t\t\t\t<div class=\"elementor-container elementor-column-gap-default\">\n\t\t\t\t\t<div class=\"elementor-column elementor-col-50 elementor-top-column elementor-element elementor-element-e8b94ac\" data-id=\"e8b94ac\" data-element_type=\"column\">\n\t\t\t<div class=\"elementor-widget-wrap elementor-element-populated\">\n\t\t\t\t\t\t<div class=\"elementor-element elementor-element-dbf256d elementor-widget elementor-widget-image\" data-id=\"dbf256d\" data-element_type=\"widget\" data-widget_type=\"image.default\">\n\t\t\t\t<div class=\"elementor-widget-container\">\n\t\t\t\t\t\t\t\t\t\t\t\t\t<img fetchpriority=\"high\" decoding=\"async\" width=\"430\" height=\"280\" src=\"https:\/\/brightwork.nl\/wp-content\/uploads\/2022\/04\/Drylet-mock-up-.jpg\" class=\"attachment-full size-full wp-image-8479\" alt=\"\" srcset=\"https:\/\/brightwork.nl\/wp-content\/uploads\/2022\/04\/Drylet-mock-up-.jpg 430w, https:\/\/brightwork.nl\/wp-content\/uploads\/2022\/04\/Drylet-mock-up--300x195.jpg 300w, https:\/\/brightwork.nl\/wp-content\/uploads\/2022\/04\/Drylet-mock-up--18x12.jpg 18w\" sizes=\"(max-width: 430px) 100vw, 430px\" \/>\t\t\t\t\t\t\t\t\t\t\t\t\t<\/div>\n\t\t\t\t<\/div>\n\t\t\t\t<div class=\"elementor-element elementor-element-fa42d3f elementor-widget elementor-widget-heading\" data-id=\"fa42d3f\" data-element_type=\"widget\" data-widget_type=\"heading.default\">\n\t\t\t\t<div class=\"elementor-widget-container\">\n\t\t\t<h2 class=\"elementor-heading-title elementor-size-default\">Laden Sie dieses Papier herunter, um mehr dar\u00fcber zu erfahren:<\/h2>\t\t<\/div>\n\t\t\t\t<\/div>\n\t\t\t\t<div class=\"elementor-element elementor-element-257a08b elementor-position-left elementor-view-default elementor-mobile-position-top elementor-vertical-align-top elementor-widget elementor-widget-icon-box\" data-id=\"257a08b\" data-element_type=\"widget\" id=\"icon-no-title\" data-widget_type=\"icon-box.default\">\n\t\t\t\t<div class=\"elementor-widget-container\">\n\t\t\t\t\t<div class=\"elementor-icon-box-wrapper\">\n\n\t\t\t\t\t\t<div class=\"elementor-icon-box-icon\">\n\t\t\t\t<span  class=\"elementor-icon elementor-animation-\">\n\t\t\t\t<i aria-hidden=\"true\" class=\"fas fa-check-circle\"><\/i>\t\t\t\t<\/span>\n\t\t\t<\/div>\n\t\t\t\n\t\t\t\t\t\t<div class=\"elementor-icon-box-content\">\n\n\t\t\t\t\n\t\t\t\t\t\t\t\t\t<p class=\"elementor-icon-box-description\">\n\t\t\t\t\t\tEin wirtschaftlich positiver Business Case\nf\u00fcr den Einsatz von Aqua Assist wurde\nin dieser Fallstudie nachgewiesen.\t\t\t\t\t<\/p>\n\t\t\t\t\n\t\t\t<\/div>\n\t\t\t\n\t\t<\/div>\n\t\t\t\t<\/div>\n\t\t\t\t<\/div>\n\t\t\t\t<div class=\"elementor-element elementor-element-62d9f76 elementor-position-left elementor-view-default elementor-mobile-position-top elementor-vertical-align-top elementor-widget elementor-widget-icon-box\" data-id=\"62d9f76\" data-element_type=\"widget\" id=\"icon-no-title\" data-widget_type=\"icon-box.default\">\n\t\t\t\t<div class=\"elementor-widget-container\">\n\t\t\t\t\t<div class=\"elementor-icon-box-wrapper\">\n\n\t\t\t\t\t\t<div class=\"elementor-icon-box-icon\">\n\t\t\t\t<span  class=\"elementor-icon elementor-animation-\">\n\t\t\t\t<i aria-hidden=\"true\" class=\"fas fa-check-circle\"><\/i>\t\t\t\t<\/span>\n\t\t\t<\/div>\n\t\t\t\n\t\t\t\t\t\t<div class=\"elementor-icon-box-content\">\n\n\t\t\t\t\n\t\t\t\t\t\t\t\t\t<p class=\"elementor-icon-box-description\">\n\t\t\t\t\t\tDurch die Reduzierung der WAS-Produktion,\ntr\u00e4gt die Wasserbeh\u00f6rde zu ihrem Ziel bei\nZiele der Verringerung der Abfallproduktion\nund betriebliche Einsparungen zu erzielen.\n\t\t\t\t\t<\/p>\n\t\t\t\t\n\t\t\t<\/div>\n\t\t\t\n\t\t<\/div>\n\t\t\t\t<\/div>\n\t\t\t\t<\/div>\n\t\t\t\t\t<\/div>\n\t\t<\/div>\n\t\t\t\t<div class=\"elementor-column elementor-col-50 elementor-top-column elementor-element elementor-element-a65a9e4\" data-id=\"a65a9e4\" data-element_type=\"column\" data-settings=\"{&quot;background_background&quot;:&quot;classic&quot;}\">\n\t\t\t<div class=\"elementor-widget-wrap elementor-element-populated\">\n\t\t\t\t\t\t<section class=\"elementor-section elementor-inner-section elementor-element elementor-element-ca9037c elementor-section-boxed elementor-section-height-default elementor-section-height-default\" data-id=\"ca9037c\" data-element_type=\"section\" id=\"wp-form\" data-settings=\"{&quot;background_background&quot;:&quot;classic&quot;}\">\n\t\t\t\t\t\t<div class=\"elementor-container elementor-column-gap-default\">\n\t\t\t\t\t<div class=\"elementor-column elementor-col-100 elementor-inner-column elementor-element elementor-element-783d6e8\" data-id=\"783d6e8\" data-element_type=\"column\">\n\t\t\t<div class=\"elementor-widget-wrap elementor-element-populated\">\n\t\t\t\t\t\t<div class=\"elementor-element elementor-element-2c754aa elementor-widget elementor-widget-heading\" data-id=\"2c754aa\" data-element_type=\"widget\" data-widget_type=\"heading.default\">\n\t\t\t\t<div class=\"elementor-widget-container\">\n\t\t\t<h2 class=\"elementor-heading-title elementor-size-default\"><a href=\"https:\/\/brightwork.nl\/wp-content\/uploads\/2025\/05\/How-to-boost-the-biology-in-a-municipal-waste-water-treatment-plant-6_compressed.pdf\" target=\"_blank\">DOWNLOAD PAPIER<\/a><\/h2>\t\t<\/div>\n\t\t\t\t<\/div>\n\t\t\t\t<div class=\"elementor-element elementor-element-5a544cf elementor-widget elementor-widget-shortcode\" data-id=\"5a544cf\" data-element_type=\"widget\" data-widget_type=\"shortcode.default\">\n\t\t\t\t<div class=\"elementor-widget-container\">\n\t\t\t\t\t<div class=\"elementor-shortcode\"><div class='_form_22'><\/div><script type='text\/javascript' src='https:\/\/brightwork3803.activehosted.com\/f\/embed.php?static=0&id=22&69E0199C8FFAE&nostyles=1&preview=0'><\/script><\/div>\n\t\t\t\t<\/div>\n\t\t\t\t<\/div>\n\t\t\t\t\t<\/div>\n\t\t<\/div>\n\t\t\t\t\t<\/div>\n\t\t<\/section>\n\t\t\t\t\t<\/div>\n\t\t<\/div>\n\t\t\t\t\t<\/div>\n\t\t<\/section>\n\t\t\t\t<section class=\"elementor-section elementor-top-section elementor-element elementor-element-51d9d5a8 elementor-section-stretched elementor-section-boxed elementor-section-height-default elementor-section-height-default\" data-id=\"51d9d5a8\" data-element_type=\"section\" data-settings=\"{&quot;stretch_section&quot;:&quot;section-stretched&quot;,&quot;background_background&quot;:&quot;classic&quot;}\">\n\t\t\t\t\t\t\t<div class=\"elementor-background-overlay\"><\/div>\n\t\t\t\t\t\t\t<div class=\"elementor-container elementor-column-gap-default\">\n\t\t\t\t\t<div class=\"elementor-column elementor-col-50 elementor-top-column elementor-element elementor-element-4d4b2867\" data-id=\"4d4b2867\" data-element_type=\"column\">\n\t\t\t<div class=\"elementor-widget-wrap elementor-element-populated\">\n\t\t\t\t\t\t<div class=\"elementor-element elementor-element-4930b459 elementor-widget elementor-widget-heading\" data-id=\"4930b459\" data-element_type=\"widget\" data-widget_type=\"heading.default\">\n\t\t\t\t<div class=\"elementor-widget-container\">\n\t\t\t<h2 class=\"elementor-heading-title elementor-size-default\">Download des Flyers<\/h2>\t\t<\/div>\n\t\t\t\t<\/div>\n\t\t\t\t<div class=\"elementor-element elementor-element-486d78cf elementor-widget elementor-widget-text-editor\" data-id=\"486d78cf\" data-element_type=\"widget\" data-widget_type=\"text-editor.default\">\n\t\t\t\t<div class=\"elementor-widget-container\">\n\t\t\t\t\t\t\t<p>Nehmen Sie sich einen Moment Zeit und lesen Sie diesen Flyer mit weiteren Informationen \u00fcber zwei umfassende Fallstudien in Europa<\/p>\t\t\t\t\t\t<\/div>\n\t\t\t\t<\/div>\n\t\t\t\t<div class=\"elementor-element elementor-element-26fb9b33 elementor-widget elementor-widget-button\" data-id=\"26fb9b33\" data-element_type=\"widget\" data-widget_type=\"button.default\">\n\t\t\t\t<div class=\"elementor-widget-container\">\n\t\t\t\t\t<div class=\"elementor-button-wrapper\">\n\t\t\t<a class=\"elementor-button elementor-button-link elementor-size-sm\" href=\"https:\/\/brightwork.nl\/wp-content\/uploads\/2022\/04\/1648827214569.pdf\">\n\t\t\t\t\t\t<span class=\"elementor-button-content-wrapper\">\n\t\t\t\t\t\t\t\t\t<span class=\"elementor-button-text\">Hier herunterladen<\/span>\n\t\t\t\t\t<\/span>\n\t\t\t\t\t<\/a>\n\t\t<\/div>\n\t\t\t\t<\/div>\n\t\t\t\t<\/div>\n\t\t\t\t\t<\/div>\n\t\t<\/div>\n\t\t\t\t<div class=\"elementor-column elementor-col-50 elementor-top-column elementor-element elementor-element-122b0af3\" data-id=\"122b0af3\" data-element_type=\"column\">\n\t\t\t<div class=\"elementor-widget-wrap elementor-element-populated\">\n\t\t\t\t\t\t<div class=\"elementor-element elementor-element-6ca41001 elementor-widget elementor-widget-image\" data-id=\"6ca41001\" data-element_type=\"widget\" data-widget_type=\"image.default\">\n\t\t\t\t<div class=\"elementor-widget-container\">\n\t\t\t\t\t\t\t\t\t\t\t\t\t<img decoding=\"async\" width=\"916\" height=\"633\" src=\"https:\/\/brightwork.nl\/wp-content\/uploads\/2020\/02\/drylet-1.png\" class=\"attachment-full size-full wp-image-1118\" alt=\"\" srcset=\"https:\/\/brightwork.nl\/wp-content\/uploads\/2020\/02\/drylet-1.png 916w, https:\/\/brightwork.nl\/wp-content\/uploads\/2020\/02\/drylet-1-300x207.png 300w, https:\/\/brightwork.nl\/wp-content\/uploads\/2020\/02\/drylet-1-768x531.png 768w, https:\/\/brightwork.nl\/wp-content\/uploads\/2020\/02\/drylet-1-100x69.png 100w, https:\/\/brightwork.nl\/wp-content\/uploads\/2020\/02\/drylet-1-150x104.png 150w, https:\/\/brightwork.nl\/wp-content\/uploads\/2020\/02\/drylet-1-200x138.png 200w, https:\/\/brightwork.nl\/wp-content\/uploads\/2020\/02\/drylet-1-450x311.png 450w, https:\/\/brightwork.nl\/wp-content\/uploads\/2020\/02\/drylet-1-600x415.png 600w, https:\/\/brightwork.nl\/wp-content\/uploads\/2020\/02\/drylet-1-900x622.png 900w\" sizes=\"(max-width: 916px) 100vw, 916px\" \/>\t\t\t\t\t\t\t\t\t\t\t\t\t<\/div>\n\t\t\t\t<\/div>\n\t\t\t\t\t<\/div>\n\t\t<\/div>\n\t\t\t\t\t<\/div>\n\t\t<\/section>\n\t\t\t\t<\/div>","protected":false},"excerpt":{"rendered":"<p>PAPER Wie man die Biologie in einer kommunalen Kl\u00e4ranlage ankurbelt Ein Pilotprogramm zur Biosanierung wurde erfolgreich in der Kl\u00e4ranlage Halsteren, Niederlande, durchgef\u00fchrt, die von der niederl\u00e4ndischen Wasserbeh\u00f6rde Waterboard Brabantse Delta betrieben wird. Das Programm basierte auf der Dosierung firmeneigener Aqua Assist-Biokatalysatoren in den Belebtschlammreaktor, um die Biologie anzukurbeln, mit dem prim\u00e4ren Ziel, die Produktion von Abfallbelebtschlamm zu reduzieren. Laden Sie dieses Papier herunter, um mehr dar\u00fcber zu erfahren: In dieser Fallstudie wurde ein wirtschaftlich positiver Gesch\u00e4ftsfall f\u00fcr den Einsatz von Aqua Assist aufgezeigt. Durch die Verringerung der WAS-Produktion tr\u00e4gt die Wasserbeh\u00f6rde zu ihrem Ziel bei, die ... <a title=\"Wie man die Biologie in einer kommunalen Kl\u00e4ranlage verbessert\" class=\"read-more\" href=\"https:\/\/brightwork.nl\/de\/papers\/how-to-boost-the-biology-in-a-municipal-waste-water-treatment-plant\/\" aria-label=\"Mehr dazu unter Wie man die Biologie in einer kommunalen Kl\u00e4ranlage verbessert\">Weiterlesen<\/a><\/p>","protected":false},"author":2,"featured_media":0,"parent":5909,"menu_order":0,"comment_status":"closed","ping_status":"closed","template":"","meta":{"_eb_attr":"","footnotes":""},"class_list":["post-8483","page","type-page","status-publish"],"yoast_head":"<!-- This site is optimized with the Yoast SEO plugin v22.8 - https:\/\/yoast.com\/wordpress\/plugins\/seo\/ -->\n<title>How to boost the biology in a municipal waste water treatment plant - Brightwork BV<\/title>\n<meta name=\"robots\" content=\"index, follow, max-snippet:-1, max-image-preview:large, max-video-preview:-1\" \/>\n<link rel=\"canonical\" href=\"https:\/\/brightwork.nl\/de\/papers\/how-to-boost-the-biology-in-a-municipal-waste-water-treatment-plant\/\" \/>\n<meta property=\"og:locale\" content=\"de_DE\" \/>\n<meta property=\"og:type\" content=\"article\" \/>\n<meta property=\"og:title\" content=\"How to boost the biology in a municipal waste water treatment plant - Brightwork BV\" \/>\n<meta property=\"og:description\" content=\"PAPER How to boost the biology in a municipal waste water treatment plant A bioremediation pilot program was successfully executed at WwTW Halsteren, the Netherlands,operated by the Dutch water authority Water board Brabantse Delta. The program was based upondosing proprietary Aqua Assist biocatalysts into the activated sludge reactor to boost the biologywith the primary aim to reduce the production of waste activated sludge. Download this paper to find out: An economically positive business case for deploying Aqua Assist has been demonstrated in this case study. By reducing the WAS production, the water authority is contributing to its objectives of reducing ... Weiterlesen\" \/>\n<meta property=\"og:url\" content=\"https:\/\/brightwork.nl\/de\/papers\/how-to-boost-the-biology-in-a-municipal-waste-water-treatment-plant\/\" \/>\n<meta property=\"og:site_name\" content=\"Brightwork BV\" \/>\n<meta property=\"article:modified_time\" content=\"2025-05-28T12:34:18+00:00\" \/>\n<meta property=\"og:image\" content=\"https:\/\/brightwork.nl\/wp-content\/uploads\/2022\/04\/Drylet-mock-up-.jpg\" \/>\n<meta name=\"twitter:card\" content=\"summary_large_image\" \/>\n<script type=\"application\/ld+json\" class=\"yoast-schema-graph\">{\"@context\":\"https:\/\/schema.org\",\"@graph\":[{\"@type\":\"WebPage\",\"@id\":\"https:\/\/brightwork.nl\/papers\/how-to-boost-the-biology-in-a-municipal-waste-water-treatment-plant\/\",\"url\":\"https:\/\/brightwork.nl\/papers\/how-to-boost-the-biology-in-a-municipal-waste-water-treatment-plant\/\",\"name\":\"How to boost the biology in a municipal waste water treatment plant - Brightwork BV\",\"isPartOf\":{\"@id\":\"https:\/\/brightwork.nl\/#website\"},\"primaryImageOfPage\":{\"@id\":\"https:\/\/brightwork.nl\/papers\/how-to-boost-the-biology-in-a-municipal-waste-water-treatment-plant\/#primaryimage\"},\"image\":{\"@id\":\"https:\/\/brightwork.nl\/papers\/how-to-boost-the-biology-in-a-municipal-waste-water-treatment-plant\/#primaryimage\"},\"thumbnailUrl\":\"https:\/\/brightwork.nl\/wp-content\/uploads\/2022\/04\/Drylet-mock-up-.jpg\",\"datePublished\":\"2022-04-19T11:31:43+00:00\",\"dateModified\":\"2025-05-28T12:34:18+00:00\",\"breadcrumb\":{\"@id\":\"https:\/\/brightwork.nl\/papers\/how-to-boost-the-biology-in-a-municipal-waste-water-treatment-plant\/#breadcrumb\"},\"inLanguage\":\"de\",\"potentialAction\":[{\"@type\":\"ReadAction\",\"target\":[\"https:\/\/brightwork.nl\/papers\/how-to-boost-the-biology-in-a-municipal-waste-water-treatment-plant\/\"]}]},{\"@type\":\"ImageObject\",\"inLanguage\":\"de\",\"@id\":\"https:\/\/brightwork.nl\/papers\/how-to-boost-the-biology-in-a-municipal-waste-water-treatment-plant\/#primaryimage\",\"url\":\"https:\/\/brightwork.nl\/wp-content\/uploads\/2022\/04\/Drylet-mock-up-.jpg\",\"contentUrl\":\"https:\/\/brightwork.nl\/wp-content\/uploads\/2022\/04\/Drylet-mock-up-.jpg\"},{\"@type\":\"BreadcrumbList\",\"@id\":\"https:\/\/brightwork.nl\/papers\/how-to-boost-the-biology-in-a-municipal-waste-water-treatment-plant\/#breadcrumb\",\"itemListElement\":[{\"@type\":\"ListItem\",\"position\":1,\"name\":\"Home\",\"item\":\"https:\/\/brightwork.nl\/\"},{\"@type\":\"ListItem\",\"position\":2,\"name\":\"Papers\",\"item\":\"https:\/\/brightwork.nl\/papers\/\"},{\"@type\":\"ListItem\",\"position\":3,\"name\":\"How to boost the biology in a municipal waste water treatment plant\"}]},{\"@type\":\"WebSite\",\"@id\":\"https:\/\/brightwork.nl\/#website\",\"url\":\"https:\/\/brightwork.nl\/\",\"name\":\"Brightwork BV\",\"description\":\"\",\"publisher\":{\"@id\":\"https:\/\/brightwork.nl\/#organization\"},\"potentialAction\":[{\"@type\":\"SearchAction\",\"target\":{\"@type\":\"EntryPoint\",\"urlTemplate\":\"https:\/\/brightwork.nl\/?s={search_term_string}\"},\"query-input\":\"required name=search_term_string\"}],\"inLanguage\":\"de\"},{\"@type\":\"Organization\",\"@id\":\"https:\/\/brightwork.nl\/#organization\",\"name\":\"BW products\",\"url\":\"https:\/\/brightwork.nl\/\",\"logo\":{\"@type\":\"ImageObject\",\"inLanguage\":\"de\",\"@id\":\"https:\/\/brightwork.nl\/#\/schema\/logo\/image\/\",\"url\":\"https:\/\/bwproducts.nl\/wp-content\/uploads\/2021\/01\/cropped-BW-products1-2.png\",\"contentUrl\":\"https:\/\/bwproducts.nl\/wp-content\/uploads\/2021\/01\/cropped-BW-products1-2.png\",\"width\":722,\"height\":207,\"caption\":\"BW products\"},\"image\":{\"@id\":\"https:\/\/brightwork.nl\/#\/schema\/logo\/image\/\"},\"sameAs\":[\"http:\/\/linkedin.com\/company\/brightwork-bv\",\"https:\/\/www.youtube.com\/channel\/UCX8W0zB6phHctI-6xnSz_iA\"]}]}<\/script>\n<!-- \/ Yoast SEO plugin. -->","yoast_head_json":{"title":"How to boost the biology in a municipal waste water treatment plant - Brightwork BV","robots":{"index":"index","follow":"follow","max-snippet":"max-snippet:-1","max-image-preview":"max-image-preview:large","max-video-preview":"max-video-preview:-1"},"canonical":"https:\/\/brightwork.nl\/de\/papers\/how-to-boost-the-biology-in-a-municipal-waste-water-treatment-plant\/","og_locale":"de_DE","og_type":"article","og_title":"How to boost the biology in a municipal waste water treatment plant - Brightwork BV","og_description":"PAPER How to boost the biology in a municipal waste water treatment plant A bioremediation pilot program was successfully executed at WwTW Halsteren, the Netherlands,operated by the Dutch water authority Water board Brabantse Delta. The program was based upondosing proprietary Aqua Assist biocatalysts into the activated sludge reactor to boost the biologywith the primary aim to reduce the production of waste activated sludge. Download this paper to find out: An economically positive business case for deploying Aqua Assist has been demonstrated in this case study. By reducing the WAS production, the water authority is contributing to its objectives of reducing ... Weiterlesen","og_url":"https:\/\/brightwork.nl\/de\/papers\/how-to-boost-the-biology-in-a-municipal-waste-water-treatment-plant\/","og_site_name":"Brightwork BV","article_modified_time":"2025-05-28T12:34:18+00:00","og_image":[{"url":"https:\/\/brightwork.nl\/wp-content\/uploads\/2022\/04\/Drylet-mock-up-.jpg"}],"twitter_card":"summary_large_image","schema":{"@context":"https:\/\/schema.org","@graph":[{"@type":"WebPage","@id":"https:\/\/brightwork.nl\/papers\/how-to-boost-the-biology-in-a-municipal-waste-water-treatment-plant\/","url":"https:\/\/brightwork.nl\/papers\/how-to-boost-the-biology-in-a-municipal-waste-water-treatment-plant\/","name":"How to boost the biology in a municipal waste water treatment plant - Brightwork BV","isPartOf":{"@id":"https:\/\/brightwork.nl\/#website"},"primaryImageOfPage":{"@id":"https:\/\/brightwork.nl\/papers\/how-to-boost-the-biology-in-a-municipal-waste-water-treatment-plant\/#primaryimage"},"image":{"@id":"https:\/\/brightwork.nl\/papers\/how-to-boost-the-biology-in-a-municipal-waste-water-treatment-plant\/#primaryimage"},"thumbnailUrl":"https:\/\/brightwork.nl\/wp-content\/uploads\/2022\/04\/Drylet-mock-up-.jpg","datePublished":"2022-04-19T11:31:43+00:00","dateModified":"2025-05-28T12:34:18+00:00","breadcrumb":{"@id":"https:\/\/brightwork.nl\/papers\/how-to-boost-the-biology-in-a-municipal-waste-water-treatment-plant\/#breadcrumb"},"inLanguage":"de","potentialAction":[{"@type":"ReadAction","target":["https:\/\/brightwork.nl\/papers\/how-to-boost-the-biology-in-a-municipal-waste-water-treatment-plant\/"]}]},{"@type":"ImageObject","inLanguage":"de","@id":"https:\/\/brightwork.nl\/papers\/how-to-boost-the-biology-in-a-municipal-waste-water-treatment-plant\/#primaryimage","url":"https:\/\/brightwork.nl\/wp-content\/uploads\/2022\/04\/Drylet-mock-up-.jpg","contentUrl":"https:\/\/brightwork.nl\/wp-content\/uploads\/2022\/04\/Drylet-mock-up-.jpg"},{"@type":"BreadcrumbList","@id":"https:\/\/brightwork.nl\/papers\/how-to-boost-the-biology-in-a-municipal-waste-water-treatment-plant\/#breadcrumb","itemListElement":[{"@type":"ListItem","position":1,"name":"Home","item":"https:\/\/brightwork.nl\/"},{"@type":"ListItem","position":2,"name":"Papers","item":"https:\/\/brightwork.nl\/papers\/"},{"@type":"ListItem","position":3,"name":"How to boost the biology in a municipal waste water treatment plant"}]},{"@type":"WebSite","@id":"https:\/\/brightwork.nl\/#website","url":"https:\/\/brightwork.nl\/","name":"Brightwork BV","description":"","publisher":{"@id":"https:\/\/brightwork.nl\/#organization"},"potentialAction":[{"@type":"SearchAction","target":{"@type":"EntryPoint","urlTemplate":"https:\/\/brightwork.nl\/?s={search_term_string}"},"query-input":"required name=search_term_string"}],"inLanguage":"de"},{"@type":"Organization","@id":"https:\/\/brightwork.nl\/#organization","name":"BW products","url":"https:\/\/brightwork.nl\/","logo":{"@type":"ImageObject","inLanguage":"de","@id":"https:\/\/brightwork.nl\/#\/schema\/logo\/image\/","url":"https:\/\/bwproducts.nl\/wp-content\/uploads\/2021\/01\/cropped-BW-products1-2.png","contentUrl":"https:\/\/bwproducts.nl\/wp-content\/uploads\/2021\/01\/cropped-BW-products1-2.png","width":722,"height":207,"caption":"BW products"},"image":{"@id":"https:\/\/brightwork.nl\/#\/schema\/logo\/image\/"},"sameAs":["http:\/\/linkedin.com\/company\/brightwork-bv","https:\/\/www.youtube.com\/channel\/UCX8W0zB6phHctI-6xnSz_iA"]}]}},"_links":{"self":[{"href":"https:\/\/brightwork.nl\/de\/wp-json\/wp\/v2\/pages\/8483","targetHints":{"allow":["GET"]}}],"collection":[{"href":"https:\/\/brightwork.nl\/de\/wp-json\/wp\/v2\/pages"}],"about":[{"href":"https:\/\/brightwork.nl\/de\/wp-json\/wp\/v2\/types\/page"}],"author":[{"embeddable":true,"href":"https:\/\/brightwork.nl\/de\/wp-json\/wp\/v2\/users\/2"}],"replies":[{"embeddable":true,"href":"https:\/\/brightwork.nl\/de\/wp-json\/wp\/v2\/comments?post=8483"}],"version-history":[{"count":3,"href":"https:\/\/brightwork.nl\/de\/wp-json\/wp\/v2\/pages\/8483\/revisions"}],"predecessor-version":[{"id":10116,"href":"https:\/\/brightwork.nl\/de\/wp-json\/wp\/v2\/pages\/8483\/revisions\/10116"}],"up":[{"embeddable":true,"href":"https:\/\/brightwork.nl\/de\/wp-json\/wp\/v2\/pages\/5909"}],"wp:attachment":[{"href":"https:\/\/brightwork.nl\/de\/wp-json\/wp\/v2\/media?parent=8483"}],"curies":[{"name":"wp","href":"https:\/\/api.w.org\/{rel}","templated":true}]}}