{"id":887,"date":"2020-01-13T16:08:19","date_gmt":"2020-01-13T15:08:19","guid":{"rendered":"http:\/\/bwproducts.nl\/?page_id=887"},"modified":"2021-02-09T23:11:44","modified_gmt":"2021-02-09T22:11:44","slug":"brightwork-and-partners-receive-vida-demonstration-voucher","status":"publish","type":"page","link":"https:\/\/brightwork.nl\/de\/brightwork-and-partners-receive-vida-demonstration-voucher\/","title":{"rendered":"Brightwork und Partner erhalten VIDA-Demonstrationsgutschein"},"content":{"rendered":"<div id=\"pl-887\"  class=\"panel-layout\" ><div id=\"pg-887-0\"  class=\"panel-grid panel-no-style\" ><div id=\"pgc-887-0-0\"  class=\"panel-grid-cell\" ><div id=\"panel-887-0-0-0\" class=\"so-panel widget widget_text panel-first-child panel-last-child\" data-index=\"0\" >\t\t\t<div class=\"textwidget\"><h1>Brightwork und Partner erhalten VIDA-Demonstrationsgutschein<\/h1>\n<p><span lang=\"EN-GB\">Im Juli 2019 erhielt das Konsortium, bestehend aus Brightwork, Nedaq und Nordic Water Benelux, einen VIDA-Demonstrationsgutschein. F\u00fcr ihren Vorschlag, die Anwendung der Tuchfiltration f\u00fcr die Wiederverwendung von Wasser im Lebensmittelsektor zu untersuchen.<\/span><\/p>\n<p><span lang=\"EN-GB\">Das Konzept der Tuchfiltration wurde in anderen L\u00e4ndern f\u00fcr Anwendungen wie die Wiederverwendung von Wasser, die Behandlung von Oberfl\u00e4chenwasser und die weitgehende Entfernung von Phosphat eingesetzt.<\/span><\/p>\n<p><span lang=\"EN-GB\">Bei dieser Technik werden Fasermaterialien aus Florfasern in Kassetten verwendet, die in einem halb oder ganz untergetauchten Trommelfilter platziert sind. W\u00e4hrend sie rotieren, sammeln sich Schwebstoffe und andere Verunreinigungen im Abwasser an der Au\u00dfenseite der Fasermedien an. W\u00e4hrenddessen flie\u00dft das gereinigte Wasser durch die Gewebefiltermedien in die Mitte der Trommel, von wo aus es zur n\u00e4chsten Behandlungsstufe geleitet wird. Ohne die Filtration zu unterbrechen, wird das Filtermedium automatisch gereinigt. Dies geschieht durch R\u00fccksp\u00fclen mit Wasser oder durch Absaugen (Staubsaugerprinzip).<\/span><\/p>\n<h3>Hans Wouters, CEO von Brightwork, \u00fcber den Erhalt dieses Gutscheins:<\/h3>\n<p><span lang=\"EN-GB\">\"Durch die Gew\u00e4hrung des VIDA-Demonstrationsgutscheins k\u00f6nnen wir nun damit beginnen, diese Technologie unter niederl\u00e4ndischen Bedingungen zu erproben. So k\u00f6nnen wir wertvolle Kenntnisse und Erfahrungen sammeln. Wir sehen M\u00f6glichkeiten, die Tuchfiltration als Nachbehandlungsschritt f\u00fcr biologisch behandeltes industrielles und kommunales Abwasser einzusetzen. Und als Teil einer Wasserwiederverwendungsanlage k\u00f6nnte sie erhebliche Vorteile haben. Die Tuchfiltration k\u00f6nnte eine wirtschaftlich interessante Alternative zu Technologien wie der Ultrafiltration darstellen, die in Vorbehandlungssystemen f\u00fcr Wasserwiederverwendungsprojekte eingesetzt werden.\u00a0<\/span><span lang=\"EN-US\">Die Ergebnisse und praktischen Erfahrungen dieser Pilotstudie werden diese Anwendung belegen m\u00fcssen.<\/span><\/p>\n<p><span lang=\"EN-US\">Kennen Sie ein Unternehmen in der Lebensmittelindustrie, das sich mit der Wiederverwendung von Wasser besch\u00e4ftigt? Das Konsortium freut sich darauf, mit Ihnen in Kontakt zu treten, um die M\u00f6glichkeiten f\u00fcr eine Pilotstudie zum oben genannten Thema der Wasserwiederverwendung zu besprechen. <\/span><\/p>\n<p><\/p>\n<p><span lang=\"EN-US\">Bitte kontaktieren Sie <a href=\"https:\/\/brightwork.pro\/contact\/\">Hans Wouters<\/a>, CEO von\u00a0<a href=\"https:\/\/brightwork.pro\/\">Brightwork B.V.<\/a>\u00a0f\u00fcr weitere Informationen.<\/span><\/p>\n<\/div>\n\t\t<\/div><\/div><div id=\"pgc-887-0-1\"  class=\"panel-grid-cell\" ><div id=\"panel-887-0-1-0\" class=\"so-panel widget widget_sow-image panel-first-child panel-last-child\" data-index=\"1\" ><div\n\t\t\t\n\t\t\tclass=\"so-widget-sow-image so-widget-sow-image-default-8b5b6f678277-887\"\n\t\t\t\n\t\t>\n\n<div class=\"sow-image-container\">\n\t\t<img fetchpriority=\"high\" decoding=\"async\" src=\"https:\/\/brightwork.nl\/wp-content\/uploads\/2020\/01\/Afbeelding-VIDA-Demonstration-Voucher-2-1024x407-1.jpg\" width=\"1024\" height=\"407\" srcset=\"https:\/\/brightwork.nl\/wp-content\/uploads\/2020\/01\/Afbeelding-VIDA-Demonstration-Voucher-2-1024x407-1.jpg 1024w, https:\/\/brightwork.nl\/wp-content\/uploads\/2020\/01\/Afbeelding-VIDA-Demonstration-Voucher-2-1024x407-1-300x119.jpg 300w, https:\/\/brightwork.nl\/wp-content\/uploads\/2020\/01\/Afbeelding-VIDA-Demonstration-Voucher-2-1024x407-1-768x305.jpg 768w, https:\/\/brightwork.nl\/wp-content\/uploads\/2020\/01\/Afbeelding-VIDA-Demonstration-Voucher-2-1024x407-1-100x40.jpg 100w, https:\/\/brightwork.nl\/wp-content\/uploads\/2020\/01\/Afbeelding-VIDA-Demonstration-Voucher-2-1024x407-1-150x60.jpg 150w, https:\/\/brightwork.nl\/wp-content\/uploads\/2020\/01\/Afbeelding-VIDA-Demonstration-Voucher-2-1024x407-1-200x79.jpg 200w, https:\/\/brightwork.nl\/wp-content\/uploads\/2020\/01\/Afbeelding-VIDA-Demonstration-Voucher-2-1024x407-1-450x179.jpg 450w, https:\/\/brightwork.nl\/wp-content\/uploads\/2020\/01\/Afbeelding-VIDA-Demonstration-Voucher-2-1024x407-1-600x238.jpg 600w, https:\/\/brightwork.nl\/wp-content\/uploads\/2020\/01\/Afbeelding-VIDA-Demonstration-Voucher-2-1024x407-1-900x358.jpg 900w\" sizes=\"(max-width: 1024px) 100vw, 1024px\" title=\"Afbeelding-VIDA-Demonstrations-Voucher-2-1024\u00d7407\" alt=\"\" \t\tclass=\"so-widget-image\"\/>\n\t<\/div>\n\n<\/div><\/div><\/div><\/div><\/div>","protected":false},"excerpt":{"rendered":"<p>Brightwork und Partner erhalten VIDA-Demonstrationsgutschein Im Juli 2019 erhielt das Konsortium, bestehend aus Brightwork, Nedaq und Nordic Water Benelux, einen VIDA-Demonstrationsgutschein. F\u00fcr ihren Vorschlag, die Anwendung der Tuchfiltration f\u00fcr die Wasserwiederverwendung im Lebensmittelsektor zu untersuchen. Das Konzept der Tuchfiltration wurde bereits in anderen L\u00e4ndern f\u00fcr Anwendungen wie die Wiederverwendung von Wasser, die Behandlung von Oberfl\u00e4chenwasser und die weitgehende Entfernung von Phosphat eingesetzt. Bei dieser Technik werden Fasermaterialien aus Florfasern in Kassetten verwendet, die in einen halb oder ganz eingetauchten Trommelfilter eingesetzt werden. W\u00e4hrend sie rotieren, sammeln sich Schwebstoffe und andere Verunreinigungen im Abwasser auf ... <a title=\"Brightwork und Partner erhalten VIDA-Demonstrationsgutschein\" class=\"read-more\" href=\"https:\/\/brightwork.nl\/de\/brightwork-and-partners-receive-vida-demonstration-voucher\/\" aria-label=\"Mehr dazu unter Brightwork und Partner erhalten VIDA-Demonstrationsgutschein\">Weiterlesen<\/a><\/p>","protected":false},"author":2,"featured_media":0,"parent":0,"menu_order":0,"comment_status":"closed","ping_status":"closed","template":"","meta":{"_eb_attr":"","footnotes":""},"class_list":["post-887","page","type-page","status-publish"],"yoast_head":"<!-- This site is optimized with the Yoast SEO plugin v22.8 - https:\/\/yoast.com\/wordpress\/plugins\/seo\/ -->\n<title>Brightwork and partners receive VIDA Demonstration Voucher - Brightwork BV<\/title>\n<meta name=\"description\" content=\"Brightwork received a VIDA Demonstration Voucher for their proposal to study the application of cloth filtration for water reuse purposes.\" \/>\n<meta name=\"robots\" content=\"index, follow, max-snippet:-1, max-image-preview:large, max-video-preview:-1\" \/>\n<link rel=\"canonical\" href=\"https:\/\/brightwork.nl\/de\/brightwork-and-partners-receive-vida-demonstration-voucher\/\" \/>\n<meta property=\"og:locale\" content=\"de_DE\" \/>\n<meta property=\"og:type\" content=\"article\" \/>\n<meta property=\"og:title\" content=\"Brightwork and partners receive VIDA Demonstration Voucher - Brightwork BV\" \/>\n<meta property=\"og:description\" content=\"Brightwork received a VIDA Demonstration Voucher for their proposal to study the application of cloth filtration for water reuse purposes.\" \/>\n<meta property=\"og:url\" content=\"https:\/\/brightwork.nl\/de\/brightwork-and-partners-receive-vida-demonstration-voucher\/\" \/>\n<meta property=\"og:site_name\" content=\"Brightwork BV\" \/>\n<meta property=\"article:modified_time\" content=\"2021-02-09T22:11:44+00:00\" \/>\n<meta property=\"og:image\" content=\"https:\/\/brightwork.nl\/wp-content\/uploads\/2021\/01\/cropped-BW-products1-2.png\" \/>\n\t<meta property=\"og:image:width\" content=\"722\" \/>\n\t<meta property=\"og:image:height\" content=\"207\" \/>\n\t<meta property=\"og:image:type\" content=\"image\/png\" \/>\n<meta name=\"twitter:card\" content=\"summary_large_image\" \/>\n<script type=\"application\/ld+json\" class=\"yoast-schema-graph\">{\"@context\":\"https:\/\/schema.org\",\"@graph\":[{\"@type\":\"WebPage\",\"@id\":\"https:\/\/brightwork.nl\/brightwork-and-partners-receive-vida-demonstration-voucher\/\",\"url\":\"https:\/\/brightwork.nl\/brightwork-and-partners-receive-vida-demonstration-voucher\/\",\"name\":\"Brightwork and partners receive VIDA Demonstration Voucher - Brightwork BV\",\"isPartOf\":{\"@id\":\"https:\/\/brightwork.nl\/#website\"},\"datePublished\":\"2020-01-13T15:08:19+00:00\",\"dateModified\":\"2021-02-09T22:11:44+00:00\",\"description\":\"Brightwork received a VIDA Demonstration Voucher for their proposal to study the application of cloth filtration for water reuse purposes.\",\"breadcrumb\":{\"@id\":\"https:\/\/brightwork.nl\/brightwork-and-partners-receive-vida-demonstration-voucher\/#breadcrumb\"},\"inLanguage\":\"de\",\"potentialAction\":[{\"@type\":\"ReadAction\",\"target\":[\"https:\/\/brightwork.nl\/brightwork-and-partners-receive-vida-demonstration-voucher\/\"]}]},{\"@type\":\"BreadcrumbList\",\"@id\":\"https:\/\/brightwork.nl\/brightwork-and-partners-receive-vida-demonstration-voucher\/#breadcrumb\",\"itemListElement\":[{\"@type\":\"ListItem\",\"position\":1,\"name\":\"Home\",\"item\":\"https:\/\/brightwork.nl\/\"},{\"@type\":\"ListItem\",\"position\":2,\"name\":\"Brightwork and partners receive VIDA Demonstration Voucher\"}]},{\"@type\":\"WebSite\",\"@id\":\"https:\/\/brightwork.nl\/#website\",\"url\":\"https:\/\/brightwork.nl\/\",\"name\":\"Brightwork BV\",\"description\":\"\",\"publisher\":{\"@id\":\"https:\/\/brightwork.nl\/#organization\"},\"potentialAction\":[{\"@type\":\"SearchAction\",\"target\":{\"@type\":\"EntryPoint\",\"urlTemplate\":\"https:\/\/brightwork.nl\/?s={search_term_string}\"},\"query-input\":\"required name=search_term_string\"}],\"inLanguage\":\"de\"},{\"@type\":\"Organization\",\"@id\":\"https:\/\/brightwork.nl\/#organization\",\"name\":\"BW products\",\"url\":\"https:\/\/brightwork.nl\/\",\"logo\":{\"@type\":\"ImageObject\",\"inLanguage\":\"de\",\"@id\":\"https:\/\/brightwork.nl\/#\/schema\/logo\/image\/\",\"url\":\"https:\/\/bwproducts.nl\/wp-content\/uploads\/2021\/01\/cropped-BW-products1-2.png\",\"contentUrl\":\"https:\/\/bwproducts.nl\/wp-content\/uploads\/2021\/01\/cropped-BW-products1-2.png\",\"width\":722,\"height\":207,\"caption\":\"BW products\"},\"image\":{\"@id\":\"https:\/\/brightwork.nl\/#\/schema\/logo\/image\/\"},\"sameAs\":[\"http:\/\/linkedin.com\/company\/brightwork-bv\",\"https:\/\/www.youtube.com\/channel\/UCX8W0zB6phHctI-6xnSz_iA\"]}]}<\/script>\n<!-- \/ Yoast SEO plugin. -->","yoast_head_json":{"title":"Brightwork and partners receive VIDA Demonstration Voucher - Brightwork BV","description":"Brightwork received a VIDA Demonstration Voucher for their proposal to study the application of cloth filtration for water reuse purposes.","robots":{"index":"index","follow":"follow","max-snippet":"max-snippet:-1","max-image-preview":"max-image-preview:large","max-video-preview":"max-video-preview:-1"},"canonical":"https:\/\/brightwork.nl\/de\/brightwork-and-partners-receive-vida-demonstration-voucher\/","og_locale":"de_DE","og_type":"article","og_title":"Brightwork and partners receive VIDA Demonstration Voucher - Brightwork BV","og_description":"Brightwork received a VIDA Demonstration Voucher for their proposal to study the application of cloth filtration for water reuse purposes.","og_url":"https:\/\/brightwork.nl\/de\/brightwork-and-partners-receive-vida-demonstration-voucher\/","og_site_name":"Brightwork BV","article_modified_time":"2021-02-09T22:11:44+00:00","og_image":[{"width":722,"height":207,"url":"https:\/\/brightwork.nl\/wp-content\/uploads\/2021\/01\/cropped-BW-products1-2.png","type":"image\/png"}],"twitter_card":"summary_large_image","schema":{"@context":"https:\/\/schema.org","@graph":[{"@type":"WebPage","@id":"https:\/\/brightwork.nl\/brightwork-and-partners-receive-vida-demonstration-voucher\/","url":"https:\/\/brightwork.nl\/brightwork-and-partners-receive-vida-demonstration-voucher\/","name":"Brightwork and partners receive VIDA Demonstration Voucher - Brightwork BV","isPartOf":{"@id":"https:\/\/brightwork.nl\/#website"},"datePublished":"2020-01-13T15:08:19+00:00","dateModified":"2021-02-09T22:11:44+00:00","description":"Brightwork received a VIDA Demonstration Voucher for their proposal to study the application of cloth filtration for water reuse purposes.","breadcrumb":{"@id":"https:\/\/brightwork.nl\/brightwork-and-partners-receive-vida-demonstration-voucher\/#breadcrumb"},"inLanguage":"de","potentialAction":[{"@type":"ReadAction","target":["https:\/\/brightwork.nl\/brightwork-and-partners-receive-vida-demonstration-voucher\/"]}]},{"@type":"BreadcrumbList","@id":"https:\/\/brightwork.nl\/brightwork-and-partners-receive-vida-demonstration-voucher\/#breadcrumb","itemListElement":[{"@type":"ListItem","position":1,"name":"Home","item":"https:\/\/brightwork.nl\/"},{"@type":"ListItem","position":2,"name":"Brightwork and partners receive VIDA Demonstration Voucher"}]},{"@type":"WebSite","@id":"https:\/\/brightwork.nl\/#website","url":"https:\/\/brightwork.nl\/","name":"Brightwork BV","description":"","publisher":{"@id":"https:\/\/brightwork.nl\/#organization"},"potentialAction":[{"@type":"SearchAction","target":{"@type":"EntryPoint","urlTemplate":"https:\/\/brightwork.nl\/?s={search_term_string}"},"query-input":"required name=search_term_string"}],"inLanguage":"de"},{"@type":"Organization","@id":"https:\/\/brightwork.nl\/#organization","name":"BW products","url":"https:\/\/brightwork.nl\/","logo":{"@type":"ImageObject","inLanguage":"de","@id":"https:\/\/brightwork.nl\/#\/schema\/logo\/image\/","url":"https:\/\/bwproducts.nl\/wp-content\/uploads\/2021\/01\/cropped-BW-products1-2.png","contentUrl":"https:\/\/bwproducts.nl\/wp-content\/uploads\/2021\/01\/cropped-BW-products1-2.png","width":722,"height":207,"caption":"BW products"},"image":{"@id":"https:\/\/brightwork.nl\/#\/schema\/logo\/image\/"},"sameAs":["http:\/\/linkedin.com\/company\/brightwork-bv","https:\/\/www.youtube.com\/channel\/UCX8W0zB6phHctI-6xnSz_iA"]}]}},"_links":{"self":[{"href":"https:\/\/brightwork.nl\/de\/wp-json\/wp\/v2\/pages\/887","targetHints":{"allow":["GET"]}}],"collection":[{"href":"https:\/\/brightwork.nl\/de\/wp-json\/wp\/v2\/pages"}],"about":[{"href":"https:\/\/brightwork.nl\/de\/wp-json\/wp\/v2\/types\/page"}],"author":[{"embeddable":true,"href":"https:\/\/brightwork.nl\/de\/wp-json\/wp\/v2\/users\/2"}],"replies":[{"embeddable":true,"href":"https:\/\/brightwork.nl\/de\/wp-json\/wp\/v2\/comments?post=887"}],"version-history":[{"count":0,"href":"https:\/\/brightwork.nl\/de\/wp-json\/wp\/v2\/pages\/887\/revisions"}],"wp:attachment":[{"href":"https:\/\/brightwork.nl\/de\/wp-json\/wp\/v2\/media?parent=887"}],"curies":[{"name":"wp","href":"https:\/\/api.w.org\/{rel}","templated":true}]}}