{"id":9321,"date":"2022-05-19T13:37:41","date_gmt":"2022-05-19T11:37:41","guid":{"rendered":"https:\/\/brightwork.nl\/?page_id=9321"},"modified":"2025-05-28T14:38:50","modified_gmt":"2025-05-28T12:38:50","slug":"kontinuierliche-filter-4-0-ein-leistungsfahiges-uberwachungs-und-kontrollsystem-fur-kontinuierliche-filter","status":"publish","type":"page","link":"https:\/\/brightwork.nl\/de\/papers\/kontinuierliche-filter-4-0-ein-leistungsfahiges-uberwachungs-und-kontrollsystem-fur-kontinuierliche-filter\/","title":{"rendered":"Kontinuierliche Filter 4.0 Ein leistungsf\u00e4higes \u00dcberwachungs- und Kontrollsystem f\u00fcr kontinuierliche Filter"},"content":{"rendered":"<div data-elementor-type=\"wp-page\" data-elementor-id=\"9321\" class=\"elementor elementor-9321\">\n\t\t\t\t\t\t<section class=\"elementor-section elementor-top-section elementor-element elementor-element-8c03f26 elementor-section-stretched elementor-section-content-top elementor-section-boxed elementor-section-height-default elementor-section-height-default\" data-id=\"8c03f26\" data-element_type=\"section\" data-settings=\"{&quot;stretch_section&quot;:&quot;section-stretched&quot;}\">\n\t\t\t\t\t\t<div class=\"elementor-container elementor-column-gap-default\">\n\t\t\t\t\t<div class=\"elementor-column elementor-col-66 elementor-top-column elementor-element elementor-element-145992e\" data-id=\"145992e\" data-element_type=\"column\">\n\t\t\t<div class=\"elementor-widget-wrap elementor-element-populated\">\n\t\t\t\t\t\t<div class=\"elementor-element elementor-element-cf33612 elementor-widget elementor-widget-text-editor\" data-id=\"cf33612\" data-element_type=\"widget\" data-widget_type=\"text-editor.default\">\n\t\t\t\t<div class=\"elementor-widget-container\">\n\t\t\t\t\t\t\t<p>PAPIER<\/p>\t\t\t\t\t\t<\/div>\n\t\t\t\t<\/div>\n\t\t\t\t<div class=\"elementor-element elementor-element-ad66a10 elementor-widget elementor-widget-heading\" data-id=\"ad66a10\" data-element_type=\"widget\" data-widget_type=\"heading.default\">\n\t\t\t\t<div class=\"elementor-widget-container\">\n\t\t\t<h2 class=\"elementor-heading-title elementor-size-default\">Kontinuierliche Filter 4.0 Ein leistungsf\u00e4higes \u00dcberwachungs- und Kontrollsystem f\u00fcr kontinuierliche Filter<\/h2>\t\t<\/div>\n\t\t\t\t<\/div>\n\t\t\t\t<div class=\"elementor-element elementor-element-62821a6 elementor-widget elementor-widget-text-editor\" data-id=\"62821a6\" data-element_type=\"widget\" data-widget_type=\"text-editor.default\">\n\t\t\t\t<div class=\"elementor-widget-container\">\n\t\t\t\t\t\t\t<p>Der DynaSand Filter von Nordic Water wird weltweit f\u00fcr eine Vielzahl von Aufgaben eingesetzt. Bei der Inbetriebnahme von<br \/>der DynaSand-Filter, die Umw\u00e4lzrate des Mediums und die Menge des Waschwassers sind optimal<br \/>an die \u00f6rtlichen Gegebenheiten angepasst. Im weiteren Verlauf wird die \u00dcberwachung des Medienkreislaufs<br \/>Rate ist mit herk\u00f6mmlichen Methoden arbeitsintensiv. Auch w\u00e4hrend des Betriebs ist der Medienumlauf<br \/>Rate ist der wichtigste Indikator f\u00fcr m\u00f6gliche Komplikationen und den Leistungsstatus des Patienten.<br \/>Filter. Mit der Sand-Cycle-Technologie wurde eine Echtzeit-\u00dcberwachung und Steuerung des Filters<br \/>entwickelt. Die kontinuierliche \u00dcberwachung dieses Parameters kann daher zur Optimierung der<br \/>Filterleistung und der zugeh\u00f6rigen Parameter, sondern auch zur Identifizierung und Beseitigung potenzieller<br \/>Probleme und Komplikationen in einem fr\u00fchen Stadium zu erkennen.<\/p>\t\t\t\t\t\t<\/div>\n\t\t\t\t<\/div>\n\t\t\t\t\t<\/div>\n\t\t<\/div>\n\t\t\t\t<div class=\"elementor-column elementor-col-33 elementor-top-column elementor-element elementor-element-324125b\" data-id=\"324125b\" data-element_type=\"column\">\n\t\t\t<div class=\"elementor-widget-wrap\">\n\t\t\t\t\t\t\t<\/div>\n\t\t<\/div>\n\t\t\t\t\t<\/div>\n\t\t<\/section>\n\t\t\t\t<section class=\"elementor-section elementor-top-section elementor-element elementor-element-6d77b12 elementor-section-boxed elementor-section-height-default elementor-section-height-default\" data-id=\"6d77b12\" data-element_type=\"section\">\n\t\t\t\t\t\t<div class=\"elementor-container elementor-column-gap-default\">\n\t\t\t\t\t<div class=\"elementor-column elementor-col-50 elementor-top-column elementor-element elementor-element-e8b94ac\" data-id=\"e8b94ac\" data-element_type=\"column\">\n\t\t\t<div class=\"elementor-widget-wrap elementor-element-populated\">\n\t\t\t\t\t\t<div class=\"elementor-element elementor-element-dbf256d elementor-widget elementor-widget-image\" data-id=\"dbf256d\" data-element_type=\"widget\" data-widget_type=\"image.default\">\n\t\t\t\t<div class=\"elementor-widget-container\">\n\t\t\t\t\t\t\t\t\t\t\t\t\t<img fetchpriority=\"high\" decoding=\"async\" width=\"450\" height=\"253\" src=\"https:\/\/brightwork.nl\/wp-content\/uploads\/2022\/04\/wp-effluent-mockup.jpg\" class=\"attachment-full size-full wp-image-8779\" alt=\"\" srcset=\"https:\/\/brightwork.nl\/wp-content\/uploads\/2022\/04\/wp-effluent-mockup.jpg 450w, https:\/\/brightwork.nl\/wp-content\/uploads\/2022\/04\/wp-effluent-mockup-300x169.jpg 300w, https:\/\/brightwork.nl\/wp-content\/uploads\/2022\/04\/wp-effluent-mockup-18x10.jpg 18w\" sizes=\"(max-width: 450px) 100vw, 450px\" \/>\t\t\t\t\t\t\t\t\t\t\t\t\t<\/div>\n\t\t\t\t<\/div>\n\t\t\t\t<div class=\"elementor-element elementor-element-fa42d3f elementor-widget elementor-widget-heading\" data-id=\"fa42d3f\" data-element_type=\"widget\" data-widget_type=\"heading.default\">\n\t\t\t\t<div class=\"elementor-widget-container\">\n\t\t\t<h2 class=\"elementor-heading-title elementor-size-default\">Laden Sie dieses Whitepaper herunter und erfahren Sie mehr:<\/h2>\t\t<\/div>\n\t\t\t\t<\/div>\n\t\t\t\t<div class=\"elementor-element elementor-element-62d9f76 elementor-position-left elementor-view-default elementor-mobile-position-top elementor-vertical-align-top elementor-widget elementor-widget-icon-box\" data-id=\"62d9f76\" data-element_type=\"widget\" id=\"icon-no-title\" data-widget_type=\"icon-box.default\">\n\t\t\t\t<div class=\"elementor-widget-container\">\n\t\t\t\t\t<div class=\"elementor-icon-box-wrapper\">\n\n\t\t\t\t\t\t<div class=\"elementor-icon-box-icon\">\n\t\t\t\t<span  class=\"elementor-icon elementor-animation-\">\n\t\t\t\t<i aria-hidden=\"true\" class=\"fas fa-check-circle\"><\/i>\t\t\t\t<\/span>\n\t\t\t<\/div>\n\t\t\t\n\t\t\t\t\t\t<div class=\"elementor-icon-box-content\">\n\n\t\t\t\t\n\t\t\t\t\t\t\t\t\t<p class=\"elementor-icon-box-description\">\n\t\t\t\t\t\tSo steigern Sie die Filtrationsleistung.\t\t\t\t\t<\/p>\n\t\t\t\t\n\t\t\t<\/div>\n\t\t\t\n\t\t<\/div>\n\t\t\t\t<\/div>\n\t\t\t\t<\/div>\n\t\t\t\t<div class=\"elementor-element elementor-element-257a08b elementor-position-left elementor-view-default elementor-mobile-position-top elementor-vertical-align-top elementor-widget elementor-widget-icon-box\" data-id=\"257a08b\" data-element_type=\"widget\" id=\"icon-no-title\" data-widget_type=\"icon-box.default\">\n\t\t\t\t<div class=\"elementor-widget-container\">\n\t\t\t\t\t<div class=\"elementor-icon-box-wrapper\">\n\n\t\t\t\t\t\t<div class=\"elementor-icon-box-icon\">\n\t\t\t\t<span  class=\"elementor-icon elementor-animation-\">\n\t\t\t\t<i aria-hidden=\"true\" class=\"fas fa-check-circle\"><\/i>\t\t\t\t<\/span>\n\t\t\t<\/div>\n\t\t\t\n\t\t\t\t\t\t<div class=\"elementor-icon-box-content\">\n\n\t\t\t\t\n\t\t\t\t\t\t\t\t\t<p class=\"elementor-icon-box-description\">\n\t\t\t\t\t\t\u00dcberwachung und Steuerung von kontinuierlichen Sandfiltern.\t\t\t\t\t<\/p>\n\t\t\t\t\n\t\t\t<\/div>\n\t\t\t\n\t\t<\/div>\n\t\t\t\t<\/div>\n\t\t\t\t<\/div>\n\t\t\t\t<div class=\"elementor-element elementor-element-d08213d elementor-position-left elementor-view-default elementor-mobile-position-top elementor-vertical-align-top elementor-widget elementor-widget-icon-box\" data-id=\"d08213d\" data-element_type=\"widget\" data-widget_type=\"icon-box.default\">\n\t\t\t\t<div class=\"elementor-widget-container\">\n\t\t\t\t\t<div class=\"elementor-icon-box-wrapper\">\n\n\t\t\t\t\t\t<div class=\"elementor-icon-box-icon\">\n\t\t\t\t<span  class=\"elementor-icon elementor-animation-\">\n\t\t\t\t<i aria-hidden=\"true\" class=\"fas fa-check-circle\"><\/i>\t\t\t\t<\/span>\n\t\t\t<\/div>\n\t\t\t\n\t\t\t\t\t\t<div class=\"elementor-icon-box-content\">\n\n\t\t\t\t\n\t\t\t\t\t\t\t\t\t<p class=\"elementor-icon-box-description\">\n\t\t\t\t\t\tWas sind die besonderen Merkmale des kontinuierlichen Filtrationsprozesses?\t\t\t\t\t<\/p>\n\t\t\t\t\n\t\t\t<\/div>\n\t\t\t\n\t\t<\/div>\n\t\t\t\t<\/div>\n\t\t\t\t<\/div>\n\t\t\t\t\t<\/div>\n\t\t<\/div>\n\t\t\t\t<div class=\"elementor-column elementor-col-50 elementor-top-column elementor-element elementor-element-a65a9e4\" data-id=\"a65a9e4\" data-element_type=\"column\" data-settings=\"{&quot;background_background&quot;:&quot;classic&quot;}\">\n\t\t\t<div class=\"elementor-widget-wrap elementor-element-populated\">\n\t\t\t\t\t\t<section class=\"elementor-section elementor-inner-section elementor-element elementor-element-ca9037c elementor-section-boxed elementor-section-height-default elementor-section-height-default\" data-id=\"ca9037c\" data-element_type=\"section\" id=\"wp-form\" data-settings=\"{&quot;background_background&quot;:&quot;classic&quot;}\">\n\t\t\t\t\t\t<div class=\"elementor-container elementor-column-gap-default\">\n\t\t\t\t\t<div class=\"elementor-column elementor-col-100 elementor-inner-column elementor-element elementor-element-783d6e8\" data-id=\"783d6e8\" data-element_type=\"column\">\n\t\t\t<div class=\"elementor-widget-wrap elementor-element-populated\">\n\t\t\t\t\t\t<div class=\"elementor-element elementor-element-2c754aa elementor-widget elementor-widget-heading\" data-id=\"2c754aa\" data-element_type=\"widget\" data-widget_type=\"heading.default\">\n\t\t\t\t<div class=\"elementor-widget-container\">\n\t\t\t<h2 class=\"elementor-heading-title elementor-size-default\"><a href=\"https:\/\/brightwork.nl\/wp-content\/uploads\/2025\/05\/KONTINUIERLICHE-FILTER-4.0-1.pdf\" target=\"_blank\">DOWNLOAD PAPIER<\/a><\/h2>\t\t<\/div>\n\t\t\t\t<\/div>\n\t\t\t\t<div class=\"elementor-element elementor-element-5a544cf elementor-widget elementor-widget-shortcode\" data-id=\"5a544cf\" data-element_type=\"widget\" data-widget_type=\"shortcode.default\">\n\t\t\t\t<div class=\"elementor-widget-container\">\n\t\t\t\t\t<div class=\"elementor-shortcode\"><div class='_form_26'><\/div><script type='text\/javascript' src='https:\/\/brightwork3803.activehosted.com\/f\/embed.php?static=0&id=26&69D56DE2A0915&nostyles=1&preview=0'><\/script><\/div>\n\t\t\t\t<\/div>\n\t\t\t\t<\/div>\n\t\t\t\t\t<\/div>\n\t\t<\/div>\n\t\t\t\t\t<\/div>\n\t\t<\/section>\n\t\t\t\t\t<\/div>\n\t\t<\/div>\n\t\t\t\t\t<\/div>\n\t\t<\/section>\n\t\t\t\t<\/div>","protected":false},"excerpt":{"rendered":"<p>PAPIER Kontinuierliche Filter 4.0 Ein leistungsf\u00e4higes \u00dcberwachungs- und Kontrollsystem f\u00fcr kontinuierliche Filter Der DynaSand Filter von Nordic Water wird weltweit f\u00fcr eine Vielzahl von Aufgaben eingesetzt. Bei der Inbetriebnahme des DynaSand Filters werden die Umw\u00e4lzrate des Mediums und die Menge des Waschwassers optimal an die \u00f6rtlichen Gegebenheiten angepasst. Im weiteren Verlauf ist die \u00dcberwachung der Mediumumw\u00e4lzung mit herk\u00f6mmlichen Methoden arbeitsintensiv. Auch w\u00e4hrend des Betriebs ist die Mediumumlaufrate der wichtigste Indikator f\u00fcr m\u00f6gliche Komplikationen und den Leistungszustand des Filters. Mit der Sand-Cycle-Technologie wurde eine Echtzeit-\u00dcberwachung und Steuerung des Filters entwickelt. Die kontinuierliche \u00dcberwachung dieser ... <a title=\"Kontinuierliche Filter 4.0 Ein leistungsf\u00e4higes \u00dcberwachungs- und Kontrollsystem f\u00fcr kontinuierliche Filter\" class=\"read-more\" href=\"https:\/\/brightwork.nl\/de\/papers\/kontinuierliche-filter-4-0-ein-leistungsfahiges-uberwachungs-und-kontrollsystem-fur-kontinuierliche-filter\/\" aria-label=\"Mehr dazu unter Kontinuierliche Filter 4.0 Ein leistungsf\u00e4higes \u00dcberwachungs- und Kontrollsystem f\u00fcr kontinuierliche Filter\">Weiterlesen<\/a><\/p>","protected":false},"author":2,"featured_media":0,"parent":5909,"menu_order":0,"comment_status":"closed","ping_status":"closed","template":"","meta":{"_eb_attr":"","footnotes":""},"class_list":["post-9321","page","type-page","status-publish"],"yoast_head":"<!-- This site is optimized with the Yoast SEO plugin v22.8 - https:\/\/yoast.com\/wordpress\/plugins\/seo\/ -->\n<title>Kontinuierliche filter 4.0 Ein leistungsf\u00e4higes \u00dcberwachungs- und Kontrollsystem f\u00fcr kontinuierliche Filter - Brightwork BV<\/title>\n<meta name=\"description\" content=\"Sand-Cycle has been developed as a powerful remote monitoring and control tool to improve performance of continuous sand filters, to reduce operational costs \u00e1nd to make life easier in the day-to-day operations. Sand-Cycle uses RFID tags, which are added to the sand filter bed, acting as a proxy for the sand movement in the filter.\" \/>\n<meta name=\"robots\" content=\"index, follow, max-snippet:-1, max-image-preview:large, max-video-preview:-1\" \/>\n<link rel=\"canonical\" href=\"https:\/\/brightwork.nl\/de\/papers\/kontinuierliche-filter-4-0-ein-leistungsfahiges-uberwachungs-und-kontrollsystem-fur-kontinuierliche-filter\/\" \/>\n<meta property=\"og:locale\" content=\"de_DE\" \/>\n<meta property=\"og:type\" content=\"article\" \/>\n<meta property=\"og:title\" content=\"Kontinuierliche filter 4.0 Ein leistungsf\u00e4higes \u00dcberwachungs- und Kontrollsystem f\u00fcr kontinuierliche Filter - Brightwork BV\" \/>\n<meta property=\"og:description\" content=\"Sand-Cycle has been developed as a powerful remote monitoring and control tool to improve performance of continuous sand filters, to reduce operational costs \u00e1nd to make life easier in the day-to-day operations. Sand-Cycle uses RFID tags, which are added to the sand filter bed, acting as a proxy for the sand movement in the filter.\" \/>\n<meta property=\"og:url\" content=\"https:\/\/brightwork.nl\/de\/papers\/kontinuierliche-filter-4-0-ein-leistungsfahiges-uberwachungs-und-kontrollsystem-fur-kontinuierliche-filter\/\" \/>\n<meta property=\"og:site_name\" content=\"Brightwork BV\" \/>\n<meta property=\"article:modified_time\" content=\"2025-05-28T12:38:50+00:00\" \/>\n<meta property=\"og:image\" content=\"https:\/\/brightwork.nl\/wp-content\/uploads\/2022\/04\/wp-effluent-mockup.jpg\" \/>\n<meta name=\"twitter:card\" content=\"summary_large_image\" \/>\n<script type=\"application\/ld+json\" class=\"yoast-schema-graph\">{\"@context\":\"https:\/\/schema.org\",\"@graph\":[{\"@type\":\"WebPage\",\"@id\":\"https:\/\/brightwork.nl\/papers\/kontinuierliche-filter-4-0-ein-leistungsfahiges-uberwachungs-und-kontrollsystem-fur-kontinuierliche-filter\/\",\"url\":\"https:\/\/brightwork.nl\/papers\/kontinuierliche-filter-4-0-ein-leistungsfahiges-uberwachungs-und-kontrollsystem-fur-kontinuierliche-filter\/\",\"name\":\"Kontinuierliche filter 4.0 Ein leistungsf\u00e4higes \u00dcberwachungs- und Kontrollsystem f\u00fcr kontinuierliche Filter - Brightwork BV\",\"isPartOf\":{\"@id\":\"https:\/\/brightwork.nl\/#website\"},\"primaryImageOfPage\":{\"@id\":\"https:\/\/brightwork.nl\/papers\/kontinuierliche-filter-4-0-ein-leistungsfahiges-uberwachungs-und-kontrollsystem-fur-kontinuierliche-filter\/#primaryimage\"},\"image\":{\"@id\":\"https:\/\/brightwork.nl\/papers\/kontinuierliche-filter-4-0-ein-leistungsfahiges-uberwachungs-und-kontrollsystem-fur-kontinuierliche-filter\/#primaryimage\"},\"thumbnailUrl\":\"https:\/\/brightwork.nl\/wp-content\/uploads\/2022\/04\/wp-effluent-mockup.jpg\",\"datePublished\":\"2022-05-19T11:37:41+00:00\",\"dateModified\":\"2025-05-28T12:38:50+00:00\",\"description\":\"Sand-Cycle has been developed as a powerful remote monitoring and control tool to improve performance of continuous sand filters, to reduce operational costs \u00e1nd to make life easier in the day-to-day operations. Sand-Cycle uses RFID tags, which are added to the sand filter bed, acting as a proxy for the sand movement in the filter.\",\"breadcrumb\":{\"@id\":\"https:\/\/brightwork.nl\/papers\/kontinuierliche-filter-4-0-ein-leistungsfahiges-uberwachungs-und-kontrollsystem-fur-kontinuierliche-filter\/#breadcrumb\"},\"inLanguage\":\"de\",\"potentialAction\":[{\"@type\":\"ReadAction\",\"target\":[\"https:\/\/brightwork.nl\/papers\/kontinuierliche-filter-4-0-ein-leistungsfahiges-uberwachungs-und-kontrollsystem-fur-kontinuierliche-filter\/\"]}]},{\"@type\":\"ImageObject\",\"inLanguage\":\"de\",\"@id\":\"https:\/\/brightwork.nl\/papers\/kontinuierliche-filter-4-0-ein-leistungsfahiges-uberwachungs-und-kontrollsystem-fur-kontinuierliche-filter\/#primaryimage\",\"url\":\"https:\/\/brightwork.nl\/wp-content\/uploads\/2022\/04\/wp-effluent-mockup.jpg\",\"contentUrl\":\"https:\/\/brightwork.nl\/wp-content\/uploads\/2022\/04\/wp-effluent-mockup.jpg\"},{\"@type\":\"BreadcrumbList\",\"@id\":\"https:\/\/brightwork.nl\/papers\/kontinuierliche-filter-4-0-ein-leistungsfahiges-uberwachungs-und-kontrollsystem-fur-kontinuierliche-filter\/#breadcrumb\",\"itemListElement\":[{\"@type\":\"ListItem\",\"position\":1,\"name\":\"Home\",\"item\":\"https:\/\/brightwork.nl\/\"},{\"@type\":\"ListItem\",\"position\":2,\"name\":\"Papers\",\"item\":\"https:\/\/brightwork.nl\/papers\/\"},{\"@type\":\"ListItem\",\"position\":3,\"name\":\"Kontinuierliche filter 4.0 Ein leistungsf\u00e4higes \u00dcberwachungs- und Kontrollsystem f\u00fcr kontinuierliche Filter\"}]},{\"@type\":\"WebSite\",\"@id\":\"https:\/\/brightwork.nl\/#website\",\"url\":\"https:\/\/brightwork.nl\/\",\"name\":\"Brightwork BV\",\"description\":\"\",\"publisher\":{\"@id\":\"https:\/\/brightwork.nl\/#organization\"},\"potentialAction\":[{\"@type\":\"SearchAction\",\"target\":{\"@type\":\"EntryPoint\",\"urlTemplate\":\"https:\/\/brightwork.nl\/?s={search_term_string}\"},\"query-input\":\"required name=search_term_string\"}],\"inLanguage\":\"de\"},{\"@type\":\"Organization\",\"@id\":\"https:\/\/brightwork.nl\/#organization\",\"name\":\"BW products\",\"url\":\"https:\/\/brightwork.nl\/\",\"logo\":{\"@type\":\"ImageObject\",\"inLanguage\":\"de\",\"@id\":\"https:\/\/brightwork.nl\/#\/schema\/logo\/image\/\",\"url\":\"https:\/\/bwproducts.nl\/wp-content\/uploads\/2021\/01\/cropped-BW-products1-2.png\",\"contentUrl\":\"https:\/\/bwproducts.nl\/wp-content\/uploads\/2021\/01\/cropped-BW-products1-2.png\",\"width\":722,\"height\":207,\"caption\":\"BW products\"},\"image\":{\"@id\":\"https:\/\/brightwork.nl\/#\/schema\/logo\/image\/\"},\"sameAs\":[\"http:\/\/linkedin.com\/company\/brightwork-bv\",\"https:\/\/www.youtube.com\/channel\/UCX8W0zB6phHctI-6xnSz_iA\"]}]}<\/script>\n<!-- \/ Yoast SEO plugin. -->","yoast_head_json":{"title":"Kontinuierliche filter 4.0 Ein leistungsf\u00e4higes \u00dcberwachungs- und Kontrollsystem f\u00fcr kontinuierliche Filter - Brightwork BV","description":"Sand-Cycle has been developed as a powerful remote monitoring and control tool to improve performance of continuous sand filters, to reduce operational costs \u00e1nd to make life easier in the day-to-day operations. Sand-Cycle uses RFID tags, which are added to the sand filter bed, acting as a proxy for the sand movement in the filter.","robots":{"index":"index","follow":"follow","max-snippet":"max-snippet:-1","max-image-preview":"max-image-preview:large","max-video-preview":"max-video-preview:-1"},"canonical":"https:\/\/brightwork.nl\/de\/papers\/kontinuierliche-filter-4-0-ein-leistungsfahiges-uberwachungs-und-kontrollsystem-fur-kontinuierliche-filter\/","og_locale":"de_DE","og_type":"article","og_title":"Kontinuierliche filter 4.0 Ein leistungsf\u00e4higes \u00dcberwachungs- und Kontrollsystem f\u00fcr kontinuierliche Filter - Brightwork BV","og_description":"Sand-Cycle has been developed as a powerful remote monitoring and control tool to improve performance of continuous sand filters, to reduce operational costs \u00e1nd to make life easier in the day-to-day operations. Sand-Cycle uses RFID tags, which are added to the sand filter bed, acting as a proxy for the sand movement in the filter.","og_url":"https:\/\/brightwork.nl\/de\/papers\/kontinuierliche-filter-4-0-ein-leistungsfahiges-uberwachungs-und-kontrollsystem-fur-kontinuierliche-filter\/","og_site_name":"Brightwork BV","article_modified_time":"2025-05-28T12:38:50+00:00","og_image":[{"url":"https:\/\/brightwork.nl\/wp-content\/uploads\/2022\/04\/wp-effluent-mockup.jpg"}],"twitter_card":"summary_large_image","schema":{"@context":"https:\/\/schema.org","@graph":[{"@type":"WebPage","@id":"https:\/\/brightwork.nl\/papers\/kontinuierliche-filter-4-0-ein-leistungsfahiges-uberwachungs-und-kontrollsystem-fur-kontinuierliche-filter\/","url":"https:\/\/brightwork.nl\/papers\/kontinuierliche-filter-4-0-ein-leistungsfahiges-uberwachungs-und-kontrollsystem-fur-kontinuierliche-filter\/","name":"Kontinuierliche filter 4.0 Ein leistungsf\u00e4higes \u00dcberwachungs- und Kontrollsystem f\u00fcr kontinuierliche Filter - Brightwork BV","isPartOf":{"@id":"https:\/\/brightwork.nl\/#website"},"primaryImageOfPage":{"@id":"https:\/\/brightwork.nl\/papers\/kontinuierliche-filter-4-0-ein-leistungsfahiges-uberwachungs-und-kontrollsystem-fur-kontinuierliche-filter\/#primaryimage"},"image":{"@id":"https:\/\/brightwork.nl\/papers\/kontinuierliche-filter-4-0-ein-leistungsfahiges-uberwachungs-und-kontrollsystem-fur-kontinuierliche-filter\/#primaryimage"},"thumbnailUrl":"https:\/\/brightwork.nl\/wp-content\/uploads\/2022\/04\/wp-effluent-mockup.jpg","datePublished":"2022-05-19T11:37:41+00:00","dateModified":"2025-05-28T12:38:50+00:00","description":"Sand-Cycle has been developed as a powerful remote monitoring and control tool to improve performance of continuous sand filters, to reduce operational costs \u00e1nd to make life easier in the day-to-day operations. Sand-Cycle uses RFID tags, which are added to the sand filter bed, acting as a proxy for the sand movement in the filter.","breadcrumb":{"@id":"https:\/\/brightwork.nl\/papers\/kontinuierliche-filter-4-0-ein-leistungsfahiges-uberwachungs-und-kontrollsystem-fur-kontinuierliche-filter\/#breadcrumb"},"inLanguage":"de","potentialAction":[{"@type":"ReadAction","target":["https:\/\/brightwork.nl\/papers\/kontinuierliche-filter-4-0-ein-leistungsfahiges-uberwachungs-und-kontrollsystem-fur-kontinuierliche-filter\/"]}]},{"@type":"ImageObject","inLanguage":"de","@id":"https:\/\/brightwork.nl\/papers\/kontinuierliche-filter-4-0-ein-leistungsfahiges-uberwachungs-und-kontrollsystem-fur-kontinuierliche-filter\/#primaryimage","url":"https:\/\/brightwork.nl\/wp-content\/uploads\/2022\/04\/wp-effluent-mockup.jpg","contentUrl":"https:\/\/brightwork.nl\/wp-content\/uploads\/2022\/04\/wp-effluent-mockup.jpg"},{"@type":"BreadcrumbList","@id":"https:\/\/brightwork.nl\/papers\/kontinuierliche-filter-4-0-ein-leistungsfahiges-uberwachungs-und-kontrollsystem-fur-kontinuierliche-filter\/#breadcrumb","itemListElement":[{"@type":"ListItem","position":1,"name":"Home","item":"https:\/\/brightwork.nl\/"},{"@type":"ListItem","position":2,"name":"Papers","item":"https:\/\/brightwork.nl\/papers\/"},{"@type":"ListItem","position":3,"name":"Kontinuierliche filter 4.0 Ein leistungsf\u00e4higes \u00dcberwachungs- und Kontrollsystem f\u00fcr kontinuierliche Filter"}]},{"@type":"WebSite","@id":"https:\/\/brightwork.nl\/#website","url":"https:\/\/brightwork.nl\/","name":"Brightwork BV","description":"","publisher":{"@id":"https:\/\/brightwork.nl\/#organization"},"potentialAction":[{"@type":"SearchAction","target":{"@type":"EntryPoint","urlTemplate":"https:\/\/brightwork.nl\/?s={search_term_string}"},"query-input":"required name=search_term_string"}],"inLanguage":"de"},{"@type":"Organization","@id":"https:\/\/brightwork.nl\/#organization","name":"BW products","url":"https:\/\/brightwork.nl\/","logo":{"@type":"ImageObject","inLanguage":"de","@id":"https:\/\/brightwork.nl\/#\/schema\/logo\/image\/","url":"https:\/\/bwproducts.nl\/wp-content\/uploads\/2021\/01\/cropped-BW-products1-2.png","contentUrl":"https:\/\/bwproducts.nl\/wp-content\/uploads\/2021\/01\/cropped-BW-products1-2.png","width":722,"height":207,"caption":"BW products"},"image":{"@id":"https:\/\/brightwork.nl\/#\/schema\/logo\/image\/"},"sameAs":["http:\/\/linkedin.com\/company\/brightwork-bv","https:\/\/www.youtube.com\/channel\/UCX8W0zB6phHctI-6xnSz_iA"]}]}},"_links":{"self":[{"href":"https:\/\/brightwork.nl\/de\/wp-json\/wp\/v2\/pages\/9321","targetHints":{"allow":["GET"]}}],"collection":[{"href":"https:\/\/brightwork.nl\/de\/wp-json\/wp\/v2\/pages"}],"about":[{"href":"https:\/\/brightwork.nl\/de\/wp-json\/wp\/v2\/types\/page"}],"author":[{"embeddable":true,"href":"https:\/\/brightwork.nl\/de\/wp-json\/wp\/v2\/users\/2"}],"replies":[{"embeddable":true,"href":"https:\/\/brightwork.nl\/de\/wp-json\/wp\/v2\/comments?post=9321"}],"version-history":[{"count":3,"href":"https:\/\/brightwork.nl\/de\/wp-json\/wp\/v2\/pages\/9321\/revisions"}],"predecessor-version":[{"id":10127,"href":"https:\/\/brightwork.nl\/de\/wp-json\/wp\/v2\/pages\/9321\/revisions\/10127"}],"up":[{"embeddable":true,"href":"https:\/\/brightwork.nl\/de\/wp-json\/wp\/v2\/pages\/5909"}],"wp:attachment":[{"href":"https:\/\/brightwork.nl\/de\/wp-json\/wp\/v2\/media?parent=9321"}],"curies":[{"name":"wp","href":"https:\/\/api.w.org\/{rel}","templated":true}]}}