{"id":9659,"date":"2023-02-20T14:21:53","date_gmt":"2023-02-20T13:21:53","guid":{"rendered":"https:\/\/brightwork.nl\/?page_id=9659"},"modified":"2025-05-28T14:41:08","modified_gmt":"2025-05-28T12:41:08","slug":"how-to-cope-with-stricter-effluent-criteria-uk","status":"publish","type":"page","link":"https:\/\/brightwork.nl\/de\/papers\/how-to-cope-with-stricter-effluent-criteria-uk\/","title":{"rendered":"Wie man mit strengeren Abwasserkriterien zurechtkommt, britische Erfahrungen mit bel\u00fcfteten Bioreaktoren mit kontinuierlich bewegtem Bett"},"content":{"rendered":"<div data-elementor-type=\"wp-page\" data-elementor-id=\"9659\" class=\"elementor elementor-9659\">\n\t\t\t\t\t\t<section class=\"elementor-section elementor-top-section elementor-element elementor-element-8c03f26 elementor-section-stretched elementor-section-content-top elementor-section-boxed elementor-section-height-default elementor-section-height-default\" data-id=\"8c03f26\" data-element_type=\"section\" data-settings=\"{&quot;stretch_section&quot;:&quot;section-stretched&quot;}\">\n\t\t\t\t\t\t<div class=\"elementor-container elementor-column-gap-default\">\n\t\t\t\t\t<div class=\"elementor-column elementor-col-66 elementor-top-column elementor-element elementor-element-145992e\" data-id=\"145992e\" data-element_type=\"column\">\n\t\t\t<div class=\"elementor-widget-wrap elementor-element-populated\">\n\t\t\t\t\t\t<div class=\"elementor-element elementor-element-cf33612 elementor-widget elementor-widget-text-editor\" data-id=\"cf33612\" data-element_type=\"widget\" data-widget_type=\"text-editor.default\">\n\t\t\t\t<div class=\"elementor-widget-container\">\n\t\t\t\t\t\t\t<p>PAPIER<\/p>\t\t\t\t\t\t<\/div>\n\t\t\t\t<\/div>\n\t\t\t\t<div class=\"elementor-element elementor-element-ad66a10 elementor-widget elementor-widget-heading\" data-id=\"ad66a10\" data-element_type=\"widget\" data-widget_type=\"heading.default\">\n\t\t\t\t<div class=\"elementor-widget-container\">\n\t\t\t<h2 class=\"elementor-heading-title elementor-size-default\">Wie man mit strengeren Abwasserkriterien zurechtkommt\nBritische Erfahrungen mit bel\u00fcfteten Bioreaktoren mit kontinuierlich bewegtem Bett\n<\/h2>\t\t<\/div>\n\t\t\t\t<\/div>\n\t\t\t\t<div class=\"elementor-element elementor-element-62821a6 elementor-widget elementor-widget-text-editor\" data-id=\"62821a6\" data-element_type=\"widget\" data-widget_type=\"text-editor.default\">\n\t\t\t\t<div class=\"elementor-widget-container\">\n\t\t\t\t\t\t\t<p><span class=\"S1PPyQ\">Im Vereinigten K\u00f6nigreich m\u00fcssen zahlreiche Kl\u00e4ranlagen aufger\u00fcstet werden, um strengere Kriterien zu erf\u00fcllen. Besonderes Augenmerk muss dabei auf Schwebstoffe, Ammoniak und BSB gelegt werden. Der Einsatz eines bel\u00fcfteten Terti\u00e4rreaktors mit beweglichem Bett als zus\u00e4tzliche Reinigungsstufe ist in der Regel eine gute und zuverl\u00e4ssige Option: BSB und Schwebstoffe werden durch physikalische Sandfiltration entfernt, w\u00e4hrend Ammoniak durch nitrifizierende Biomasse, die auf den Sandk\u00f6rnern vorhanden ist, biologisch umgewandelt wird.<\/span><\/p>\t\t\t\t\t\t<\/div>\n\t\t\t\t<\/div>\n\t\t\t\t\t<\/div>\n\t\t<\/div>\n\t\t\t\t<div class=\"elementor-column elementor-col-33 elementor-top-column elementor-element elementor-element-324125b\" data-id=\"324125b\" data-element_type=\"column\">\n\t\t\t<div class=\"elementor-widget-wrap\">\n\t\t\t\t\t\t\t<\/div>\n\t\t<\/div>\n\t\t\t\t\t<\/div>\n\t\t<\/section>\n\t\t\t\t<section class=\"elementor-section elementor-top-section elementor-element elementor-element-6d77b12 elementor-section-boxed elementor-section-height-default elementor-section-height-default\" data-id=\"6d77b12\" data-element_type=\"section\">\n\t\t\t\t\t\t<div class=\"elementor-container elementor-column-gap-default\">\n\t\t\t\t\t<div class=\"elementor-column elementor-col-50 elementor-top-column elementor-element elementor-element-e8b94ac\" data-id=\"e8b94ac\" data-element_type=\"column\">\n\t\t\t<div class=\"elementor-widget-wrap elementor-element-populated\">\n\t\t\t\t\t\t<div class=\"elementor-element elementor-element-dbf256d elementor-widget elementor-widget-image\" data-id=\"dbf256d\" data-element_type=\"widget\" data-widget_type=\"image.default\">\n\t\t\t\t<div class=\"elementor-widget-container\">\n\t\t\t\t\t\t\t\t\t\t\t\t\t<img fetchpriority=\"high\" decoding=\"async\" width=\"1193\" height=\"848\" src=\"https:\/\/brightwork.nl\/wp-content\/uploads\/2023\/02\/How-To-cope-Knipsel-1.png\" class=\"attachment-full size-full wp-image-9665\" alt=\"\" srcset=\"https:\/\/brightwork.nl\/wp-content\/uploads\/2023\/02\/How-To-cope-Knipsel-1.png 1193w, https:\/\/brightwork.nl\/wp-content\/uploads\/2023\/02\/How-To-cope-Knipsel-1-300x213.png 300w, https:\/\/brightwork.nl\/wp-content\/uploads\/2023\/02\/How-To-cope-Knipsel-1-450x320.png 450w, https:\/\/brightwork.nl\/wp-content\/uploads\/2023\/02\/How-To-cope-Knipsel-1-768x546.png 768w, https:\/\/brightwork.nl\/wp-content\/uploads\/2023\/02\/How-To-cope-Knipsel-1-18x12.png 18w\" sizes=\"(max-width: 1193px) 100vw, 1193px\" \/>\t\t\t\t\t\t\t\t\t\t\t\t\t<\/div>\n\t\t\t\t<\/div>\n\t\t\t\t<div class=\"elementor-element elementor-element-fa42d3f elementor-widget elementor-widget-heading\" data-id=\"fa42d3f\" data-element_type=\"widget\" data-widget_type=\"heading.default\">\n\t\t\t\t<div class=\"elementor-widget-container\">\n\t\t\t<h2 class=\"elementor-heading-title elementor-size-default\">Laden Sie dieses Papier herunter, um mehr dar\u00fcber zu erfahren:<\/h2>\t\t<\/div>\n\t\t\t\t<\/div>\n\t\t\t\t<div class=\"elementor-element elementor-element-257a08b elementor-position-left elementor-view-default elementor-mobile-position-top elementor-vertical-align-top elementor-widget elementor-widget-icon-box\" data-id=\"257a08b\" data-element_type=\"widget\" id=\"icon-no-title\" data-widget_type=\"icon-box.default\">\n\t\t\t\t<div class=\"elementor-widget-container\">\n\t\t\t\t\t<div class=\"elementor-icon-box-wrapper\">\n\n\t\t\t\t\t\t<div class=\"elementor-icon-box-icon\">\n\t\t\t\t<span  class=\"elementor-icon elementor-animation-\">\n\t\t\t\t<i aria-hidden=\"true\" class=\"fas fa-check-circle\"><\/i>\t\t\t\t<\/span>\n\t\t\t<\/div>\n\t\t\t\n\t\t\t\t\t\t<div class=\"elementor-icon-box-content\">\n\n\t\t\t\t\n\t\t\t\t\t\t\t\t\t<p class=\"elementor-icon-box-description\">\n\t\t\t\t\t\tDer beschriebene Reaktortyp hat sich nach mehrj\u00e4hriger Betriebserfahrung als zuverl\u00e4ssig f\u00fcr bel\u00fcftete biologische Prozesse erwiesen.\t\t\t\t\t<\/p>\n\t\t\t\t\n\t\t\t<\/div>\n\t\t\t\n\t\t<\/div>\n\t\t\t\t<\/div>\n\t\t\t\t<\/div>\n\t\t\t\t<div class=\"elementor-element elementor-element-62d9f76 elementor-position-left elementor-view-default elementor-mobile-position-top elementor-vertical-align-top elementor-widget elementor-widget-icon-box\" data-id=\"62d9f76\" data-element_type=\"widget\" id=\"icon-no-title\" data-widget_type=\"icon-box.default\">\n\t\t\t\t<div class=\"elementor-widget-container\">\n\t\t\t\t\t<div class=\"elementor-icon-box-wrapper\">\n\n\t\t\t\t\t\t<div class=\"elementor-icon-box-icon\">\n\t\t\t\t<span  class=\"elementor-icon elementor-animation-\">\n\t\t\t\t<i aria-hidden=\"true\" class=\"fas fa-check-circle\"><\/i>\t\t\t\t<\/span>\n\t\t\t<\/div>\n\t\t\t\n\t\t\t\t\t\t<div class=\"elementor-icon-box-content\">\n\n\t\t\t\t\n\t\t\t\t\t\t\t\t\t<p class=\"elementor-icon-box-description\">\n\t\t\t\t\t\tDer ATSF-Reaktor mit beweglichem Bett hat sich als zuverl\u00e4ssige Prozesseinheit erwiesen, um niedrige Ammoniak-, BSB- und Schwebstoffwerte zu erreichen, die in mehreren kommunalen Kl\u00e4ranlagen gem\u00e4\u00df den europ\u00e4ischen Richtlinien vorgeschrieben sind. \t\t\t\t\t<\/p>\n\t\t\t\t\n\t\t\t<\/div>\n\t\t\t\n\t\t<\/div>\n\t\t\t\t<\/div>\n\t\t\t\t<\/div>\n\t\t\t\t\t<\/div>\n\t\t<\/div>\n\t\t\t\t<div class=\"elementor-column elementor-col-50 elementor-top-column elementor-element elementor-element-a65a9e4\" data-id=\"a65a9e4\" data-element_type=\"column\" data-settings=\"{&quot;background_background&quot;:&quot;classic&quot;}\">\n\t\t\t<div class=\"elementor-widget-wrap elementor-element-populated\">\n\t\t\t\t\t\t<section class=\"elementor-section elementor-inner-section elementor-element elementor-element-ca9037c elementor-section-boxed elementor-section-height-default elementor-section-height-default\" data-id=\"ca9037c\" data-element_type=\"section\" id=\"wp-form\" data-settings=\"{&quot;background_background&quot;:&quot;classic&quot;}\">\n\t\t\t\t\t\t<div class=\"elementor-container elementor-column-gap-default\">\n\t\t\t\t\t<div class=\"elementor-column elementor-col-100 elementor-inner-column elementor-element elementor-element-783d6e8\" data-id=\"783d6e8\" data-element_type=\"column\">\n\t\t\t<div class=\"elementor-widget-wrap elementor-element-populated\">\n\t\t\t\t\t\t<div class=\"elementor-element elementor-element-2c754aa elementor-widget elementor-widget-heading\" data-id=\"2c754aa\" data-element_type=\"widget\" data-widget_type=\"heading.default\">\n\t\t\t\t<div class=\"elementor-widget-container\">\n\t\t\t<h2 class=\"elementor-heading-title elementor-size-default\"><a href=\"https:\/\/brightwork.nl\/wp-content\/uploads\/2025\/05\/How-to-cope-with-stricter-effluent-criteria-in-the-years-to-come-1.pdf\" target=\"_blank\">DOWNLOAD PAPIER<\/a><\/h2>\t\t<\/div>\n\t\t\t\t<\/div>\n\t\t\t\t<div class=\"elementor-element elementor-element-5a544cf elementor-widget elementor-widget-shortcode\" data-id=\"5a544cf\" data-element_type=\"widget\" data-widget_type=\"shortcode.default\">\n\t\t\t\t<div class=\"elementor-widget-container\">\n\t\t\t\t\t<div class=\"elementor-shortcode\"><div class='_form_30'><\/div><script type='text\/javascript' src='https:\/\/brightwork3803.activehosted.com\/f\/embed.php?static=0&id=30&69ED1543DC580&nostyles=1&preview=0'><\/script>\n<\/div>\n\t\t\t\t<\/div>\n\t\t\t\t<\/div>\n\t\t\t\t\t<\/div>\n\t\t<\/div>\n\t\t\t\t\t<\/div>\n\t\t<\/section>\n\t\t\t\t\t<\/div>\n\t\t<\/div>\n\t\t\t\t\t<\/div>\n\t\t<\/section>\n\t\t\t\t<\/div>","protected":false},"excerpt":{"rendered":"<p>PAPER Wie man mit strengeren Abwasserkriterien zurechtkommt Britische Erfahrungen mit bel\u00fcfteten Bioreaktoren mit kontinuierlich bewegtem Bett Im Vereinigten K\u00f6nigreich m\u00fcssen zahlreiche Kl\u00e4ranlagen aufger\u00fcstet werden, um strengere Kriterien zu erf\u00fcllen. Besonderes Augenmerk muss dabei auf Schwebstoffe, Ammoniak und BSB gelegt werden. Der Einsatz eines bel\u00fcfteten Terti\u00e4rreaktors mit beweglichem Bett als zus\u00e4tzliche Reinigungsstufe ist in der Regel eine gute und zuverl\u00e4ssige Option: BSB und Schwebstoffe werden durch physikalische Sandfiltration entfernt, w\u00e4hrend Ammoniak durch nitrifizierende Biomasse, die auf den Sandk\u00f6rnern vorhanden ist, biologisch umgewandelt wird. Laden Sie dieses Papier herunter, um mehr dar\u00fcber zu erfahren: ... <a title=\"Wie man mit strengeren Abwasserkriterien zurechtkommt, britische Erfahrungen mit bel\u00fcfteten Bioreaktoren mit kontinuierlich bewegtem Bett\" class=\"read-more\" href=\"https:\/\/brightwork.nl\/de\/papers\/how-to-cope-with-stricter-effluent-criteria-uk\/\" aria-label=\"Mehr dazu unter Wie man mit strengeren Abwasserkriterien zurechtkommt, britische Erfahrungen mit bel\u00fcfteten Bioreaktoren mit kontinuierlich bewegtem Bett\">Weiterlesen<\/a><\/p>","protected":false},"author":2,"featured_media":0,"parent":5909,"menu_order":0,"comment_status":"closed","ping_status":"closed","template":"","meta":{"_eb_attr":"","footnotes":""},"class_list":["post-9659","page","type-page","status-publish"],"yoast_head":"<!-- This site is optimized with the Yoast SEO plugin v22.8 - https:\/\/yoast.com\/wordpress\/plugins\/seo\/ -->\n<title>How to cope with stricter effluent criteria, UK experiences with continuously moving bed aerated bioreactors - Brightwork BV<\/title>\n<meta name=\"description\" content=\"Within the UK a large number of sewage treatment works will have to be upgraded, to meet more stringent criteria. Special attention will have to be paid to suspended solids, ammonia and BOD. The use of an aerated tertiary moving bed reactor as a add-on polishing step tends to be a good and reliable option: BOD and suspended solids are removed by physical sand filtration, while ammonia is converted biologically by nitrifying biomass, present on the sand grains.\" \/>\n<meta name=\"robots\" content=\"index, follow, max-snippet:-1, max-image-preview:large, max-video-preview:-1\" \/>\n<link rel=\"canonical\" href=\"https:\/\/brightwork.nl\/de\/papers\/how-to-cope-with-stricter-effluent-criteria-uk\/\" \/>\n<meta property=\"og:locale\" content=\"de_DE\" \/>\n<meta property=\"og:type\" content=\"article\" \/>\n<meta property=\"og:title\" content=\"How to cope with stricter effluent criteria, UK experiences with continuously moving bed aerated bioreactors - Brightwork BV\" \/>\n<meta property=\"og:description\" content=\"Within the UK a large number of sewage treatment works will have to be upgraded, to meet more stringent criteria. Special attention will have to be paid to suspended solids, ammonia and BOD. The use of an aerated tertiary moving bed reactor as a add-on polishing step tends to be a good and reliable option: BOD and suspended solids are removed by physical sand filtration, while ammonia is converted biologically by nitrifying biomass, present on the sand grains.\" \/>\n<meta property=\"og:url\" content=\"https:\/\/brightwork.nl\/de\/papers\/how-to-cope-with-stricter-effluent-criteria-uk\/\" \/>\n<meta property=\"og:site_name\" content=\"Brightwork BV\" \/>\n<meta property=\"article:modified_time\" content=\"2025-05-28T12:41:08+00:00\" \/>\n<meta property=\"og:image\" content=\"https:\/\/brightwork.nl\/wp-content\/uploads\/2023\/02\/How-To-cope-Knipsel-1.png\" \/>\n<meta name=\"twitter:card\" content=\"summary_large_image\" \/>\n<script type=\"application\/ld+json\" class=\"yoast-schema-graph\">{\"@context\":\"https:\/\/schema.org\",\"@graph\":[{\"@type\":\"WebPage\",\"@id\":\"https:\/\/brightwork.nl\/papers\/how-to-cope-with-stricter-effluent-criteria-uk\/\",\"url\":\"https:\/\/brightwork.nl\/papers\/how-to-cope-with-stricter-effluent-criteria-uk\/\",\"name\":\"How to cope with stricter effluent criteria, UK experiences with continuously moving bed aerated bioreactors - Brightwork BV\",\"isPartOf\":{\"@id\":\"https:\/\/brightwork.nl\/#website\"},\"primaryImageOfPage\":{\"@id\":\"https:\/\/brightwork.nl\/papers\/how-to-cope-with-stricter-effluent-criteria-uk\/#primaryimage\"},\"image\":{\"@id\":\"https:\/\/brightwork.nl\/papers\/how-to-cope-with-stricter-effluent-criteria-uk\/#primaryimage\"},\"thumbnailUrl\":\"https:\/\/brightwork.nl\/wp-content\/uploads\/2023\/02\/How-To-cope-Knipsel-1.png\",\"datePublished\":\"2023-02-20T13:21:53+00:00\",\"dateModified\":\"2025-05-28T12:41:08+00:00\",\"description\":\"Within the UK a large number of sewage treatment works will have to be upgraded, to meet more stringent criteria. Special attention will have to be paid to suspended solids, ammonia and BOD. The use of an aerated tertiary moving bed reactor as a add-on polishing step tends to be a good and reliable option: BOD and suspended solids are removed by physical sand filtration, while ammonia is converted biologically by nitrifying biomass, present on the sand grains.\",\"breadcrumb\":{\"@id\":\"https:\/\/brightwork.nl\/papers\/how-to-cope-with-stricter-effluent-criteria-uk\/#breadcrumb\"},\"inLanguage\":\"de\",\"potentialAction\":[{\"@type\":\"ReadAction\",\"target\":[\"https:\/\/brightwork.nl\/papers\/how-to-cope-with-stricter-effluent-criteria-uk\/\"]}]},{\"@type\":\"ImageObject\",\"inLanguage\":\"de\",\"@id\":\"https:\/\/brightwork.nl\/papers\/how-to-cope-with-stricter-effluent-criteria-uk\/#primaryimage\",\"url\":\"https:\/\/brightwork.nl\/wp-content\/uploads\/2023\/02\/How-To-cope-Knipsel-1.png\",\"contentUrl\":\"https:\/\/brightwork.nl\/wp-content\/uploads\/2023\/02\/How-To-cope-Knipsel-1.png\"},{\"@type\":\"BreadcrumbList\",\"@id\":\"https:\/\/brightwork.nl\/papers\/how-to-cope-with-stricter-effluent-criteria-uk\/#breadcrumb\",\"itemListElement\":[{\"@type\":\"ListItem\",\"position\":1,\"name\":\"Home\",\"item\":\"https:\/\/brightwork.nl\/\"},{\"@type\":\"ListItem\",\"position\":2,\"name\":\"Papers\",\"item\":\"https:\/\/brightwork.nl\/papers\/\"},{\"@type\":\"ListItem\",\"position\":3,\"name\":\"How to cope with stricter effluent criteria, UK experiences with continuously moving bed aerated bioreactors\"}]},{\"@type\":\"WebSite\",\"@id\":\"https:\/\/brightwork.nl\/#website\",\"url\":\"https:\/\/brightwork.nl\/\",\"name\":\"Brightwork BV\",\"description\":\"\",\"publisher\":{\"@id\":\"https:\/\/brightwork.nl\/#organization\"},\"potentialAction\":[{\"@type\":\"SearchAction\",\"target\":{\"@type\":\"EntryPoint\",\"urlTemplate\":\"https:\/\/brightwork.nl\/?s={search_term_string}\"},\"query-input\":\"required name=search_term_string\"}],\"inLanguage\":\"de\"},{\"@type\":\"Organization\",\"@id\":\"https:\/\/brightwork.nl\/#organization\",\"name\":\"BW products\",\"url\":\"https:\/\/brightwork.nl\/\",\"logo\":{\"@type\":\"ImageObject\",\"inLanguage\":\"de\",\"@id\":\"https:\/\/brightwork.nl\/#\/schema\/logo\/image\/\",\"url\":\"https:\/\/bwproducts.nl\/wp-content\/uploads\/2021\/01\/cropped-BW-products1-2.png\",\"contentUrl\":\"https:\/\/bwproducts.nl\/wp-content\/uploads\/2021\/01\/cropped-BW-products1-2.png\",\"width\":722,\"height\":207,\"caption\":\"BW products\"},\"image\":{\"@id\":\"https:\/\/brightwork.nl\/#\/schema\/logo\/image\/\"},\"sameAs\":[\"http:\/\/linkedin.com\/company\/brightwork-bv\",\"https:\/\/www.youtube.com\/channel\/UCX8W0zB6phHctI-6xnSz_iA\"]}]}<\/script>\n<!-- \/ Yoast SEO plugin. -->","yoast_head_json":{"title":"How to cope with stricter effluent criteria, UK experiences with continuously moving bed aerated bioreactors - Brightwork BV","description":"Within the UK a large number of sewage treatment works will have to be upgraded, to meet more stringent criteria. Special attention will have to be paid to suspended solids, ammonia and BOD. The use of an aerated tertiary moving bed reactor as a add-on polishing step tends to be a good and reliable option: BOD and suspended solids are removed by physical sand filtration, while ammonia is converted biologically by nitrifying biomass, present on the sand grains.","robots":{"index":"index","follow":"follow","max-snippet":"max-snippet:-1","max-image-preview":"max-image-preview:large","max-video-preview":"max-video-preview:-1"},"canonical":"https:\/\/brightwork.nl\/de\/papers\/how-to-cope-with-stricter-effluent-criteria-uk\/","og_locale":"de_DE","og_type":"article","og_title":"How to cope with stricter effluent criteria, UK experiences with continuously moving bed aerated bioreactors - Brightwork BV","og_description":"Within the UK a large number of sewage treatment works will have to be upgraded, to meet more stringent criteria. Special attention will have to be paid to suspended solids, ammonia and BOD. The use of an aerated tertiary moving bed reactor as a add-on polishing step tends to be a good and reliable option: BOD and suspended solids are removed by physical sand filtration, while ammonia is converted biologically by nitrifying biomass, present on the sand grains.","og_url":"https:\/\/brightwork.nl\/de\/papers\/how-to-cope-with-stricter-effluent-criteria-uk\/","og_site_name":"Brightwork BV","article_modified_time":"2025-05-28T12:41:08+00:00","og_image":[{"url":"https:\/\/brightwork.nl\/wp-content\/uploads\/2023\/02\/How-To-cope-Knipsel-1.png"}],"twitter_card":"summary_large_image","schema":{"@context":"https:\/\/schema.org","@graph":[{"@type":"WebPage","@id":"https:\/\/brightwork.nl\/papers\/how-to-cope-with-stricter-effluent-criteria-uk\/","url":"https:\/\/brightwork.nl\/papers\/how-to-cope-with-stricter-effluent-criteria-uk\/","name":"How to cope with stricter effluent criteria, UK experiences with continuously moving bed aerated bioreactors - Brightwork BV","isPartOf":{"@id":"https:\/\/brightwork.nl\/#website"},"primaryImageOfPage":{"@id":"https:\/\/brightwork.nl\/papers\/how-to-cope-with-stricter-effluent-criteria-uk\/#primaryimage"},"image":{"@id":"https:\/\/brightwork.nl\/papers\/how-to-cope-with-stricter-effluent-criteria-uk\/#primaryimage"},"thumbnailUrl":"https:\/\/brightwork.nl\/wp-content\/uploads\/2023\/02\/How-To-cope-Knipsel-1.png","datePublished":"2023-02-20T13:21:53+00:00","dateModified":"2025-05-28T12:41:08+00:00","description":"Within the UK a large number of sewage treatment works will have to be upgraded, to meet more stringent criteria. Special attention will have to be paid to suspended solids, ammonia and BOD. The use of an aerated tertiary moving bed reactor as a add-on polishing step tends to be a good and reliable option: BOD and suspended solids are removed by physical sand filtration, while ammonia is converted biologically by nitrifying biomass, present on the sand grains.","breadcrumb":{"@id":"https:\/\/brightwork.nl\/papers\/how-to-cope-with-stricter-effluent-criteria-uk\/#breadcrumb"},"inLanguage":"de","potentialAction":[{"@type":"ReadAction","target":["https:\/\/brightwork.nl\/papers\/how-to-cope-with-stricter-effluent-criteria-uk\/"]}]},{"@type":"ImageObject","inLanguage":"de","@id":"https:\/\/brightwork.nl\/papers\/how-to-cope-with-stricter-effluent-criteria-uk\/#primaryimage","url":"https:\/\/brightwork.nl\/wp-content\/uploads\/2023\/02\/How-To-cope-Knipsel-1.png","contentUrl":"https:\/\/brightwork.nl\/wp-content\/uploads\/2023\/02\/How-To-cope-Knipsel-1.png"},{"@type":"BreadcrumbList","@id":"https:\/\/brightwork.nl\/papers\/how-to-cope-with-stricter-effluent-criteria-uk\/#breadcrumb","itemListElement":[{"@type":"ListItem","position":1,"name":"Home","item":"https:\/\/brightwork.nl\/"},{"@type":"ListItem","position":2,"name":"Papers","item":"https:\/\/brightwork.nl\/papers\/"},{"@type":"ListItem","position":3,"name":"How to cope with stricter effluent criteria, UK experiences with continuously moving bed aerated bioreactors"}]},{"@type":"WebSite","@id":"https:\/\/brightwork.nl\/#website","url":"https:\/\/brightwork.nl\/","name":"Brightwork BV","description":"","publisher":{"@id":"https:\/\/brightwork.nl\/#organization"},"potentialAction":[{"@type":"SearchAction","target":{"@type":"EntryPoint","urlTemplate":"https:\/\/brightwork.nl\/?s={search_term_string}"},"query-input":"required name=search_term_string"}],"inLanguage":"de"},{"@type":"Organization","@id":"https:\/\/brightwork.nl\/#organization","name":"BW products","url":"https:\/\/brightwork.nl\/","logo":{"@type":"ImageObject","inLanguage":"de","@id":"https:\/\/brightwork.nl\/#\/schema\/logo\/image\/","url":"https:\/\/bwproducts.nl\/wp-content\/uploads\/2021\/01\/cropped-BW-products1-2.png","contentUrl":"https:\/\/bwproducts.nl\/wp-content\/uploads\/2021\/01\/cropped-BW-products1-2.png","width":722,"height":207,"caption":"BW products"},"image":{"@id":"https:\/\/brightwork.nl\/#\/schema\/logo\/image\/"},"sameAs":["http:\/\/linkedin.com\/company\/brightwork-bv","https:\/\/www.youtube.com\/channel\/UCX8W0zB6phHctI-6xnSz_iA"]}]}},"_links":{"self":[{"href":"https:\/\/brightwork.nl\/de\/wp-json\/wp\/v2\/pages\/9659","targetHints":{"allow":["GET"]}}],"collection":[{"href":"https:\/\/brightwork.nl\/de\/wp-json\/wp\/v2\/pages"}],"about":[{"href":"https:\/\/brightwork.nl\/de\/wp-json\/wp\/v2\/types\/page"}],"author":[{"embeddable":true,"href":"https:\/\/brightwork.nl\/de\/wp-json\/wp\/v2\/users\/2"}],"replies":[{"embeddable":true,"href":"https:\/\/brightwork.nl\/de\/wp-json\/wp\/v2\/comments?post=9659"}],"version-history":[{"count":18,"href":"https:\/\/brightwork.nl\/de\/wp-json\/wp\/v2\/pages\/9659\/revisions"}],"predecessor-version":[{"id":10135,"href":"https:\/\/brightwork.nl\/de\/wp-json\/wp\/v2\/pages\/9659\/revisions\/10135"}],"up":[{"embeddable":true,"href":"https:\/\/brightwork.nl\/de\/wp-json\/wp\/v2\/pages\/5909"}],"wp:attachment":[{"href":"https:\/\/brightwork.nl\/de\/wp-json\/wp\/v2\/media?parent=9659"}],"curies":[{"name":"wp","href":"https:\/\/api.w.org\/{rel}","templated":true}]}}